{"id":5766,"date":"2023-08-28T09:26:21","date_gmt":"2023-08-28T08:26:21","guid":{"rendered":"https:\/\/buechertanz.de\/?page_id=5766"},"modified":"2023-08-29T07:16:32","modified_gmt":"2023-08-29T06:16:32","slug":"maria-nikolai","status":"publish","type":"page","link":"https:\/\/buechertanz.de\/?page_id=5766","title":{"rendered":"Maria Nikolai"},"content":{"rendered":"\n<ul class=\"wp-block-list\">\n<li class=\"has-medium-font-size\"><strong>Zur Autorin<\/strong><\/li>\n<\/ul>\n\n\n\n<div class=\"wp-block-media-text alignwide is-vertically-aligned-center\"><figure class=\"wp-block-media-text__media\"><img loading=\"lazy\" decoding=\"async\" width=\"1024\" height=\"683\" src=\"https:\/\/buechertanz.de\/wp-content\/uploads\/2023\/08\/Maria-Nikolai_02_komp_02-1024x683.jpg\" alt=\"\" class=\"wp-image-5773 size-full\" srcset=\"https:\/\/buechertanz.de\/wp-content\/uploads\/2023\/08\/Maria-Nikolai_02_komp_02-1024x683.jpg 1024w, https:\/\/buechertanz.de\/wp-content\/uploads\/2023\/08\/Maria-Nikolai_02_komp_02-300x200.jpg 300w, https:\/\/buechertanz.de\/wp-content\/uploads\/2023\/08\/Maria-Nikolai_02_komp_02-768x512.jpg 768w, https:\/\/buechertanz.de\/wp-content\/uploads\/2023\/08\/Maria-Nikolai_02_komp_02-1536x1024.jpg 1536w, https:\/\/buechertanz.de\/wp-content\/uploads\/2023\/08\/Maria-Nikolai_02_komp_02-2048x1366.jpg 2048w\" sizes=\"auto, (max-width: 1024px) 100vw, 1024px\" \/><\/figure><div class=\"wp-block-media-text__content\">\n<p class=\"has-small-font-size\"><strong>Biografie:<\/strong> <br>\u201eGeschichten ausdenken, aufschreiben und mit selbstgemalten Bildern illustrieren \u2013 schon als Kind tr\u00e4umte ich davon, Schriftstellerin zu werden. Auf der mechanischen Schreibmaschine meines Vaters entstand Prosa (\u201eDie Helden des Piratenschiffes\u201c wurden damals in der Sch\u00fclerzeitung meines Gymnasiums ver\u00f6ffentlicht), Lyrik (unter anderem ein f\u00fcr den Doktor wenig schmeichelhaftes \u201eZahnarztgedicht\u201c), aber auch Theaterst\u00fccke. <br><\/p>\n<\/div><\/div>\n\n\n\n<p class=\"has-small-font-size\">F\u00fcr deren Auff\u00fchrung rekrutierte ich die Kinder der gesamten Nachbarschaft, pl\u00fcnderte den elterlichen Haushalt f\u00fcr die Requisiten und f\u00fchrte selbst Regie.<br>Doch \u2013 ich wurde erwachsen und damit traten die schriftstellerischen Ambitionen in den Hintergrund. Studium, Job, Heirat, Kinder, Familienleben lie\u00dfen wenig Zeit und Raum, um Kindheitstr\u00e4ume zu verwirklichen. Dennoch entstanden im Laufe dieser \u2013 wunderbaren \u2013 Jahre f\u00fcnf B\u00fccher, allesamt mit historischem Hintergrund. Und als das sechste in meinem Kopf Gestalt annahm, wagte ich den Schritt hin zur Ver\u00f6ffentlichung in einem gro\u00dfem Publikumsverlag.<br>Seither ruht die \u201eFeder\u201c nicht mehr. Die Schokoladenvilla-Trilogie, die Bodensee-Saga, das Privileg, auf der Bestsellerliste zu stehen \u2026 es ist ein ganz besonderes Leben, das ich f\u00fchren darf. Und neue Ideen schwirren schon in meinem Kopf herum. Das Sch\u00f6nste am Schreiben aber ist f\u00fcr mich, meine Leserinnen und Leser immer wieder auf den Fl\u00fcgeln meiner Fantasie mitnehmen zu d\u00fcrfen in ferne Welten, die so nur in einem Roman entstehen k\u00f6nnen.\u201c (Quelle: https:\/\/www.marianikolai.de)<\/p>\n\n\n\n<p class=\"has-small-font-size\"><strong>Homepage:<\/strong><br>&#8211; <a rel=\"noreferrer noopener\" href=\"https:\/\/www.marianikolai.de\" target=\"_blank\">https:\/\/www.marianikolai.de<\/a> (Autorin)<br>&#8211; <a rel=\"noreferrer noopener\" href=\"https:\/\/www.penguin.de\/Autor\/Maria-Nikolai\/p640767.rhd\" target=\"_blank\">https:\/\/www.penguin.de\/Autor\/Maria-Nikolai\/p640767.rhd<\/a> (Verlag)<\/p>\n\n\n\n<div class=\"wp-block-media-text alignwide has-media-on-the-right\"><div class=\"wp-block-media-text__content\">\n<p class=\"has-small-font-size\"><strong>Bibliografie:<\/strong><br>&#8211; <a href=\"https:\/\/buechertanz.de\/?p=404\" target=\"_blank\" rel=\"noreferrer noopener\">\u201e<em>Die Schokoladen-Villa\u201c<\/em> <\/a>(Schokoladen-Saga Band 1), 2018<br>&#8211; <a href=\"https:\/\/buechertanz.de\/?p=1680\" target=\"_blank\" rel=\"noreferrer noopener\">\u201e<em>Die Schokoladen-Villa &#8211; Goldene Jahre\u201c <\/em><\/a>(Schokoladen-Saga Band 2), 2019<br>&#8211; <a href=\"https:\/\/buechertanz.de\/?p=1700\" target=\"_blank\" rel=\"noreferrer noopener\">\u201e<em>Die Schokoladen-Villa &#8211; Zeit des Schicksals\u201c<\/em><\/a><em> <\/em>(Schokoladen-Saga Band 3), 2020<br>&#8211; <a href=\"https:\/\/buechertanz.de\/?p=2486\" target=\"_blank\" rel=\"noreferrer noopener\">\u201e<em>T\u00f6chter der Hoffnung\u201c<\/em><\/a> (Die Bodensee-Saga Band 1), 2021<br>&#8211; <a href=\"https:\/\/buechertanz.de\/?p=3899\" target=\"_blank\" rel=\"noreferrer noopener\">\u201e<em>T\u00f6chter des Gl\u00fccks\u201c<\/em><\/a><em> <\/em>(Die Bodensee-Saga Band 2), 2022<br>&#8211; <em><a href=\"https:\/\/buechertanz.de\/?p=5631\" target=\"_blank\" rel=\"noreferrer noopener\">\u201eT\u00f6chter eines neuen Morgens\u201c<\/a><\/em> (Die Bodensee-Saga Band 3), 2023<\/p>\n<\/div><figure class=\"wp-block-media-text__media\"><img loading=\"lazy\" decoding=\"async\" width=\"750\" height=\"750\" src=\"https:\/\/buechertanz.de\/wp-content\/uploads\/2023\/08\/Maria-Nikolai-Bibliografie.jpg\" alt=\"\" class=\"wp-image-5774 size-full\" srcset=\"https:\/\/buechertanz.de\/wp-content\/uploads\/2023\/08\/Maria-Nikolai-Bibliografie.jpg 750w, https:\/\/buechertanz.de\/wp-content\/uploads\/2023\/08\/Maria-Nikolai-Bibliografie-300x300.jpg 300w, https:\/\/buechertanz.de\/wp-content\/uploads\/2023\/08\/Maria-Nikolai-Bibliografie-150x150.jpg 150w\" sizes=\"auto, (max-width: 750px) 100vw, 750px\" \/><\/figure><\/div>\n\n\n<div class=\"wp-block-image is-style-rounded\">\n<figure class=\"aligncenter size-full is-resized\"><img loading=\"lazy\" decoding=\"async\" src=\"https:\/\/buechertanz.de\/wp-content\/uploads\/2023\/06\/Blume.png\" alt=\"\" class=\"wp-image-5274\" width=\"66\" height=\"76\" srcset=\"https:\/\/buechertanz.de\/wp-content\/uploads\/2023\/06\/Blume.png 264w, https:\/\/buechertanz.de\/wp-content\/uploads\/2023\/06\/Blume-260x300.png 260w\" sizes=\"auto, (max-width: 66px) 100vw, 66px\" \/><\/figure><\/div>\n\n\n<ul class=\"wp-block-list\">\n<li class=\"has-medium-font-size\"><strong>Interview<\/strong><\/li>\n<\/ul>\n\n\n\n<p class=\"has-small-font-size\">Ich durfte Maria Nikolai im August 2023 im Zuge einer Blogtour zu ihrem gerade erschienen Buch \u201eDie Bodensee-Saga \u2013 T\u00f6chter eines neuen Morgens\u201c einige Fragen stellen. Ich w\u00fcnsche euch viel Spa\u00df mit diesem Interview, beachtet aber bitte: Die Copyrights der verwendeten Fotos und Cover liegen ausschlie\u00dflich bei Maria Nikolai\/ Nadine Wilmanns\/ Penguin Verlag. Jegliche weitere Nutzung ist untersagt. Noch ein Hinweis: Da wir Beide schon lange in Kontakt stehen, nutzen wir in diesem Interview das \u201aDu\u2018.<\/p>\n\n\n\n<p class=\"has-small-font-size\"><strong>Hallo liebe Maria, ich danke dir, dass du dir die Zeit f\u00fcr dieses Interview nimmst und uns damit spannende Einblicke in dein neues Buch \u201eDie Bodensee-Saga \u2013 T\u00f6chter eines neuen Morgens\u201c und dein Autorinnen-Leben gibst.<\/strong><br><br>Maria: <em>\u201eSehr gerne.\u201c<\/em><\/p>\n\n\n\n<div class=\"wp-block-media-text alignwide\" style=\"grid-template-columns:18% auto\"><figure class=\"wp-block-media-text__media\"><img loading=\"lazy\" decoding=\"async\" width=\"350\" height=\"524\" src=\"https:\/\/buechertanz.de\/wp-content\/uploads\/2023\/08\/51-Die-Bodensee-Saga-Toechter-eines-neuen-Morgens.jpg\" alt=\"\" class=\"wp-image-5592 size-full\" srcset=\"https:\/\/buechertanz.de\/wp-content\/uploads\/2023\/08\/51-Die-Bodensee-Saga-Toechter-eines-neuen-Morgens.jpg 350w, https:\/\/buechertanz.de\/wp-content\/uploads\/2023\/08\/51-Die-Bodensee-Saga-Toechter-eines-neuen-Morgens-200x300.jpg 200w\" sizes=\"auto, (max-width: 350px) 100vw, 350px\" \/><\/figure><div class=\"wp-block-media-text__content\">\n<p class=\"has-small-font-size\"><strong>Magst du uns dein neues Buch in drei Schlagworten beschreiben?<\/strong><br><br>Maria: <em>\u201eTrope: Slow Burn. (Ich mag die Definitionen f\u00fcr eine Liebesgeschichte aus dem Bereich New Adult, Dystopie und Fantasy, denn auch meine B\u00fccher enthalten intensive Liebesgeschichten )<br>&#8211; Frauen in der Medizin, &#8211; Erdbeerkuchen\u201c<\/em><\/p>\n<\/div><\/div>\n\n\n\n<p class=\"has-small-font-size\"><strong>Nach der Reihe um \u201eDie Schokoladenvilla\u201c ist die \u201eDie Bodensee-Saga\u201c deine zweite Trilogie. Was reizt dich daran, Buchreihen \u2013 vor allem historische Familiensagas &#8211; zu schreiben?<br><br><\/strong>Maria: <em>\u201eDas Sch\u00f6ne an diesen Reihen ist die M\u00f6glichkeit, eine ganze Welt zu erschaffen, die dem Leser nach und nach vertraut wird. Man legt alles weit gef\u00e4chert an, wird Teil der Familie. Vor allem kann man die Entwicklungen der einzelnen Figuren \u00fcber l\u00e4ngere Zeitr\u00e4ume, in unterschiedlichen Kontexten und aus Perspektiven beschreiben. Die Handlungsstr\u00e4nge lassen sich intensiv erarbeiten und kunstvoll verweben\u2013 was f\u00fcr mich als Autorin zugleich auch immer eine Herausforderung ist. Am Ende muss alles passen. Historische Settings sind f\u00fcr mich aus mehreren Gr\u00fcnden reizvoll: Zum einen gibt es einen romantischen, verkl\u00e4rten Anteil. Durch die Zeitebene der Vergangenheit l\u00e4sst es sich sehr leicht wegtr\u00e4umen. Zum anderen ergibt sich die Dramaturgie oft aus historischen Gegebenheiten oder Ereignissen. Damit greifen Fiktion und geschichtliche Wirklichkeit ineinander, und das macht einen Roman sehr lebendig.\u201c<\/em><\/p>\n\n\n\n<p class=\"has-small-font-size\"><strong>Beide deiner Trilogien spielen im fr\u00fchen 20. Jahrhundert. Was macht f\u00fcr dich diese Zeit aus?<br><br><\/strong>Maria: <em>\u201eDiese Zeit ist nah und doch fern. Meine Gro\u00dfeltern haben zum Teil damals schon gelebt, drei von ihnen kannte ich. Diese Zeit ist zudem von einer extremen Dynamik gepr\u00e4gt (Industrialisierung). Die alte Ordnung ging unter (das Kaiserreich mit Ende des 1. WK), die Weimarer Republik als erste Demokratie auf deutschem Boden stieg auf und ging auch unter. Die 20er Jahre boten vor allem Frauen neue Chancen (Wahlrecht, Studium) und sind doch gepr\u00e4gt von den st\u00e4ndigen Versuchen, sie klein zu halten. Aber auch der Alltag ist spannend, die Ver\u00e4nderungen in der Mode, im Umgang der Geschlechter, in Architektur und Design.\u201c<\/em><\/p>\n\n\n\n<p class=\"has-small-font-size\"><strong>Wie gehst du bei der Recherche zu deinen B\u00fcchern vor? Welche Recherchemittel stehen dir zur Verf\u00fcgung? Warst du auch an den Orten deiner Geschichten?<br><br><\/strong>Maria: <em>\u201eIch recherchiere zun\u00e4chst grob die Hintergr\u00fcnde und Fakten, die mir f\u00fcr meinen Plot relevant erscheinen, damit ich die Story strukturieren kann. Dazu grabe ich mich durch Bibliotheken wie durch Museen, durchforste das Internet, bestelle B\u00fccher und Zeitschriften antiquarisch, betrachte Fotos und Gem\u00e4lde, schaue mir Dokus oder alte Filme an (f\u00fcr T\u00f6chter eines neuen Morgens beispielsweise die Verfilmung der Orchesterprobe von Karl Valentin).Tats\u00e4chlich versuche ich die Orte meiner Geschichten pers\u00f6nlich zu besuchen, um die \u201evibes\u201c dort aufzunehmen. Wichtig ist mir allerdings, sie in ihrem historischen Kontext einzubinden. Deshalb arbeite ich anhand alter Stadtpl\u00e4ne und Beschreibungen. Das inkludiert Stra\u00dfennamen ebenso wie historische Geb\u00e4ude, die es teilweise gar nicht mehr gibt, wie beispielsweise das damals f\u00fcr seine Architektur bekannte (Foto)Atelier Elvira in M\u00fcnchen. An seinem einstigen Standort befindet sich heute die Amerikanische Botschaft.\u201c<\/em><\/p>\n\n\n\n<p class=\"has-small-font-size\"><strong>Wie beh\u00e4ltst du beim Schreiben den \u00dcberblick \u00fcber deine vielen Figuren und deren Hintergr\u00fcnde, welche sich ja \u00fcber mehrere B\u00e4nde und damit auch \u00fcber Jahre hinweg entwickeln?<br><br><\/strong>Maria: <em>\u201eDas wei\u00df ich auch nicht so genau (lacht). Die Figuren und die Handlungsabschnitte werden so sehr Teil von mir, dass es sich eigentlich von selbst entwickelt. Wichtige Dinge notiere ich mir, es gibt auch ein Expos\u00e9, an das ich mich allerdings nicht sklavisch halte. Manchmal entwickelt sich die Geschichte oder auch eine Figur anders als vorgesehen \u2013 daf\u00fcr m\u00f6chte ich immer Raum lassen. Oftmals plotte ich einige Kapitel vor, wenn ich einen komplexen Handlungsstrang festhalten m\u00f6chte. Ich bin Autodidaktin, und so arbeite ich sehr individuell.\u201c<\/em><\/p>\n\n\n\n<p class=\"has-small-font-size\"><strong>Hast du unter all den vielf\u00e4ltigen Charakteren in der \u201eBodensee-Saga\u201c eine Lieblingsfigur? Wenn ja, wen und warum?<\/strong><br><br>Maria: <em>\u201eLilly \u2013 weil sie mir selbst am \u00e4hnlichsten ist. Und Pater Fidelis, dem ich immer mal wieder eine Weisheit in den Mund legen kann &#x1f609;\u201c<\/em><\/p>\n\n\n\n<p class=\"has-small-font-size\"><strong>Wie schwer f\u00e4llt es dir, nach dem letzten Teil einer Reihe, Abschied von deinen Figuren zu nehmen?<\/strong><br><br>Maria: <em>\u201eNicht schwer, denn es erwarten mich schon neue Abenteuer.\u201c<\/em><\/p>\n\n\n\n<div class=\"wp-block-media-text alignwide has-media-on-the-right\"><div class=\"wp-block-media-text__content\">\n<p class=\"has-small-font-size\"><strong>In deiner Buchreihe spielen viele fiktive Figuren mit. Wie wichtig empfindest du fiktive Figuren in einem historischen Roman?<\/strong><br><br>Maria: <em>\u201eF\u00fcr mich \u2013 und das zeichnet denke ich auch meine Romane aus \u2013 ist das Arbeiten mit realen und fiktiven Personen unheimlich interessant. Die realen Personen spiegeln dabei oftmals die Erlebnisse der fiktiven, sind Ratgeber oder stehen exemplarisch f\u00fcr bestimmte Sachverhalte oder Gegebenheiten. Dadurch erreiche ich eine hohe Plausibilit\u00e4t in den Handlungen und Verhaltensweise der fiktiven Personen (die oftmals weg von den Klischees f\u00fchren). Die fiktiven Personen wiederum erlauben es, die Fantasie auf Reisen gehen zu lassen und dadurch eine spannende und abwechslungsreiche Dramaturgie aufzubauen und die Emotionen zu entwickeln. Gef\u00fchle sind f\u00fcr mich ein zentrales Element in Romanen.\u201c<\/em><\/p>\n<\/div><figure class=\"wp-block-media-text__media\"><img loading=\"lazy\" decoding=\"async\" width=\"683\" height=\"1024\" src=\"https:\/\/buechertanz.de\/wp-content\/uploads\/2023\/08\/Maria-Nikolai_01_komp-683x1024.jpg\" alt=\"\" class=\"wp-image-5775 size-full\" srcset=\"https:\/\/buechertanz.de\/wp-content\/uploads\/2023\/08\/Maria-Nikolai_01_komp-683x1024.jpg 683w, https:\/\/buechertanz.de\/wp-content\/uploads\/2023\/08\/Maria-Nikolai_01_komp-200x300.jpg 200w, https:\/\/buechertanz.de\/wp-content\/uploads\/2023\/08\/Maria-Nikolai_01_komp-768x1152.jpg 768w, https:\/\/buechertanz.de\/wp-content\/uploads\/2023\/08\/Maria-Nikolai_01_komp.jpg 1000w\" sizes=\"auto, (max-width: 683px) 100vw, 683px\" \/><\/figure><\/div>\n\n\n\n<p class=\"has-small-font-size\"><strong>F\u00fcr mich pers\u00f6nlich ist die Bodensee-Region schon immer ein absoluter Sehnsuchtsort. Was macht diese Region f\u00fcr dich pers\u00f6nlich aus? Wo liegt f\u00fcr dich pers\u00f6nlich der Zauber dieser Region?<br><\/strong><br>Maria: \u201e<em>Die Bodensee-Region ist schon allein durch ihre Lage im Dreil\u00e4ndereck Deutschland (W\u00fcrttemberg, Baden, Bayern), \u00d6sterreich und der Schweiz sehr besonders. Kulturell, kulinarisch und historisch. Hier lebten Hesse, Klimt und Annette von Droste-H\u00fclshoff, hier wurde geschmuggelt, was das Zeug hielt und der Zeppelin gebaut, hier finden sich K\u00e4se aus der Schweiz und schw\u00e4bische Sp\u00e4tzle zusammen, hier wiegen sich Palmen im Wind und lassen einen den S\u00fcden ahnen. Dazu kommt eine zauberhafte Natur, sanfte H\u00fcgel, Obstg\u00e4rten und Weinreben, ein an Sommertagen karibisch blaues Wasser und die Alpen im Hintergrund. Dadurch, dass der Vater meiner Kinder vom Bodensee stammt, ist die Region f\u00fcr mich auch ein St\u00fcck Heimat.\u201c<\/em><\/p>\n\n\n\n<p class=\"has-small-font-size\"><strong>Wie sieht dein Schreib-Alltag\/ deine Schreib-Routine aus? Was sind deine St\u00f6rfaktoren beim Schreiben?<br><br><\/strong>Maria: <em>\u201eIm Sommer arbeite ich gerne drau\u00dfen, plotte und verdichte, arbeite meine Recherchen durch und f\u00fcge sie in die Geschichte ein. Im Winter dann wird drei bis vier Monate durchgeschrieben, das ist echt anstrengend. St\u00f6rfaktoren gibt es f\u00fcr mich kaum, weil ich mich sehr gut konzentrieren kann. Nat\u00fcrlich muss Familie und Haushalt nebenbei bew\u00e4ltigt werden, aber das ist f\u00fcr mich sch\u00f6n und wichtig. Schlimm war bei Band 3 der Bodensee-Saga allerdings eine schwere eitrige Bronchitis, die ich verschleppt hatte, weil ich kaum Zeit hatte, um mich zu kurieren.\u201c<\/em><\/p>\n\n\n\n<p class=\"has-small-font-size\"><strong>Das Genre \u201eHistorischer Roman\u201c hat sich in den letzten Jahren sehr gewandelt, der typische \u201eMittelalter-Roman\u201c ist eine Nische. Wie siehst du die Zukunft des Historischen Romans?<\/strong><br><br>Maria: <em>\u201eIch finde es sehr gut, dass der Historische Roman heute sehr viel mehr Epochen umfasst, als nur das Mittelalter, wie zu Beginn. Und ich bin gespannt, welche Epochen ich noch meinen Leserinnen und Lesern gestalten darf.\u201c<\/em><\/p>\n\n\n\n<p class=\"has-small-font-size\"><strong>\u00dcber welche Epoche\/ welches Land\/ Thema k\u00f6nntest du dir \u00fcberhaupt nicht vorstellen einen Roman zu schreiben? Warum?<\/strong><br><br>Maria: <em>\u201eIch w\u00fcrde grunds\u00e4tzlich nichts ausschlie\u00dfen, aber der Zweite Weltkrieg ist nicht so meine Epoche. An Regionen ist mir Asien eher fern, auch Australien, aber wer wei\u00df\u2026grunds\u00e4tzlich bin ich sehr offen. Was ich zudem vermeide, sind extreme Schockgeschichten.\u201c<\/em><\/p>\n\n\n\n<p class=\"has-small-font-size\"><strong>Wie wichtig ist dir der Austausch mit anderen Autoren und deinen Leser und Leserinnen?<\/strong><br><br>Maria: <em>\u201eAbsolut wichtig. Das Schreiben ist eine einsame Angelegenheit, umso sch\u00f6ner und inspirierender ist es, wenn ich Lesern und anderen Autoren pers\u00f6nlich begegnen darf.\u201c<\/em><\/p>\n\n\n\n<p class=\"has-small-font-size\"><strong>Welche Autoren\/ Autorinnen sind deine Vorbilder? Warum?<\/strong><br><br>Maria: <em>\u201eSchwer zu sagen, da mich viele gepr\u00e4gt haben. Angefangen von Berte Bratt, Johannes Mario Simmel und Annemarie Selinko habe ich mich durch zigTausende Romane gelesen, die mich alle irgendwo gepr\u00e4gt haben. Darunter Julia Quinn, Tamera Alexander und Elisabeth Chatwick, aber auch Laila El Omari, Petra Schier, Andrea Schacht und Julia Freidank.\u201c<\/em><\/p>\n\n\n\n<div class=\"wp-block-media-text alignwide\" style=\"grid-template-columns:24% auto\"><figure class=\"wp-block-media-text__media\"><img loading=\"lazy\" decoding=\"async\" width=\"174\" height=\"266\" src=\"https:\/\/buechertanz.de\/wp-content\/uploads\/2023\/08\/511m0KD1r6L._SY264_BO1204203200_QL40_ML2_.jpg\" alt=\"\" class=\"wp-image-5776 size-full\"\/><\/figure><div class=\"wp-block-media-text__content\">\n<p class=\"has-small-font-size\"><strong>Einige deiner B\u00fccher sind auch international publiziert worden und haben teilweise die gleichen Cover, wie die deutsche Ausgabe. Es gibt aber auch unterschiedliche Cover. Welches ist dein Favorit?<\/strong><br><br>Maria: <em>\u201eEigentlich die deutschen Cover, aber auch die Cover der Niederlande und Spaniens mag ich sehr gerne.\u201c<\/em><\/p>\n<\/div><\/div>\n\n\n\n<p class=\"has-small-font-size\"><strong>Nach dem Buch ist vor dem Buch \u2026 Was kannst\/ darfst du uns \u00fcber dein n\u00e4chstes Schreibprojekt verraten?<\/strong><br><br>Maria: <em>\u201eLeider nur so viel: Es wird eine Dilogie\u201c<\/em><\/p>\n\n\n\n<p class=\"has-small-font-size\"><strong>Was liest du gerne zu deinem eigenen Vergn\u00fcgen?<\/strong><br><br>Maria: <em>\u201eTats\u00e4chlich Sachb\u00fccher oder Biografien. Zuletzt \u201eLiebe in Zeiten des Hasses\u201c von Florian Illies.\u201c<\/em><\/p>\n\n\n\n<p class=\"has-small-font-size\"><strong>Vielen Dank liebe Maria f\u00fcr die sehr interessanten Einblicke und alles Liebe und Gute f\u00fcr dich und dein neues Buch.<\/strong><br><br>Maria: <em>\u201eIch danke dir f\u00fcr das Interview, liebe Christina!\u201c<\/em><\/p>\n\n\n\n<p class=\"has-small-font-size\">Liebe Gr\u00fc\u00dfe,<\/p>\n\n\n\n<figure class=\"wp-block-image size-large is-resized\"><img loading=\"lazy\" decoding=\"async\" src=\"https:\/\/buechertanz.de\/wp-content\/uploads\/2023\/06\/Unterschrift-1024x404.jpg\" alt=\"\" class=\"wp-image-5276\" width=\"178\" height=\"70\" srcset=\"https:\/\/buechertanz.de\/wp-content\/uploads\/2023\/06\/Unterschrift-1024x404.jpg 1024w, https:\/\/buechertanz.de\/wp-content\/uploads\/2023\/06\/Unterschrift-300x118.jpg 300w, https:\/\/buechertanz.de\/wp-content\/uploads\/2023\/06\/Unterschrift-768x303.jpg 768w, https:\/\/buechertanz.de\/wp-content\/uploads\/2023\/06\/Unterschrift.jpg 1500w\" sizes=\"auto, (max-width: 178px) 100vw, 178px\" \/><\/figure>\n\n\n<div class=\"wp-block-image is-style-rounded\">\n<figure class=\"aligncenter size-full is-resized\"><img loading=\"lazy\" decoding=\"async\" src=\"https:\/\/buechertanz.de\/wp-content\/uploads\/2023\/06\/Blume.png\" alt=\"\" class=\"wp-image-5274\" width=\"66\" height=\"76\" srcset=\"https:\/\/buechertanz.de\/wp-content\/uploads\/2023\/06\/Blume.png 264w, https:\/\/buechertanz.de\/wp-content\/uploads\/2023\/06\/Blume-260x300.png 260w\" sizes=\"auto, (max-width: 66px) 100vw, 66px\" \/><\/figure><\/div>","protected":false},"excerpt":{"rendered":"<p>Biografie: \u201eGeschichten ausdenken, aufschreiben und mit selbstgemalten Bildern illustrieren \u2013 schon als Kind tr\u00e4umte ich davon, Schriftstellerin zu werden. Auf der mechanischen Schreibmaschine meines Vaters entstand Prosa (\u201eDie Helden des Piratenschiffes\u201c wurden damals in der Sch\u00fclerzeitung meines Gymnasiums ver\u00f6ffentlicht), Lyrik (unter anderem ein f\u00fcr den Doktor wenig schmeichelhaftes \u201eZahnarztgedicht\u201c), aber auch Theaterst\u00fccke. F\u00fcr deren Auff\u00fchrung &hellip; <a href=\"https:\/\/buechertanz.de\/?page_id=5766\" class=\"more-link\"><span class=\"screen-reader-text\">Maria Nikolai<\/span> weiterlesen<\/a><\/p>\n","protected":false},"author":2,"featured_media":0,"parent":0,"menu_order":0,"comment_status":"open","ping_status":"closed","template":"","meta":{"footnotes":""},"class_list":["post-5766","page","type-page","status-publish","hentry"],"_links":{"self":[{"href":"https:\/\/buechertanz.de\/index.php?rest_route=\/wp\/v2\/pages\/5766","targetHints":{"allow":["GET"]}}],"collection":[{"href":"https:\/\/buechertanz.de\/index.php?rest_route=\/wp\/v2\/pages"}],"about":[{"href":"https:\/\/buechertanz.de\/index.php?rest_route=\/wp\/v2\/types\/page"}],"author":[{"embeddable":true,"href":"https:\/\/buechertanz.de\/index.php?rest_route=\/wp\/v2\/users\/2"}],"replies":[{"embeddable":true,"href":"https:\/\/buechertanz.de\/index.php?rest_route=%2Fwp%2Fv2%2Fcomments&post=5766"}],"version-history":[{"count":6,"href":"https:\/\/buechertanz.de\/index.php?rest_route=\/wp\/v2\/pages\/5766\/revisions"}],"predecessor-version":[{"id":5801,"href":"https:\/\/buechertanz.de\/index.php?rest_route=\/wp\/v2\/pages\/5766\/revisions\/5801"}],"wp:attachment":[{"href":"https:\/\/buechertanz.de\/index.php?rest_route=%2Fwp%2Fv2%2Fmedia&parent=5766"}],"curies":[{"name":"wp","href":"https:\/\/api.w.org\/{rel}","templated":true}]}}