{"id":590,"date":"2019-04-30T20:09:45","date_gmt":"2019-04-30T19:09:45","guid":{"rendered":"http:\/\/buechertanz.de\/?page_id=590"},"modified":"2022-03-31T07:58:43","modified_gmt":"2022-03-31T06:58:43","slug":"gelesen-april-2019","status":"publish","type":"page","link":"https:\/\/buechertanz.de\/?page_id=590","title":{"rendered":"Gelesen April 2019"},"content":{"rendered":"\n<p class=\"has-drop-cap has-small-font-size\">Hier seht ihr die B\u00fccher, die ich im April 2019 gelesen habe und ihr bekommt einen ersten Eindruck. Die ausf\u00fchrlichen Rezensionen folgen.<br>Falls es schon eine Rezension auf meinem Blog gibt, gelangt ihr mit einem Klick auf den Titel direkt bei der Rezension.&nbsp; <\/p>\n\n\n\n<div class=\"wp-block-image\"><figure class=\"aligncenter is-resized\"><img loading=\"lazy\" decoding=\"async\" src=\"https:\/\/buechertanz.de\/wp-content\/uploads\/2019\/04\/April-2019-768x1024.jpg\" alt=\"\" class=\"wp-image-609\" width=\"268\" height=\"358\" srcset=\"https:\/\/buechertanz.de\/wp-content\/uploads\/2019\/04\/April-2019-768x1024.jpg 768w, https:\/\/buechertanz.de\/wp-content\/uploads\/2019\/04\/April-2019-225x300.jpg 225w\" sizes=\"auto, (max-width: 268px) 100vw, 268px\" \/><figcaption>Gelesene B\u00fccher im April 2019:<br>&#8211; Drei B\u00fccher<br>&#8211; 1.772 Seiten<\/figcaption><\/figure><\/div>\n\n\n\n<p class=\"has-small-font-size\">__<\/p>\n\n\n\n<p class=\"has-small-font-size\"><strong>Marie Lamballe: &#8222;Caf\u00e9 Engel &#8211; Eine neue Zeit&#8220;<br>erschienen am 28. Februar 2019<br>Bastei L\u00fcbbe, ISBN:  978-3404177486 <\/strong><br><br><strong>Klappentext:<\/strong><br><em>&#8222;Wiesbaden, 1945. Der Zweite Weltkrieg ist zu Ende, und das Caf\u00e9 Engel &#8211; einst Treffpunkt schillernder Pers\u00f6nlichkeiten &#8211; blieb wie durch ein Wunder verschont. Als Hilde Koch und ihre Mutter Else das Caf\u00e9 wiederer\u00f6ffnen, tr\u00fcben schon bald erste Konflikte den jungen Frieden. Durch die Ankunft der sch\u00f6nen Luise, die sich als gefl\u00fcchtete Cousine aus Ostpreu\u00dfen vorstellt, f\u00fchlt Hilde sich zur\u00fcckgesetzt. Zwischen den ungleichen Cousinen w\u00e4chst eine Rivalit\u00e4t, die die Atmosph\u00e4re im Caf\u00e9 zu vergiften droht. Bis beide Frauen begreifen, dass sie etwas gemeinsam haben: ein Geheimnis aus Kriegszeiten, das sie bis heute f\u00fcrchten &#8230; &#8222;<\/em><br><br><strong>Mein Eindruck:<\/strong><br>Ja, es ist ein gutes Buch. Gut geschrieben, teilweise sehr spannend, emotional&#8230; ABER: Stellenweise etwas langatmig, manchmal doch eher unglaubw\u00fcrdig. Der Funke zwischen den Hauptfiguren und mir sprang nicht so recht \u00fcber. <br>Dieses Gef\u00fchl, dass ich jede freie Minute weiterlesen muss, kam leider nicht auf. <br><br>__<\/p>\n\n\n\n<p class=\"has-small-font-size\"><strong>Marie Lacrosse:<a href=\"https:\/\/buechertanz.de\/?p=555\" target=\"_blank\" rel=\"noreferrer noopener\"> &#8222;Das Weingut &#8211; Aufbruch in ein neues Leben&#8220;<\/a><\/strong><br><strong>erschienen am 15. April 2019<\/strong><br><strong>Goldmann, <\/strong> <strong>978-3442205554 <\/strong><br><br><strong>Klappentext:<br><\/strong><em>&#8222;Die Ehe zwischen dem Dienstm\u00e4dchen Irene und dem reichen Erben Franz sollte eine Liebesheirat sein. Doch nach einer ungeheuerlichen Enth\u00fcllung von Franz&#8216; Vater verl\u00e4sst die schwangere Irene ihren geliebten Br\u00e4utigam ohne ein Wort. Einsam bringt sie ihren kleinen Sohn zur Welt und tritt eine Stelle als Textilarbeiterin in einer Fabrik an. Die Bedingungen dort sind grausam, und Irene muss bis zur Ersch\u00f6pfung arbeiten. Aber dann lernt sie den charismatischen Arbeiterf\u00fchrer Josef kennen, der ihr Kraft und Geborgenheit gibt. Obwohl sie Franz noch immer liebt, beginnt sie eine Beziehung mit ihm. Aber kann Irene den Verlust von Franz wirklich \u00fcberwinden?&#8220;<\/em><br><br><strong>Mein Eindruck: <\/strong><br>Das Buch hat mich atemlos zur\u00fcckgelassen. <a href=\"https:\/\/buechertanz.de\/?p=555\" target=\"_blank\" rel=\"noreferrer noopener\">Hier findet ihr meine ausf\u00fchrliche Rezension<\/a>.<br><br>__<\/p>\n\n\n\n<p class=\"has-small-font-size\"><strong>Petra Durst-Benning: &#8222;Die Fotografin &#8211; Die Zeit der Entscheidung&#8220;<\/strong><br><strong>erschienen am 08. April 2019<\/strong><br><strong>Blanvalet,  978-3764506636 <\/strong><br><br><strong>Klappentext:<br><\/strong><em>&#8222;Gegen alle Widerst\u00e4nde wird Mimi Reventlow Fotografin, und findet nicht nur ihre Freiheit, sondern auch den Weg zur Liebe \u2026<br>Die Wanderfotografin Mimi Reventlow lebt seit einiger Zeit in der kleinen Leinenweberstadt Laichingen und k\u00fcmmert sich um ihren kranken Onkel Josef. Durch ihre offene Art ist es ihr gelungen, die Herzen der Dorfbewohner zu erobern und Freundschaften zu kn\u00fcpfen. Als eine Katastrophe das Dorf ersch\u00fcttert, wird sie mit ihren wundersch\u00f6nen Fotografien f\u00fcr viele der Bewohner gar zum einzigen Rettungsanker. Doch nach einer schweren menschlichen Entt\u00e4uschung muss Mimi erkennen, dass sie sich nicht nur in ihrem Foto-Atelier dem sch\u00f6nen Schein hingegeben hat, sondern auch im wahren Leben. F\u00fcr Mimi ist die Zeit der Entscheidung gekommen.&#8220;<\/em><br><br><br><strong>Mein Eindruck:<\/strong><br>Der erste Teil um die Fotografin Mimi hat mir schon sehr gut gefallen, der zweite Teil hat mir fast noch mal besser gefallen. Die Charaktere haben in diesem Teil nochmal mehr Tiefe bekommen, es passiert so viel &#8211; da fiel es sehr schwer, das Buch aus den H\u00e4nden zu legen. Gro\u00dfes, empfehlenswertes Kopfkino!<br><br>__<\/p>\n\n\n\n<div class=\"wp-block-image\"><figure class=\"aligncenter is-resized\"><img loading=\"lazy\" decoding=\"async\" src=\"https:\/\/buechertanz.de\/wp-content\/uploads\/2019\/03\/Blume.png\" alt=\"\" class=\"wp-image-356\" width=\"160\" height=\"185\" srcset=\"https:\/\/buechertanz.de\/wp-content\/uploads\/2019\/03\/Blume.png 264w, https:\/\/buechertanz.de\/wp-content\/uploads\/2019\/03\/Blume-260x300.png 260w\" sizes=\"auto, (max-width: 160px) 100vw, 160px\" \/><\/figure><\/div>\n\n\n\n<p><strong><br><\/strong><\/p>\n","protected":false},"excerpt":{"rendered":"<p>Hier seht ihr die B\u00fccher, die ich im April 2019 gelesen habe und ihr bekommt einen ersten Eindruck. Die ausf\u00fchrlichen Rezensionen folgen.Falls es schon eine Rezension auf meinem Blog gibt, gelangt ihr mit einem Klick auf den Titel direkt bei der Rezension.&nbsp; __ Marie Lamballe: &#8222;Caf\u00e9 Engel &#8211; Eine neue Zeit&#8220;erschienen am 28. Februar 2019Bastei &hellip; <a href=\"https:\/\/buechertanz.de\/?page_id=590\" class=\"more-link\"><span class=\"screen-reader-text\">Gelesen April 2019<\/span> weiterlesen<\/a><\/p>\n","protected":false},"author":2,"featured_media":0,"parent":0,"menu_order":0,"comment_status":"open","ping_status":"closed","template":"","meta":{"footnotes":""},"class_list":["post-590","page","type-page","status-publish","hentry"],"_links":{"self":[{"href":"https:\/\/buechertanz.de\/index.php?rest_route=\/wp\/v2\/pages\/590","targetHints":{"allow":["GET"]}}],"collection":[{"href":"https:\/\/buechertanz.de\/index.php?rest_route=\/wp\/v2\/pages"}],"about":[{"href":"https:\/\/buechertanz.de\/index.php?rest_route=\/wp\/v2\/types\/page"}],"author":[{"embeddable":true,"href":"https:\/\/buechertanz.de\/index.php?rest_route=\/wp\/v2\/users\/2"}],"replies":[{"embeddable":true,"href":"https:\/\/buechertanz.de\/index.php?rest_route=%2Fwp%2Fv2%2Fcomments&post=590"}],"version-history":[{"count":6,"href":"https:\/\/buechertanz.de\/index.php?rest_route=\/wp\/v2\/pages\/590\/revisions"}],"predecessor-version":[{"id":2987,"href":"https:\/\/buechertanz.de\/index.php?rest_route=\/wp\/v2\/pages\/590\/revisions\/2987"}],"wp:attachment":[{"href":"https:\/\/buechertanz.de\/index.php?rest_route=%2Fwp%2Fv2%2Fmedia&parent=590"}],"curies":[{"name":"wp","href":"https:\/\/api.w.org\/{rel}","templated":true}]}}