{"id":6014,"date":"2023-09-29T08:06:19","date_gmt":"2023-09-29T07:06:19","guid":{"rendered":"https:\/\/buechertanz.de\/?page_id=6014"},"modified":"2023-10-17T17:53:09","modified_gmt":"2023-10-17T16:53:09","slug":"neuzugaenge-september-2023","status":"publish","type":"page","link":"https:\/\/buechertanz.de\/?page_id=6014","title":{"rendered":"Neuzug\u00e4nge September 2023"},"content":{"rendered":"\n<p class=\"has-drop-cap has-small-font-size\">Im&nbsp;<strong>September 2023<\/strong>&nbsp;sind insgesamt&nbsp;<strong>14 B\u00fccher&nbsp;<\/strong>hier eingezogen:<br>Acht Rezensionsexemplare und sechs neue B\u00fccher haben den Weg hierher gefunden.  <br>Falls es eine Rezension auf meinem Blog gibt, gelangt ihr mit einem Klick auf den Titel direkt bei der Rezension.<\/p>\n\n\n<div class=\"wp-block-image\">\n<figure class=\"aligncenter size-large is-resized\"><img loading=\"lazy\" decoding=\"async\" src=\"https:\/\/buechertanz.de\/wp-content\/uploads\/2023\/09\/09-September-komplett_komp-1024x1024.jpg\" alt=\"\" class=\"wp-image-6039\" style=\"width:350px;height:350px\" width=\"350\" height=\"350\" srcset=\"https:\/\/buechertanz.de\/wp-content\/uploads\/2023\/09\/09-September-komplett_komp-1024x1024.jpg 1024w, https:\/\/buechertanz.de\/wp-content\/uploads\/2023\/09\/09-September-komplett_komp-300x300.jpg 300w, https:\/\/buechertanz.de\/wp-content\/uploads\/2023\/09\/09-September-komplett_komp-150x150.jpg 150w, https:\/\/buechertanz.de\/wp-content\/uploads\/2023\/09\/09-September-komplett_komp-768x768.jpg 768w, https:\/\/buechertanz.de\/wp-content\/uploads\/2023\/09\/09-September-komplett_komp.jpg 1118w\" sizes=\"auto, (max-width: 350px) 100vw, 350px\" \/><\/figure><\/div>\n\n\n<p class=\"has-text-align-center\" style=\"font-size:11px\"><em>Meine neuen Seitlinge vom September 2023<\/em><\/p>\n\n\n\n<p>_<\/p>\n\n\n\n<div class=\"wp-block-media-text is-vertically-aligned-center\"><figure class=\"wp-block-media-text__media\"><img loading=\"lazy\" decoding=\"async\" width=\"1024\" height=\"1024\" src=\"https:\/\/buechertanz.de\/wp-content\/uploads\/2023\/09\/09-September-Rezensionsexemplare_komp-1024x1024.jpg\" alt=\"\" class=\"wp-image-6040 size-full\" srcset=\"https:\/\/buechertanz.de\/wp-content\/uploads\/2023\/09\/09-September-Rezensionsexemplare_komp-1024x1024.jpg 1024w, https:\/\/buechertanz.de\/wp-content\/uploads\/2023\/09\/09-September-Rezensionsexemplare_komp-300x300.jpg 300w, https:\/\/buechertanz.de\/wp-content\/uploads\/2023\/09\/09-September-Rezensionsexemplare_komp-150x150.jpg 150w, https:\/\/buechertanz.de\/wp-content\/uploads\/2023\/09\/09-September-Rezensionsexemplare_komp-768x768.jpg 768w, https:\/\/buechertanz.de\/wp-content\/uploads\/2023\/09\/09-September-Rezensionsexemplare_komp.jpg 1242w\" sizes=\"auto, (max-width: 1024px) 100vw, 1024px\" \/><\/figure><div class=\"wp-block-media-text__content\">\n<p class=\"has-drop-cap has-small-font-size\"><strong><em>Rezensionsexemplare:<\/em><\/strong><\/p>\n\n\n\n<p><\/p>\n\n\n\n<ul class=\"wp-block-list\">\n<li class=\"has-small-font-size\">Anne Stern:<a href=\"https:\/\/buechertanz.de\/?p=5841\" target=\"_blank\" rel=\"noreferrer noopener\"> <em>&#8222;Fr\u00e4ulein Gold &#8211; Die Lichter der Stadt&#8220;<\/em><\/a><\/li>\n\n\n\n<li class=\"has-small-font-size\">Caren Benedikt: <em><a href=\"https:\/\/buechertanz.de\/?p=5884\" target=\"_blank\" rel=\"noreferrer noopener\">&#8222;Club Paradies &#8211; Im Licht der Freiheit&#8220;<\/a><\/em><\/li>\n\n\n\n<li class=\"has-small-font-size\">Ellin Carsta: <em><a href=\"https:\/\/buechertanz.de\/?p=5919\" target=\"_blank\" rel=\"noreferrer noopener\">&#8222;Die Kinder der Hansens &#8211; Schritt ins Licht&#8220;<\/a>, <a rel=\"noreferrer noopener\" href=\"https:\/\/buechertanz.de\/?p=5950\" target=\"_blank\">&#8222;Die Kinder der Hansens &#8211; Gl\u00fcck des Augenblicks&#8220;<\/a> <\/em>und <em><a rel=\"noreferrer noopener\" href=\"https:\/\/buechertanz.de\/?p=6002\" target=\"_blank\">&#8222;Die Kinder der Hansens &#8211; Tanz ins Leben&#8220;<\/a><\/em><\/li>\n\n\n\n<li class=\"has-small-font-size\">In\u00e8s Keerl: <em><a href=\"https:\/\/buechertanz.de\/?p=6091\" target=\"_blank\" rel=\"noreferrer noopener\">&#8222;Die L\u00f6win vom Tafelberg&#8220;<\/a><\/em><\/li>\n\n\n\n<li class=\"has-small-font-size\">Dorothe Z\u00fcrcher: <em><a href=\"https:\/\/buechertanz.de\/?p=6059\" target=\"_blank\" rel=\"noreferrer noopener\">&#8222;Bittermandeln aus Byzanz&#8220;<\/a><\/em><\/li>\n\n\n\n<li class=\"has-small-font-size\">Juliana Weinberg: <em><a href=\"https:\/\/buechertanz.de\/?p=6131\" target=\"_blank\" rel=\"noreferrer noopener\">&#8222;Elizabeth Taylor: Die gr\u00f6\u00dfte Liebende Hollywoods&#8220;<\/a><\/em><\/li>\n<\/ul>\n<\/div><\/div>\n\n\n\n<p>_<\/p>\n\n\n\n<div class=\"wp-block-media-text has-media-on-the-right\"><div class=\"wp-block-media-text__content\">\n<p class=\"has-drop-cap has-small-font-size\"><strong>Neue B\u00fccher:<\/strong><\/p>\n\n\n\n<p><\/p>\n\n\n\n<ul class=\"wp-block-list\">\n<li class=\"has-small-font-size\">Eva-Maria Bast: <em>&#8222;Sisis Schwester&#8220; <\/em>und <em>&#8222;Zimttr\u00e4ume&#8220;<\/em><\/li>\n\n\n\n<li class=\"has-small-font-size\">Charlotte Roth: <em>&#8222;Die Wintergarten-Frauen &#8211; Die Sehnsucht brennt&#8220;<\/em><\/li>\n\n\n\n<li class=\"has-small-font-size\">Elisabeth Sandmann: <em>&#8222;Portr\u00e4t auf gr\u00fcner Wandfarbe&#8220;<\/em><\/li>\n\n\n\n<li class=\"has-small-font-size\">Elizabeth MacNeal: <em>&#8222;The Doll Factory&#8220;<\/em><\/li>\n\n\n\n<li class=\"has-small-font-size\">Ken Follett: <em>&#8222;Die Waffen des Lichts&#8220;<\/em><\/li>\n<\/ul>\n<\/div><figure class=\"wp-block-media-text__media\"><img loading=\"lazy\" decoding=\"async\" width=\"1024\" height=\"1024\" src=\"https:\/\/buechertanz.de\/wp-content\/uploads\/2023\/09\/09-September-Neue-Buecher_komp-1024x1024.jpg\" alt=\"\" class=\"wp-image-6041 size-full\" srcset=\"https:\/\/buechertanz.de\/wp-content\/uploads\/2023\/09\/09-September-Neue-Buecher_komp-1024x1024.jpg 1024w, https:\/\/buechertanz.de\/wp-content\/uploads\/2023\/09\/09-September-Neue-Buecher_komp-300x300.jpg 300w, https:\/\/buechertanz.de\/wp-content\/uploads\/2023\/09\/09-September-Neue-Buecher_komp-150x150.jpg 150w, https:\/\/buechertanz.de\/wp-content\/uploads\/2023\/09\/09-September-Neue-Buecher_komp-768x768.jpg 768w, https:\/\/buechertanz.de\/wp-content\/uploads\/2023\/09\/09-September-Neue-Buecher_komp.jpg 1242w\" sizes=\"auto, (max-width: 1024px) 100vw, 1024px\" \/><\/figure><\/div>\n\n\n\n<p>_<\/p>\n\n\n\n<p class=\"has-small-font-size\">Einige dieser wundersch\u00f6nen Neuzug\u00e4nge sind bereits gelesen, auf andere freue ich mich noch.<br>Ich bedanke mich deshalb ganz herzlich bei der Autorin Juliana Weinberg, bei der Autorin Dorothe Z\u00fcrcher, beim Emons Verlag, beim Blanvalet Verlag, beim Tinte &amp; Feder Verlag und beim Rowohlt Verlag f\u00fcr die Zusendung und Bereitstellung der B\u00fccher als Rezensionsexemplare.<\/p>\n\n\n\n<p class=\"has-small-font-size\">Liebe Gr\u00fc\u00dfe,<\/p>\n\n\n\n<figure class=\"wp-block-image size-large is-resized\"><img loading=\"lazy\" decoding=\"async\" src=\"https:\/\/buechertanz.de\/wp-content\/uploads\/2023\/06\/Unterschrift-1024x404.jpg\" alt=\"\" class=\"wp-image-5276\" style=\"width:234px;height:92px\" width=\"234\" height=\"92\" srcset=\"https:\/\/buechertanz.de\/wp-content\/uploads\/2023\/06\/Unterschrift-1024x404.jpg 1024w, https:\/\/buechertanz.de\/wp-content\/uploads\/2023\/06\/Unterschrift-300x118.jpg 300w, https:\/\/buechertanz.de\/wp-content\/uploads\/2023\/06\/Unterschrift-768x303.jpg 768w, https:\/\/buechertanz.de\/wp-content\/uploads\/2023\/06\/Unterschrift.jpg 1500w\" sizes=\"auto, (max-width: 234px) 100vw, 234px\" \/><\/figure>\n","protected":false},"excerpt":{"rendered":"<p>Im&nbsp;September 2023&nbsp;sind insgesamt&nbsp;14 B\u00fccher&nbsp;hier eingezogen:Acht Rezensionsexemplare und sechs neue B\u00fccher haben den Weg hierher gefunden. Falls es eine Rezension auf meinem Blog gibt, gelangt ihr mit einem Klick auf den Titel direkt bei der Rezension. Meine neuen Seitlinge vom September 2023 _ _ _ Einige dieser wundersch\u00f6nen Neuzug\u00e4nge sind bereits gelesen, auf andere freue ich &hellip; <a href=\"https:\/\/buechertanz.de\/?page_id=6014\" class=\"more-link\"><span class=\"screen-reader-text\">Neuzug\u00e4nge September 2023<\/span> weiterlesen<\/a><\/p>\n","protected":false},"author":2,"featured_media":0,"parent":0,"menu_order":0,"comment_status":"open","ping_status":"closed","template":"","meta":{"footnotes":""},"class_list":["post-6014","page","type-page","status-publish","hentry"],"_links":{"self":[{"href":"https:\/\/buechertanz.de\/index.php?rest_route=\/wp\/v2\/pages\/6014","targetHints":{"allow":["GET"]}}],"collection":[{"href":"https:\/\/buechertanz.de\/index.php?rest_route=\/wp\/v2\/pages"}],"about":[{"href":"https:\/\/buechertanz.de\/index.php?rest_route=\/wp\/v2\/types\/page"}],"author":[{"embeddable":true,"href":"https:\/\/buechertanz.de\/index.php?rest_route=\/wp\/v2\/users\/2"}],"replies":[{"embeddable":true,"href":"https:\/\/buechertanz.de\/index.php?rest_route=%2Fwp%2Fv2%2Fcomments&post=6014"}],"version-history":[{"count":8,"href":"https:\/\/buechertanz.de\/index.php?rest_route=\/wp\/v2\/pages\/6014\/revisions"}],"predecessor-version":[{"id":6163,"href":"https:\/\/buechertanz.de\/index.php?rest_route=\/wp\/v2\/pages\/6014\/revisions\/6163"}],"wp:attachment":[{"href":"https:\/\/buechertanz.de\/index.php?rest_route=%2Fwp%2Fv2%2Fmedia&parent=6014"}],"curies":[{"name":"wp","href":"https:\/\/api.w.org\/{rel}","templated":true}]}}