{"id":6015,"date":"2023-09-29T08:06:20","date_gmt":"2023-09-29T07:06:20","guid":{"rendered":"https:\/\/buechertanz.de\/?page_id=6015"},"modified":"2023-11-29T21:49:47","modified_gmt":"2023-11-29T20:49:47","slug":"gelesen-september-2023","status":"publish","type":"page","link":"https:\/\/buechertanz.de\/?page_id=6015","title":{"rendered":"Gelesen September 2023"},"content":{"rendered":"\n<p class=\"has-drop-cap has-small-font-size\">Hier findet ihr die B\u00fccher, die ich im&nbsp;<strong>September 2023&nbsp;<\/strong>gelesen habe \u2013 insgesamt sind es&nbsp;<strong>sechs B\u00fccher&nbsp;<\/strong>mit<strong>&nbsp;2.423 Seiten&nbsp;<\/strong>geworden. Es war ein sch\u00f6ner und abwechslungsreicher Lesemonat.<br>Falls es ausf\u00fchrliche Rezensionen zu den B\u00fcchern gibt, findet ihr diese, wenn ihr auf den entsprechenden Buchtitel klickt. Viel Spa\u00df beim Schm\u00f6kern.<\/p>\n\n\n<div class=\"wp-block-image\">\n<figure class=\"aligncenter size-large is-resized\"><img loading=\"lazy\" decoding=\"async\" width=\"1024\" height=\"1024\" src=\"https:\/\/buechertanz.de\/wp-content\/uploads\/2023\/09\/09-September_komp-1024x1024.jpg\" alt=\"\" class=\"wp-image-6035\" style=\"width:321px;height:321px\" srcset=\"https:\/\/buechertanz.de\/wp-content\/uploads\/2023\/09\/09-September_komp-1024x1024.jpg 1024w, https:\/\/buechertanz.de\/wp-content\/uploads\/2023\/09\/09-September_komp-300x300.jpg 300w, https:\/\/buechertanz.de\/wp-content\/uploads\/2023\/09\/09-September_komp-150x150.jpg 150w, https:\/\/buechertanz.de\/wp-content\/uploads\/2023\/09\/09-September_komp-768x768.jpg 768w, https:\/\/buechertanz.de\/wp-content\/uploads\/2023\/09\/09-September_komp.jpg 1366w\" sizes=\"auto, (max-width: 1024px) 100vw, 1024px\" \/><\/figure><\/div>\n\n\n<p class=\"has-text-align-center has-small-font-size\"><em>Mein Lesemonat September 2023<\/em><\/p>\n\n\n\n<p>_<\/p>\n\n\n\n<div class=\"wp-block-media-text is-vertically-aligned-center\" style=\"grid-template-columns:25% auto\"><figure class=\"wp-block-media-text__media\"><img loading=\"lazy\" decoding=\"async\" width=\"395\" height=\"600\" src=\"https:\/\/buechertanz.de\/wp-content\/uploads\/2023\/09\/58-Sturmjahre-Das-Versprechen-einer-neuen-Zeit-1.jpeg\" alt=\"\" class=\"wp-image-6036 size-full\" srcset=\"https:\/\/buechertanz.de\/wp-content\/uploads\/2023\/09\/58-Sturmjahre-Das-Versprechen-einer-neuen-Zeit-1.jpeg 395w, https:\/\/buechertanz.de\/wp-content\/uploads\/2023\/09\/58-Sturmjahre-Das-Versprechen-einer-neuen-Zeit-1-198x300.jpeg 198w\" sizes=\"auto, (max-width: 395px) 100vw, 395px\" \/><\/figure><div class=\"wp-block-media-text__content\">\n<ul class=\"wp-block-list\">\n<li class=\"has-small-font-size\">Auch diesen Monat begann ich, wie bereits den August 2023, mit Lia Scott: <strong><em>&#8222;Sturmjahre &#8211; Das Versprechen einer neuen Zeit&#8220;<\/em><\/strong>. Es ist nach &#8222;Sturmjahre &#8211; Ein Gef\u00fchl von Unendlichkeit&#8220; der zweite Band dieser grandiosen Buchreihe.<br>Ab der ersten Seite war ich wieder in der Geschichte angekommen und freute mich so sehr, die vielen Figuren wieder zu treffen.<br>Es ist eine Geschichte, die mich mitgenommen hat, mich bewegt hat. Ich l\u00e4chelte, ich verzweifelte und ich weinte mit den Figuren.<br>Jetzt w\u00fcnsche ich mir, dass ganz bald schon der 28. Februar 2024 ist&#8230; dann erscheint der dritte Band &#8222;Sturmjahre &#8211; Die Melodie der Freiheit&#8220;.<\/li>\n<\/ul>\n<\/div><\/div>\n\n\n\n<p>_<\/p>\n\n\n\n<div class=\"wp-block-media-text has-media-on-the-right is-vertically-aligned-center\" style=\"grid-template-columns:auto 25%\"><div class=\"wp-block-media-text__content\">\n<ul class=\"wp-block-list\">\n<li class=\"has-small-font-size\">Endlich durfte ich Hulda Gold wieder treffen. Sie ist eine Buchfigur, welche mir unheimlich ans Herz gewachsen ist und sich mittlerweile wie eine Freundschaft anf\u00fchlt.<br>Die Handlung in<em><strong> <a href=\"https:\/\/buechertanz.de\/?p=5841\" target=\"_blank\" rel=\"noreferrer noopener\">&#8222;Fr\u00e4ulein Gold &#8211; Die Lichter der Stadt&#8220;<\/a><\/strong><\/em> geht zwar etwas gem\u00e4chlicher los als in den vorherigen B\u00e4nden und trotzdem konnte und wollte ich diesen grandiosen sechsten Teil der Reihe nur ungern aus den H\u00e4nden legen. <br>Zusammen mit den wunderbar herausgearbeiteten geschichtlichen Hintergr\u00fcnden und dem wunderbar bildhaften Sprachstil liegt hier ein absolut lesenswerter sechster Band einer Buchreihe vor, welche sich von Band zu Band in ihrer Intensivit\u00e4t steigert.<\/li>\n<\/ul>\n<\/div><figure class=\"wp-block-media-text__media\"><img loading=\"lazy\" decoding=\"async\" width=\"520\" height=\"809\" src=\"https:\/\/buechertanz.de\/wp-content\/uploads\/2023\/09\/59-Fraeulein-Gold-Die-Lichter-der-Stadt.jpg\" alt=\"\" class=\"wp-image-5835 size-full\" srcset=\"https:\/\/buechertanz.de\/wp-content\/uploads\/2023\/09\/59-Fraeulein-Gold-Die-Lichter-der-Stadt.jpg 520w, https:\/\/buechertanz.de\/wp-content\/uploads\/2023\/09\/59-Fraeulein-Gold-Die-Lichter-der-Stadt-193x300.jpg 193w\" sizes=\"auto, (max-width: 520px) 100vw, 520px\" \/><\/figure><\/div>\n\n\n\n<p>_<\/p>\n\n\n\n<div class=\"wp-block-media-text is-vertically-aligned-center\" style=\"grid-template-columns:25% auto\"><figure class=\"wp-block-media-text__media\"><img loading=\"lazy\" decoding=\"async\" width=\"350\" height=\"534\" src=\"https:\/\/buechertanz.de\/wp-content\/uploads\/2023\/09\/60-Club-Paradies-Im-Licht-der-Freiheit-.jpg\" alt=\"\" class=\"wp-image-5836 size-full\" srcset=\"https:\/\/buechertanz.de\/wp-content\/uploads\/2023\/09\/60-Club-Paradies-Im-Licht-der-Freiheit-.jpg 350w, https:\/\/buechertanz.de\/wp-content\/uploads\/2023\/09\/60-Club-Paradies-Im-Licht-der-Freiheit--197x300.jpg 197w\" sizes=\"auto, (max-width: 350px) 100vw, 350px\" \/><\/figure><div class=\"wp-block-media-text__content\">\n<ul class=\"wp-block-list\">\n<li class=\"has-small-font-size\">Weiter ging es mit <strong><em><a href=\"https:\/\/buechertanz.de\/?p=5884\" target=\"_blank\" rel=\"noreferrer noopener\">&#8222;Club Paradies &#8211; Im Licht der Freiheit&#8220;<\/a><\/em><\/strong> von Caren Benedikt. Ich war sehr gespannt auf die Fortsetzung und wurde auf keiner Seite entt\u00e4uscht.<br>Wie bereits der erste Band ist auch dieser zweite Band spannend, temporeich und emotional. Es ist eine Geschichte, bei der ich w\u00e4hrend des Lesens die Zeit vergessen habe und einige Male nicht schnell genug umbl\u00e4ttern konnte.<br>Es ist eine sehr gelungene und unterhaltsame Zeitreise, welche ab der ersten Seite eine Sogwirkung entfaltet und einen so schnell nicht mehr losl\u00e4sst. Sehr lesenswert!<\/li>\n<\/ul>\n<\/div><\/div>\n\n\n\n<p>_<\/p>\n\n\n\n<div class=\"wp-block-media-text has-media-on-the-right is-vertically-aligned-center\" style=\"grid-template-columns:auto 25%\"><div class=\"wp-block-media-text__content\">\n<ul class=\"wp-block-list\">\n<li class=\"has-small-font-size\">Es ging weiter mit dem Auftakt einer Buchreihe, welche meinen Lesemonat sehr gepr\u00e4gt hat: <strong><em><a href=\"https:\/\/buechertanz.de\/?p=5919\" target=\"_blank\" rel=\"noreferrer noopener\">&#8222;Die Kinder der Hansens &#8211; Schritt ins Licht&#8220;<\/a><\/em><\/strong> von Ellin Carsta. <br>Wer die Reihe um die Hansens noch nicht kennt, kann mit dieser Reihen-Fortsetzung sehr gut in das Reihen-Universum starten. Mit vielseitigen und verschiedenen Charakteren nimmt uns Ellin Carsta mit auf eine spannende und interessante Zeitreise, welche mit einem hohen Suchtfaktor besticht.\u00a0Ein genialer und lesenswerter Reihen-Auftakt.<\/li>\n<\/ul>\n<\/div><figure class=\"wp-block-media-text__media\"><img loading=\"lazy\" decoding=\"async\" width=\"678\" height=\"1000\" src=\"https:\/\/buechertanz.de\/wp-content\/uploads\/2023\/09\/61-Die-Kinder-der-Hansens-Schritt-ins-Licht.jpg\" alt=\"\" class=\"wp-image-5909 size-full\" srcset=\"https:\/\/buechertanz.de\/wp-content\/uploads\/2023\/09\/61-Die-Kinder-der-Hansens-Schritt-ins-Licht.jpg 678w, https:\/\/buechertanz.de\/wp-content\/uploads\/2023\/09\/61-Die-Kinder-der-Hansens-Schritt-ins-Licht-203x300.jpg 203w\" sizes=\"auto, (max-width: 678px) 100vw, 678px\" \/><\/figure><\/div>\n\n\n\n<p>_<\/p>\n\n\n\n<div class=\"wp-block-media-text is-vertically-aligned-center\" style=\"grid-template-columns:25% auto\"><figure class=\"wp-block-media-text__media\"><img loading=\"lazy\" decoding=\"async\" width=\"678\" height=\"1000\" src=\"https:\/\/buechertanz.de\/wp-content\/uploads\/2023\/09\/62-Die-Kinder-der-Hansens-Glueck-des-Augenblicks.jpg\" alt=\"\" class=\"wp-image-5916 size-full\" srcset=\"https:\/\/buechertanz.de\/wp-content\/uploads\/2023\/09\/62-Die-Kinder-der-Hansens-Glueck-des-Augenblicks.jpg 678w, https:\/\/buechertanz.de\/wp-content\/uploads\/2023\/09\/62-Die-Kinder-der-Hansens-Glueck-des-Augenblicks-203x300.jpg 203w\" sizes=\"auto, (max-width: 678px) 100vw, 678px\" \/><\/figure><div class=\"wp-block-media-text__content\">\n<ul class=\"wp-block-list\">\n<li class=\"has-small-font-size\">Und auch der zweite Band<strong><em><a href=\"https:\/\/buechertanz.de\/?p=5950\"> &#8222;Die Kinder der Hansens &#8211; Gl\u00fcck des Augenblicks&#8220;<\/a><\/em><\/strong> von Ellin Carsta begeisterte mich. <br>Die vielen Charaktere geh\u00f6ren schon zu meinem Leben dazu\u2026 ich lebe und leide mit ihnen. Und ich verpacke gelesene Szenen in meine Tr\u00e4ume. Es sind solch mitrei\u00dfenden Geschichten wie diese, welche mir immer wieder zeigen, warum ich so leidenschaftlich gerne lese \u2013 so k\u00f6nnen mich nur B\u00fccher mitrei\u00dfen.<br>Ein ganz starker und lesenswerter zweiter Band.<\/li>\n<\/ul>\n<\/div><\/div>\n\n\n\n<p>_<\/p>\n\n\n\n<div class=\"wp-block-media-text has-media-on-the-right is-vertically-aligned-center\" style=\"grid-template-columns:auto 25%\"><div class=\"wp-block-media-text__content\">\n<ul class=\"wp-block-list\">\n<li class=\"has-small-font-size\">Mit dem dritten Band <strong><em><a href=\"https:\/\/buechertanz.de\/?p=6002\" target=\"_blank\" rel=\"noreferrer noopener\">&#8222;Die Kinder der Hansens &#8211; Tanz ins Leben&#8220; <\/a><\/em><\/strong> beendete ich meinen Lesemonat.<br>Wie bereits die ersten beiden B\u00e4nde hat mich auch dieser Band wieder vollst\u00e4ndig \u00fcberzeugt und begeistert (und mitunter zu Tr\u00e4nen ger\u00fchrt).<br>Es sind diese vielen kleinen Geschichten, welche sich zusammen mit den vielen liebgewonnenen Figuren einer gro\u00dfen und unvergesslichen Geschichte verbinden.<br>Einfach eine wahnsinnig gute Unterhaltung mit Sucht- und Sogwirkung.<br>Jetzt warte ich gespannt auf den vierten Band \u201eZauber des Neuen\u201c, welcher am 05. Dezember 2023 erscheinen wird.<\/li>\n<\/ul>\n<\/div><figure class=\"wp-block-media-text__media\"><img loading=\"lazy\" decoding=\"async\" width=\"339\" height=\"500\" src=\"https:\/\/buechertanz.de\/wp-content\/uploads\/2023\/09\/63-Die-Kinder-der-Hansens-Tanz-ins-Leben.jpg\" alt=\"\" class=\"wp-image-5997 size-full\" srcset=\"https:\/\/buechertanz.de\/wp-content\/uploads\/2023\/09\/63-Die-Kinder-der-Hansens-Tanz-ins-Leben.jpg 339w, https:\/\/buechertanz.de\/wp-content\/uploads\/2023\/09\/63-Die-Kinder-der-Hansens-Tanz-ins-Leben-203x300.jpg 203w\" sizes=\"auto, (max-width: 339px) 100vw, 339px\" \/><\/figure><\/div>\n\n\n\n<p>_<\/p>\n\n\n\n<p class=\"has-small-font-size\">Das war mein Lesemonat September 2023. Nicht ganz so umfangreich, wie es die Monate davor waren, aber ich bin trotzdem sehr gl\u00fccklich und zufrieden.<br>Ein herzliches Dankesch\u00f6n an den Rowohlt-Verlag, an den Blanvalet Verlag und an Tinte &amp; Feder f\u00fcr die Rezensionsexemplare. <br>Und an alle Autoren und Autorinnen: Danke f\u00fcr eure Geschichten!<\/p>\n\n\n\n<p class=\"has-small-font-size\">Liebe Gr\u00fc\u00dfe,<\/p>\n\n\n\n<figure class=\"wp-block-image size-large is-resized\"><img loading=\"lazy\" decoding=\"async\" width=\"1024\" height=\"404\" src=\"https:\/\/buechertanz.de\/wp-content\/uploads\/2023\/06\/Unterschrift-1024x404.jpg\" alt=\"\" class=\"wp-image-5276\" style=\"width:201px;height:79px\" srcset=\"https:\/\/buechertanz.de\/wp-content\/uploads\/2023\/06\/Unterschrift-1024x404.jpg 1024w, https:\/\/buechertanz.de\/wp-content\/uploads\/2023\/06\/Unterschrift-300x118.jpg 300w, https:\/\/buechertanz.de\/wp-content\/uploads\/2023\/06\/Unterschrift-768x303.jpg 768w, https:\/\/buechertanz.de\/wp-content\/uploads\/2023\/06\/Unterschrift.jpg 1500w\" sizes=\"auto, (max-width: 1024px) 100vw, 1024px\" \/><\/figure>\n","protected":false},"excerpt":{"rendered":"<p>Hier findet ihr die B\u00fccher, die ich im&nbsp;September 2023&nbsp;gelesen habe \u2013 insgesamt sind es&nbsp;sechs B\u00fccher&nbsp;mit&nbsp;2.423 Seiten&nbsp;geworden. Es war ein sch\u00f6ner und abwechslungsreicher Lesemonat.Falls es ausf\u00fchrliche Rezensionen zu den B\u00fcchern gibt, findet ihr diese, wenn ihr auf den entsprechenden Buchtitel klickt. Viel Spa\u00df beim Schm\u00f6kern. Mein Lesemonat September 2023 _ _ _ _ _ _ _ &hellip; <a href=\"https:\/\/buechertanz.de\/?page_id=6015\" class=\"more-link\"><span class=\"screen-reader-text\">Gelesen September 2023<\/span> weiterlesen<\/a><\/p>\n","protected":false},"author":2,"featured_media":0,"parent":0,"menu_order":0,"comment_status":"open","ping_status":"closed","template":"","meta":{"footnotes":""},"class_list":["post-6015","page","type-page","status-publish","hentry"],"_links":{"self":[{"href":"https:\/\/buechertanz.de\/index.php?rest_route=\/wp\/v2\/pages\/6015","targetHints":{"allow":["GET"]}}],"collection":[{"href":"https:\/\/buechertanz.de\/index.php?rest_route=\/wp\/v2\/pages"}],"about":[{"href":"https:\/\/buechertanz.de\/index.php?rest_route=\/wp\/v2\/types\/page"}],"author":[{"embeddable":true,"href":"https:\/\/buechertanz.de\/index.php?rest_route=\/wp\/v2\/users\/2"}],"replies":[{"embeddable":true,"href":"https:\/\/buechertanz.de\/index.php?rest_route=%2Fwp%2Fv2%2Fcomments&post=6015"}],"version-history":[{"count":5,"href":"https:\/\/buechertanz.de\/index.php?rest_route=\/wp\/v2\/pages\/6015\/revisions"}],"predecessor-version":[{"id":6463,"href":"https:\/\/buechertanz.de\/index.php?rest_route=\/wp\/v2\/pages\/6015\/revisions\/6463"}],"wp:attachment":[{"href":"https:\/\/buechertanz.de\/index.php?rest_route=%2Fwp%2Fv2%2Fmedia&parent=6015"}],"curies":[{"name":"wp","href":"https:\/\/api.w.org\/{rel}","templated":true}]}}