{"id":6224,"date":"2023-10-31T11:48:34","date_gmt":"2023-10-31T10:48:34","guid":{"rendered":"https:\/\/buechertanz.de\/?page_id=6224"},"modified":"2023-11-29T21:50:27","modified_gmt":"2023-11-29T20:50:27","slug":"gelesen-oktober-2023","status":"publish","type":"page","link":"https:\/\/buechertanz.de\/?page_id=6224","title":{"rendered":"Gelesen Oktober 2023"},"content":{"rendered":"\n<p class=\"has-drop-cap has-small-font-size\">Hier findet ihr die B\u00fccher, die ich im&nbsp;<strong>Oktober 2023&nbsp;<\/strong>gelesen habe \u2013 insgesamt sind es&nbsp;<strong>f\u00fcnf B\u00fccher&nbsp;<\/strong>mit<strong>&nbsp;2.396 Seiten&nbsp;<\/strong>geworden. Es war ein sch\u00f6ner und abwechslungsreicher Lesemonat, allerdings nicht ganz so \u00fcppig wie die Lesemonate davor. Da jedes der B\u00fccher ein Rezensionsexemplar ist, verfasste ich nach dem Lesen meine ausf\u00fchrlichen Rezensionen &#8211; diese findet ihr, wenn ihr auf den entsprechenden Buchtitel klickt. <br>Viel Spa\u00df beim Schm\u00f6kern.<\/p>\n\n\n<div class=\"wp-block-image is-style-default\">\n<figure class=\"aligncenter size-large is-resized\"><img loading=\"lazy\" decoding=\"async\" width=\"1024\" height=\"1024\" src=\"https:\/\/buechertanz.de\/wp-content\/uploads\/2023\/10\/10-Oktober_komp-1024x1024.jpg\" alt=\"\" class=\"wp-image-6240\" style=\"width:342px;height:342px\" srcset=\"https:\/\/buechertanz.de\/wp-content\/uploads\/2023\/10\/10-Oktober_komp-1024x1024.jpg 1024w, https:\/\/buechertanz.de\/wp-content\/uploads\/2023\/10\/10-Oktober_komp-300x300.jpg 300w, https:\/\/buechertanz.de\/wp-content\/uploads\/2023\/10\/10-Oktober_komp-150x150.jpg 150w, https:\/\/buechertanz.de\/wp-content\/uploads\/2023\/10\/10-Oktober_komp-768x768.jpg 768w, https:\/\/buechertanz.de\/wp-content\/uploads\/2023\/10\/10-Oktober_komp.jpg 1050w\" sizes=\"auto, (max-width: 1024px) 100vw, 1024px\" \/><\/figure><\/div>\n\n\n<p>_<\/p>\n\n\n\n<div class=\"wp-block-media-text is-vertically-aligned-center\" style=\"grid-template-columns:25% auto\"><figure class=\"wp-block-media-text__media\"><img loading=\"lazy\" decoding=\"async\" width=\"644\" height=\"1024\" src=\"https:\/\/buechertanz.de\/wp-content\/uploads\/2023\/10\/64-Bittermandeln-aus-Byzanz-644x1024.jpeg\" alt=\"\" class=\"wp-image-6049 size-full\" srcset=\"https:\/\/buechertanz.de\/wp-content\/uploads\/2023\/10\/64-Bittermandeln-aus-Byzanz-644x1024.jpeg 644w, https:\/\/buechertanz.de\/wp-content\/uploads\/2023\/10\/64-Bittermandeln-aus-Byzanz-189x300.jpeg 189w, https:\/\/buechertanz.de\/wp-content\/uploads\/2023\/10\/64-Bittermandeln-aus-Byzanz-768x1221.jpeg 768w, https:\/\/buechertanz.de\/wp-content\/uploads\/2023\/10\/64-Bittermandeln-aus-Byzanz-966x1536.jpeg 966w, https:\/\/buechertanz.de\/wp-content\/uploads\/2023\/10\/64-Bittermandeln-aus-Byzanz.jpeg 1258w\" sizes=\"auto, (max-width: 644px) 100vw, 644px\" \/><\/figure><div class=\"wp-block-media-text__content\">\n<ul class=\"wp-block-list\">\n<li class=\"has-small-font-size\">Den Anfang machte das Buch <strong><em><a href=\"https:\/\/buechertanz.de\/?p=6059\" target=\"_blank\" rel=\"noreferrer noopener\">&#8222;Bittermandeln aus Byzanz&#8220;<\/a><\/em><\/strong> von Dorothe Z\u00fcrcher. <br>Ich flog nur so durch diese mitrei\u00dfende Geschichte und wollte das Buch gar nicht mehr aus den H\u00e4nden legen. Mit vielen facettenreiche Figuren, welche abseits des \u201aGewohnten\u2018 leben und agieren, f\u00fchrt uns Dorothe Z\u00fcrcher durch eine spannende und unvergessliche Geschichte. Ein sehr genussvoller, rasanter und ungew\u00f6hnlicher historischer Roman, welchen ich euch sehr sehr empfehlen m\u00f6chte.<\/li>\n<\/ul>\n<\/div><\/div>\n\n\n\n<p>_<\/p>\n\n\n\n<div class=\"wp-block-media-text has-media-on-the-right is-vertically-aligned-center\" style=\"grid-template-columns:auto 25%\"><div class=\"wp-block-media-text__content\">\n<ul class=\"wp-block-list\">\n<li class=\"has-small-font-size\">Es folgte ein unvergessliches Buch:<a href=\"https:\/\/buechertanz.de\/?p=6091\" target=\"_blank\" rel=\"noreferrer noopener\"> <strong><em>&#8222;Die L\u00f6win vom Tafelberg &#8211; Catharina Ustings k\u00fchner Weg in die Freiheit&#8220;<\/em><\/strong><\/a> von In\u00e8s Keerl. <br>Ab der ersten Seite hat mich die aufregende und spannende Geschichte der Catharina Ustings mitgenommen und ich schloss sie einfach direkt in mein Herz.<br>Auch die anderen vielf\u00e4ltigen Charaktere konnten mich \u00fcberzeugen \u2013 wie auch der spannende und bildhafte Sprachstil der Autorin. Oft wollte und konnte ich das Buch nicht mehr aus den H\u00e4nden legen und wenn ich es dann musste, \u00fcberlegte ich mir, wie die Geschichte weitergehen k\u00f6nnte.<br>Dieses Buch ist ein absoluter Lesegenuss und ich empfehle euch dieses Roman-Highlight sehr.<\/li>\n<\/ul>\n<\/div><figure class=\"wp-block-media-text__media\"><img loading=\"lazy\" decoding=\"async\" width=\"658\" height=\"1000\" src=\"https:\/\/buechertanz.de\/wp-content\/uploads\/2023\/10\/65-Die-Loewin-vom-Tafelberg.jpg\" alt=\"\" class=\"wp-image-6055 size-full\" srcset=\"https:\/\/buechertanz.de\/wp-content\/uploads\/2023\/10\/65-Die-Loewin-vom-Tafelberg.jpg 658w, https:\/\/buechertanz.de\/wp-content\/uploads\/2023\/10\/65-Die-Loewin-vom-Tafelberg-197x300.jpg 197w\" sizes=\"auto, (max-width: 658px) 100vw, 658px\" \/><\/figure><\/div>\n\n\n\n<p>_<\/p>\n\n\n\n<div class=\"wp-block-media-text is-vertically-aligned-center\" style=\"grid-template-columns:25% auto\"><figure class=\"wp-block-media-text__media\"><img loading=\"lazy\" decoding=\"async\" width=\"659\" height=\"1000\" src=\"https:\/\/buechertanz.de\/wp-content\/uploads\/2023\/10\/66-Elizabeth-Taylor-Die-groesste-Liebende-Hollywoods.jpg\" alt=\"\" class=\"wp-image-6122 size-full\" srcset=\"https:\/\/buechertanz.de\/wp-content\/uploads\/2023\/10\/66-Elizabeth-Taylor-Die-groesste-Liebende-Hollywoods.jpg 659w, https:\/\/buechertanz.de\/wp-content\/uploads\/2023\/10\/66-Elizabeth-Taylor-Die-groesste-Liebende-Hollywoods-198x300.jpg 198w\" sizes=\"auto, (max-width: 659px) 100vw, 659px\" \/><\/figure><div class=\"wp-block-media-text__content\">\n<ul class=\"wp-block-list\">\n<li class=\"has-small-font-size\">Vom 17. Jahrhundert ging es mit <strong><em><a href=\"https:\/\/buechertanz.de\/?p=6131\" target=\"_blank\" rel=\"noreferrer noopener\">&#8222;Elizabeth Taylor &#8211; Die gr\u00f6\u00dfte Liebende Hollywoods&#8220;<\/a><\/em><\/strong> von Juliana Weinberg ins 20. Jahrhundert.<br>Es ist ein ganz wunderbare und sch\u00f6ne Romanbiografie \u00fcber eine faszinierende und starke Frau und Schauspielerin. Ich bin in dieser gro\u00dfartigen, emotionalen und vielseitigen Geschichte v\u00f6llig versunken und empfehle euch dieses Buch gerne weiter.<br><\/li>\n<\/ul>\n<\/div><\/div>\n\n\n\n<p>_<\/p>\n\n\n\n<div class=\"wp-block-media-text has-media-on-the-right is-vertically-aligned-center\" style=\"grid-template-columns:auto 25%\"><div class=\"wp-block-media-text__content\">\n<ul class=\"wp-block-list\">\n<li class=\"has-small-font-size\">Weiter ging es mit dem Buch<a href=\"https:\/\/buechertanz.de\/?p=6167\" target=\"_blank\" rel=\"noreferrer noopener\"> <strong><em>&#8222;Der Schwur der Gr\u00e4fin&#8220;<\/em><\/strong><\/a> von Silke Elzner. <br>Da dieses Buch am 07. November 2023 erscheint, m\u00f6chte ich an dieser Stelle keinerlei Informationen und Eindr\u00fccke abgeben. <br>Nur eines schon vorweg: Was f\u00fcr eine mitrei\u00dfende und lesenswerte Geschichte!<br>Update 07. November 2023: Nun ist das Buch offiziell erschienen. Meine ausf\u00fchrliche Rezension zu diesem sehr lesenswerten Roman findet ihr <strong><a href=\"https:\/\/buechertanz.de\/?p=6167\" target=\"_blank\" rel=\"noreferrer noopener\">hier<\/a><\/strong>. <\/li>\n<\/ul>\n<\/div><figure class=\"wp-block-media-text__media\"><img loading=\"lazy\" decoding=\"async\" width=\"678\" height=\"1024\" src=\"https:\/\/buechertanz.de\/wp-content\/uploads\/2023\/10\/67-Der-Schwur-der-Graefin-678x1024.jpg\" alt=\"\" class=\"wp-image-6153 size-full\" srcset=\"https:\/\/buechertanz.de\/wp-content\/uploads\/2023\/10\/67-Der-Schwur-der-Graefin-678x1024.jpg 678w, https:\/\/buechertanz.de\/wp-content\/uploads\/2023\/10\/67-Der-Schwur-der-Graefin-199x300.jpg 199w, https:\/\/buechertanz.de\/wp-content\/uploads\/2023\/10\/67-Der-Schwur-der-Graefin-768x1160.jpg 768w, https:\/\/buechertanz.de\/wp-content\/uploads\/2023\/10\/67-Der-Schwur-der-Graefin-1017x1536.jpg 1017w, https:\/\/buechertanz.de\/wp-content\/uploads\/2023\/10\/67-Der-Schwur-der-Graefin-1356x2048.jpg 1356w, https:\/\/buechertanz.de\/wp-content\/uploads\/2023\/10\/67-Der-Schwur-der-Graefin.jpg 1483w\" sizes=\"auto, (max-width: 678px) 100vw, 678px\" \/><\/figure><\/div>\n\n\n\n<p>_<\/p>\n\n\n\n<div class=\"wp-block-media-text is-vertically-aligned-center\" style=\"grid-template-columns:25% auto\"><figure class=\"wp-block-media-text__media\"><img loading=\"lazy\" decoding=\"async\" width=\"279\" height=\"445\" src=\"https:\/\/buechertanz.de\/wp-content\/uploads\/2023\/10\/68-Papierkinder.jpg\" alt=\"\" class=\"wp-image-6187 size-full\" srcset=\"https:\/\/buechertanz.de\/wp-content\/uploads\/2023\/10\/68-Papierkinder.jpg 279w, https:\/\/buechertanz.de\/wp-content\/uploads\/2023\/10\/68-Papierkinder-188x300.jpg 188w\" sizes=\"auto, (max-width: 279px) 100vw, 279px\" \/><\/figure><div class=\"wp-block-media-text__content\">\n<ul class=\"wp-block-list\">\n<li class=\"has-small-font-size\">Den kr\u00f6nenden Abschluss des Lesemonats bildete <strong><em><a href=\"https:\/\/buechertanz.de\/?p=6192\" target=\"_blank\" rel=\"noreferrer noopener\">&#8222;Papierkinder&#8220;<\/a><\/em><\/strong> von Julia Kr\u00f6hn. <br>Bereits nach den ersten Kapiteln war mir klar, was f\u00fcr einen Buchschatz ich da gerade lese. Ein G\u00e4nsehaut-Schauer jagte den n\u00e4chsten, immer wieder stiegen mir die Tr\u00e4nen in die Augen.<br>Auch wenn die letzte Seite gelesen ist, wird diese starke und unvergessliche Geschichte, welche nichts von ihrer Brisanz verloren hat, noch lange nachklingen. Eine absolute Leseempfehlung.<br><\/li>\n<\/ul>\n<\/div><\/div>\n\n\n\n<p>_<\/p>\n\n\n\n<p class=\"has-small-font-size\">Herzlichen Dank an die Verlage Emons und Blanvalet und an die Autorinnen Dorothe Z\u00fcrcher, Juliana Weinberg und Silke Elzner f\u00fcr die Bereitstellung und Zusendung der Rezensionsexemplare.<\/p>\n\n\n\n<p class=\"has-small-font-size\">Liebe Gr\u00fc\u00dfe, <\/p>\n\n\n\n<figure class=\"wp-block-image size-large is-resized is-style-default\"><img loading=\"lazy\" decoding=\"async\" width=\"1024\" height=\"404\" src=\"https:\/\/buechertanz.de\/wp-content\/uploads\/2023\/06\/Unterschrift-1024x404.jpg\" alt=\"\" class=\"wp-image-5276\" style=\"width:208px;height:82px\" srcset=\"https:\/\/buechertanz.de\/wp-content\/uploads\/2023\/06\/Unterschrift-1024x404.jpg 1024w, https:\/\/buechertanz.de\/wp-content\/uploads\/2023\/06\/Unterschrift-300x118.jpg 300w, https:\/\/buechertanz.de\/wp-content\/uploads\/2023\/06\/Unterschrift-768x303.jpg 768w, https:\/\/buechertanz.de\/wp-content\/uploads\/2023\/06\/Unterschrift.jpg 1500w\" sizes=\"auto, (max-width: 1024px) 100vw, 1024px\" \/><\/figure>\n","protected":false},"excerpt":{"rendered":"<p>Hier findet ihr die B\u00fccher, die ich im&nbsp;Oktober 2023&nbsp;gelesen habe \u2013 insgesamt sind es&nbsp;f\u00fcnf B\u00fccher&nbsp;mit&nbsp;2.396 Seiten&nbsp;geworden. Es war ein sch\u00f6ner und abwechslungsreicher Lesemonat, allerdings nicht ganz so \u00fcppig wie die Lesemonate davor. Da jedes der B\u00fccher ein Rezensionsexemplar ist, verfasste ich nach dem Lesen meine ausf\u00fchrlichen Rezensionen &#8211; diese findet ihr, wenn ihr auf den &hellip; <a href=\"https:\/\/buechertanz.de\/?page_id=6224\" class=\"more-link\"><span class=\"screen-reader-text\">Gelesen Oktober 2023<\/span> weiterlesen<\/a><\/p>\n","protected":false},"author":2,"featured_media":0,"parent":0,"menu_order":0,"comment_status":"open","ping_status":"closed","template":"","meta":{"footnotes":""},"class_list":["post-6224","page","type-page","status-publish","hentry"],"_links":{"self":[{"href":"https:\/\/buechertanz.de\/index.php?rest_route=\/wp\/v2\/pages\/6224","targetHints":{"allow":["GET"]}}],"collection":[{"href":"https:\/\/buechertanz.de\/index.php?rest_route=\/wp\/v2\/pages"}],"about":[{"href":"https:\/\/buechertanz.de\/index.php?rest_route=\/wp\/v2\/types\/page"}],"author":[{"embeddable":true,"href":"https:\/\/buechertanz.de\/index.php?rest_route=\/wp\/v2\/users\/2"}],"replies":[{"embeddable":true,"href":"https:\/\/buechertanz.de\/index.php?rest_route=%2Fwp%2Fv2%2Fcomments&post=6224"}],"version-history":[{"count":8,"href":"https:\/\/buechertanz.de\/index.php?rest_route=\/wp\/v2\/pages\/6224\/revisions"}],"predecessor-version":[{"id":6464,"href":"https:\/\/buechertanz.de\/index.php?rest_route=\/wp\/v2\/pages\/6224\/revisions\/6464"}],"wp:attachment":[{"href":"https:\/\/buechertanz.de\/index.php?rest_route=%2Fwp%2Fv2%2Fmedia&parent=6224"}],"curies":[{"name":"wp","href":"https:\/\/api.w.org\/{rel}","templated":true}]}}