{"id":6438,"date":"2023-11-29T21:09:10","date_gmt":"2023-11-29T20:09:10","guid":{"rendered":"https:\/\/buechertanz.de\/?page_id=6438"},"modified":"2023-12-30T22:04:57","modified_gmt":"2023-12-30T21:04:57","slug":"neuzugaenge-november-2023","status":"publish","type":"page","link":"https:\/\/buechertanz.de\/?page_id=6438","title":{"rendered":"Neuzug\u00e4nge November 2023"},"content":{"rendered":"\n<p class=\"has-drop-cap has-small-font-size\">Im&nbsp;<strong>November 2023<\/strong>&nbsp;sind insgesamt&nbsp;<strong>18 B\u00fccher&nbsp;<\/strong>hier eingezogen:<br>F\u00fcnf Rezensionsexemplare, f\u00fcnf neue B\u00fccher, sechs geschenkte B\u00fccher und zwei B\u00fccher aus zweiter Hand haben den Weg hierher gefunden.<br>Falls es eine Rezension auf meinem Blog gibt, gelangt ihr mit einem Klick auf den Titel direkt bei der Rezension.<\/p>\n\n\n<div class=\"wp-block-image is-style-default\">\n<figure class=\"aligncenter size-full is-resized\"><img loading=\"lazy\" decoding=\"async\" width=\"689\" height=\"687\" src=\"https:\/\/buechertanz.de\/wp-content\/uploads\/2023\/11\/11-November_komplett_komp.jpg\" alt=\"\" class=\"wp-image-6482\" style=\"width:354px;height:auto\" srcset=\"https:\/\/buechertanz.de\/wp-content\/uploads\/2023\/11\/11-November_komplett_komp.jpg 689w, https:\/\/buechertanz.de\/wp-content\/uploads\/2023\/11\/11-November_komplett_komp-300x300.jpg 300w, https:\/\/buechertanz.de\/wp-content\/uploads\/2023\/11\/11-November_komplett_komp-150x150.jpg 150w\" sizes=\"auto, (max-width: 689px) 100vw, 689px\" \/><\/figure><\/div>\n\n\n<p class=\"has-text-align-center\" style=\"font-size:11px\"><em>Meine Neuzug\u00e4nge im November 2023<\/em><\/p>\n\n\n\n<p>_<\/p>\n\n\n\n<div class=\"wp-block-media-text is-vertically-aligned-center\"><figure class=\"wp-block-media-text__media\"><img loading=\"lazy\" decoding=\"async\" width=\"842\" height=\"840\" src=\"https:\/\/buechertanz.de\/wp-content\/uploads\/2023\/11\/11-November-Rezensionsexemplare_komp.jpg\" alt=\"\" class=\"wp-image-6484 size-full\" srcset=\"https:\/\/buechertanz.de\/wp-content\/uploads\/2023\/11\/11-November-Rezensionsexemplare_komp.jpg 842w, https:\/\/buechertanz.de\/wp-content\/uploads\/2023\/11\/11-November-Rezensionsexemplare_komp-300x300.jpg 300w, https:\/\/buechertanz.de\/wp-content\/uploads\/2023\/11\/11-November-Rezensionsexemplare_komp-150x150.jpg 150w, https:\/\/buechertanz.de\/wp-content\/uploads\/2023\/11\/11-November-Rezensionsexemplare_komp-768x766.jpg 768w\" sizes=\"auto, (max-width: 842px) 100vw, 842px\" \/><\/figure><div class=\"wp-block-media-text__content\">\n<p class=\"has-drop-cap has-small-font-size\"><strong>Rezensionsexemplare:<\/strong><\/p>\n\n\n\n<p class=\"has-small-font-size\"><\/p>\n\n\n\n<p><\/p>\n\n\n\n<ul class=\"wp-block-list\">\n<li class=\"has-small-font-size\">Anne Stern: <em><a href=\"https:\/\/buechertanz.de\/?p=6272\" target=\"_blank\" rel=\"noreferrer noopener\">&#8222;Lindy Girls&#8220;<\/a><\/em><\/li>\n\n\n\n<li class=\"has-small-font-size\">Lisa Graf: <em><a href=\"https:\/\/buechertanz.de\/?p=6313\" target=\"_blank\" rel=\"noreferrer noopener\">&#8222;Dallmayr &#8211; Das Erbe einer Dynastie&#8220;<\/a><\/em><\/li>\n\n\n\n<li class=\"has-small-font-size\">Rena Rosenthal: <em><a href=\"https:\/\/buechertanz.de\/?p=6355\" target=\"_blank\" rel=\"noreferrer noopener\">&#8222;Der Eispalast&#8220;<\/a><\/em><\/li>\n\n\n\n<li class=\"has-small-font-size\">Erika Weigele: <em><a href=\"https:\/\/buechertanz.de\/?p=6396\" target=\"_blank\" rel=\"noreferrer noopener\">&#8222;Der Buchmaler von Z\u00fcrich&#8220;<\/a><\/em><\/li>\n\n\n\n<li class=\"has-small-font-size\">Silke Elzner: <em><a href=\"https:\/\/buechertanz.de\/?p=6167\" target=\"_blank\" rel=\"noreferrer noopener\">&#8222;Der Schwur der Gr\u00e4fin&#8220;<\/a><\/em><\/li>\n<\/ul>\n<\/div><\/div>\n\n\n\n<p>_<\/p>\n\n\n\n<div class=\"wp-block-media-text has-media-on-the-right\"><div class=\"wp-block-media-text__content\">\n<p class=\"has-drop-cap has-small-font-size\"><strong>Neue B\u00fccher:<\/strong><\/p>\n\n\n\n<p class=\"has-small-font-size\"><\/p>\n\n\n\n<p><\/p>\n\n\n\n<ul class=\"wp-block-list\">\n<li class=\"has-small-font-size\">Eva-Maria Bast: <em>&#8222;Die Queen &#8211; 3&#8220;<\/em><\/li>\n\n\n\n<li class=\"has-small-font-size\">Annie Lyons: <em>&#8222;Der Buchclub &#8211; Ein Licht in dunklen Zeiten&#8220;<\/em><\/li>\n\n\n\n<li class=\"has-small-font-size\">Susanne Rubin: <em>&#8222;Alsterglanz &#8211; Lottes Hoffnung&#8220;<\/em><\/li>\n\n\n\n<li class=\"has-small-font-size\">Rebekka Eder: <em>&#8222;Der Duft von Zimt&#8220;<\/em><\/li>\n\n\n\n<li class=\"has-small-font-size\">Rebecca Gabl\u00e9: <em>&#8222;Drachenbanner&#8220;<\/em><\/li>\n<\/ul>\n<\/div><figure class=\"wp-block-media-text__media\"><img loading=\"lazy\" decoding=\"async\" width=\"842\" height=\"840\" src=\"https:\/\/buechertanz.de\/wp-content\/uploads\/2023\/11\/11-November-Neue-Buecher_komp.jpg\" alt=\"\" class=\"wp-image-6485 size-full\" srcset=\"https:\/\/buechertanz.de\/wp-content\/uploads\/2023\/11\/11-November-Neue-Buecher_komp.jpg 842w, https:\/\/buechertanz.de\/wp-content\/uploads\/2023\/11\/11-November-Neue-Buecher_komp-300x300.jpg 300w, https:\/\/buechertanz.de\/wp-content\/uploads\/2023\/11\/11-November-Neue-Buecher_komp-150x150.jpg 150w, https:\/\/buechertanz.de\/wp-content\/uploads\/2023\/11\/11-November-Neue-Buecher_komp-768x766.jpg 768w\" sizes=\"auto, (max-width: 842px) 100vw, 842px\" \/><\/figure><\/div>\n\n\n\n<p>_<\/p>\n\n\n\n<div class=\"wp-block-media-text is-vertically-aligned-center\"><figure class=\"wp-block-media-text__media\"><img loading=\"lazy\" decoding=\"async\" width=\"766\" height=\"764\" src=\"https:\/\/buechertanz.de\/wp-content\/uploads\/2023\/11\/11-November-Geschenke_komp.jpg\" alt=\"\" class=\"wp-image-6486 size-full\" srcset=\"https:\/\/buechertanz.de\/wp-content\/uploads\/2023\/11\/11-November-Geschenke_komp.jpg 766w, https:\/\/buechertanz.de\/wp-content\/uploads\/2023\/11\/11-November-Geschenke_komp-300x300.jpg 300w, https:\/\/buechertanz.de\/wp-content\/uploads\/2023\/11\/11-November-Geschenke_komp-150x150.jpg 150w\" sizes=\"auto, (max-width: 766px) 100vw, 766px\" \/><\/figure><div class=\"wp-block-media-text__content\">\n<p class=\"has-drop-cap has-small-font-size\"><strong>Geschenkte B\u00fccher:<\/strong><\/p>\n\n\n\n<p class=\"has-small-font-size\"><\/p>\n\n\n\n<ul class=\"wp-block-list\">\n<li class=\"has-small-font-size\">Anne Stern:<br><em>&#8211; &#8222;Die Frauen vom Karlsplatz &#8211; Auguste&#8220;<br>&#8211; &#8222;Die Frauen vom Karlsplatz &#8211; Henny&#8220;<br>&#8211; &#8222;Die Frauen vom Karlsplatz &#8211; Vera&#8220;<br>&#8211; &#8222;Die Frauen vom Karlsplatz &#8211; Maria&#8220;<br>&#8211; &#8222;Fr\u00e4ulein Gold &#8211; Schatten und Licht&#8220;<br>&#8211; &#8222;Fr\u00e4ulein Gold &#8211; Scheunenkinder&#8220;<\/em><\/li>\n<\/ul>\n<\/div><\/div>\n\n\n\n<p>_<\/p>\n\n\n\n<div class=\"wp-block-media-text has-media-on-the-right is-vertically-aligned-center\"><div class=\"wp-block-media-text__content\">\n<p class=\"has-drop-cap has-small-font-size\"><strong>B\u00fccher aus zweiter Hand:<\/strong><\/p>\n\n\n\n<p class=\"has-small-font-size\"><\/p>\n\n\n\n<ul class=\"wp-block-list\">\n<li class=\"has-small-font-size\">Manuela Golz: <em>&#8222;Sturmv\u00f6gel&#8220;<\/em><\/li>\n\n\n\n<li class=\"has-small-font-size\">Mia L\u00f6w: <em>&#8222;Das verborgene Zimmer im Hotel Normandie&#8220;<\/em><\/li>\n<\/ul>\n<\/div><figure class=\"wp-block-media-text__media\"><img loading=\"lazy\" decoding=\"async\" width=\"766\" height=\"764\" src=\"https:\/\/buechertanz.de\/wp-content\/uploads\/2023\/11\/11-November-Zweite-Hand_komp.jpg\" alt=\"\" class=\"wp-image-6487 size-full\" srcset=\"https:\/\/buechertanz.de\/wp-content\/uploads\/2023\/11\/11-November-Zweite-Hand_komp.jpg 766w, https:\/\/buechertanz.de\/wp-content\/uploads\/2023\/11\/11-November-Zweite-Hand_komp-300x300.jpg 300w, https:\/\/buechertanz.de\/wp-content\/uploads\/2023\/11\/11-November-Zweite-Hand_komp-150x150.jpg 150w\" sizes=\"auto, (max-width: 766px) 100vw, 766px\" \/><\/figure><\/div>\n\n\n\n<p>_<\/p>\n\n\n\n<p class=\"has-small-font-size\">Ja, da kamen wieder einige B\u00fccher zusammen. Teilweise sind meine neuen buchigen Freunde bereits gelesen, auf andere darf ich mich noch freuen. <br>Ich bedanke mich ganz herzlich bei Anne Stern f\u00fcr das wundersch\u00f6ne P\u00e4ckchen B\u00fccher, bei den Aufbau Verlagen und beim Penguin Verlag und bei den Autorinnen Erika Weigele und Silke Elzner f\u00fcr die Zusendung und Bereitstellung ihrer B\u00fccher als Rezensionsexemplare. <\/p>\n\n\n\n<p class=\"has-small-font-size\">Liebe Gr\u00fc\u00dfe, <\/p>\n\n\n\n<figure class=\"wp-block-image size-large is-resized\"><img loading=\"lazy\" decoding=\"async\" width=\"1024\" height=\"404\" src=\"https:\/\/buechertanz.de\/wp-content\/uploads\/2023\/06\/Unterschrift-1024x404.jpg\" alt=\"\" class=\"wp-image-5276\" style=\"width:175px;height:auto\" srcset=\"https:\/\/buechertanz.de\/wp-content\/uploads\/2023\/06\/Unterschrift-1024x404.jpg 1024w, https:\/\/buechertanz.de\/wp-content\/uploads\/2023\/06\/Unterschrift-300x118.jpg 300w, https:\/\/buechertanz.de\/wp-content\/uploads\/2023\/06\/Unterschrift-768x303.jpg 768w, https:\/\/buechertanz.de\/wp-content\/uploads\/2023\/06\/Unterschrift.jpg 1500w\" sizes=\"auto, (max-width: 1024px) 100vw, 1024px\" \/><\/figure>\n","protected":false},"excerpt":{"rendered":"<p>Im&nbsp;November 2023&nbsp;sind insgesamt&nbsp;18 B\u00fccher&nbsp;hier eingezogen:F\u00fcnf Rezensionsexemplare, f\u00fcnf neue B\u00fccher, sechs geschenkte B\u00fccher und zwei B\u00fccher aus zweiter Hand haben den Weg hierher gefunden.Falls es eine Rezension auf meinem Blog gibt, gelangt ihr mit einem Klick auf den Titel direkt bei der Rezension. Meine Neuzug\u00e4nge im November 2023 _ _ _ _ _ Ja, da kamen &hellip; <a href=\"https:\/\/buechertanz.de\/?page_id=6438\" class=\"more-link\"><span class=\"screen-reader-text\">Neuzug\u00e4nge November 2023<\/span> weiterlesen<\/a><\/p>\n","protected":false},"author":2,"featured_media":0,"parent":0,"menu_order":0,"comment_status":"open","ping_status":"closed","template":"","meta":{"footnotes":""},"class_list":["post-6438","page","type-page","status-publish","hentry"],"_links":{"self":[{"href":"https:\/\/buechertanz.de\/index.php?rest_route=\/wp\/v2\/pages\/6438","targetHints":{"allow":["GET"]}}],"collection":[{"href":"https:\/\/buechertanz.de\/index.php?rest_route=\/wp\/v2\/pages"}],"about":[{"href":"https:\/\/buechertanz.de\/index.php?rest_route=\/wp\/v2\/types\/page"}],"author":[{"embeddable":true,"href":"https:\/\/buechertanz.de\/index.php?rest_route=\/wp\/v2\/users\/2"}],"replies":[{"embeddable":true,"href":"https:\/\/buechertanz.de\/index.php?rest_route=%2Fwp%2Fv2%2Fcomments&post=6438"}],"version-history":[{"count":7,"href":"https:\/\/buechertanz.de\/index.php?rest_route=\/wp\/v2\/pages\/6438\/revisions"}],"predecessor-version":[{"id":6704,"href":"https:\/\/buechertanz.de\/index.php?rest_route=\/wp\/v2\/pages\/6438\/revisions\/6704"}],"wp:attachment":[{"href":"https:\/\/buechertanz.de\/index.php?rest_route=%2Fwp%2Fv2%2Fmedia&parent=6438"}],"curies":[{"name":"wp","href":"https:\/\/api.w.org\/{rel}","templated":true}]}}