{"id":657,"date":"2019-06-20T12:30:29","date_gmt":"2019-06-20T11:30:29","guid":{"rendered":"http:\/\/buechertanz.de\/?page_id=657"},"modified":"2019-08-13T20:43:47","modified_gmt":"2019-08-13T19:43:47","slug":"gelesen-mai-2019","status":"publish","type":"page","link":"https:\/\/buechertanz.de\/?page_id=657","title":{"rendered":"Gelesen Mai 2019"},"content":{"rendered":"\n<p class=\"has-drop-cap has-small-font-size\">Hier seht ihr die B\u00fccher, die ich im Mai 2019 gelesen habe und ihr bekommt einen ersten Eindruck. Die ausf\u00fchrlichen Rezensionen folgen.<br>Falls es schon eine Rezension auf meinem Blog gibt, gelangt ihr mit einem Klick auf den Titel direkt bei der Rezension. <\/p>\n\n\n\n<div class=\"wp-block-image\"><figure class=\"aligncenter is-resized\"><img loading=\"lazy\" decoding=\"async\" src=\"https:\/\/buechertanz.de\/wp-content\/uploads\/2019\/06\/05-Mai-2019_1-768x1024.jpg\" alt=\"\" class=\"wp-image-669\" width=\"342\" height=\"454\"\/><figcaption>Gelesene B\u00fccher im Mai 2019:<br>&#8211; Vier B\u00fccher<br>&#8211; 2.420 Seiten<br><\/figcaption><\/figure><\/div>\n\n\n\n<p class=\"has-small-font-size\">__<\/p>\n\n\n\n<p class=\"has-small-font-size\"><strong>E.L. James: \u201eThe Mister\u201c<br>erschienen am 20. April 2019<br>Goldmann, ISBN: <\/strong> <strong>978-3442490240 <\/strong><\/p>\n\n\n\n<p class=\"has-small-font-size\"><strong>Klappentext:<\/strong><br><em>&#8222;Das Leben meint es gut mit Maxim Trevelyan. Das \u00e4ndert sich, als er den Adelstitel, das Verm\u00f6gen und die Anwesen seiner Familie erbt &#8211; und die damit verbundene Verantwortung, auf die er nicht vorbereitet ist. Seine gr\u00f6\u00dfte Herausforderung stellt aber eine geheimnisvolle, sch\u00f6ne Frau dar. Wer ist diese Alessia Demachi, die erst seit Kurzem in England lebt und nichts besitzt als eine gef\u00e4hrliche Vergangenheit?&#8220; <\/em><\/p>\n\n\n\n<p class=\"has-small-font-size\"><strong>Mein Eindruck:<\/strong><br>Ja, manchmal m\u00fcssen es einfach auch mal solche B\u00fccher sein. B\u00fccher, die man einfach ohne gro\u00dfe Gedanken wegliest. &#8222;Fast Food&#8220; in Buchform.<br>Es hat mich gut unterhalten, aber es wird nie ein Lieblingsbuch werden, dazu ist es mir dann stellenweise doch zu flach. Und ja, &#8222;Fifty Shades of Grey&#8220; hat mir wesentlich besser gefallen. <\/p>\n\n\n\n<p>__<\/p>\n\n\n\n<p class=\"has-small-font-size\"><strong>Anne Jacobs: &#8222;Die Tuchvilla&#8220;<\/strong><br><strong>erschienen am 15. Dezember 2014<\/strong><br><strong> Blanvalet, ISBN: 978-3442381371 <\/strong><br><\/p>\n\n\n\n<p class=\"has-small-font-size\"><strong>Klappentext:<br><\/strong><em>&#8222;Augsburg, 1913. Die junge Marie tritt ihre Anstellung als K\u00fcchenmagd in der imposanten Tuchvilla an, dem Wohnsitz der Industiellenfamilie Melzer. W\u00e4hrend das M\u00e4dchen aus dem Waisenhaus seinen Platz unter den Dienstboten sucht, sehnt die Herrschaft die winterliche Ballsaison herbei, in der Katharina, die h\u00fcbsche, j\u00fcngste Tochter der Melzers, in die Gesellschaft eingef\u00fchrt werden soll. Nur Paul, der Erbe der Familie, h\u00e4lt sich dem Trubel fern &#8211; bis er Marie begegnet &#8230;&#8220;<\/em><br><\/p>\n\n\n\n<p class=\"has-small-font-size\"><strong>Mein Eindruck:<\/strong><br>Das Buch stand nun einige Jahre ungelesen im Regal &#8211; warum kann ich gar nicht sagen. Es ist eine gute, stimmungsvolle Geschichte, die mir gro\u00dfes Vergn\u00fcgen brachte.<br>Aber: So richtig gepackt und ber\u00fchrt haben mich die Charaktere leider nicht. Einige Charaktere empfand ich als anstrengend, andere Charaktere waren mir etwas zu platt, einige Charaktere fand ich dann aber richtig gut. <br>Langeweile kam nicht auf- ich habe das Buch immer wieder gerne in die Hand genommen.<\/p>\n\n\n\n<p>__<\/p>\n\n\n\n<p class=\"has-small-font-size\"><strong>Anne Jacobs: &#8222;Die T\u00f6chter der Tuchvilla&#8220;<\/strong><br><strong>erschienen am 16. November 2015<\/strong><br><strong>Blanvalet, ISBN: 978-3734100321 <\/strong><\/p>\n\n\n\n<p class=\"has-small-font-size\"><strong>Klappentext:<\/strong><br><em>&#8222;Augsburg, 1916. Die Tuchvilla, der Wohnsitz der Industiellenfamilie Melzer, ist in ein Lazarett verwandelt worden. Die T\u00f6chter des Hauses pflegen gemeinsam mit dem Personal die Verwundeten, w\u00e4hrend Marie, Paul Melzers junge Frau, die Leitung der Tuchfabrik \u00fcbernommen hat. Da erreichen sie traurige Nachrichten: Ihr Schwager ist an der Front gefallen, ihr Ehemann in Kriegsgefangenschaft geraten. Marie muss darum k\u00e4mpfen, das Erbe der Familie zu erhalten und die Hoffnung auf ein Wiedersehen mit Paul nicht aufzugeben. Da kommt der elegante Ernst von Klippstein in die Tuchvilla. Und er wirft ein Auge auf Marie &#8230;&#8220;<\/em><\/p>\n\n\n\n<p class=\"has-small-font-size\"><strong>Mein Eindruck:<\/strong><br>F\u00fcr diesen zweiten Teil der &#8222;Tuchvilla- Saga&#8220; habe ich f\u00fcr meine Verh\u00e4ltnisse recht lange gebraucht. Es waren 15 Tage&#8230; <br>Das lag einfach daran, dass mich die Geschichte rund um die Tuchvilla nicht mehr wirklich packen konnte. Die Charaktere waren mit unter so &#8218;lustlos&#8216; und auch nervig&#8230; Die Handlung kam nicht vom Fleck. Ich hatte nicht das Gef\u00fchl, dass ich unbedingt in jeder freien Minute weiterlesen muss. So lag das Buch oft mal einen Abend auf dem Tisch.<br>Da war der erste Teil auf jeden Fall unterhaltsamer.<\/p>\n\n\n\n<p>__<\/p>\n\n\n\n<p class=\"has-small-font-size\"><strong>Melanie Metzenthin: &#8222;Mehr als die Erinnerung&#8220;<\/strong><br><strong>erschienen am 14. Mai 2019<\/strong><br><strong>Tinte &amp; Feder, 978-2919804313 <\/strong><\/p>\n\n\n\n<p class=\"has-small-font-size\"><strong>Klappentext:<\/strong><br><em>&#8222;Gut Mohlenberg, 1920: In der Einrichtung f\u00fcr psychisch kranke Menschen k\u00fcmmert die junge Medizinerin Friederike von Aalen sich liebevoll um die Patienten. Einer von ihnen ist Friederikes Mann Bernhard, der nach einer Hirnverletzung im Krieg besondere Zuwendung braucht. Der schneidige Leutnant von einst erinnert sich an vieles nicht, aber mit seiner Frau verbindet ihn noch immer eine tiefe Liebe.<\/em><br><em>Da geschehen in der Gegend kurz hintereinander zwei grausame Morde. Man ist schnell bei der Hand mit den Verd\u00e4chtigungen: Es muss einer der &#8222;Geisteskranken von Mohlenberg&#8220; gewesen sein! Doch Friederike w\u00fcrde f\u00fcr ihre Patienten die Hand ins Feuer legen und stellt heimlich eigene Nachforschungen an. Was wei\u00df Walter Pietsch, der Mann mit den schlimmen Verbrennungen, den sie vor Kurzem erst eingestellt haben? Und welche Rolle spielt der hochintelligente, aber k\u00fchle Dr Wei\u00df? Zu sp\u00e4t begreift Friederike, dass sie mit ihren Fragen sich selbst und die Menschen in ihrer N\u00e4he in gro\u00dfe Gefahr gebracht hat &#8230;&#8220;<\/em><\/p>\n\n\n\n<p class=\"has-small-font-size\"><strong>Mein Eindruck:<\/strong><br>Von der ersten bis zur letzten Seite einfach nur emotional und packend. Es ist kein Buch, welches man liest und dann wieder vergisst. Nein, dieses Buch arbeitet auch noch Wochen nach dem Lesen in mir. Es bleibt definitiv mehr als die Erinnerung. Zum Schluss musste ich ein paar Tr\u00e4nchen vergie\u00dfen. So emotional und trotzdem wundersch\u00f6n.<br>Dieses Buch sollte man einfach gelesen haben &#8211; ganz ganz gro\u00dfes Kompliment an die Autorin.<\/p>\n\n\n\n<p>__<\/p>\n\n\n\n<div class=\"wp-block-image\"><figure class=\"aligncenter is-resized\"><img loading=\"lazy\" decoding=\"async\" src=\"https:\/\/buechertanz.de\/wp-content\/uploads\/2019\/03\/Blume-5.png\" alt=\"\" class=\"wp-image-367\" width=\"189\" height=\"218\" srcset=\"https:\/\/buechertanz.de\/wp-content\/uploads\/2019\/03\/Blume-5.png 264w, https:\/\/buechertanz.de\/wp-content\/uploads\/2019\/03\/Blume-5-260x300.png 260w\" sizes=\"auto, (max-width: 189px) 100vw, 189px\" \/><\/figure><\/div>\n","protected":false},"excerpt":{"rendered":"<p>Hier seht ihr die B\u00fccher, die ich im Mai 2019 gelesen habe und ihr bekommt einen ersten Eindruck. Die ausf\u00fchrlichen Rezensionen folgen.Falls es schon eine Rezension auf meinem Blog gibt, gelangt ihr mit einem Klick auf den Titel direkt bei der Rezension. __ E.L. James: \u201eThe Mister\u201cerschienen am 20. April 2019Goldmann, ISBN: 978-3442490240 Klappentext:&#8222;Das Leben &hellip; <a href=\"https:\/\/buechertanz.de\/?page_id=657\" class=\"more-link\"><span class=\"screen-reader-text\">Gelesen Mai 2019<\/span> weiterlesen<\/a><\/p>\n","protected":false},"author":2,"featured_media":0,"parent":0,"menu_order":0,"comment_status":"open","ping_status":"closed","template":"","meta":{"footnotes":""},"class_list":["post-657","page","type-page","status-publish","hentry"],"_links":{"self":[{"href":"https:\/\/buechertanz.de\/index.php?rest_route=\/wp\/v2\/pages\/657","targetHints":{"allow":["GET"]}}],"collection":[{"href":"https:\/\/buechertanz.de\/index.php?rest_route=\/wp\/v2\/pages"}],"about":[{"href":"https:\/\/buechertanz.de\/index.php?rest_route=\/wp\/v2\/types\/page"}],"author":[{"embeddable":true,"href":"https:\/\/buechertanz.de\/index.php?rest_route=\/wp\/v2\/users\/2"}],"replies":[{"embeddable":true,"href":"https:\/\/buechertanz.de\/index.php?rest_route=%2Fwp%2Fv2%2Fcomments&post=657"}],"version-history":[{"count":6,"href":"https:\/\/buechertanz.de\/index.php?rest_route=\/wp\/v2\/pages\/657\/revisions"}],"predecessor-version":[{"id":679,"href":"https:\/\/buechertanz.de\/index.php?rest_route=\/wp\/v2\/pages\/657\/revisions\/679"}],"wp:attachment":[{"href":"https:\/\/buechertanz.de\/index.php?rest_route=%2Fwp%2Fv2%2Fmedia&parent=657"}],"curies":[{"name":"wp","href":"https:\/\/api.w.org\/{rel}","templated":true}]}}