{"id":658,"date":"2019-06-20T12:30:29","date_gmt":"2019-06-20T11:30:29","guid":{"rendered":"http:\/\/buechertanz.de\/?page_id=658"},"modified":"2023-01-04T13:45:50","modified_gmt":"2023-01-04T12:45:50","slug":"neuzugaenge-mai-2019","status":"publish","type":"page","link":"https:\/\/buechertanz.de\/?page_id=658","title":{"rendered":"Neuzug\u00e4nge Mai 2019"},"content":{"rendered":"\n<p class=\"has-drop-cap has-small-font-size\">Im Mai 2019 sind 18 neue B\u00fccher eingezogen: Acht B\u00fccher aus \u00f6ffentlichen B\u00fccherschr\u00e4nken, ein Buch vom Flohmarkt und neun weitere B\u00fccher fanden den Weg in mein B\u00fccherregal. <br>Von diesen Neuzug\u00e4ngen musste unbedingt \u201eMehr als die Erinnerung&#8220; von Melanie Metzenthin gleich gelesen werden.<br>Falls es eine Rezension auf meinem Blog gibt, gelangt ihr mit einem Klick auf den Titel direkt bei der Rezension. <\/p>\n\n\n<div class=\"wp-block-image\">\n<figure class=\"aligncenter is-resized\"><img loading=\"lazy\" decoding=\"async\" src=\"https:\/\/buechertanz.de\/wp-content\/uploads\/2019\/06\/Mai-2019-1024x768.jpg\" alt=\"\" class=\"wp-image-685\" width=\"352\" height=\"264\" srcset=\"https:\/\/buechertanz.de\/wp-content\/uploads\/2019\/06\/Mai-2019-1024x768.jpg 1024w, https:\/\/buechertanz.de\/wp-content\/uploads\/2019\/06\/Mai-2019-300x225.jpg 300w, https:\/\/buechertanz.de\/wp-content\/uploads\/2019\/06\/Mai-2019-768x576.jpg 768w\" sizes=\"auto, (max-width: 352px) 100vw, 352px\" \/><\/figure><\/div>\n\n\n<p>_<\/p>\n\n\n\n<p class=\"has-drop-cap has-small-font-size\"><strong>\u00d6ffentliche B\u00fccherschr\u00e4nke:<\/strong><\/p>\n\n\n\n<p><\/p>\n\n\n\n<ul id=\"block-e973a1c9-8792-4556-b2ae-beacfd1fe5a1\" class=\"has-small-font-size wp-block-list\"><li>Eric-Emmanuel Schmitt: <br><em>&#8222;Monsieur Ibrahim und die Blumen des Koran&#8220;<\/em><\/li><li>Nicolas Barreau: <br><em>&#8222;Die Frau meines Lebens&#8220;<\/em><\/li><li>Amos Oz: <br><em>&#8222;Eine Geschichte von Liebe und Finsternis&#8220;<\/em><\/li><li>Valerie Mendes: <br><em>&#8222;Die Schwestern von Larkswood&#8220;<\/em><\/li><li>Quo Vadis: <br><em>&#8222;Der zw\u00f6lfte Tag&#8220;<\/em><\/li><li>Andreas Eschbach: <br><em>&#8222;Eine Billion Doller&#8220;<\/em><\/li><li>Helga Glaesener: <br><em>&#8222;Die Safranh\u00e4ndlerin&#8220;<\/em><\/li><li>A.J. Finn: <br><em>&#8222;The Woman in the Window&#8220;<\/em><\/li><\/ul>\n\n\n\n<p>_<\/p>\n\n\n\n<p class=\"has-drop-cap has-small-font-size\"><strong>Flohmarkt- Fund:<\/strong><\/p>\n\n\n\n<p><\/p>\n\n\n\n<ul class=\"has-small-font-size wp-block-list\"><li>Jutta Ditfurth: <br><em>&#8222;Die Himmelsst\u00fcrmerin&#8220;<\/em><\/li><\/ul>\n\n\n\n<p>_<\/p>\n\n\n\n<p class=\"has-drop-cap has-small-font-size\"><strong>Neue B\u00fccher:<\/strong><\/p>\n\n\n\n<p><\/p>\n\n\n\n<ul class=\"has-small-font-size wp-block-list\"><li>Jeffrey Archer: <br><em>&#8222;Das Spiel der M\u00e4chtigen&#8220;<\/em><\/li><li>Nestor Capoeira: <br><em>&#8222;Capoeira: Kampfkunst aus Brasilien&#8220;<\/em><\/li><li>Melanie Metzenthin: <br><em>&#8222;Mehr als die Erinnerung&#8220;<\/em><\/li><li>Cecelia Ahern: <br><em>&#8222;Das Jahr in dem ich dich traf&#8220;<\/em><\/li><li>Mac P. Lorne: <br><em>&#8222;Der Herr der Bogensch\u00fctzen&#8220;<\/em><\/li><li>Martin Suter: <br><em>&#8222;Montecristo&#8220;<\/em><\/li><li>Helen MacDonald: <br><em>&#8222;H wie Habicht&#8220;<\/em><\/li><li>Michael Peinkofer: <br><em>&#8222;Die Runen der Freiheit&#8220;<\/em><\/li><li>Martha Sophie Marcus: <br><em>&#8222;Lady Annes Geheimnis&#8220;<\/em><\/li><\/ul>\n\n\n\n<p>_<\/p>\n\n\n<div class=\"wp-block-image\">\n<figure class=\"aligncenter is-resized\"><img loading=\"lazy\" decoding=\"async\" src=\"https:\/\/buechertanz.de\/wp-content\/uploads\/2019\/03\/Blume-5.png\" alt=\"\" class=\"wp-image-367\" width=\"238\" height=\"275\" srcset=\"https:\/\/buechertanz.de\/wp-content\/uploads\/2019\/03\/Blume-5.png 264w, https:\/\/buechertanz.de\/wp-content\/uploads\/2019\/03\/Blume-5-260x300.png 260w\" sizes=\"auto, (max-width: 238px) 100vw, 238px\" \/><\/figure><\/div>\n\n\n<p><br><br><\/p>\n","protected":false},"excerpt":{"rendered":"<p>Im Mai 2019 sind 18 neue B\u00fccher eingezogen: Acht B\u00fccher aus \u00f6ffentlichen B\u00fccherschr\u00e4nken, ein Buch vom Flohmarkt und neun weitere B\u00fccher fanden den Weg in mein B\u00fccherregal. Von diesen Neuzug\u00e4ngen musste unbedingt \u201eMehr als die Erinnerung&#8220; von Melanie Metzenthin gleich gelesen werden.Falls es eine Rezension auf meinem Blog gibt, gelangt ihr mit einem Klick auf &hellip; <a href=\"https:\/\/buechertanz.de\/?page_id=658\" class=\"more-link\"><span class=\"screen-reader-text\">Neuzug\u00e4nge Mai 2019<\/span> weiterlesen<\/a><\/p>\n","protected":false},"author":2,"featured_media":0,"parent":0,"menu_order":0,"comment_status":"open","ping_status":"closed","template":"","meta":{"footnotes":""},"class_list":["post-658","page","type-page","status-publish","hentry"],"_links":{"self":[{"href":"https:\/\/buechertanz.de\/index.php?rest_route=\/wp\/v2\/pages\/658","targetHints":{"allow":["GET"]}}],"collection":[{"href":"https:\/\/buechertanz.de\/index.php?rest_route=\/wp\/v2\/pages"}],"about":[{"href":"https:\/\/buechertanz.de\/index.php?rest_route=\/wp\/v2\/types\/page"}],"author":[{"embeddable":true,"href":"https:\/\/buechertanz.de\/index.php?rest_route=\/wp\/v2\/users\/2"}],"replies":[{"embeddable":true,"href":"https:\/\/buechertanz.de\/index.php?rest_route=%2Fwp%2Fv2%2Fcomments&post=658"}],"version-history":[{"count":8,"href":"https:\/\/buechertanz.de\/index.php?rest_route=\/wp\/v2\/pages\/658\/revisions"}],"predecessor-version":[{"id":4234,"href":"https:\/\/buechertanz.de\/index.php?rest_route=\/wp\/v2\/pages\/658\/revisions\/4234"}],"wp:attachment":[{"href":"https:\/\/buechertanz.de\/index.php?rest_route=%2Fwp%2Fv2%2Fmedia&parent=658"}],"curies":[{"name":"wp","href":"https:\/\/api.w.org\/{rel}","templated":true}]}}