{"id":6663,"date":"2023-12-30T19:42:44","date_gmt":"2023-12-30T18:42:44","guid":{"rendered":"https:\/\/buechertanz.de\/?page_id=6663"},"modified":"2023-12-30T21:58:32","modified_gmt":"2023-12-30T20:58:32","slug":"neuzugaenge-dezember-2023","status":"publish","type":"page","link":"https:\/\/buechertanz.de\/?page_id=6663","title":{"rendered":"Neuzug\u00e4nge Dezember 2023"},"content":{"rendered":"\n<p class=\"has-drop-cap has-small-font-size\">Im&nbsp;<strong>Dezember 2023<\/strong>&nbsp;sind insgesamt&nbsp;<strong>10 B\u00fccher&nbsp;<\/strong>hier eingezogen:<br>Drei Rezensionsexemplare und sieben neue B\u00fccher &#8211; zu den ausf\u00fchrlichen Rezensionen gelangt ihr mit einem Klick auf den Titel. <br>Viel Spa\u00df beim St\u00f6bern!<\/p>\n\n\n<div class=\"wp-block-image\">\n<figure class=\"aligncenter size-full is-resized\"><img loading=\"lazy\" decoding=\"async\" width=\"884\" height=\"884\" src=\"https:\/\/buechertanz.de\/wp-content\/uploads\/2023\/12\/12-Dezember_komplett_komp.jpg\" alt=\"\" class=\"wp-image-6691\" style=\"width:380px;height:auto\" srcset=\"https:\/\/buechertanz.de\/wp-content\/uploads\/2023\/12\/12-Dezember_komplett_komp.jpg 884w, https:\/\/buechertanz.de\/wp-content\/uploads\/2023\/12\/12-Dezember_komplett_komp-300x300.jpg 300w, https:\/\/buechertanz.de\/wp-content\/uploads\/2023\/12\/12-Dezember_komplett_komp-150x150.jpg 150w, https:\/\/buechertanz.de\/wp-content\/uploads\/2023\/12\/12-Dezember_komplett_komp-768x768.jpg 768w\" sizes=\"auto, (max-width: 884px) 100vw, 884px\" \/><\/figure><\/div>\n\n\n<p class=\"has-text-align-center\" style=\"font-size:11px\"><em>Meine zehn neuen Seitlinge vom Dezember 2023<\/em><\/p>\n\n\n\n<p>_<\/p>\n\n\n\n<div class=\"wp-block-media-text is-vertically-aligned-center\"><figure class=\"wp-block-media-text__media\"><img loading=\"lazy\" decoding=\"async\" width=\"884\" height=\"884\" src=\"https:\/\/buechertanz.de\/wp-content\/uploads\/2023\/12\/12-Dezember_Reziexemplare_komp.jpg\" alt=\"\" class=\"wp-image-6692 size-full\" srcset=\"https:\/\/buechertanz.de\/wp-content\/uploads\/2023\/12\/12-Dezember_Reziexemplare_komp.jpg 884w, https:\/\/buechertanz.de\/wp-content\/uploads\/2023\/12\/12-Dezember_Reziexemplare_komp-300x300.jpg 300w, https:\/\/buechertanz.de\/wp-content\/uploads\/2023\/12\/12-Dezember_Reziexemplare_komp-150x150.jpg 150w, https:\/\/buechertanz.de\/wp-content\/uploads\/2023\/12\/12-Dezember_Reziexemplare_komp-768x768.jpg 768w\" sizes=\"auto, (max-width: 884px) 100vw, 884px\" \/><\/figure><div class=\"wp-block-media-text__content\">\n<p class=\"has-drop-cap has-small-font-size\"><strong>Rezensionsexemplare: <\/strong><\/p>\n\n\n\n<p><\/p>\n\n\n\n<ul class=\"wp-block-list\">\n<li class=\"has-small-font-size\">Beate Rygiert: <em><a href=\"https:\/\/buechertanz.de\/?p=6503\" target=\"_blank\" rel=\"noreferrer noopener\">&#8222;Das Geheimnis der Mona Lisa&#8220;<\/a><\/em><\/li>\n\n\n\n<li class=\"has-small-font-size\">Hannah Hope: <em><a href=\"https:\/\/buechertanz.de\/?p=6596\" target=\"_blank\" rel=\"noreferrer noopener\">&#8222;Geheimnisse der Brandung &#8211; Die Insel der Pelikane&#8220;<\/a><\/em><\/li>\n\n\n\n<li class=\"has-small-font-size\">Marie Pierre: <em><a href=\"https:\/\/buechertanz.de\/?p=6632\" target=\"_blank\" rel=\"noreferrer noopener\">&#8222;Das Pensionat an der Mosel &#8211; T\u00f6chter des Aufbruchs&#8220;<\/a><\/em><\/li>\n<\/ul>\n<\/div><\/div>\n\n\n\n<p>_<\/p>\n\n\n\n<div class=\"wp-block-media-text has-media-on-the-right is-vertically-aligned-center\"><div class=\"wp-block-media-text__content\">\n<p class=\"has-drop-cap has-small-font-size\"><strong>Neue B\u00fccher: <\/strong><\/p>\n\n\n\n<p><\/p>\n\n\n\n<ul class=\"wp-block-list\">\n<li class=\"has-small-font-size\">Stephanie Butland: <em>&#8222;Hoffnung auf Papier&#8220;<\/em><\/li>\n\n\n\n<li class=\"has-small-font-size\">Ellin Carsta: <em>&#8222;Die Kinder der Hansens &#8211; Zauber des Neuen&#8220;<\/em><\/li>\n\n\n\n<li class=\"has-small-font-size\">Julia Kelly: <em>&#8222;Weil du<\/em> <em>meine Tochter bist&#8220;<\/em><\/li>\n\n\n\n<li class=\"has-small-font-size\">Michaela K\u00fcpper: <em>&#8222;Die Edelweisspiratin&#8220;<\/em><\/li>\n\n\n\n<li class=\"has-small-font-size\">Hans J\u00fcrgen Balmes: <em>&#8222;Der Rhein &#8211; Biographie eines Flusses&#8220;<\/em><\/li>\n\n\n\n<li class=\"has-small-font-size\">Charlotte Roth: &#8222;<em>Rosa &amp; Leo&#8220;<\/em><\/li>\n\n\n\n<li class=\"has-small-font-size\">Sabine Ebert: <em>&#8222;Die zerbrochene Feder&#8220;<\/em><\/li>\n<\/ul>\n<\/div><figure class=\"wp-block-media-text__media\"><img loading=\"lazy\" decoding=\"async\" width=\"884\" height=\"884\" src=\"https:\/\/buechertanz.de\/wp-content\/uploads\/2023\/12\/12-Dezember_Neue-Buecher_komp.jpg\" alt=\"\" class=\"wp-image-6693 size-full\" srcset=\"https:\/\/buechertanz.de\/wp-content\/uploads\/2023\/12\/12-Dezember_Neue-Buecher_komp.jpg 884w, https:\/\/buechertanz.de\/wp-content\/uploads\/2023\/12\/12-Dezember_Neue-Buecher_komp-300x300.jpg 300w, https:\/\/buechertanz.de\/wp-content\/uploads\/2023\/12\/12-Dezember_Neue-Buecher_komp-150x150.jpg 150w, https:\/\/buechertanz.de\/wp-content\/uploads\/2023\/12\/12-Dezember_Neue-Buecher_komp-768x768.jpg 768w\" sizes=\"auto, (max-width: 884px) 100vw, 884px\" \/><\/figure><\/div>\n\n\n\n<p>_<\/p>\n\n\n\n<p class=\"has-small-font-size\">Ich bedanke mich ganz herzlich beim L\u00fcbbe Verlag, bei Tinte &amp; Feder (und bei der \u201eZucker Kommunikation PR-Agentur Berlin\u201c) und beim Heyne Verlag&nbsp; f\u00fcr die Zusendung und Bereitstellung der B\u00fccher als Rezensionsexemplare.<\/p>\n\n\n\n<p class=\"has-small-font-size\">Liebe Gr\u00fc\u00dfe,<\/p>\n\n\n\n<figure class=\"wp-block-image size-large is-resized\"><img loading=\"lazy\" decoding=\"async\" width=\"1024\" height=\"404\" src=\"https:\/\/buechertanz.de\/wp-content\/uploads\/2023\/06\/Unterschrift-1024x404.jpg\" alt=\"\" class=\"wp-image-5276\" style=\"width:201px;height:auto\" srcset=\"https:\/\/buechertanz.de\/wp-content\/uploads\/2023\/06\/Unterschrift-1024x404.jpg 1024w, https:\/\/buechertanz.de\/wp-content\/uploads\/2023\/06\/Unterschrift-300x118.jpg 300w, https:\/\/buechertanz.de\/wp-content\/uploads\/2023\/06\/Unterschrift-768x303.jpg 768w, https:\/\/buechertanz.de\/wp-content\/uploads\/2023\/06\/Unterschrift.jpg 1500w\" sizes=\"auto, (max-width: 1024px) 100vw, 1024px\" \/><\/figure>\n","protected":false},"excerpt":{"rendered":"<p>Im&nbsp;Dezember 2023&nbsp;sind insgesamt&nbsp;10 B\u00fccher&nbsp;hier eingezogen:Drei Rezensionsexemplare und sieben neue B\u00fccher &#8211; zu den ausf\u00fchrlichen Rezensionen gelangt ihr mit einem Klick auf den Titel. Viel Spa\u00df beim St\u00f6bern! Meine zehn neuen Seitlinge vom Dezember 2023 _ _ _ Ich bedanke mich ganz herzlich beim L\u00fcbbe Verlag, bei Tinte &amp; Feder (und bei der \u201eZucker Kommunikation PR-Agentur &hellip; <a href=\"https:\/\/buechertanz.de\/?page_id=6663\" class=\"more-link\"><span class=\"screen-reader-text\">Neuzug\u00e4nge Dezember 2023<\/span> weiterlesen<\/a><\/p>\n","protected":false},"author":2,"featured_media":0,"parent":0,"menu_order":0,"comment_status":"open","ping_status":"closed","template":"","meta":{"footnotes":""},"class_list":["post-6663","page","type-page","status-publish","hentry"],"_links":{"self":[{"href":"https:\/\/buechertanz.de\/index.php?rest_route=\/wp\/v2\/pages\/6663","targetHints":{"allow":["GET"]}}],"collection":[{"href":"https:\/\/buechertanz.de\/index.php?rest_route=\/wp\/v2\/pages"}],"about":[{"href":"https:\/\/buechertanz.de\/index.php?rest_route=\/wp\/v2\/types\/page"}],"author":[{"embeddable":true,"href":"https:\/\/buechertanz.de\/index.php?rest_route=\/wp\/v2\/users\/2"}],"replies":[{"embeddable":true,"href":"https:\/\/buechertanz.de\/index.php?rest_route=%2Fwp%2Fv2%2Fcomments&post=6663"}],"version-history":[{"count":5,"href":"https:\/\/buechertanz.de\/index.php?rest_route=\/wp\/v2\/pages\/6663\/revisions"}],"predecessor-version":[{"id":6696,"href":"https:\/\/buechertanz.de\/index.php?rest_route=\/wp\/v2\/pages\/6663\/revisions\/6696"}],"wp:attachment":[{"href":"https:\/\/buechertanz.de\/index.php?rest_route=%2Fwp%2Fv2%2Fmedia&parent=6663"}],"curies":[{"name":"wp","href":"https:\/\/api.w.org\/{rel}","templated":true}]}}