{"id":6664,"date":"2023-12-30T19:42:44","date_gmt":"2023-12-30T18:42:44","guid":{"rendered":"https:\/\/buechertanz.de\/?page_id=6664"},"modified":"2023-12-30T22:43:34","modified_gmt":"2023-12-30T21:43:34","slug":"gelesen-dezember-2023","status":"publish","type":"page","link":"https:\/\/buechertanz.de\/?page_id=6664","title":{"rendered":"Gelesen Dezember 2023"},"content":{"rendered":"\n<p class=\"has-drop-cap has-small-font-size\">Hier findet ihr die B\u00fccher, die ich im&nbsp;<strong>Dezember 2023&nbsp;<\/strong>gelesen habe \u2013 insgesamt sind es&nbsp;<strong>f\u00fcnf B\u00fccher&nbsp;<\/strong>mit<strong>&nbsp;2.138 Seiten&nbsp;<\/strong>geworden. Es war ein sch\u00f6ner und abwechslungsreicher Lesemonat, allerdings (f\u00fcr meine Verh\u00e4ltnisse) nicht ganz so \u00fcppig. Drei der f\u00fcnf B\u00fccher sind Rezensionsexemplare \u2013 meine ausf\u00fchrlichen Rezensionen findet ihr, wenn ihr auf den entsprechenden Buchtitel klickt.<br>Viel Spa\u00df beim Schm\u00f6kern.<\/p>\n\n\n\n<p>_<\/p>\n\n\n<div class=\"wp-block-image is-style-default\">\n<figure class=\"aligncenter size-full is-resized\"><img loading=\"lazy\" decoding=\"async\" width=\"884\" height=\"884\" src=\"https:\/\/buechertanz.de\/wp-content\/uploads\/2023\/12\/12-Dezember_komp.jpg\" alt=\"\" class=\"wp-image-6688\" style=\"width:363px;height:auto\" srcset=\"https:\/\/buechertanz.de\/wp-content\/uploads\/2023\/12\/12-Dezember_komp.jpg 884w, https:\/\/buechertanz.de\/wp-content\/uploads\/2023\/12\/12-Dezember_komp-300x300.jpg 300w, https:\/\/buechertanz.de\/wp-content\/uploads\/2023\/12\/12-Dezember_komp-150x150.jpg 150w, https:\/\/buechertanz.de\/wp-content\/uploads\/2023\/12\/12-Dezember_komp-768x768.jpg 768w\" sizes=\"auto, (max-width: 884px) 100vw, 884px\" \/><\/figure><\/div>\n\n\n<p class=\"has-text-align-center\" style=\"font-size:11px\"><em>Meine Lesemonat Dezember: F\u00fcnf B\u00fccher mit insgesamt 2.138 Seiten<\/em><\/p>\n\n\n\n<p>_<\/p>\n\n\n\n<div class=\"wp-block-media-text is-vertically-aligned-center\" style=\"grid-template-columns:25% auto\"><figure class=\"wp-block-media-text__media\"><img loading=\"lazy\" decoding=\"async\" width=\"281\" height=\"445\" src=\"https:\/\/buechertanz.de\/wp-content\/uploads\/2023\/12\/74-Die-Henkerstochter.jpg\" alt=\"\" class=\"wp-image-6491 size-full\" srcset=\"https:\/\/buechertanz.de\/wp-content\/uploads\/2023\/12\/74-Die-Henkerstochter.jpg 281w, https:\/\/buechertanz.de\/wp-content\/uploads\/2023\/12\/74-Die-Henkerstochter-189x300.jpg 189w\" sizes=\"auto, (max-width: 281px) 100vw, 281px\" \/><\/figure><div class=\"wp-block-media-text__content\">\n<ul class=\"wp-block-list\">\n<li class=\"has-small-font-size\">Den Anfang machte diesen Monat ein Buch, welches schon seit dem Jahr 2009 auf meinem SuB liegt: <strong><em>&#8222;Die Henkerstochter&#8220;<\/em><\/strong> von Oliver P\u00f6tzsch. <br>Was war das bitte f\u00fcr ein mitrei\u00dfendes, spannendes, mitunter d\u00fcsteres und einfach geniales Lesevergn\u00fcgen?! <br>512 Seiten in vier Tagen. Ab der ersten Seite wollte ich das Buch nur noch ungern aus den H\u00e4nden legen, war sofort in der Handlung gefangen und von den vielf\u00e4ltigen Charakteren begeistert. Ja&#8230; mitunter brachten mich einige Szenen an meine pers\u00f6nliche Grenzen und trotzdem wollte ich immer weiter lesen.<br>Absolut lesenswert und ich freue mich schon auf die weiteren B\u00e4nde der Reihe. <\/li>\n<\/ul>\n<\/div><\/div>\n\n\n\n<p>_<\/p>\n\n\n\n<div class=\"wp-block-media-text has-media-on-the-right is-vertically-aligned-center\" style=\"grid-template-columns:auto 25%\"><div class=\"wp-block-media-text__content\">\n<ul class=\"wp-block-list\">\n<li class=\"has-small-font-size\">Weiter ging es mit dem Buch <a href=\"https:\/\/buechertanz.de\/?p=6503\" target=\"_blank\" rel=\"noreferrer noopener\"><strong><em>&#8222;Das Geheimnis der Mona Lisa&#8220; <\/em><\/strong>von Beate Rygiert<\/a>. Ab der ersten Seite wusste ich, dass ich mir mit dieser Geschichte Zeit lassen und geben muss. Ich wollte einfach ganz ganz lange in dieser wundersch\u00f6nen und atmosph\u00e4rischen Geschichte bleiben. Ich bin einfach nur gl\u00fccklich und dankbar, dass ich dieses Buch lesen durfte, mich die Geschichte einige Tage begleitet hat und ich so viel Neues erfahren und gelernt habe.<br>Ja&#8230; Es ist ein Roman, der eine &#8222;So k\u00f6nnte es gewesen sein&#8220; &#8211; Geschichte erz\u00e4hlt. Und nach der letzten Seite lege ich das Buch mit einem L\u00e4cheln zur Seite und denke: &#8222;Ja&#8230; so k\u00f6nnte es tats\u00e4chlich gewesen sein..!&#8220;<br>Noch immer denke ich gerne an die Geschichte und an all die liebgewonnen Charaktere zur\u00fcck. <\/li>\n<\/ul>\n<\/div><figure class=\"wp-block-media-text__media\"><img loading=\"lazy\" decoding=\"async\" width=\"281\" height=\"445\" src=\"https:\/\/buechertanz.de\/wp-content\/uploads\/2023\/12\/75-Das-Geheimnis-der-Mona-Lisa.jpg\" alt=\"\" class=\"wp-image-6494 size-full\" srcset=\"https:\/\/buechertanz.de\/wp-content\/uploads\/2023\/12\/75-Das-Geheimnis-der-Mona-Lisa.jpg 281w, https:\/\/buechertanz.de\/wp-content\/uploads\/2023\/12\/75-Das-Geheimnis-der-Mona-Lisa-189x300.jpg 189w\" sizes=\"auto, (max-width: 281px) 100vw, 281px\" \/><\/figure><\/div>\n\n\n\n<p>_<\/p>\n\n\n\n<div class=\"wp-block-media-text is-vertically-aligned-center\" style=\"grid-template-columns:25% auto\"><figure class=\"wp-block-media-text__media\"><img loading=\"lazy\" decoding=\"async\" width=\"316\" height=\"466\" src=\"https:\/\/buechertanz.de\/wp-content\/uploads\/2023\/12\/76-Die-Falkenbach-Saga-Das-Band-der-Brueder.jpg\" alt=\"\" class=\"wp-image-6543 size-full\" srcset=\"https:\/\/buechertanz.de\/wp-content\/uploads\/2023\/12\/76-Die-Falkenbach-Saga-Das-Band-der-Brueder.jpg 316w, https:\/\/buechertanz.de\/wp-content\/uploads\/2023\/12\/76-Die-Falkenbach-Saga-Das-Band-der-Brueder-203x300.jpg 203w\" sizes=\"auto, (max-width: 316px) 100vw, 316px\" \/><\/figure><div class=\"wp-block-media-text__content\">\n<ul class=\"wp-block-list\">\n<li class=\"has-small-font-size\">Im Anschluss folgte der achte Band von einer meiner absoluten Lieblingsbuchreihen: <strong><em>&#8222;Die Falkenbach-Saga &#8211; Das Band der Br\u00fcder&#8220; <\/em><\/strong>von Ellin Carsta. <br>Ich bin einfach wieder so begeistert, wie Ellin Carsta die Spannung und das Niveau einer so umfangreichen Buchreihe konstant h\u00e4lt. Dabei entdeckt man an den vielen und vielseitigen Figuren immer wieder neue Seiten und Nuancen.<br>Nun freue ich freue mich schon so so sehr auf den 19. M\u00e4rz 2024 &#8211; an diesem Tag erscheint der neunte Band: <em>&#8222;Die Falkenbach-Saga &#8211; Der Aufbruch der Geschwister&#8220;.<\/em><\/li>\n<\/ul>\n<\/div><\/div>\n\n\n\n<p>_<\/p>\n\n\n\n<div class=\"wp-block-media-text has-media-on-the-right is-vertically-aligned-center\" style=\"grid-template-columns:auto 25%\"><div class=\"wp-block-media-text__content\">\n<ul class=\"wp-block-list\">\n<li class=\"has-small-font-size\">Als ich das Buch <strong><em><a href=\"https:\/\/buechertanz.de\/?p=6596\" target=\"_blank\" rel=\"noreferrer noopener\">&#8222;Geheimnisse der Brandung &#8211; Die Insel der Pelikane&#8220;<\/a><\/em><\/strong> von Hannah Hope begonnen habe, stellte ich mich irgendwie auf eine sch\u00f6ne Feel-Good-Story ein. Ich bekam jedoch etwas ganz anderes: Eine so packende und auf vielen Ebenen hochemotionale Geschichte, die mich stellenweise schwer schlucken lie\u00df&#8230; ja&#8230; mir auch die Tr\u00e4nen in die Augen trieb. Ab der ersten Seite baut sich eine ergreifende Atmosph\u00e4re und auch eine anhaltende Spannung auf, welche mich bis zur letzten Seite nicht mehr losgelassen hat. Eine ganz ganz gro\u00dfe Geschichte, welche ich mit Sicherheit nicht mehr so schnell vergessen werde. Top! <br>Am 18. Juni 2024 erscheint der zweite Band mit dem Titel <em>&#8222;Der Ruf der Pelikane&#8220;.<\/em> <\/li>\n<\/ul>\n<\/div><figure class=\"wp-block-media-text__media\"><img loading=\"lazy\" decoding=\"async\" width=\"302\" height=\"445\" src=\"https:\/\/buechertanz.de\/wp-content\/uploads\/2023\/12\/77-Die-Insel-der-Pelikane.jpg\" alt=\"\" class=\"wp-image-6554 size-full\" srcset=\"https:\/\/buechertanz.de\/wp-content\/uploads\/2023\/12\/77-Die-Insel-der-Pelikane.jpg 302w, https:\/\/buechertanz.de\/wp-content\/uploads\/2023\/12\/77-Die-Insel-der-Pelikane-204x300.jpg 204w\" sizes=\"auto, (max-width: 302px) 100vw, 302px\" \/><\/figure><\/div>\n\n\n\n<p>_<\/p>\n\n\n\n<div class=\"wp-block-media-text is-vertically-aligned-center\" style=\"grid-template-columns:25% auto\"><figure class=\"wp-block-media-text__media\"><img loading=\"lazy\" decoding=\"async\" width=\"350\" height=\"530\" src=\"https:\/\/buechertanz.de\/wp-content\/uploads\/2023\/12\/9783453428553_Cover.jpg\" alt=\"\" class=\"wp-image-6650 size-full\" srcset=\"https:\/\/buechertanz.de\/wp-content\/uploads\/2023\/12\/9783453428553_Cover.jpg 350w, https:\/\/buechertanz.de\/wp-content\/uploads\/2023\/12\/9783453428553_Cover-198x300.jpg 198w\" sizes=\"auto, (max-width: 350px) 100vw, 350px\" \/><\/figure><div class=\"wp-block-media-text__content\">\n<ul class=\"wp-block-list\">\n<li class=\"has-small-font-size\">Das Buch&nbsp;<em><strong><a href=\"https:\/\/buechertanz.de\/?p=6632\" target=\"_blank\" rel=\"noreferrer noopener\">\u201eDas Pensionat an der Mosel \u2013 T\u00f6chter des Aufbruchs\u201c<\/a><\/strong><\/em>&nbsp;von Marie Pierre bildete den Abschluss des Lesemonats Dezember und des Jahres 2023.<br>Ein absolut gelungener Roman: Die Spannung, die tiefe und dichte Atmosph\u00e4re, die absolut gelungenen und vielf\u00e4ltigen Charaktere und der wunderbar dargestellten geschichtlichen und gesellschaftlichen Hintergr\u00fcnde. Einfach rundum gelungen und ganz ganz gro\u00dfes Kino \u2013 ich habe so viel Neues gelernt und erfahren. Ein absolut lesenswerter und vielversprechender Auftakt zu einer Trilogie, den ich euch sehr ans Herz lege.<\/li>\n<\/ul>\n<\/div><\/div>\n\n\n\n<p>_<\/p>\n\n\n\n<p class=\"has-small-font-size\">Herzlichen Dank an den L\u00fcbbe Verlag, an Tinte &amp; Feder (und an die \u201eZucker Kommunikation PR-Agentur Berlin\u201c) und an den Heyne Verlag f\u00fcr die Zusendung und Bereitstellung der B\u00fccher als Rezensionsexemplare.<br>Keines der B\u00fccher hat mich entt\u00e4uscht und ich hatte einen ganz wunderbaren Lesemonat. Wieder einmal haben mich eure Geschichte nicht nur unterhalten, sondern auch in einer schwierigen Lebenssituation geholfen und Halt gegeben. Danke daf\u00fcr!<\/p>\n\n\n\n<p class=\"has-small-font-size\">Liebe Gr\u00fc\u00dfe, eure<\/p>\n\n\n\n<figure class=\"wp-block-image size-large is-resized\"><img loading=\"lazy\" decoding=\"async\" width=\"1024\" height=\"404\" src=\"https:\/\/buechertanz.de\/wp-content\/uploads\/2023\/06\/Unterschrift-1024x404.jpg\" alt=\"\" class=\"wp-image-5276\" style=\"width:174px;height:auto\" srcset=\"https:\/\/buechertanz.de\/wp-content\/uploads\/2023\/06\/Unterschrift-1024x404.jpg 1024w, https:\/\/buechertanz.de\/wp-content\/uploads\/2023\/06\/Unterschrift-300x118.jpg 300w, https:\/\/buechertanz.de\/wp-content\/uploads\/2023\/06\/Unterschrift-768x303.jpg 768w, https:\/\/buechertanz.de\/wp-content\/uploads\/2023\/06\/Unterschrift.jpg 1500w\" sizes=\"auto, (max-width: 1024px) 100vw, 1024px\" \/><\/figure>\n","protected":false},"excerpt":{"rendered":"<p>Hier findet ihr die B\u00fccher, die ich im&nbsp;Dezember 2023&nbsp;gelesen habe \u2013 insgesamt sind es&nbsp;f\u00fcnf B\u00fccher&nbsp;mit&nbsp;2.138 Seiten&nbsp;geworden. Es war ein sch\u00f6ner und abwechslungsreicher Lesemonat, allerdings (f\u00fcr meine Verh\u00e4ltnisse) nicht ganz so \u00fcppig. Drei der f\u00fcnf B\u00fccher sind Rezensionsexemplare \u2013 meine ausf\u00fchrlichen Rezensionen findet ihr, wenn ihr auf den entsprechenden Buchtitel klickt.Viel Spa\u00df beim Schm\u00f6kern. _ Meine &hellip; <a href=\"https:\/\/buechertanz.de\/?page_id=6664\" class=\"more-link\"><span class=\"screen-reader-text\">Gelesen Dezember 2023<\/span> weiterlesen<\/a><\/p>\n","protected":false},"author":2,"featured_media":0,"parent":0,"menu_order":0,"comment_status":"open","ping_status":"closed","template":"","meta":{"footnotes":""},"class_list":["post-6664","page","type-page","status-publish","hentry"],"_links":{"self":[{"href":"https:\/\/buechertanz.de\/index.php?rest_route=\/wp\/v2\/pages\/6664","targetHints":{"allow":["GET"]}}],"collection":[{"href":"https:\/\/buechertanz.de\/index.php?rest_route=\/wp\/v2\/pages"}],"about":[{"href":"https:\/\/buechertanz.de\/index.php?rest_route=\/wp\/v2\/types\/page"}],"author":[{"embeddable":true,"href":"https:\/\/buechertanz.de\/index.php?rest_route=\/wp\/v2\/users\/2"}],"replies":[{"embeddable":true,"href":"https:\/\/buechertanz.de\/index.php?rest_route=%2Fwp%2Fv2%2Fcomments&post=6664"}],"version-history":[{"count":5,"href":"https:\/\/buechertanz.de\/index.php?rest_route=\/wp\/v2\/pages\/6664\/revisions"}],"predecessor-version":[{"id":6706,"href":"https:\/\/buechertanz.de\/index.php?rest_route=\/wp\/v2\/pages\/6664\/revisions\/6706"}],"wp:attachment":[{"href":"https:\/\/buechertanz.de\/index.php?rest_route=%2Fwp%2Fv2%2Fmedia&parent=6664"}],"curies":[{"name":"wp","href":"https:\/\/api.w.org\/{rel}","templated":true}]}}