{"id":6735,"date":"2024-01-01T17:41:23","date_gmt":"2024-01-01T16:41:23","guid":{"rendered":"https:\/\/buechertanz.de\/?page_id=6735"},"modified":"2025-07-30T09:43:23","modified_gmt":"2025-07-30T08:43:23","slug":"gelesen-2024","status":"publish","type":"page","link":"https:\/\/buechertanz.de\/?page_id=6735","title":{"rendered":"Gelesen 2024"},"content":{"rendered":"\n<p class=\"has-drop-cap has-small-font-size\">Im Jahr 2024 habe ich<strong>\u00a078 B\u00fccher<\/strong>\u00a0mit insgesamt\u00a0<strong>34.400 Seiten<\/strong>\u00a0gelesen \u2013 genau so viele B\u00fccher wie im Jahr 2023, allerdings weniger Seiten. Es war ein sehr intensives und sch\u00f6nes Lesejahr, hier ist mein kleiner und pers\u00f6nlicher R\u00fcckblick (und Ausblick auf das Jahr 2025):<\/p>\n\n\n<div class=\"wp-block-image\">\n<figure class=\"aligncenter size-full is-resized\"><img loading=\"lazy\" decoding=\"async\" width=\"758\" height=\"758\" src=\"https:\/\/buechertanz.de\/wp-content\/uploads\/2024\/12\/Lesejahr-2024-komplett_01_komp.jpg\" alt=\"\" class=\"wp-image-8310\" style=\"width:316px;height:auto\" srcset=\"https:\/\/buechertanz.de\/wp-content\/uploads\/2024\/12\/Lesejahr-2024-komplett_01_komp.jpg 758w, https:\/\/buechertanz.de\/wp-content\/uploads\/2024\/12\/Lesejahr-2024-komplett_01_komp-300x300.jpg 300w, https:\/\/buechertanz.de\/wp-content\/uploads\/2024\/12\/Lesejahr-2024-komplett_01_komp-150x150.jpg 150w\" sizes=\"auto, (max-width: 758px) 100vw, 758px\" \/><\/figure><\/div>\n\n\n<p class=\"has-text-align-center\" style=\"font-size:11px\"><em>Mein Lesejahr 2024<\/em><\/p>\n\n\n\n<p class=\"has-small-font-size\">Von den insgesamt 78 B\u00fccher waren es 37 Rezensionsexemplare\/ Geschenke, die anderen B\u00fccher wurden selbst gekauft. <br>Gepr\u00e4gt wurde mein Lesejahr vor allem durch die Buchreihe <strong><em>&#8222;Die Henkerstochter&#8220;<\/em><\/strong> von Oliver P\u00f6tzsch. Da im September 2024 der zehnte Band der Reihe erschien, wollte ich bis dahin die vorherigen B\u00e4nde gelesen haben &#8211; und habe es fast geschafft. Im November habe ich dann schweren Herzens und mit Tr\u00e4nen in den Augen den neuen Band nach der letzten Seite zugeklappt. <br>Aber auch viele andere Buchreihen habe ich weitergelesen: Zum Beispiel <strong><em><a href=\"https:\/\/buechertanz.de\/?p=1330\" target=\"_blank\" rel=\"noreferrer noopener\">&#8222;Fr\u00e4ulein Gold&#8220;<\/a><\/em><\/strong> von Anne Stern, <strong><em><a href=\"https:\/\/buechertanz.de\/?p=2828\" target=\"_blank\" rel=\"noreferrer noopener\">&#8222;Leo Wechsler&#8220;<\/a> <\/em><\/strong>von Susanne Goga, <strong><em>&#8222;Sturmjahre&#8220; <\/em><\/strong>von Lia Scott, <strong><em>&#8222;Die Falkenbach-Saga&#8220; <\/em><\/strong>&amp; <strong><em>&#8222;Die Kinder der Hansens&#8220; <\/em><\/strong>von Ellin Carsta. <br>Begonnen und beendet habe ich zum Beispiel die Buchreihen <strong><em><a href=\"https:\/\/buechertanz.de\/?p=7020\" target=\"_blank\" rel=\"noreferrer noopener\">&#8222;Eine grenzenlose Welt&#8220;<\/a><\/em><\/strong> von Sonja Roos und <strong><em>&#8222;Fr\u00e4ulein Liebe&#8220; <\/em><\/strong>von Susanne Esser. <br>Neue &#8211; und noch nicht vollendete Reihen sind <strong><em>&#8222;Die Cossin-Saga&#8220; <\/em><\/strong>von Kristina Herzog (im Februar 2025 wird der dritte und wahrscheinlich letzte Band erscheinen) und <strong><em><a href=\"https:\/\/buechertanz.de\/?p=6632\" target=\"_blank\" rel=\"noreferrer noopener\">&#8222;Das Pensionat an der Mosel&#8220;<\/a> <\/em><\/strong>von Marie Pierre. <br>Von einigen Buchreihen stehen noch weitere Teile bisher ungelesen im Regal, zum Beispiel <strong><em>&#8222;Das Haus K\u00f6lln&#8220;<\/em><\/strong> von Elke Becker &#8211; ein Zustand, den ich 2025 unbedingt \u00e4ndern m\u00f6chte. \ud83d\ude42 <br>Schweren Herzens musste ich aber auch Buchreihen beenden, da alle Teile erschienen und gelesen sind, zum Beispiel <strong><em><a href=\"https:\/\/buechertanz.de\/?p=5191\" target=\"_blank\" rel=\"noreferrer noopener\">&#8222;Die Eifelfrauen&#8220; <\/a><\/em><\/strong>von Brigitte Riebe, <strong><em><a href=\"https:\/\/buechertanz.de\/?p=3542\" target=\"_blank\" rel=\"noreferrer noopener\">&#8222;Die Schwestern vom See&#8220; <\/a><\/em><\/strong>von Lilli Beck und <strong><em><a href=\"https:\/\/buechertanz.de\/?p=3653\" target=\"_blank\" rel=\"noreferrer noopener\">&#8222;Die K\u00f6chin&#8220;<\/a> <\/em><\/strong>von Petra Durst-Benning. <br>Auch das ein oder andere Einzelbuch, welches hier schon l\u00e4nger im Regal gestanden ist, habe ich gelesen, zum Beispiel<strong><em> &#8222;Die Waffen des Lichts&#8220; <\/em><\/strong>von Ken Follett, <strong><em>&#8222;Das Leben, das uns bleibt &#8211; Die Goldschmiedin&#8220;<\/em><\/strong> von Tanja Steinlechner. <br>Viele liebgewonnene Autoren und Autorinnen haben mich mit ihren B\u00fcchern begeistert und unterhalten: Barbara Leciejewski, Tessa Duncan (auch bekannt als Marie Lacrosse), Lia Scott, Susanne Esser, Silvia Hildebrandt, Anne Stern, Silke Elzner, Bettina Pecha, Ellin Carsta, Michael Paul, Brigitte Riebe, Bettina Seidl, Petra Durst-Benning, Marie Pierre, Martha Sophie Marcus, Juliana Weinberg (Theresa Herold), Dorothe Z\u00fcrcher, Hanna Caspian, Julia Kr\u00f6hn, Elena Eden und Lisa Graf. <br>Einige f\u00fcr mich noch unbekannte Autoren und Autorinnen habe ich dieses Jahr f\u00fcr mich entdeckt, zum Beispiel Linda Graze, Sandya Hasswani, Tessa Hennig, Julia Heinecke, Elke Becker, Sarah Kurz, Leonie Wittkamp, Susanne Esser, Sonja Roos, Anna Claire (Anja Saskia Beyer), Ann-Kathrin Wasle, Johanna von Wild, Clara Langenbach, Rosina Gr\u00fcn und Michelle Marly.<br>Mit meinem Vorsatz, mehr Sachb\u00fccher zu lesen, wurde es nicht wirklich etwas, ich habe mit <em><strong>&#8222;K\u00e4mpfen. Leiden. Lieben.&#8220;<\/strong> <\/em>von Thomas Binder<em> <\/em>ein einziges Sachbuch gelesen. Immerhin.<br>Viele sch\u00f6ne Begegnungen hatte ich im Jahr 2024 auf der Buchmesse in Hinterzarten: Michael Paul, Linda Graze, Julia Heinecke und Sandya Hasswani. Wenig sp\u00e4ter war dann die erste Buchmesse in Freiburg: Hier habe ich Harald Gritzner getroffen.<\/p>\n\n\n\n<p class=\"has-small-font-size\">Nun geht ein fr\u00f6hliches und buntes Lesejahr zu Ende und es ist Zeit den vielen Autorinnen und Autoren wieder einmal f\u00fcr ihre wundervollen Geschichten zu danken. Eure Geschichten haben mich aufgefangen und gleichzeitig das Fliegen gelehrt, danke daf\u00fcr. Und auch daf\u00fcr, dass ich von euch und\/ oder von euren Verlagen mit Rezensionsexemplaren bedacht wurde.<br>Noch ein kleiner Ausblick auf das Jahr 2025: Wahrscheinlich werde ich weniger lesen &#8211; und mehr schreiben. Denn Ende 2025 soll mein erstes eigenes Buch auf den Markt kommen. <\/p>\n\n\n\n<p class=\"has-small-font-size\">Habt alle eine sch\u00f6ne Zeit und passt auf euch auf, eure<\/p>\n\n\n\n<figure class=\"wp-block-image size-large is-resized\"><img loading=\"lazy\" decoding=\"async\" width=\"1024\" height=\"404\" src=\"https:\/\/buechertanz.de\/wp-content\/uploads\/2024\/06\/Unterschrift-1024x404.jpg\" alt=\"\" class=\"wp-image-7473\" style=\"width:176px;height:auto\" srcset=\"https:\/\/buechertanz.de\/wp-content\/uploads\/2024\/06\/Unterschrift-1024x404.jpg 1024w, https:\/\/buechertanz.de\/wp-content\/uploads\/2024\/06\/Unterschrift-300x118.jpg 300w, https:\/\/buechertanz.de\/wp-content\/uploads\/2024\/06\/Unterschrift-768x303.jpg 768w, https:\/\/buechertanz.de\/wp-content\/uploads\/2024\/06\/Unterschrift.jpg 1500w\" sizes=\"auto, (max-width: 1024px) 100vw, 1024px\" \/><\/figure>\n\n\n\n<p class=\"has-small-font-size\"><\/p>\n\n\n\n<p class=\"has-text-align-left has-small-font-size\">Hier findet ihr die Links zu meinen ausf\u00fchrlichen Lesemonaten 2024: <\/p>\n\n\n\n<ul class=\"wp-block-list\">\n<li class=\"has-small-font-size\"><a href=\"https:\/\/buechertanz.de\/?page_id=8280\" target=\"_blank\" rel=\"noreferrer noopener\">Gelesen Dezember 2024<\/a><\/li>\n\n\n\n<li class=\"has-small-font-size\"><a href=\"https:\/\/buechertanz.de\/?page_id=8177\" target=\"_blank\" rel=\"noreferrer noopener\">Gelesen November 2024<\/a><\/li>\n\n\n\n<li class=\"has-small-font-size\"><a href=\"https:\/\/buechertanz.de\/?page_id=8090\" target=\"_blank\" rel=\"noreferrer noopener\">Gelesen Oktober 2024<\/a><\/li>\n\n\n\n<li class=\"has-small-font-size\"><a href=\"https:\/\/buechertanz.de\/?page_id=7985\" target=\"_blank\" rel=\"noreferrer noopener\">Gelesen September 2024<\/a><\/li>\n\n\n\n<li class=\"has-small-font-size\"><a href=\"https:\/\/buechertanz.de\/?page_id=7791\" target=\"_blank\" rel=\"noreferrer noopener\">Gelesen August 2024<\/a><\/li>\n\n\n\n<li class=\"has-small-font-size\"><a href=\"https:\/\/buechertanz.de\/?page_id=7573\" target=\"_blank\" rel=\"noreferrer noopener\">Gelesen Juli 2024<\/a><\/li>\n\n\n\n<li class=\"has-small-font-size\"><a href=\"https:\/\/buechertanz.de\/?page_id=7456\" target=\"_blank\" rel=\"noreferrer noopener\">Gelesen Juni 2024<\/a><\/li>\n\n\n\n<li class=\"has-small-font-size\"><a href=\"https:\/\/buechertanz.de\/?page_id=7309\" target=\"_blank\" rel=\"noreferrer noopener\">Gelesen Mai 2024<\/a><\/li>\n\n\n\n<li class=\"has-small-font-size\"><a href=\"https:\/\/buechertanz.de\/?page_id=7198\" target=\"_blank\" rel=\"noreferrer noopener\">Gelesen April 2024<\/a><\/li>\n\n\n\n<li class=\"has-small-font-size\"><a href=\"https:\/\/buechertanz.de\/?page_id=7077\" target=\"_blank\" rel=\"noreferrer noopener\">Gelesen M\u00e4rz 2024<\/a><\/li>\n\n\n\n<li class=\"has-small-font-size\"><a href=\"https:\/\/buechertanz.de\/?page_id=6953\" target=\"_blank\" rel=\"noreferrer noopener\">Gelesen Februar 2024<\/a><\/li>\n\n\n\n<li class=\"has-small-font-size\"><a href=\"https:\/\/buechertanz.de\/?page_id=6832\" target=\"_blank\" rel=\"noreferrer noopener\">Gelesen Januar 2024<\/a><\/li>\n<\/ul>\n\n\n<div class=\"wp-block-image is-style-rounded\">\n<figure class=\"aligncenter size-full is-resized\"><img loading=\"lazy\" decoding=\"async\" width=\"264\" height=\"305\" src=\"https:\/\/buechertanz.de\/wp-content\/uploads\/2023\/06\/Blume.png\" alt=\"\" class=\"wp-image-5274\" style=\"width:149px;height:auto\" srcset=\"https:\/\/buechertanz.de\/wp-content\/uploads\/2023\/06\/Blume.png 264w, https:\/\/buechertanz.de\/wp-content\/uploads\/2023\/06\/Blume-260x300.png 260w\" sizes=\"auto, (max-width: 264px) 100vw, 264px\" \/><\/figure><\/div>","protected":false},"excerpt":{"rendered":"<p>Im Jahr 2024 habe ich\u00a078 B\u00fccher\u00a0mit insgesamt\u00a034.400 Seiten\u00a0gelesen \u2013 genau so viele B\u00fccher wie im Jahr 2023, allerdings weniger Seiten. Es war ein sehr intensives und sch\u00f6nes Lesejahr, hier ist mein kleiner und pers\u00f6nlicher R\u00fcckblick (und Ausblick auf das Jahr 2025): Mein Lesejahr 2024 Von den insgesamt 78 B\u00fccher waren es 37 Rezensionsexemplare\/ Geschenke, die &hellip; <a href=\"https:\/\/buechertanz.de\/?page_id=6735\" class=\"more-link\"><span class=\"screen-reader-text\">Gelesen 2024<\/span> weiterlesen<\/a><\/p>\n","protected":false},"author":2,"featured_media":0,"parent":0,"menu_order":0,"comment_status":"open","ping_status":"closed","template":"","meta":{"footnotes":""},"class_list":["post-6735","page","type-page","status-publish","hentry"],"_links":{"self":[{"href":"https:\/\/buechertanz.de\/index.php?rest_route=\/wp\/v2\/pages\/6735","targetHints":{"allow":["GET"]}}],"collection":[{"href":"https:\/\/buechertanz.de\/index.php?rest_route=\/wp\/v2\/pages"}],"about":[{"href":"https:\/\/buechertanz.de\/index.php?rest_route=\/wp\/v2\/types\/page"}],"author":[{"embeddable":true,"href":"https:\/\/buechertanz.de\/index.php?rest_route=\/wp\/v2\/users\/2"}],"replies":[{"embeddable":true,"href":"https:\/\/buechertanz.de\/index.php?rest_route=%2Fwp%2Fv2%2Fcomments&post=6735"}],"version-history":[{"count":16,"href":"https:\/\/buechertanz.de\/index.php?rest_route=\/wp\/v2\/pages\/6735\/revisions"}],"predecessor-version":[{"id":9184,"href":"https:\/\/buechertanz.de\/index.php?rest_route=\/wp\/v2\/pages\/6735\/revisions\/9184"}],"wp:attachment":[{"href":"https:\/\/buechertanz.de\/index.php?rest_route=%2Fwp%2Fv2%2Fmedia&parent=6735"}],"curies":[{"name":"wp","href":"https:\/\/api.w.org\/{rel}","templated":true}]}}