{"id":6805,"date":"2024-02-01T05:00:00","date_gmt":"2024-02-01T04:00:00","guid":{"rendered":"https:\/\/buechertanz.de\/?page_id=6805"},"modified":"2024-01-31T23:01:32","modified_gmt":"2024-01-31T22:01:32","slug":"susanne-esser-susanne-kriesmer","status":"publish","type":"page","link":"https:\/\/buechertanz.de\/?page_id=6805","title":{"rendered":"Susanne Esser\/ Susanne Kriesmer"},"content":{"rendered":"\n<ul class=\"wp-block-list\">\n<li><strong>Zur Autorin: Biografie, Kontakt und Bibliografie:<\/strong><\/li>\n<\/ul>\n\n\n\n<div class=\"wp-block-media-text\" style=\"grid-template-columns:36% auto\"><figure class=\"wp-block-media-text__media\"><img loading=\"lazy\" decoding=\"async\" width=\"681\" height=\"1024\" src=\"https:\/\/buechertanz.de\/wp-content\/uploads\/2024\/01\/Susanne-Esser_03-681x1024.jpg\" alt=\"\" class=\"wp-image-6814 size-full\" srcset=\"https:\/\/buechertanz.de\/wp-content\/uploads\/2024\/01\/Susanne-Esser_03-681x1024.jpg 681w, https:\/\/buechertanz.de\/wp-content\/uploads\/2024\/01\/Susanne-Esser_03-200x300.jpg 200w, https:\/\/buechertanz.de\/wp-content\/uploads\/2024\/01\/Susanne-Esser_03.jpg 720w\" sizes=\"auto, (max-width: 681px) 100vw, 681px\" \/><\/figure><div class=\"wp-block-media-text__content\">\n<p class=\"has-purple-color has-text-color has-link-color has-small-font-size wp-elements-84dba2cc5555593da8771d6bd6e1dd61\"><strong>Biografie:<\/strong><\/p>\n\n\n\n<p class=\"has-small-font-size\">Susanne Esser wurde im Jahr 1979 in Andernach am Rhein geboren und wuchs auf einem Bauernhof in der Vulkaneifel  auf. Schon fr\u00fch entdeckte sie ihre Liebe zum Lesen &#8211; und in ihr reifte der Wunsch, einmal selbst Autorin zu werden. <br>Nach dem Abitur und einem freiwilligen \u00d6kologischen Jahr auf einem Biobauernhof, begann Susanne Esser eine Ausbildung zur Buchh\u00e4ndlerin.<br>Seit dem Jahr 2018 hat Susanne Esser vier Romane geschrieben und ver\u00f6ffentlicht &#8211; weitere sind in Arbeit.<br>In ihrer Freizeit n\u00e4ht Susanne Esser gerne Kleidung. <\/p>\n<\/div><\/div>\n\n\n\n<p class=\"has-purple-color has-text-color has-link-color has-small-font-size wp-elements-93bb40d67cbd808dff18d86f13544c2c\"><strong>Homepage\/ Kontakt:<\/strong><\/p>\n\n\n\n<ul class=\"wp-block-list\">\n<li class=\"has-small-font-size\"><a href=\"https:\/\/susanne-kriesmer.de\" target=\"_blank\" rel=\"noreferrer noopener\">https:\/\/susanne-kriesmer.de<\/a><\/li>\n\n\n\n<li class=\"has-small-font-size\"><a href=\"https:\/\/www.droemer-knaur.de\/autor\/susanne-esser-3011104\" target=\"_blank\" rel=\"noreferrer noopener\">https:\/\/www.droemer-knaur.de\/autor\/susanne-esser-3011104<\/a><\/li>\n\n\n\n<li class=\"has-small-font-size\"><a href=\"https:\/\/www.luebbe.de\/bastei-luebbe\/autoren\/susanne-kriesmer\/id_8802414\" target=\"_blank\" rel=\"noreferrer noopener\">https:\/\/www.luebbe.de\/bastei-luebbe\/autoren\/susanne-kriesmer\/id_8802414<\/a><\/li>\n\n\n\n<li class=\"has-small-font-size\"><a href=\"https:\/\/www.digital-publishers.com\/de\/autoren\/susanna-kess\" target=\"_blank\" rel=\"noreferrer noopener\">https:\/\/www.digital-publishers.com\/de\/autoren\/susanna-kess<\/a><\/li>\n<\/ul>\n\n\n\n<p class=\"has-purple-color has-text-color has-link-color has-small-font-size wp-elements-b952681cdc6150cc647ed66a79de752d\"><strong>Bibliografie<\/strong>:<\/p>\n\n\n\n<div class=\"wp-block-media-text has-media-on-the-right is-vertically-aligned-center\" style=\"grid-template-columns:auto 48%\"><div class=\"wp-block-media-text__content\">\n<ul class=\"wp-block-list\">\n<li class=\"has-small-font-size\"><strong><em>&#8222;Kartoffeln, K\u00fche und andere Katastrophen&#8220; <\/em><br><\/strong>erschienen unter dem Namen Susanna Kess, erh\u00e4ltlich als Taschenbuch, eBook und Audiobook<\/li>\n<\/ul>\n<\/div><figure class=\"wp-block-media-text__media\"><img loading=\"lazy\" decoding=\"async\" width=\"1024\" height=\"1024\" src=\"https:\/\/buechertanz.de\/wp-content\/uploads\/2024\/01\/Susanne-Esser_Bib_01_komp-1024x1024.jpg\" alt=\"\" class=\"wp-image-6816 size-full\" srcset=\"https:\/\/buechertanz.de\/wp-content\/uploads\/2024\/01\/Susanne-Esser_Bib_01_komp-1024x1024.jpg 1024w, https:\/\/buechertanz.de\/wp-content\/uploads\/2024\/01\/Susanne-Esser_Bib_01_komp-300x300.jpg 300w, https:\/\/buechertanz.de\/wp-content\/uploads\/2024\/01\/Susanne-Esser_Bib_01_komp-150x150.jpg 150w, https:\/\/buechertanz.de\/wp-content\/uploads\/2024\/01\/Susanne-Esser_Bib_01_komp-768x768.jpg 768w, https:\/\/buechertanz.de\/wp-content\/uploads\/2024\/01\/Susanne-Esser_Bib_01_komp.jpg 1184w\" sizes=\"auto, (max-width: 1024px) 100vw, 1024px\" \/><\/figure><\/div>\n\n\n\n<div class=\"wp-block-media-text is-vertically-aligned-center\" style=\"grid-template-columns:47% auto\"><figure class=\"wp-block-media-text__media\"><img loading=\"lazy\" decoding=\"async\" width=\"740\" height=\"740\" src=\"https:\/\/buechertanz.de\/wp-content\/uploads\/2024\/01\/Susanne-Esser_Bib_02_komp.jpg\" alt=\"\" class=\"wp-image-6817 size-full\" srcset=\"https:\/\/buechertanz.de\/wp-content\/uploads\/2024\/01\/Susanne-Esser_Bib_02_komp.jpg 740w, https:\/\/buechertanz.de\/wp-content\/uploads\/2024\/01\/Susanne-Esser_Bib_02_komp-300x300.jpg 300w, https:\/\/buechertanz.de\/wp-content\/uploads\/2024\/01\/Susanne-Esser_Bib_02_komp-150x150.jpg 150w\" sizes=\"auto, (max-width: 740px) 100vw, 740px\" \/><\/figure><div class=\"wp-block-media-text__content\">\n<ul class=\"wp-block-list\">\n<li class=\"has-small-font-size\"><strong><em>&#8222;Schneiderei Graf &#8211; Schicksalszeiten&#8220;<\/em><\/strong><\/li>\n\n\n\n<li class=\"has-small-font-size\"><strong><em>Schneiderei Graf &#8211; Wendezeiten&#8220;<\/em><\/strong><br>erschienen unter dem Namen Susanne Kriesmer,<br>erh\u00e4ltlich als Taschenbuch, eBook und Audiobook<\/li>\n<\/ul>\n<\/div><\/div>\n\n\n\n<div class=\"wp-block-media-text has-media-on-the-right is-vertically-aligned-center\" style=\"grid-template-columns:auto 48%\"><div class=\"wp-block-media-text__content\">\n<ul class=\"wp-block-list\">\n<li class=\"has-small-font-size\"><strong><em>&#8222;Fr\u00e4ulein Liebe und das Gl\u00fcck der B\u00fccher&#8220;<\/em><\/strong><\/li>\n\n\n\n<li class=\"has-small-font-size\"><strong><em>&#8222;Fr\u00e4ulein Liebe und der Traum vom Leben&#8220;<\/em><\/strong><br>erschienen unter dem Namen Susanne Esser,<br>erh\u00e4ltlich als Taschenbuch und eBook<\/li>\n<\/ul>\n<\/div><figure class=\"wp-block-media-text__media\"><img loading=\"lazy\" decoding=\"async\" width=\"829\" height=\"829\" src=\"https:\/\/buechertanz.de\/wp-content\/uploads\/2024\/01\/Susanne-Esser_Bib_03_komp.jpg\" alt=\"\" class=\"wp-image-6818 size-full\" srcset=\"https:\/\/buechertanz.de\/wp-content\/uploads\/2024\/01\/Susanne-Esser_Bib_03_komp.jpg 829w, https:\/\/buechertanz.de\/wp-content\/uploads\/2024\/01\/Susanne-Esser_Bib_03_komp-300x300.jpg 300w, https:\/\/buechertanz.de\/wp-content\/uploads\/2024\/01\/Susanne-Esser_Bib_03_komp-150x150.jpg 150w, https:\/\/buechertanz.de\/wp-content\/uploads\/2024\/01\/Susanne-Esser_Bib_03_komp-768x768.jpg 768w\" sizes=\"auto, (max-width: 829px) 100vw, 829px\" \/><\/figure><\/div>\n\n\n<div class=\"wp-block-image is-style-rounded\">\n<figure class=\"aligncenter size-full is-resized\"><img loading=\"lazy\" decoding=\"async\" width=\"264\" height=\"305\" src=\"https:\/\/buechertanz.de\/wp-content\/uploads\/2023\/06\/Blume.png\" alt=\"\" class=\"wp-image-5274\" style=\"width:112px;height:auto\" srcset=\"https:\/\/buechertanz.de\/wp-content\/uploads\/2023\/06\/Blume.png 264w, https:\/\/buechertanz.de\/wp-content\/uploads\/2023\/06\/Blume-260x300.png 260w\" sizes=\"auto, (max-width: 264px) 100vw, 264px\" \/><\/figure><\/div>\n\n\n<ul class=\"wp-block-list\">\n<li><strong>Interview<\/strong>:<\/li>\n<\/ul>\n\n\n\n<p class=\"has-drop-cap\" style=\"font-size:13px\">P\u00fcnktlich zum Erscheinungstag des eBooks von\u00a0<strong><em>\u201eFr\u00e4ulein Liebe und das Gl\u00fcck der B\u00fccher\u201c<\/em><\/strong>\u00a0am 01. Februar 2024 (das Taschenbuch erscheint am 01. M\u00e4rz 2024) durfte ich der Autorin Susanne Esser einige Fragen stellen.<br>Ich w\u00fcnsche euch viel Spa\u00df mit dem Interview, beachtet aber bitte, dass die Copyrights der verwendeten Fotos ausschlie\u00dflich bei Susanne Esser und Sarah Larissa Heuser liegen.<\/p>\n\n\n\n<p class=\"has-small-font-size\"><strong>01.<\/strong> <strong>Magst du deine neue Buchreihe in drei Worten beschreiben?<\/strong><\/p>\n\n\n\n<p class=\"has-small-font-size\">Susanne: <em>&#8222;B\u00fccher, Familie, Liebe&#8220;<\/em><\/p>\n\n\n\n<p class=\"has-small-font-size\"><strong>02. Wann und wie wurde dir klar, dass du eine Romanreihe \u00fcber die Geschichte einer Buchhandlung in Andernach schreiben m\u00f6chtest?<\/strong><\/p>\n\n\n\n<p class=\"has-small-font-size\">Susanne: <em>&#8222;Vor drei Jahren erz\u00e4hlte die Gro\u00dfmutter meines Mannes (ein waschechtes \u201eAnnenacher M\u00e4dsche\u201c) an Weihnachten davon, wie sie als Kind die letzten Kriegstage in Andernach erlebt hat. Das hat mich nachhaltig beeindruckt und so kam mir die Idee, einen Roman zu schreiben, der zu dieser Zeit in Andernach am Rhein spielt. Da ich selbst gelernte Buchh\u00e4ndlerin bin, war zudem schnell klar, dass eine Buchhandlung eine zentrale Rolle spielen soll.&#8220;<\/em><\/p>\n\n\n\n<p class=\"has-small-font-size\"><strong>03. Wie bist du bei der Recherche vorgegangen? Welche Recherchemittel standen dir zur Verf\u00fcgung?&nbsp;<\/strong><\/p>\n\n\n\n<p class=\"has-small-font-size\">Susanne: <em>&#8222;An erster Stelle standen nat\u00fcrlich die Zeitzeugengespr\u00e4che mit der Gro\u00dfmutter meines Mannes, die nun verstorben ist. Ich habe zudem das Andernacher Stadtmuseum besucht und ein langes Gespr\u00e4ch mit dem Museumsleiter gef\u00fchrt, der mich auf die Tageb\u00fccher des Andernacher Chronisten aufmerksam machte. F\u00fcr die Buchhandelsseite habe ich in alten B\u00f6rsenbl\u00e4ttern (Fachzeitschrift des Buchhandels) gebl\u00e4ttert. Generell handhabe ich es bei der Recherche so, dass ich mir Tages- und ggf. Fachzeitungen aus der Zeit und der Region der Handlung zu Gem\u00fcte f\u00fchre. Dadurch erfahre ich, was die Menschen bewegt hat, was gerade der \u201eNerv der Zeit\u201c war.&#8220;<\/em><\/p>\n\n\n\n<p class=\"has-small-font-size\"><strong>04. Der erste Teil deiner Buchreihe \u201eFr\u00e4ulein Liebe\u201c beginnt im Jahr 1945, der zweite setzt in den 50er Jahren an. Welcher Teil, bzw. welche Zeit \u00fcbt einen gr\u00f6\u00dferen Reiz auf dich aus? Und warum ist das so?<\/strong><\/p>\n\n\n\n<p class=\"has-small-font-size\">Susanne: <em>&#8222;Jede Zeit hat ihre eigenen Reize und Besonderheiten. Von den letzten Kriegstagen zu h\u00f6ren, zu lesen und dann selbst zu schreiben war eine wichtige aber zum Teil auch sehr schwere Reise. Da sind die 50er Jahre schon leichter, verbindet man diese doch mit Wohlstand, Leichtigkeit und beschwingter Musik.&#8220;<\/em><\/p>\n\n\n\n<div class=\"wp-block-media-text is-vertically-aligned-center\"><figure class=\"wp-block-media-text__media\"><img loading=\"lazy\" decoding=\"async\" width=\"720\" height=\"480\" src=\"https:\/\/buechertanz.de\/wp-content\/uploads\/2024\/01\/Susanne-Esser_02-1.jpg\" alt=\"\" class=\"wp-image-6824 size-full\" srcset=\"https:\/\/buechertanz.de\/wp-content\/uploads\/2024\/01\/Susanne-Esser_02-1.jpg 720w, https:\/\/buechertanz.de\/wp-content\/uploads\/2024\/01\/Susanne-Esser_02-1-300x200.jpg 300w\" sizes=\"auto, (max-width: 720px) 100vw, 720px\" \/><\/figure><div class=\"wp-block-media-text__content\">\n<p class=\"has-small-font-size\"><strong>05. Was unterscheidet deiner Meinung nach das Schreiben eines Einzelromans im Gegensatz zu einer Buchreihe?<\/strong><\/p>\n\n\n\n<p class=\"has-small-font-size\">Susanne: <em>&#8222;Die Planung. Ein Einzelband ist meist in sich geschlossen und erfordert nicht so gro\u00dfe Planung im Vorfeld. Ereignisse k\u00f6nnen offen gelassen werden, ohne dass man sie sp\u00e4ter noch einmal aufgreifen muss. Bei einer Reihe geht das nicht. Da muss man bedenken, dass alles, was man im ersten Teil aufwirft, sp\u00e4ter eine Rolle spielen wird und man muss mehr mit den Figuren mitwachsen.&#8220;<\/em><\/p>\n<\/div><\/div>\n\n\n\n<p style=\"font-size:11px\">(c) Foto by Sarah Larissa Heuser<\/p>\n\n\n\n<p class=\"has-small-font-size\"><strong>06. Wie beh\u00e4ltst du beim Schreiben den \u00dcberblick \u00fcber deine vielen Figuren und deren Hintergr\u00fcnde?<br><br><\/strong>Susanne: <em>&#8222;Ich lege mir zu jeder Reihe \/ jedem Buch ein eigenes Dokument an, in dem ich alles zu den Figuren und zu Ereignissen festhalte, damit ich nicht den \u00dcberblick verliere. Darin stehen Vor- und Nachnamen, charakteristische Merkmale oder besondere Eigenschaften. Manchmal steht da aber auch so etwas Einfaches wie: \u201ehat noch 2 Mark 50 in der Hosentasche\u201c.<\/em> &#x1f609;<em>&#8222;<\/em><\/p>\n\n\n\n<p class=\"has-small-font-size\"><strong>07. Was macht f\u00fcr dich eine gute fiktive Figur aus und f\u00fcr wie wichtig empfindest du fiktive Figuren in einem historischen Roman?<\/strong><\/p>\n\n\n\n<p class=\"has-small-font-size\">Susanne: <em>&#8222;Gute Figuren m\u00fcssen f\u00fcr mich \u201eecht\u201c sein. Echt, insofern, als dass sie nachvollziehbar handeln, dass man sich in sie hineinf\u00fchlen kann. Jede Geschichte beginnt zuerst mit den Figuren. Die sind bei mir meist \u201eeinfach da\u201c. Und wenn ich auch zu Anfang noch nicht wei\u00df, wie sie aussehen, welche Haar- oder Augenfarbe sie haben, so wei\u00df ich immer schon genau, wie sie handeln, wie sie denken, wie sie leben und lieben. Das ist f\u00fcr mich immer glasklar. Im Kontext des historischen Romans muss man dann noch schauen, welche Konventionen die handelnde Zeit den Figuren auferlegt \u2013 und wie sie damit umgehen.&#8220;<\/em><\/p>\n\n\n\n<p class=\"has-small-font-size\"><strong>08. Hast du in deiner neuen Romanreihe eine Lieblingsfigur? Wenn ja, wen und warum?<\/strong><\/p>\n\n\n\n<p class=\"has-small-font-size\">Susanne: <em>&#8222;Ich w\u00fcrde l\u00fcgen, wenn ich sagen w\u00fcrde, es sei nicht so. Nat\u00fcrlich habe ich bei jedem meiner B\u00fccher oder Reihen eine Lieblingsfigur. Bei \u201eFr\u00e4ulein Liebe\u201c ist es Friedel Fa\u00dfbender. Er ist, wie er selbst sagt, emeritierter Lehrer und leidenschaftlicher Literaturverschlinger und, wie ich sage, eine Seele von Mensch.&#8220;<\/em><\/p>\n\n\n\n<p class=\"has-small-font-size\"><strong>09. Wie sieht dein Schreib-Alltag\/ deine Schreib-Routine aus? Was sind deine St\u00f6rfaktoren beim Schreiben?<\/strong><\/p>\n\n\n\n<p class=\"has-small-font-size\">Susanne: <em>&#8222;Meist schreibe ich am Vormittag. Dabei brauche ich Ruhe, wobei Musik, wenn es instrumental ist, geht. Ich habe feste Schreibtage und mittlerweile auch einen festen Recherchetag pro Woche. W\u00e4hrend des Schreibens notiere ich mir in einem Heft jede Stelle, die noch Recherche ben\u00f6tigt und am Recherchetag wird das alles nachgeschlagen und eingef\u00fcgt. Fr\u00fcher habe ich zwischendrin recherchiert. Das hat aber nur all zu oft dazu gef\u00fchrt, dass ich mich in der Recherche verloren habe und mit dem Schreiben selbst nicht so vorangekommen bin, wie ich es gerne gehabt h\u00e4tte. Das Problem habe ich nun nicht mehr.&#8220;<\/em><\/p>\n\n\n\n<p class=\"has-small-font-size\"><strong>10. \u00dcber welche Epoche\/ welches Land\/ Thema k\u00f6nntest du dir \u00fcberhaupt nicht vorstellen einen Roman zu schreiben? Warum?<\/strong><\/p>\n\n\n\n<p class=\"has-small-font-size\">Susanne:<em> &#8222;Horror ist nichts f\u00fcr mich. Das lese ich auch schon nicht gern.&#8220;<\/em><\/p>\n\n\n\n<p class=\"has-small-font-size\"><strong>11. Du schreibst unter dem Namen Susanne Kriesmer und nun auch unter dem Namen Susanne Esser. Wie und warum kam es zu dem zweiten Namen?<\/strong><\/p>\n\n\n\n<p class=\"has-small-font-size\">Susanne: <em>&#8222;Susanne Kriesmer ist mein Klarname. Esser ist mein M\u00e4dchenname. Ich habe schon als Kind mit dem Schreiben begonnen und damals immer davon getr\u00e4umt, einmal meinen Namen auf einem Buch lesen zu k\u00f6nnen. Und dieser Name war nat\u00fcrlich \u201eSusanne Esser\u201c. Nun wird mir dieser Traum erf\u00fcllt.&#8220;<\/em><\/p>\n\n\n\n<div class=\"wp-block-media-text has-media-on-the-right is-vertically-aligned-center\"><div class=\"wp-block-media-text__content\">\n<p class=\"has-small-font-size\"><strong>12. Wie wichtig ist dir der Kontakt mit anderen Autoren\/ Autorinnen und deinen Lesern\/Leserinnnen?<\/strong><\/p>\n\n\n\n<p class=\"has-small-font-size\">Susanne: <em>&#8222;Der Kontakt zu anderen Schreibenden und Lesenden ist sehr wichtig. Nur durch Austausch und Kritik kann man lernen und sich weiterentwickeln.&#8220;<\/em><\/p>\n<\/div><figure class=\"wp-block-media-text__media\"><img loading=\"lazy\" decoding=\"async\" width=\"533\" height=\"355\" src=\"https:\/\/buechertanz.de\/wp-content\/uploads\/2024\/01\/Susanne-Esser_04.jpg\" alt=\"\" class=\"wp-image-6826 size-full\" srcset=\"https:\/\/buechertanz.de\/wp-content\/uploads\/2024\/01\/Susanne-Esser_04.jpg 533w, https:\/\/buechertanz.de\/wp-content\/uploads\/2024\/01\/Susanne-Esser_04-300x200.jpg 300w\" sizes=\"auto, (max-width: 533px) 100vw, 533px\" \/><\/figure><\/div>\n\n\n\n<p class=\"has-small-font-size\"><strong>13. Welche Bedeutung haben Buchhandlungen f\u00fcr dich pers\u00f6nlich?<\/strong><\/p>\n\n\n\n<p class=\"has-small-font-size\">Susanne: <em>&#8222;Buchhandlungen haben mich schon immer magisch angezogen. Schon als Jugendliche habe ich es geliebt, stundenlang in einer Buchhandlung zu st\u00f6bern und neue Geschichten f\u00fcr mich zu entdecken. Durch meine Ausbildung zur Buchh\u00e4ndlerin habe ich dann auch die Arbeit in einer Buchhandlung kennen- und liebengelernt. Nun bin ich Autorin und schreibe \u00fcber eine Buchhandlung. So schlie\u00dft sich der Kreis.&#8220;<\/em><\/p>\n\n\n\n<p class=\"has-small-font-size\"><strong>14. Welches Buch begleitet dich gerade?<\/strong><\/p>\n\n\n\n<p class=\"has-small-font-size\">Susanne: <em>&#8222;Gerade lese ich den sechsten Cormoran-Strike-Krimi \u201eThe Ink Black Heart\u201c und bl\u00e4ttere nebenbei durch verschiedene Romane aus den 60er Jahren. Recherche, versteht sich. <\/em>&#x1f609;<em>&#8222;<\/em><\/p>\n\n\n\n<p class=\"has-small-font-size\"><strong>Herzlichen Dank liebe Susanne f\u00fcr deine Antworten und die spannenden Einblicke. Ich w\u00fcnsche dir und deiner neuen Buchreihe alles Liebe und viele begeisterte Leser und Leserinnen.<\/strong><\/p>\n\n\n\n<p class=\"has-small-font-size\">Liebe Gr\u00fc\u00dfe, <\/p>\n\n\n\n<figure class=\"wp-block-image size-large is-resized\"><img loading=\"lazy\" decoding=\"async\" width=\"1024\" height=\"404\" src=\"https:\/\/buechertanz.de\/wp-content\/uploads\/2023\/06\/Unterschrift-1024x404.jpg\" alt=\"\" class=\"wp-image-5276\" style=\"width:174px;height:auto\" srcset=\"https:\/\/buechertanz.de\/wp-content\/uploads\/2023\/06\/Unterschrift-1024x404.jpg 1024w, https:\/\/buechertanz.de\/wp-content\/uploads\/2023\/06\/Unterschrift-300x118.jpg 300w, https:\/\/buechertanz.de\/wp-content\/uploads\/2023\/06\/Unterschrift-768x303.jpg 768w, https:\/\/buechertanz.de\/wp-content\/uploads\/2023\/06\/Unterschrift.jpg 1500w\" sizes=\"auto, (max-width: 1024px) 100vw, 1024px\" \/><\/figure>\n","protected":false},"excerpt":{"rendered":"<p>Biografie: Susanne Esser wurde im Jahr 1979 in Andernach am Rhein geboren und wuchs auf einem Bauernhof in der Vulkaneifel auf. Schon fr\u00fch entdeckte sie ihre Liebe zum Lesen &#8211; und in ihr reifte der Wunsch, einmal selbst Autorin zu werden. Nach dem Abitur und einem freiwilligen \u00d6kologischen Jahr auf einem Biobauernhof, begann Susanne Esser &hellip; <a href=\"https:\/\/buechertanz.de\/?page_id=6805\" class=\"more-link\"><span class=\"screen-reader-text\">Susanne Esser\/ Susanne Kriesmer<\/span> weiterlesen<\/a><\/p>\n","protected":false},"author":2,"featured_media":0,"parent":0,"menu_order":0,"comment_status":"open","ping_status":"closed","template":"","meta":{"footnotes":""},"class_list":["post-6805","page","type-page","status-publish","hentry"],"_links":{"self":[{"href":"https:\/\/buechertanz.de\/index.php?rest_route=\/wp\/v2\/pages\/6805","targetHints":{"allow":["GET"]}}],"collection":[{"href":"https:\/\/buechertanz.de\/index.php?rest_route=\/wp\/v2\/pages"}],"about":[{"href":"https:\/\/buechertanz.de\/index.php?rest_route=\/wp\/v2\/types\/page"}],"author":[{"embeddable":true,"href":"https:\/\/buechertanz.de\/index.php?rest_route=\/wp\/v2\/users\/2"}],"replies":[{"embeddable":true,"href":"https:\/\/buechertanz.de\/index.php?rest_route=%2Fwp%2Fv2%2Fcomments&post=6805"}],"version-history":[{"count":9,"href":"https:\/\/buechertanz.de\/index.php?rest_route=\/wp\/v2\/pages\/6805\/revisions"}],"predecessor-version":[{"id":6865,"href":"https:\/\/buechertanz.de\/index.php?rest_route=\/wp\/v2\/pages\/6805\/revisions\/6865"}],"wp:attachment":[{"href":"https:\/\/buechertanz.de\/index.php?rest_route=%2Fwp%2Fv2%2Fmedia&parent=6805"}],"curies":[{"name":"wp","href":"https:\/\/api.w.org\/{rel}","templated":true}]}}