{"id":6831,"date":"2024-01-30T14:53:27","date_gmt":"2024-01-30T13:53:27","guid":{"rendered":"https:\/\/buechertanz.de\/?page_id=6831"},"modified":"2024-02-29T11:27:21","modified_gmt":"2024-02-29T10:27:21","slug":"neuzugaenge-januar-2024","status":"publish","type":"page","link":"https:\/\/buechertanz.de\/?page_id=6831","title":{"rendered":"Neuzug\u00e4nge Januar 2024"},"content":{"rendered":"\n<p class=\"has-drop-cap has-small-font-size\">Im\u00a0<strong>Januar 2024<\/strong>\u00a0sind insgesamt\u00a0<strong>neun B\u00fccher\u00a0<\/strong>hier eingezogen:<br>Ein Rezensionsexemplar und acht neue B\u00fccher \u2013 zu den ausf\u00fchrlichen Rezensionen gelangt ihr mit einem Klick auf den Titel.<br>Viel Spa\u00df beim St\u00f6bern!<\/p>\n\n\n<div class=\"wp-block-image\">\n<figure class=\"aligncenter size-full is-resized\"><img loading=\"lazy\" decoding=\"async\" width=\"888\" height=\"888\" src=\"https:\/\/buechertanz.de\/wp-content\/uploads\/2024\/01\/01-Januar_komp-1.jpg\" alt=\"\" class=\"wp-image-6860\" style=\"width:464px;height:auto\" srcset=\"https:\/\/buechertanz.de\/wp-content\/uploads\/2024\/01\/01-Januar_komp-1.jpg 888w, https:\/\/buechertanz.de\/wp-content\/uploads\/2024\/01\/01-Januar_komp-1-300x300.jpg 300w, https:\/\/buechertanz.de\/wp-content\/uploads\/2024\/01\/01-Januar_komp-1-150x150.jpg 150w, https:\/\/buechertanz.de\/wp-content\/uploads\/2024\/01\/01-Januar_komp-1-768x768.jpg 768w\" sizes=\"auto, (max-width: 888px) 100vw, 888px\" \/><\/figure><\/div>\n\n\n<p class=\"has-text-align-center\" style=\"font-size:11px\"><em>Meine neuen Seitlinge im Januar 2024<\/em><\/p>\n\n\n\n<p>_<\/p>\n\n\n\n<p class=\"has-drop-cap has-small-font-size\"><strong>Neue B\u00fccher:<\/strong><\/p>\n\n\n\n<p><\/p>\n\n\n\n<p><\/p>\n\n\n\n<ul class=\"wp-block-list\">\n<li class=\"has-small-font-size\">Thomas Binder: <em>&#8222;K\u00e4mpfen. Leiden. Lieben.&#8220;<\/em><\/li>\n\n\n\n<li class=\"has-small-font-size\">Susanne Popp: <em>&#8222;Das Erbe der Teeh\u00e4ndlerin&#8220;<\/em><\/li>\n\n\n\n<li class=\"has-small-font-size\">Elke Becker: <em>&#8222;Das Haus K\u00f6lln &#8211; Gl\u00e4nzende Zeiten&#8220;<\/em><\/li>\n\n\n\n<li class=\"has-small-font-size\">Tessa Duncan: <em><a href=\"https:\/\/buechertanz.de\/?p=6874\" target=\"_blank\" rel=\"noreferrer noopener\">&#8222;Wer das Vergessen st\u00f6rt&#8220;<\/a><\/em><\/li>\n\n\n\n<li class=\"has-small-font-size\">Stephanie Schuster: <em>&#8222;Gl\u00fcckst\u00f6chter &#8211; Einfach lieben&#8220;<\/em><\/li>\n\n\n\n<li class=\"has-small-font-size\">Miriam Georg: <em>&#8222;Das Tor zur Welt &#8211; Hoffnung&#8220;<\/em><\/li>\n\n\n\n<li class=\"has-small-font-size\">Sina Beerwald: <em>&#8222;Das Inselm\u00e4dchen&#8220;<\/em><\/li>\n\n\n\n<li class=\"has-small-font-size\">Christina Strunck: <em>&#8222;Geschichte der Buchkunst&#8220; <\/em><\/li>\n<\/ul>\n\n\n\n<p class=\"has-drop-cap has-small-font-size\"><strong>Rezensionsexemplar:<\/strong><\/p>\n\n\n\n<p><\/p>\n\n\n\n<p><\/p>\n\n\n\n<ul class=\"wp-block-list\">\n<li class=\"has-small-font-size\">Leonie Wittkamp: <em><a href=\"https:\/\/buechertanz.de\/?p=6767\" target=\"_blank\" rel=\"noreferrer noopener\">&#8222;Solange wir uns hatten&#8220;<\/a><\/em><\/li>\n<\/ul>\n\n\n\n<p>_<\/p>\n\n\n\n<p class=\"has-small-font-size\">Auch an dieser Stelle gilt der Autorin Leonie Wittkamp mein herzlicher Dank f\u00fcr das Rezensionsexemplar von <em><strong><a href=\"https:\/\/buechertanz.de\/?p=6767\" target=\"_blank\" rel=\"noreferrer noopener\">&#8222;Solange wir uns hatten&#8220;<\/a><\/strong><\/em> &#8211; die mitrei\u00dfende Geschichte hat mir unvergessliche Lesestunden geschenkt.<br>Zwei meiner gekauften B\u00fccher sind bereits gelesen und haben mich sehr begeistert: <em>&#8222;K\u00e4mpfen. Leiden. Lieben.&#8220;<\/em> von Thomas Binder und <em>&#8222;Das Haus K\u00f6lln &#8211; Gl\u00e4nzende Zeiten&#8220;<\/em> von Elke Becker. Mal sehen, wann ich die anderen lesen und entdecken werde. Ich freue mich schon sehr drauf.<\/p>\n\n\n\n<p class=\"has-small-font-size\">Liebe Gr\u00fc\u00dfe, eure<\/p>\n\n\n\n<figure class=\"wp-block-image size-large is-resized\"><img loading=\"lazy\" decoding=\"async\" width=\"1024\" height=\"404\" src=\"https:\/\/buechertanz.de\/wp-content\/uploads\/2023\/06\/Unterschrift-1024x404.jpg\" alt=\"\" class=\"wp-image-5276\" style=\"width:182px;height:auto\" srcset=\"https:\/\/buechertanz.de\/wp-content\/uploads\/2023\/06\/Unterschrift-1024x404.jpg 1024w, https:\/\/buechertanz.de\/wp-content\/uploads\/2023\/06\/Unterschrift-300x118.jpg 300w, https:\/\/buechertanz.de\/wp-content\/uploads\/2023\/06\/Unterschrift-768x303.jpg 768w, https:\/\/buechertanz.de\/wp-content\/uploads\/2023\/06\/Unterschrift.jpg 1500w\" sizes=\"auto, (max-width: 1024px) 100vw, 1024px\" \/><\/figure>\n","protected":false},"excerpt":{"rendered":"<p>Im\u00a0Januar 2024\u00a0sind insgesamt\u00a0neun B\u00fccher\u00a0hier eingezogen:Ein Rezensionsexemplar und acht neue B\u00fccher \u2013 zu den ausf\u00fchrlichen Rezensionen gelangt ihr mit einem Klick auf den Titel.Viel Spa\u00df beim St\u00f6bern! Meine neuen Seitlinge im Januar 2024 _ Neue B\u00fccher: Rezensionsexemplar: _ Auch an dieser Stelle gilt der Autorin Leonie Wittkamp mein herzlicher Dank f\u00fcr das Rezensionsexemplar von &#8222;Solange wir &hellip; <a href=\"https:\/\/buechertanz.de\/?page_id=6831\" class=\"more-link\"><span class=\"screen-reader-text\">Neuzug\u00e4nge Januar 2024<\/span> weiterlesen<\/a><\/p>\n","protected":false},"author":2,"featured_media":0,"parent":0,"menu_order":0,"comment_status":"open","ping_status":"closed","template":"","meta":{"footnotes":""},"class_list":["post-6831","page","type-page","status-publish","hentry"],"_links":{"self":[{"href":"https:\/\/buechertanz.de\/index.php?rest_route=\/wp\/v2\/pages\/6831","targetHints":{"allow":["GET"]}}],"collection":[{"href":"https:\/\/buechertanz.de\/index.php?rest_route=\/wp\/v2\/pages"}],"about":[{"href":"https:\/\/buechertanz.de\/index.php?rest_route=\/wp\/v2\/types\/page"}],"author":[{"embeddable":true,"href":"https:\/\/buechertanz.de\/index.php?rest_route=\/wp\/v2\/users\/2"}],"replies":[{"embeddable":true,"href":"https:\/\/buechertanz.de\/index.php?rest_route=%2Fwp%2Fv2%2Fcomments&post=6831"}],"version-history":[{"count":6,"href":"https:\/\/buechertanz.de\/index.php?rest_route=\/wp\/v2\/pages\/6831\/revisions"}],"predecessor-version":[{"id":6972,"href":"https:\/\/buechertanz.de\/index.php?rest_route=\/wp\/v2\/pages\/6831\/revisions\/6972"}],"wp:attachment":[{"href":"https:\/\/buechertanz.de\/index.php?rest_route=%2Fwp%2Fv2%2Fmedia&parent=6831"}],"curies":[{"name":"wp","href":"https:\/\/api.w.org\/{rel}","templated":true}]}}