{"id":6832,"date":"2024-01-30T14:53:29","date_gmt":"2024-01-30T13:53:29","guid":{"rendered":"https:\/\/buechertanz.de\/?page_id=6832"},"modified":"2024-01-30T16:04:20","modified_gmt":"2024-01-30T15:04:20","slug":"gelesen-januar-2024","status":"publish","type":"page","link":"https:\/\/buechertanz.de\/?page_id=6832","title":{"rendered":"Gelesen Januar 2024"},"content":{"rendered":"\n<p class=\"has-drop-cap has-small-font-size\">Hier findet ihr die B\u00fccher, die ich im&nbsp;<strong>Januar 2024&nbsp;<\/strong>gelesen habe \u2013 es sind&nbsp;<strong>sieben B\u00fccher&nbsp;<\/strong>mit<strong>&nbsp;3.246 Seiten&nbsp;<\/strong>geworden. Es war ein sch\u00f6ner und abwechslungsreicher Lesemonat, in welchem ich insgesamt vier B\u00fccher vom Stapel ungelesener B\u00fccher befreit habe, zwei Neuerscheinungen und ein Rezensionsexemplar gelesen habe  \u2013 meine ausf\u00fchrlichen Rezensionen findet ihr, wenn ihr auf den entsprechenden Buchtitel klickt.<br>Viel Spa\u00df beim Schm\u00f6kern.<\/p>\n\n\n\n<p>_<\/p>\n\n\n<div class=\"wp-block-image\">\n<figure class=\"aligncenter size-full is-resized\"><img loading=\"lazy\" decoding=\"async\" width=\"888\" height=\"888\" src=\"https:\/\/buechertanz.de\/wp-content\/uploads\/2024\/01\/01-Januar_komp.jpg\" alt=\"\" class=\"wp-image-6856\" style=\"width:454px;height:auto\" srcset=\"https:\/\/buechertanz.de\/wp-content\/uploads\/2024\/01\/01-Januar_komp.jpg 888w, https:\/\/buechertanz.de\/wp-content\/uploads\/2024\/01\/01-Januar_komp-300x300.jpg 300w, https:\/\/buechertanz.de\/wp-content\/uploads\/2024\/01\/01-Januar_komp-150x150.jpg 150w, https:\/\/buechertanz.de\/wp-content\/uploads\/2024\/01\/01-Januar_komp-768x768.jpg 768w\" sizes=\"auto, (max-width: 888px) 100vw, 888px\" \/><\/figure><\/div>\n\n\n<p class=\"has-text-align-center\" style=\"font-size:11px\"><em>Mein Lesemonat Januar 2024: Sieben B\u00fccher mit insgesamt 3.246 Seiten. <\/em><\/p>\n\n\n\n<p>_<\/p>\n\n\n\n<div class=\"wp-block-media-text is-vertically-aligned-center\" style=\"grid-template-columns:25% auto\"><figure class=\"wp-block-media-text__media\"><img loading=\"lazy\" decoding=\"async\" width=\"301\" height=\"445\" src=\"https:\/\/buechertanz.de\/wp-content\/uploads\/2024\/01\/01-Die-Waffen-des-Lichts.jpg\" alt=\"\" class=\"wp-image-6748 size-full\" srcset=\"https:\/\/buechertanz.de\/wp-content\/uploads\/2024\/01\/01-Die-Waffen-des-Lichts.jpg 301w, https:\/\/buechertanz.de\/wp-content\/uploads\/2024\/01\/01-Die-Waffen-des-Lichts-203x300.jpg 203w\" sizes=\"auto, (max-width: 301px) 100vw, 301px\" \/><\/figure><div class=\"wp-block-media-text__content\">\n<ul class=\"wp-block-list\">\n<li class=\"has-small-font-size\">Der neue Lesemonat und damit auch das neue Lesejahr begann mit einem ganz gro\u00dfen historischen Roman: <strong><em>&#8222;Die Waffen des Lichts&#8220; <\/em><\/strong>von Ken Follett. Fast 900 Seiten umfasst dieses Buch&#8230; und ich habe (wie eigentlich bei allen historischen Romanen von Ken Follett) das Gef\u00fchl, dass ich nicht ein Buch gelesen habe, sondern mehrere. Er gibt der Entwicklung seiner Figuren die Zeit, die es braucht, er r\u00e4umt der (mitunter unfassbar spannenden) Handlung den n\u00f6tigen Platz ein und vermittelt nebenbei noch Weltgeschichte so, als ob man live dabei w\u00e4re. Dabei ist mir positiv aufgefallen, dass viele Figuren (im Gegensatz zu den bisherigen Teilen der &#8218;Kingsbridge-Reihe&#8216;) sehr ambivalent gezeichnet sind. Es gibt nat\u00fcrlich die B\u00f6sen und die Guten, diese haben doch aber auch viele Schattierungen und sind nicht nur schwarz-wei\u00df. Klar, am Anfang war es ein Haufen an Namen und Hintergr\u00fcnden, die mich immer mal wieder ins Stolpern gebracht haben. Trotzdem konnte und wollte ich das Buch nur schwer aus der Hand legen. Und so waren die 880 Seiten in f\u00fcnf Tagen gelesen.<\/li>\n<\/ul>\n<\/div><\/div>\n\n\n\n<p>_<\/p>\n\n\n\n<div class=\"wp-block-media-text has-media-on-the-right is-vertically-aligned-center\" style=\"grid-template-columns:auto 25%\"><div class=\"wp-block-media-text__content\">\n<ul class=\"wp-block-list\">\n<li class=\"has-small-font-size\">Eigentlich habe ich mir f\u00fcr das neue Lese-Jahr kein &#8218;Leseziel&#8216; gesetzt&#8230; mehr einen Vorsatz: Ich m\u00f6chte auch immer mal ein Sachbuch lesen. Da bot sich mein Neuzugang <strong><em>&#8222;K\u00e4mpfen. Leiden. Lieben. Leben im Schwarzwald von den Kelten bis ins 20. Jahrhundert&#8220;<\/em><\/strong> von Thomas Binder an. Knapp 24 Stunden nachdem ich das Buch gekauft habe, war es bereits ausgelesen. Ein wundervolles und kurzweiliges Buch, welches mir einiges erkl\u00e4rt und Dinge n\u00e4her gebracht hat, die ich bisher noch nicht \u00fcber meine Heimat gewusst habe.<br>Der angenehme und bildhafte Sprachstil, die sch\u00f6nen Abbildungen, die Gliederung und der gesamte Aufbau des Buches sorgen f\u00fcr ein interessantes Leseerlebnis. F\u00fcr Liebhaber, Kenner und Entdecker des Schwarzwaldes eine sehr gelungene Lekt\u00fcre.&nbsp;<\/li>\n<\/ul>\n<\/div><figure class=\"wp-block-media-text__media\"><img loading=\"lazy\" decoding=\"async\" width=\"280\" height=\"445\" src=\"https:\/\/buechertanz.de\/wp-content\/uploads\/2024\/01\/02-Kaempfen-Leiden-Lieben-Leben-im-Schwarzwald-von-den-Kelten-bis-ins-20.-Jahrhundert.jpg\" alt=\"\" class=\"wp-image-6756 size-full\" srcset=\"https:\/\/buechertanz.de\/wp-content\/uploads\/2024\/01\/02-Kaempfen-Leiden-Lieben-Leben-im-Schwarzwald-von-den-Kelten-bis-ins-20.-Jahrhundert.jpg 280w, https:\/\/buechertanz.de\/wp-content\/uploads\/2024\/01\/02-Kaempfen-Leiden-Lieben-Leben-im-Schwarzwald-von-den-Kelten-bis-ins-20.-Jahrhundert-189x300.jpg 189w\" sizes=\"auto, (max-width: 280px) 100vw, 280px\" \/><\/figure><\/div>\n\n\n\n<p>_<\/p>\n\n\n\n<div class=\"wp-block-media-text is-vertically-aligned-center\" style=\"grid-template-columns:25% auto\"><figure class=\"wp-block-media-text__media\"><img loading=\"lazy\" decoding=\"async\" width=\"281\" height=\"445\" src=\"https:\/\/buechertanz.de\/wp-content\/uploads\/2024\/01\/03-Die-Henkerstochter-und-der-schwarze-Moench.jpg\" alt=\"\" class=\"wp-image-6757 size-full\" srcset=\"https:\/\/buechertanz.de\/wp-content\/uploads\/2024\/01\/03-Die-Henkerstochter-und-der-schwarze-Moench.jpg 281w, https:\/\/buechertanz.de\/wp-content\/uploads\/2024\/01\/03-Die-Henkerstochter-und-der-schwarze-Moench-189x300.jpg 189w\" sizes=\"auto, (max-width: 281px) 100vw, 281px\" \/><\/figure><div class=\"wp-block-media-text__content\">\n<ul class=\"wp-block-list\">\n<li class=\"has-small-font-size\">Weiter ging es mit einem Buch vom Stapel ungelesener B\u00fccher: <strong><em>&#8222;Die Henkerstochter und der schwarze M\u00f6nch&#8220; <\/em><\/strong>von Oliver P\u00f6tzsch. <br>Der erste Band der Reihe war ja schon sooo spannend&#8230; dieser zweite Band \u00fcbertrifft den dieser Hinsicht nochmal. Teilweise las ich Nonstop, habe dabei Essen und Trinken vergessen. Es gab aber auch durchaus Szenen, bei denen ich das Buch dann dochmal zur Seite legen musste um tief durchzuatmen. Und: Ich liebe liebe liebe diese vielseitigen Figuren. Ein sehr intensives und spannungsgeladenes Lese-Abenteuer. &nbsp;<\/li>\n<\/ul>\n<\/div><\/div>\n\n\n\n<p>_<\/p>\n\n\n\n<div class=\"wp-block-media-text has-media-on-the-right is-vertically-aligned-center\" style=\"grid-template-columns:auto 25%\"><div class=\"wp-block-media-text__content\">\n<ul class=\"wp-block-list\">\n<li class=\"has-small-font-size\">Mein erstes Rezensionsexemplar im Jahr 2024 war das Buch <strong><em><a href=\"https:\/\/buechertanz.de\/?p=6767\" target=\"_blank\" rel=\"noreferrer noopener\">&#8222;Solange wir uns hatten&#8220;<\/a> <\/em><\/strong>von Leonie Wittkamp.<br>Mich hat diese unglaublich ber\u00fchrende und dramatische Geschichte tief beeindruckt. Sehr tief. Das ist ein Roman, welcher definitiv noch lange in meinem Kopf und Herzen bleiben wird &#8211; und somit das erste Highlight des noch jungen Lese-Jahres bildet.<br>Ab der ersten Seite hat mich die Handlung mitgenommen, nein&#8230; sie hat mich mitgerissen und erst auf der letzten Seite wieder losgelassen. Immer wieder lief es mir w\u00e4hrend des Lesens eiskalt den R\u00fccken hinunter, ich k\u00e4mpfte mit den Tr\u00e4nen &#8211; und nehme trotzdem so viel an Lebensweisheiten und Positiven mit aus diesem absolut lesenswerten Roman. Eine ganz ganz gro\u00dfe Leseempfehlung. <\/li>\n<\/ul>\n<\/div><figure class=\"wp-block-media-text__media\"><img loading=\"lazy\" decoding=\"async\" width=\"684\" height=\"1024\" src=\"https:\/\/buechertanz.de\/wp-content\/uploads\/2024\/01\/04-Solange-wir-uns-hatten-1-684x1024.jpg\" alt=\"\" class=\"wp-image-6768 size-full\" srcset=\"https:\/\/buechertanz.de\/wp-content\/uploads\/2024\/01\/04-Solange-wir-uns-hatten-1-684x1024.jpg 684w, https:\/\/buechertanz.de\/wp-content\/uploads\/2024\/01\/04-Solange-wir-uns-hatten-1-200x300.jpg 200w, https:\/\/buechertanz.de\/wp-content\/uploads\/2024\/01\/04-Solange-wir-uns-hatten-1-768x1151.jpg 768w, https:\/\/buechertanz.de\/wp-content\/uploads\/2024\/01\/04-Solange-wir-uns-hatten-1-1025x1536.jpg 1025w, https:\/\/buechertanz.de\/wp-content\/uploads\/2024\/01\/04-Solange-wir-uns-hatten-1-1367x2048.jpg 1367w, https:\/\/buechertanz.de\/wp-content\/uploads\/2024\/01\/04-Solange-wir-uns-hatten-1.jpg 1600w\" sizes=\"auto, (max-width: 684px) 100vw, 684px\" \/><\/figure><\/div>\n\n\n\n<p>_<\/p>\n\n\n\n<div class=\"wp-block-media-text is-vertically-aligned-center\" style=\"grid-template-columns:25% auto\"><figure class=\"wp-block-media-text__media\"><img loading=\"lazy\" decoding=\"async\" width=\"307\" height=\"466\" src=\"https:\/\/buechertanz.de\/wp-content\/uploads\/2024\/01\/05-In-Liebe-deine-Lina.jpg\" alt=\"\" class=\"wp-image-6793 size-full\" srcset=\"https:\/\/buechertanz.de\/wp-content\/uploads\/2024\/01\/05-In-Liebe-deine-Lina.jpg 307w, https:\/\/buechertanz.de\/wp-content\/uploads\/2024\/01\/05-In-Liebe-deine-Lina-198x300.jpg 198w\" sizes=\"auto, (max-width: 307px) 100vw, 307px\" \/><\/figure><div class=\"wp-block-media-text__content\">\n<ul class=\"wp-block-list\">\n<li class=\"has-small-font-size\">Das Buch <strong><em>&#8222;In Liebe, deine Lina&#8220; <\/em><\/strong>von Barbara Leciejewski habe ich mir im Oktober, direkt an Erscheinungstag gekauft. Jetzt musste ich es einfach lesen und es ist genau so, wie ich es mir vorgestellt und gew\u00fcnscht habe: Einfach nur unglaublich sch\u00f6n und ergreifend.<br>Mit Tr\u00e4nen in den Augen, die letzte Seite gelesen. Das Buch beruht auf wahren Begebenheiten &#8211; dadurch ist die Geschichte nochmal mitrei\u00dfender, die vielf\u00e4ltigen Charaktere sind absolut greifbar und lebensecht. Ich bin so gespannt wie es im zweiten Band <em>&#8222;F\u00fcr immer, dein August&#8220;<\/em> (ET 14. M\u00e4rz 2024) weitergehen wird. <\/li>\n<\/ul>\n<\/div><\/div>\n\n\n\n<p>_<\/p>\n\n\n\n<div class=\"wp-block-media-text has-media-on-the-right is-vertically-aligned-center\" style=\"grid-template-columns:auto 25%\"><div class=\"wp-block-media-text__content\">\n<ul class=\"wp-block-list\">\n<li class=\"has-small-font-size\">Diesen Monat konnte ich den langersehnten Reihenauftakt &#8222;Das Haus K\u00f6lln &#8211; Gl\u00e4nzende Zeiten&#8220; von Elke Becker endlich in den H\u00e4nden halten und musste diesen einfach auch sofort lesen. <br>Es ist eine sehr mitrei\u00dfende Geschichte, welche mich vor allem wegen des bildhaften Sprachstils und des enormen und anhaltenden Spannungsbogens begeistert hat. Auch viele Figuren fanden den Weg in mein Leseherz &#8211; allerdings nicht alle: Charlotte K\u00f6lln, eine der Hauptfiguren, schaffte dies nicht. Ihr Verhalten gegen\u00fcber einigen Mitmenschen empfand ich mitunter als anstrengend und absto\u00dfend. Das m\u00f6chte ich aber nicht als negativen Aspekt anf\u00fchren &#8211; ganz im Gegenteil: Ich mag es, wenn Charaktere nicht glatt geb\u00fcgelt sind, sondern diese ihre Ecken und Kanten beibehalten und damit einfach authentisch und lebensecht wirken. Es bleibt spannend, wie es mit all den Figuren weitergehen wird.<\/li>\n<\/ul>\n<\/div><figure class=\"wp-block-media-text__media\"><img loading=\"lazy\" decoding=\"async\" width=\"281\" height=\"445\" src=\"https:\/\/buechertanz.de\/wp-content\/uploads\/2024\/01\/06-Das-Haus-Koelln-Glaenzende-Zeiten.jpg\" alt=\"\" class=\"wp-image-6798 size-full\" srcset=\"https:\/\/buechertanz.de\/wp-content\/uploads\/2024\/01\/06-Das-Haus-Koelln-Glaenzende-Zeiten.jpg 281w, https:\/\/buechertanz.de\/wp-content\/uploads\/2024\/01\/06-Das-Haus-Koelln-Glaenzende-Zeiten-189x300.jpg 189w\" sizes=\"auto, (max-width: 281px) 100vw, 281px\" \/><\/figure><\/div>\n\n\n\n<p>_<\/p>\n\n\n\n<div class=\"wp-block-media-text is-vertically-aligned-center\" style=\"grid-template-columns:25% auto\"><figure class=\"wp-block-media-text__media\"><img loading=\"lazy\" decoding=\"async\" width=\"293\" height=\"466\" src=\"https:\/\/buechertanz.de\/wp-content\/uploads\/2024\/01\/07-Das-Leben-das-uns-bleibt-Die-Goldschmiedin.jpg\" alt=\"\" class=\"wp-image-6802 size-full\" srcset=\"https:\/\/buechertanz.de\/wp-content\/uploads\/2024\/01\/07-Das-Leben-das-uns-bleibt-Die-Goldschmiedin.jpg 293w, https:\/\/buechertanz.de\/wp-content\/uploads\/2024\/01\/07-Das-Leben-das-uns-bleibt-Die-Goldschmiedin-189x300.jpg 189w\" sizes=\"auto, (max-width: 293px) 100vw, 293px\" \/><\/figure><div class=\"wp-block-media-text__content\">\n<ul class=\"wp-block-list\">\n<li class=\"has-small-font-size\">Das n\u00e4chste Buch, welches ich vom Stapel der ungelesenen B\u00fccher befreit habe, ist das Buch <strong><em>&#8222;Das Leben, das uns bleibt &#8211; Die Goldschmiedin&#8220; <\/em><\/strong>von Tanja Steinlechner.<br>Vor allem hat mich der wundersch\u00f6ne und vor allem sehr kraftvolle Sprachstil der Autorin begeistert. Auch die teils v\u00f6llig unvorhersehbare und emotionale Handlung konnte mich \u00fcberzeugen, auch wenn es mitunter alles sehr d\u00fcster und teilweise deprimierend wirkt. Das Buch spielt zu Beginn in Breslau und anschlie\u00dfend in meiner Heimatstadt Freiburg im Breisgau. Es war spannend, viele der Handlungsorte wiederzuerkennen &#8211; oder auch neu zu entdecken. Es kommen eine Vielzahl unterschiedlichster Charaktere in dieser Geschichte vor. Zu einigen konnte ich schnell eine Beziehung herstellen, andere hingegen blieben mir bis zum Ende eher fern und ihren Denkweisen fremd. Ich bin sehr gl\u00fccklich, dass ich dieses Buch gelesen habe und empfehle es euch gerne weiter.&nbsp;<\/li>\n<\/ul>\n<\/div><\/div>\n\n\n\n<p>_<\/p>\n\n\n\n<p class=\"has-small-font-size\">Herzlichen Dank an die Autorin Leonie Wittkamp f\u00fcr die Zusendung und Bereitstellung ihres Buches als Rezensionsexemplar.<br>Ich bin sehr froh, dass ich einige B\u00fccher vom Stapel der ungelesenen B\u00fccher runtergeholt habe &#8211; auch wenn ich durch meine Neuzug\u00e4nge auch wieder einige dazu bekommen habe. Ein ewiger Kreislauf.<br>Danke an alle Autorinnen und Autoren f\u00fcr die wundersch\u00f6nen und inspirierenden Geschichten.<\/p>\n\n\n\n<p class=\"has-small-font-size\">Liebe Gr\u00fc\u00dfe, eure<\/p>\n\n\n\n<figure class=\"wp-block-image size-large is-resized\"><img loading=\"lazy\" decoding=\"async\" width=\"1024\" height=\"404\" src=\"https:\/\/buechertanz.de\/wp-content\/uploads\/2023\/06\/Unterschrift-1024x404.jpg\" alt=\"\" class=\"wp-image-5276\" style=\"width:175px;height:auto\" srcset=\"https:\/\/buechertanz.de\/wp-content\/uploads\/2023\/06\/Unterschrift-1024x404.jpg 1024w, https:\/\/buechertanz.de\/wp-content\/uploads\/2023\/06\/Unterschrift-300x118.jpg 300w, https:\/\/buechertanz.de\/wp-content\/uploads\/2023\/06\/Unterschrift-768x303.jpg 768w, https:\/\/buechertanz.de\/wp-content\/uploads\/2023\/06\/Unterschrift.jpg 1500w\" sizes=\"auto, (max-width: 1024px) 100vw, 1024px\" \/><\/figure>\n","protected":false},"excerpt":{"rendered":"<p>Hier findet ihr die B\u00fccher, die ich im&nbsp;Januar 2024&nbsp;gelesen habe \u2013 es sind&nbsp;sieben B\u00fccher&nbsp;mit&nbsp;3.246 Seiten&nbsp;geworden. Es war ein sch\u00f6ner und abwechslungsreicher Lesemonat, in welchem ich insgesamt vier B\u00fccher vom Stapel ungelesener B\u00fccher befreit habe, zwei Neuerscheinungen und ein Rezensionsexemplar gelesen habe \u2013 meine ausf\u00fchrlichen Rezensionen findet ihr, wenn ihr auf den entsprechenden Buchtitel klickt.Viel Spa\u00df &hellip; <a href=\"https:\/\/buechertanz.de\/?page_id=6832\" class=\"more-link\"><span class=\"screen-reader-text\">Gelesen Januar 2024<\/span> weiterlesen<\/a><\/p>\n","protected":false},"author":2,"featured_media":0,"parent":0,"menu_order":0,"comment_status":"open","ping_status":"closed","template":"","meta":{"footnotes":""},"class_list":["post-6832","page","type-page","status-publish","hentry"],"_links":{"self":[{"href":"https:\/\/buechertanz.de\/index.php?rest_route=\/wp\/v2\/pages\/6832","targetHints":{"allow":["GET"]}}],"collection":[{"href":"https:\/\/buechertanz.de\/index.php?rest_route=\/wp\/v2\/pages"}],"about":[{"href":"https:\/\/buechertanz.de\/index.php?rest_route=\/wp\/v2\/types\/page"}],"author":[{"embeddable":true,"href":"https:\/\/buechertanz.de\/index.php?rest_route=\/wp\/v2\/users\/2"}],"replies":[{"embeddable":true,"href":"https:\/\/buechertanz.de\/index.php?rest_route=%2Fwp%2Fv2%2Fcomments&post=6832"}],"version-history":[{"count":3,"href":"https:\/\/buechertanz.de\/index.php?rest_route=\/wp\/v2\/pages\/6832\/revisions"}],"predecessor-version":[{"id":6858,"href":"https:\/\/buechertanz.de\/index.php?rest_route=\/wp\/v2\/pages\/6832\/revisions\/6858"}],"wp:attachment":[{"href":"https:\/\/buechertanz.de\/index.php?rest_route=%2Fwp%2Fv2%2Fmedia&parent=6832"}],"curies":[{"name":"wp","href":"https:\/\/api.w.org\/{rel}","templated":true}]}}