{"id":6953,"date":"2024-02-29T07:58:31","date_gmt":"2024-02-29T06:58:31","guid":{"rendered":"https:\/\/buechertanz.de\/?page_id=6953"},"modified":"2024-02-29T15:22:34","modified_gmt":"2024-02-29T14:22:34","slug":"gelesen-februar-2024","status":"publish","type":"page","link":"https:\/\/buechertanz.de\/?page_id=6953","title":{"rendered":"Gelesen Februar 2024"},"content":{"rendered":"\n<p class=\"has-drop-cap has-small-font-size\">Hier findet ihr die B\u00fccher, die ich im&nbsp;<strong>Februar 2024&nbsp;<\/strong>gelesen habe \u2013 es sind&nbsp;<strong>sieben B\u00fccher&nbsp;<\/strong>mit<strong>&nbsp;2.511 Seiten&nbsp;<\/strong>geworden. <br>Ich habe drei B\u00fccher von meinem Stapel ungelesener B\u00fccher befreit, drei Neuerscheinungen und  ein Rezensionsexemplar gelesen  \u2013 meine ausf\u00fchrlichen Rezensionen findet ihr, wenn ihr auf den entsprechenden Buchtitel klickt.<br>Viel Spa\u00df beim Schm\u00f6kern.<\/p>\n\n\n\n<p>_<\/p>\n\n\n<div class=\"wp-block-image\">\n<figure class=\"aligncenter size-full is-resized\"><img loading=\"lazy\" decoding=\"async\" width=\"854\" height=\"855\" src=\"https:\/\/buechertanz.de\/wp-content\/uploads\/2024\/02\/02-Februar_komp.jpg\" alt=\"\" class=\"wp-image-6975\" style=\"width:538px;height:auto\" srcset=\"https:\/\/buechertanz.de\/wp-content\/uploads\/2024\/02\/02-Februar_komp.jpg 854w, https:\/\/buechertanz.de\/wp-content\/uploads\/2024\/02\/02-Februar_komp-300x300.jpg 300w, https:\/\/buechertanz.de\/wp-content\/uploads\/2024\/02\/02-Februar_komp-150x150.jpg 150w, https:\/\/buechertanz.de\/wp-content\/uploads\/2024\/02\/02-Februar_komp-768x769.jpg 768w\" sizes=\"auto, (max-width: 854px) 100vw, 854px\" \/><\/figure><\/div>\n\n\n<p class=\"has-text-align-center\" style=\"font-size:11px\"><em>Meine sieben gelesenen B\u00fccher im Februar 2024 mit insgesamt 2.511 Seiten.<\/em><\/p>\n\n\n\n<p>_<\/p>\n\n\n\n<div class=\"wp-block-media-text is-vertically-aligned-center\" style=\"grid-template-columns:25% auto\"><figure class=\"wp-block-media-text__media\"><img loading=\"lazy\" decoding=\"async\" width=\"287\" height=\"445\" src=\"https:\/\/buechertanz.de\/wp-content\/uploads\/2024\/02\/08-Wer-das-Vergessen-stoert.jpg\" alt=\"\" class=\"wp-image-6869 size-full\" srcset=\"https:\/\/buechertanz.de\/wp-content\/uploads\/2024\/02\/08-Wer-das-Vergessen-stoert.jpg 287w, https:\/\/buechertanz.de\/wp-content\/uploads\/2024\/02\/08-Wer-das-Vergessen-stoert-193x300.jpg 193w\" sizes=\"auto, (max-width: 287px) 100vw, 287px\" \/><\/figure><div class=\"wp-block-media-text__content\">\n<p class=\"has-small-font-size\">Ich startete mit dem Buch <strong><em><a href=\"https:\/\/buechertanz.de\/?p=6874\" target=\"_blank\" rel=\"noreferrer noopener\">&#8222;Wer das Vergessen st\u00f6rt&#8220;<\/a><\/em><\/strong> von Tessa Duncan.<br>Mit einem neuen Namen hat sich Marita Spang (auch als Marie Lacrosse) an ein neues Genre gewagt \u2013&nbsp;und es ist absolut gelungen. Von der ersten Seite wurde ich in die Geschichte gezogen und konnte das Buch nicht mehr aus den H\u00e4nden legen. Das Buch hat mich emotional immer wieder an meine Grenzen gebracht \u2013 und trotzdem musste ich immer weiter lesen.<br>Ber\u00fchrend, mitrei\u00dfend und spannend. Deshalb eine ganz gro\u00dfe Leseempfehlung f\u00fcr diesen beeindruckenden und unvergesslichen Reihen-Auftakt. Bitte mehr davon\u2026<\/p>\n<\/div><\/div>\n\n\n\n<p>_<\/p>\n\n\n\n<div class=\"wp-block-media-text has-media-on-the-right is-vertically-aligned-center\" style=\"grid-template-columns:auto 25%\"><div class=\"wp-block-media-text__content\">\n<p class=\"has-small-font-size\">Weiter ging es mit dem Buch <strong><em>&#8222;Die Henkerstochter und der K\u00f6nig der Bettler&#8220;<\/em><\/strong> von Oliver P\u00f6tzsch, welches ich von meinem Stapel ungelesener B\u00fccher befreite.<br>Mittlerweile habe ich Jacob Kuisel und seine spezielle Art schon sehr in mein Herz geschlossen&#8230; um so mehr litt ich bei diesem Band mit.<br>Auch die Entwicklung der anderen Figuren geht voran (auch wenn mir die st\u00e4ndige Eifersucht zwischen Magdalena und Simon manchmal etwas auf den Nerv ging). Daf\u00fcr ziehe ich aber keinen Punkt ab, denn damit wirken die Beiden einfach lebensecht &#8230; und es macht sie auch gleichzeitig so liebenswert.<br>Die Handlung ist atemberaubend &#8211; wie auch in den ersten beiden B\u00e4nden flog ich nur so durch dieses spannungsgeladene Buch.<br>Empfehlenswert&#8230; sehr empfehlenswert.&nbsp;<\/p>\n<\/div><figure class=\"wp-block-media-text__media\"><img loading=\"lazy\" decoding=\"async\" width=\"316\" height=\"500\" src=\"https:\/\/buechertanz.de\/wp-content\/uploads\/2024\/02\/09-Die-Henkerstochter-und-der-Koenig-der-Bettler.jpg\" alt=\"\" class=\"wp-image-6900 size-full\" srcset=\"https:\/\/buechertanz.de\/wp-content\/uploads\/2024\/02\/09-Die-Henkerstochter-und-der-Koenig-der-Bettler.jpg 316w, https:\/\/buechertanz.de\/wp-content\/uploads\/2024\/02\/09-Die-Henkerstochter-und-der-Koenig-der-Bettler-190x300.jpg 190w\" sizes=\"auto, (max-width: 316px) 100vw, 316px\" \/><\/figure><\/div>\n\n\n\n<p>_<\/p>\n\n\n\n<div class=\"wp-block-media-text is-vertically-aligned-center\" style=\"grid-template-columns:25% auto\"><figure class=\"wp-block-media-text__media\"><img loading=\"lazy\" decoding=\"async\" width=\"294\" height=\"466\" src=\"https:\/\/buechertanz.de\/wp-content\/uploads\/2024\/02\/10-Alsterglanz-Lottes-Hoffnung.jpg\" alt=\"\" class=\"wp-image-6902 size-full\" srcset=\"https:\/\/buechertanz.de\/wp-content\/uploads\/2024\/02\/10-Alsterglanz-Lottes-Hoffnung.jpg 294w, https:\/\/buechertanz.de\/wp-content\/uploads\/2024\/02\/10-Alsterglanz-Lottes-Hoffnung-189x300.jpg 189w\" sizes=\"auto, (max-width: 294px) 100vw, 294px\" \/><\/figure><div class=\"wp-block-media-text__content\">\n<p class=\"has-small-font-size\">Auch das n\u00e4chste Buch stand bisher ungelesen im Regal: <strong><em>&#8222;Alsterglanz &#8211; Lottes Hoffnung&#8220; <\/em><\/strong>von Susanne Rubin. <br>Ich bin so so sooo begeistert. Schon nach den ersten Seiten war ich in der Geschichte angekommen und schloss die vielf\u00e4ltigen und liebenswerten Figuren in mein Herz &#8211; auch wenn es den ein oder anderen nicht so freundlichen Gesellen gibt.<br>Der Prolog wirft direkt zu Beginn viele Fragen auf, deren Antworten ich dann unbedingt erfahren musste. Somit bauen sich eine immense, stellenweise bedrohliche Spannung und ein Sog auf &#8211; dadurch legte ich das Buch nur ungern zur Seite.<br>Ich bin schon sehr gespannt auf den zweiten Band &#8222;Alsterflimmern &#8211; Luises R\u00fcckkehr&#8220;, welchen ich mit Sicherheit ganz bald lesen werde. <\/p>\n<\/div><\/div>\n\n\n\n<p>_<\/p>\n\n\n\n<div class=\"wp-block-media-text has-media-on-the-right is-vertically-aligned-center\" style=\"grid-template-columns:auto 25%\"><div class=\"wp-block-media-text__content\">\n<p class=\"has-small-font-size\">Das Buch <strong><em><a href=\"https:\/\/buechertanz.de\/?p=6914\" target=\"_blank\" rel=\"noreferrer noopener\">&#8222;Glasvulkan &#8211; Schall &amp; Rauch&#8220;<\/a><\/em><\/strong> erhielt ich von der Autorin Silvia Hildebrandt als Rezensionsexemplar. <br>Und ich bin einfach nur so froh und dankbar, dass ich diesen grandiosen Auftakt gelesen habe.<br>Nach dieser au\u00dfergew\u00f6hnlichen Geschichte war ich erstmal v\u00f6llig gepl\u00e4ttet und gleichzeitig von den vielseitigen Charakteren tief ber\u00fchrt. Ja, die Geschichte und die mitunter komplexen Figuren stellen an den Leser\/ die Leserin einen gewissen Anspruch.<br>Es ist kein heiterer und leichter Roman \u2013 sondern eine Geschichte, die noch lange besch\u00e4ftigt und nachhallt. Absolute Leseempfehlung f\u00fcr dieses gelungene Highlight.<br><\/p>\n<\/div><figure class=\"wp-block-media-text__media\"><img loading=\"lazy\" decoding=\"async\" width=\"328\" height=\"500\" src=\"https:\/\/buechertanz.de\/wp-content\/uploads\/2024\/02\/10-Glasvulkan-Schall-und-Rauch.jpg\" alt=\"\" class=\"wp-image-6906 size-full\" srcset=\"https:\/\/buechertanz.de\/wp-content\/uploads\/2024\/02\/10-Glasvulkan-Schall-und-Rauch.jpg 328w, https:\/\/buechertanz.de\/wp-content\/uploads\/2024\/02\/10-Glasvulkan-Schall-und-Rauch-197x300.jpg 197w\" sizes=\"auto, (max-width: 328px) 100vw, 328px\" \/><\/figure><\/div>\n\n\n\n<p>_<\/p>\n\n\n\n<div class=\"wp-block-media-text is-vertically-aligned-center\" style=\"grid-template-columns:25% auto\"><figure class=\"wp-block-media-text__media\"><img loading=\"lazy\" decoding=\"async\" width=\"284\" height=\"445\" src=\"https:\/\/buechertanz.de\/wp-content\/uploads\/2024\/02\/12-Sturm-ueber-Berlin.jpg\" alt=\"\" class=\"wp-image-6931 size-full\" srcset=\"https:\/\/buechertanz.de\/wp-content\/uploads\/2024\/02\/12-Sturm-ueber-Berlin.jpg 284w, https:\/\/buechertanz.de\/wp-content\/uploads\/2024\/02\/12-Sturm-ueber-Berlin-191x300.jpg 191w\" sizes=\"auto, (max-width: 284px) 100vw, 284px\" \/><\/figure><div class=\"wp-block-media-text__content\">\n<p class=\"has-small-font-size\">Dieses 15-seitige Prequel <strong>&#8222;Sturm \u00fcber Berlin&#8220;<\/strong> von Susanne Goga zeigt die Geschehnisse vor dem Reihenauftakt <em><strong><a href=\"https:\/\/buechertanz.de\/?p=2828\" target=\"_blank\" rel=\"noreferrer noopener\">&#8222;Leo Berlin&#8220;<\/a><\/strong><\/em>. <br>Puhh. Wie gesagt&#8230; 15 Seiten. Und ich sa\u00df hier mit Tr\u00e4nen in den Augen und einer G\u00e4nsehaut am ganzen K\u00f6rper.<br>Was f\u00fcr eine Vorgeschichte. Ein Muss f\u00fcr jeden Leo Wechsler-Fan.<\/p>\n<\/div><\/div>\n\n\n\n<p>_<\/p>\n\n\n\n<div class=\"wp-block-media-text has-media-on-the-right is-vertically-aligned-center\" style=\"grid-template-columns:auto 25%\"><div class=\"wp-block-media-text__content\">\n<p class=\"has-small-font-size\">Nach dem Prequel ging es dann mit dem neunten Fall f\u00fcr Leo Wechsler weiter: <strong><em>&#8222;Der Teufel von Tempelhof&#8220;<\/em><\/strong>.<br>Was hat mich diese Geschichte wieder mitgenommen und gleichzeitig haben mich die historischen und gesellschaftlichen Hintergr\u00fcnde so w\u00fctend&#8230; und traurig gemacht. Leo Wechsler unverwechselbare, gutm\u00fctige Art und die immense Spannung (welche auf jeder Seite sp\u00fcrbar ist und kontinuierlich zunimmt) wollten mich das Buch am liebsten am St\u00fcck weglesen. Ich habe mir aber Zeit gelassen, wollte die Intensit\u00e4t und die Atmosph\u00e4re in mich aufnehmen und einfach l\u00e4nger in der Geschichte bleiben. Auch wenn mich diese mitunter sehr an meine pers\u00f6nlichen Grenzen gebracht hat.<br>Nun hei\u00dft es warten&#8230; warten auf einen weiteren Fall f\u00fcr einen meiner absoluten Lieblings-Charaktere.<\/p>\n<\/div><figure class=\"wp-block-media-text__media\"><img loading=\"lazy\" decoding=\"async\" width=\"284\" height=\"445\" src=\"https:\/\/buechertanz.de\/wp-content\/uploads\/2024\/02\/13-Der-Teufel-von-Tempelhof.jpg\" alt=\"\" class=\"wp-image-6933 size-full\" srcset=\"https:\/\/buechertanz.de\/wp-content\/uploads\/2024\/02\/13-Der-Teufel-von-Tempelhof.jpg 284w, https:\/\/buechertanz.de\/wp-content\/uploads\/2024\/02\/13-Der-Teufel-von-Tempelhof-191x300.jpg 191w\" sizes=\"auto, (max-width: 284px) 100vw, 284px\" \/><\/figure><\/div>\n\n\n\n<p>_<\/p>\n\n\n\n<div class=\"wp-block-media-text is-vertically-aligned-center\" style=\"grid-template-columns:25% auto\"><figure class=\"wp-block-media-text__media\"><img loading=\"lazy\" decoding=\"async\" width=\"658\" height=\"1000\" src=\"https:\/\/buechertanz.de\/wp-content\/uploads\/2024\/02\/14-Fraeulein-Liebe-und-das-Glueck-der-Buecher.jpg\" alt=\"\" class=\"wp-image-6949 size-full\" srcset=\"https:\/\/buechertanz.de\/wp-content\/uploads\/2024\/02\/14-Fraeulein-Liebe-und-das-Glueck-der-Buecher.jpg 658w, https:\/\/buechertanz.de\/wp-content\/uploads\/2024\/02\/14-Fraeulein-Liebe-und-das-Glueck-der-Buecher-197x300.jpg 197w\" sizes=\"auto, (max-width: 658px) 100vw, 658px\" \/><\/figure><div class=\"wp-block-media-text__content\">\n<p class=\"has-small-font-size\">Mit <strong><em>&#8222;Fr\u00e4ulein Liebe und das Gl\u00fcck der Liebe&#8220; <\/em><\/strong>von Susanne Esser habe ich wieder ein Highlight gefunden. Und was f\u00fcr eines.<br>Ich sa\u00df hier, habe mitunter gezittert und geweint, weil mich die Geschichte von Eva Liebe so so sehr mitgenommen hat, gleichzeitig habe ich mich gefreut, weil dieses Buch eine so wundersch\u00f6ne Liebeserkl\u00e4rung an die Literatur und an die Buchhandlungen ist.<br>Es ist eine dunkle Zeit, in der das Buch spielt, doch Susanne Esser zeichnet in diese graue und grausame Welt mit ihren vielf\u00e4ltigen Figuren kleine un\u00fcbersehbare Farbtupfer. Sie zeigt, wie die Menschen ihr Leben trotz Krieg, trotz \u00c4ngsten, Entbehrungen und Verlusten ihr Leben gelebt haben. Ein wirklich unvergessliches Buch und ein grandioser Auftakt des Zweiteilers.<br>Ich freue mich auf den zweiten Band &#8222;Fr\u00e4ulein Liebe und der Traum vom Leben&#8220;, welcher am 01. Juli 2024 erscheint.<br>Hier findet ihr ein Interview mit sympathischen Autorin: <a href=\"https:\/\/buechertanz.de\/?page_id=6805\" target=\"_blank\" rel=\"noreferrer noopener\">https:\/\/buechertanz.de\/?page_id=6805<\/a><\/p>\n<\/div><\/div>\n\n\n\n<p>_<\/p>\n\n\n\n<p class=\"has-small-font-size\">Herzlichen Dank an die Autorin Silvia Hildebrandt f\u00fcr die Zusendung und Bereitstellung ihres Buches als Rezensionsexemplar und auch an die Autorin Susanne Esser f\u00fcr die Zusendung ihres Buches als Geschenk.<br>Danke an alle Autorinnen und Autoren f\u00fcr die wundersch\u00f6nen und inspirierenden Geschichten.<\/p>\n\n\n\n<p class=\"has-small-font-size\">Liebe Gr\u00fc\u00dfe, eure<\/p>\n\n\n\n<figure class=\"wp-block-image size-large is-resized\"><img loading=\"lazy\" decoding=\"async\" width=\"1024\" height=\"404\" src=\"https:\/\/buechertanz.de\/wp-content\/uploads\/2023\/06\/Unterschrift-1024x404.jpg\" alt=\"\" class=\"wp-image-5276\" style=\"width:169px;height:auto\" srcset=\"https:\/\/buechertanz.de\/wp-content\/uploads\/2023\/06\/Unterschrift-1024x404.jpg 1024w, https:\/\/buechertanz.de\/wp-content\/uploads\/2023\/06\/Unterschrift-300x118.jpg 300w, https:\/\/buechertanz.de\/wp-content\/uploads\/2023\/06\/Unterschrift-768x303.jpg 768w, https:\/\/buechertanz.de\/wp-content\/uploads\/2023\/06\/Unterschrift.jpg 1500w\" sizes=\"auto, (max-width: 1024px) 100vw, 1024px\" \/><\/figure>\n","protected":false},"excerpt":{"rendered":"<p>Hier findet ihr die B\u00fccher, die ich im&nbsp;Februar 2024&nbsp;gelesen habe \u2013 es sind&nbsp;sieben B\u00fccher&nbsp;mit&nbsp;2.511 Seiten&nbsp;geworden. Ich habe drei B\u00fccher von meinem Stapel ungelesener B\u00fccher befreit, drei Neuerscheinungen und ein Rezensionsexemplar gelesen \u2013 meine ausf\u00fchrlichen Rezensionen findet ihr, wenn ihr auf den entsprechenden Buchtitel klickt.Viel Spa\u00df beim Schm\u00f6kern. _ Meine sieben gelesenen B\u00fccher im Februar 2024 &hellip; <a href=\"https:\/\/buechertanz.de\/?page_id=6953\" class=\"more-link\"><span class=\"screen-reader-text\">Gelesen Februar 2024<\/span> weiterlesen<\/a><\/p>\n","protected":false},"author":2,"featured_media":0,"parent":0,"menu_order":0,"comment_status":"open","ping_status":"closed","template":"","meta":{"footnotes":""},"class_list":["post-6953","page","type-page","status-publish","hentry"],"_links":{"self":[{"href":"https:\/\/buechertanz.de\/index.php?rest_route=\/wp\/v2\/pages\/6953","targetHints":{"allow":["GET"]}}],"collection":[{"href":"https:\/\/buechertanz.de\/index.php?rest_route=\/wp\/v2\/pages"}],"about":[{"href":"https:\/\/buechertanz.de\/index.php?rest_route=\/wp\/v2\/types\/page"}],"author":[{"embeddable":true,"href":"https:\/\/buechertanz.de\/index.php?rest_route=\/wp\/v2\/users\/2"}],"replies":[{"embeddable":true,"href":"https:\/\/buechertanz.de\/index.php?rest_route=%2Fwp%2Fv2%2Fcomments&post=6953"}],"version-history":[{"count":5,"href":"https:\/\/buechertanz.de\/index.php?rest_route=\/wp\/v2\/pages\/6953\/revisions"}],"predecessor-version":[{"id":6977,"href":"https:\/\/buechertanz.de\/index.php?rest_route=\/wp\/v2\/pages\/6953\/revisions\/6977"}],"wp:attachment":[{"href":"https:\/\/buechertanz.de\/index.php?rest_route=%2Fwp%2Fv2%2Fmedia&parent=6953"}],"curies":[{"name":"wp","href":"https:\/\/api.w.org\/{rel}","templated":true}]}}