{"id":6954,"date":"2024-02-29T07:58:32","date_gmt":"2024-02-29T06:58:32","guid":{"rendered":"https:\/\/buechertanz.de\/?page_id=6954"},"modified":"2024-02-29T15:29:09","modified_gmt":"2024-02-29T14:29:09","slug":"neuzugaenge-februar-2024","status":"publish","type":"page","link":"https:\/\/buechertanz.de\/?page_id=6954","title":{"rendered":"Neuzug\u00e4nge Februar 2024"},"content":{"rendered":"\n<p class=\"has-drop-cap has-small-font-size\">Im&nbsp;<strong>Februar 2024<\/strong>&nbsp;sind insgesamt&nbsp;<strong>zehn B\u00fccher&nbsp;<\/strong>hier eingezogen:<br>Ein Rezensionsexemplar, ein Geschenk, ein Buch aus dem \u00f6ffentlichen B\u00fccherschrank und sieben neue B\u00fccher \u2013 zu den ausf\u00fchrlichen Rezensionen gelangt ihr mit einem Klick auf den Titel.<br>Viel Spa\u00df beim St\u00f6bern!<\/p>\n\n\n<div class=\"wp-block-image\">\n<figure class=\"aligncenter size-full is-resized\"><img loading=\"lazy\" decoding=\"async\" width=\"854\" height=\"855\" src=\"https:\/\/buechertanz.de\/wp-content\/uploads\/2024\/02\/02-Februar_komp-1.jpg\" alt=\"\" class=\"wp-image-6978\" style=\"width:572px;height:auto\" srcset=\"https:\/\/buechertanz.de\/wp-content\/uploads\/2024\/02\/02-Februar_komp-1.jpg 854w, https:\/\/buechertanz.de\/wp-content\/uploads\/2024\/02\/02-Februar_komp-1-300x300.jpg 300w, https:\/\/buechertanz.de\/wp-content\/uploads\/2024\/02\/02-Februar_komp-1-150x150.jpg 150w, https:\/\/buechertanz.de\/wp-content\/uploads\/2024\/02\/02-Februar_komp-1-768x769.jpg 768w\" sizes=\"auto, (max-width: 854px) 100vw, 854px\" \/><\/figure><\/div>\n\n\n<p class=\"has-text-align-center\" style=\"font-size:11px\"><em>Meine zehn neuen B\u00fccher im Februar 2024. <\/em><\/p>\n\n\n\n<p>_<\/p>\n\n\n\n<p class=\"has-drop-cap has-small-font-size\"><strong>Rezensionsexemplar:<\/strong><\/p>\n\n\n\n<p class=\"has-medium-font-size\"><\/p>\n\n\n\n<ul class=\"wp-block-list\">\n<li class=\"has-small-font-size\">Silvia Hildebrandt: <em><a href=\"https:\/\/buechertanz.de\/?p=6914\" target=\"_blank\" rel=\"noreferrer noopener\">&#8222;Glasvulkan &#8211; Schall &amp; Rauch&#8220;<\/a><\/em><\/li>\n<\/ul>\n\n\n\n<p class=\"has-drop-cap has-small-font-size\"><strong>Geschenk:<\/strong><\/p>\n\n\n\n<p class=\"has-medium-font-size\"><\/p>\n\n\n\n<ul class=\"wp-block-list\">\n<li class=\"has-small-font-size\">Susanne Esser: <em>&#8222;Fr\u00e4ulein Liebe und das Gl\u00fcck der B\u00fccher&#8220;<\/em><\/li>\n<\/ul>\n\n\n\n<p class=\"has-drop-cap has-small-font-size\"><strong>\u00d6ffentlicher B\u00fccherschrank:<\/strong><\/p>\n\n\n\n<p class=\"has-medium-font-size\"><\/p>\n\n\n\n<ul class=\"wp-block-list\">\n<li class=\"has-small-font-size\">Jessie Burton: <em>&#8222;Das Haus an der Herengracht&#8220;<\/em><\/li>\n<\/ul>\n\n\n\n<p class=\"has-drop-cap has-small-font-size\"><strong>Neue B\u00fccher:<\/strong><\/p>\n\n\n\n<p class=\"has-medium-font-size\"><\/p>\n\n\n\n<ul class=\"wp-block-list\">\n<li class=\"has-small-font-size\">Lilly Bernstein: <em>&#8222;Sturmm\u00e4dchen &#8211; Freundinnen in dunkler Zeit&#8220;<\/em><\/li>\n\n\n\n<li class=\"has-small-font-size\">Antonia Blum: <em>&#8222;Kinderklinik Wei\u00dfensee &#8211; Geteilte Tr\u00e4ume&#8220;<\/em><\/li>\n\n\n\n<li class=\"has-small-font-size\">Susanne Rubin: <em>&#8222;Alsterflimmern &#8211; Luises R\u00fcckkehr&#8220;<\/em><\/li>\n\n\n\n<li class=\"has-small-font-size\">Luise Bastin: <em>&#8222;Tr\u00e4ume aus Karamell&#8220;<\/em><\/li>\n\n\n\n<li class=\"has-small-font-size\">Susanne Goga: <em>&#8222;Sturm \u00fcber Berlin&#8220; <\/em>(eBook) &amp; <em>&#8222;Der Teufel von Tempelhof&#8220;<\/em><\/li>\n\n\n\n<li class=\"has-small-font-size\">Lia Scott: <em>&#8222;Sturmjahre &#8211; Die Melodie der Freiheit&#8220;<\/em><\/li>\n<\/ul>\n\n\n\n<p>_<\/p>\n\n\n\n<p class=\"has-small-font-size\">An dieser Stelle gilt mein besonderer Dank den beiden Autorinnen Silvia Hildebrandt (<em><strong><a href=\"https:\/\/buechertanz.de\/?p=6914\">&#8222;Glasvulkan &#8211; Schall &amp; Rauch&#8220;<\/a><\/strong><\/em>) und Susanne Esser <strong>(<em>&#8222;Fr\u00e4ulein Liebe und das Gl\u00fcck der B\u00fccher&#8220;<\/em>)<\/strong> f\u00fcr die Zusendung und Bereitstellung ihrer B\u00fccher als Rezensionsexemplare und als Geschenk.<br>Von meinen Neuzug\u00e4ngen habe ich bereits einige gelesen &#8211; auf andere darf ich mich noch freuen.<\/p>\n\n\n\n<p class=\"has-small-font-size\">Liebe Gr\u00fc\u00dfe, eure<\/p>\n\n\n\n<figure class=\"wp-block-image size-large is-resized\"><img loading=\"lazy\" decoding=\"async\" width=\"1024\" height=\"404\" src=\"https:\/\/buechertanz.de\/wp-content\/uploads\/2023\/06\/Unterschrift-1024x404.jpg\" alt=\"\" class=\"wp-image-5276\" style=\"width:178px;height:auto\" srcset=\"https:\/\/buechertanz.de\/wp-content\/uploads\/2023\/06\/Unterschrift-1024x404.jpg 1024w, https:\/\/buechertanz.de\/wp-content\/uploads\/2023\/06\/Unterschrift-300x118.jpg 300w, https:\/\/buechertanz.de\/wp-content\/uploads\/2023\/06\/Unterschrift-768x303.jpg 768w, https:\/\/buechertanz.de\/wp-content\/uploads\/2023\/06\/Unterschrift.jpg 1500w\" sizes=\"auto, (max-width: 1024px) 100vw, 1024px\" \/><\/figure>\n","protected":false},"excerpt":{"rendered":"<p>Im&nbsp;Februar 2024&nbsp;sind insgesamt&nbsp;zehn B\u00fccher&nbsp;hier eingezogen:Ein Rezensionsexemplar, ein Geschenk, ein Buch aus dem \u00f6ffentlichen B\u00fccherschrank und sieben neue B\u00fccher \u2013 zu den ausf\u00fchrlichen Rezensionen gelangt ihr mit einem Klick auf den Titel.Viel Spa\u00df beim St\u00f6bern! Meine zehn neuen B\u00fccher im Februar 2024. _ Rezensionsexemplar: Geschenk: \u00d6ffentlicher B\u00fccherschrank: Neue B\u00fccher: _ An dieser Stelle gilt mein besonderer &hellip; <a href=\"https:\/\/buechertanz.de\/?page_id=6954\" class=\"more-link\"><span class=\"screen-reader-text\">Neuzug\u00e4nge Februar 2024<\/span> weiterlesen<\/a><\/p>\n","protected":false},"author":2,"featured_media":0,"parent":0,"menu_order":0,"comment_status":"open","ping_status":"closed","template":"","meta":{"footnotes":""},"class_list":["post-6954","page","type-page","status-publish","hentry"],"_links":{"self":[{"href":"https:\/\/buechertanz.de\/index.php?rest_route=\/wp\/v2\/pages\/6954","targetHints":{"allow":["GET"]}}],"collection":[{"href":"https:\/\/buechertanz.de\/index.php?rest_route=\/wp\/v2\/pages"}],"about":[{"href":"https:\/\/buechertanz.de\/index.php?rest_route=\/wp\/v2\/types\/page"}],"author":[{"embeddable":true,"href":"https:\/\/buechertanz.de\/index.php?rest_route=\/wp\/v2\/users\/2"}],"replies":[{"embeddable":true,"href":"https:\/\/buechertanz.de\/index.php?rest_route=%2Fwp%2Fv2%2Fcomments&post=6954"}],"version-history":[{"count":5,"href":"https:\/\/buechertanz.de\/index.php?rest_route=\/wp\/v2\/pages\/6954\/revisions"}],"predecessor-version":[{"id":6980,"href":"https:\/\/buechertanz.de\/index.php?rest_route=\/wp\/v2\/pages\/6954\/revisions\/6980"}],"wp:attachment":[{"href":"https:\/\/buechertanz.de\/index.php?rest_route=%2Fwp%2Fv2%2Fmedia&parent=6954"}],"curies":[{"name":"wp","href":"https:\/\/api.w.org\/{rel}","templated":true}]}}