{"id":707,"date":"2019-07-25T07:33:15","date_gmt":"2019-07-25T06:33:15","guid":{"rendered":"http:\/\/buechertanz.de\/?page_id=707"},"modified":"2022-03-31T07:59:23","modified_gmt":"2022-03-31T06:59:23","slug":"gelesen-juni-2019","status":"publish","type":"page","link":"https:\/\/buechertanz.de\/?page_id=707","title":{"rendered":"Gelesen Juni 2019"},"content":{"rendered":"\n<p class=\"has-drop-cap has-small-font-size\">Hier seht ihr die B\u00fccher, die ich im Juni 2019 gelesen habe und ihr bekommt einen ersten Eindruck. Die ausf\u00fchrlichen Rezensionen folgen.<br>Falls es schon eine Rezension auf meinem Blog gibt, gelangt ihr mit einem Klick auf den Titel direkt bei der Rezension.<\/p>\n\n\n\n<figure class=\"wp-block-image\"><img loading=\"lazy\" decoding=\"async\" width=\"1024\" height=\"768\" src=\"https:\/\/buechertanz.de\/wp-content\/uploads\/2019\/07\/06-Juni-2019-1024x768.jpg\" alt=\"\" class=\"wp-image-718\" srcset=\"https:\/\/buechertanz.de\/wp-content\/uploads\/2019\/07\/06-Juni-2019-1024x768.jpg 1024w, https:\/\/buechertanz.de\/wp-content\/uploads\/2019\/07\/06-Juni-2019-300x225.jpg 300w, https:\/\/buechertanz.de\/wp-content\/uploads\/2019\/07\/06-Juni-2019-768x576.jpg 768w\" sizes=\"auto, (max-width: 1024px) 100vw, 1024px\" \/><figcaption>Gelesene B\u00fccher Juni 2019:<br>&#8211; Vier B\u00fccher<br>&#8211; 2.263 Seiten<br><\/figcaption><\/figure>\n\n\n\n<p class=\"has-small-font-size\">__<\/p>\n\n\n\n<p class=\"has-small-font-size\"><strong>Jeffrey Archer: \u201eDas Spiel der M\u00e4chtigen\u201c<br>erschienen am 13. Mai 2019<br>Goldmann, ISBN:  978-3453471580 <\/strong><br><br><strong>Klappentext:<\/strong><br><em>&#8222;Zwei M\u00e4nner, grundverschieden und doch gleich: Der eine, Lubji Hoch, entstammt einer armen Familie osteurop\u00e4ischer Juden. Er beginnt im Nachkriegs-Berlin mit dem Aufbau einer Zeitung. Der andere, Keith Townsend, Sohn eines Zeitungsbesitzers in Melbourne, steigt in wenigen Jahren zum bedeutendsten Verleger Australiens auf. Doch seine Tr\u00e4ume gehen weit dar\u00fcber hinaus. Es ist nur eine Frage der Zeit, bis sich die Kreise dieser beiden M\u00e4nner im Angesicht vom Kampf um Macht und Liebe schneiden werden. Jeder von ihnen hat das Ziel, das gr\u00f6\u00dfte Medienimperium der Welt zu besitzen. Nur einer von ihnen wird \u00fcberleben \u2026 &#8222;<\/em><br><br><strong>Meine Meinung:<\/strong><br>Wer meinen Blog auch auf Facebook verfolgt, hat wahrscheinlich gemerkt, wie sehr mich dieses Buch beeindruckt hat. Es hat mich stellenweise nicht mehr losgelassen, ich musste einfach in jeder freien Minute lesen &#8211; das schaffen nicht viele Autoren &#8211; aber bei Jeffrey Archer ist es immer so. <br>Es machte mich teilweise sprachlos, wie die beiden Hauptcharaktere sich hassen&#8230; wie sie sich Steine in den Weg legen um den anderen zu st\u00fcrzen.<br>Ganz gro\u00dfes Kopfkino.<br><br>__<\/p>\n\n\n\n<p class=\"has-small-font-size\"><strong>Anne Jacobs: &#8222;Das Erbe der Tuchvilla&#8220;<\/strong><br><strong>erschienen am 19. Dezember 2016<\/strong><br><strong>Blanvalet, ISBN:  978-3734103261 <\/strong><br><br><strong>Klappentext:<\/strong><br><em>&#8222;Augsburg, 1920. In der Tuchvilla blickt man voller Optimismus in die Zukunft. Paul Melzer ist aus russischer Kriegsgefangenschaft zur\u00fcck und \u00fcbernimmt die Leitung der Tuchfabrik, um der Firma wieder zu altem Glanz zu verhelfen. Seine Schwester Elisabeth zieht mit einer neuen Liebe wieder im Herrenhaus der Familie ein. Und Pauls junge Frau Marie will sich einen lang gehegten Traum erf\u00fcllen: ihr eigenes Modeatelier. Ihre Modelle haben gro\u00dfen Erfolg, doch es kommt immer wieder zu Streitigkeiten mit Paul &#8211; bis Marie schlie\u00dflich die Tuchvilla mit den Kindern verl\u00e4sst &#8230; &#8222;<\/em><br><br><strong>Meine Meinung:<\/strong><br>Dieser Teil gefiel mir sehr viel besser als der zweite Teil. Die Charaktere machen dann doch teilweise noch eine tolle Ver\u00e4nderung durch &#8211; stellenweise ist es richtig spannend. <br>Mir werden nach diesem letzten Teil viele der Charaktere fehlen.<br><br>__<\/p>\n\n\n\n<p class=\"has-small-font-size\"><strong>Rebecca Martin: &#8222;Die vergessene Freundin&#8220;<\/strong><br><strong>erschienen am 14. Januar 2019<\/strong><br><strong>Diana, ISBN: 978-3453358843 <\/strong><br><br><strong>Klappentext:<\/strong><br><em>&#8220; Frankfurt am Main. Elisabeth Kramer, einst eine ber\u00fchmte Schauspielerin, ist entsetzt als sie von den Pl\u00e4nen ihrer Nichte erf\u00e4hrt. Diese m\u00f6chte eine Festschrift zum 90. Jubil\u00e4um des Lichtspieltheaters Odeon schreiben lassen. Elisabeths Vater gr\u00fcndete das Odeon einst, und die alte Frau f\u00fcrchtet, dass mit den Recherchen ihre Vergangenheit aufger\u00fchrt wird. Eine Vergangenheit, die sie seit Jahrzehnten verdr\u00e4ngt hat &#8211; und damit eine lang zur\u00fcckliegende Schuld \u2026 Die Geschichte nahm ihren Anfang im Jahr 1923 als die forsche und doch verletzliche Tonja in Elisabeths Klasse kam. Eine tiefe Freundschaft begann \u2013 und sie endete in einer Katastrophe.&#8220;<\/em><br><br><br><strong>Meine Meinung:<\/strong><br>Das Buch hat mir sehr gefallen: Es ist stimmig und sehr atmosph\u00e4risch &#8211; langweilig wurde es nie. Eine sch\u00f6ne Lekt\u00fcre f\u00fcr warme Tage, die aber auch zum Nachdenken anregt.<br><br>__<\/p>\n\n\n\n<p class=\"has-small-font-size\"><strong>Anne Stern: <a href=\"http:\/\/ISBN-13: 978-3982091303\" target=\"_blank\" rel=\"noreferrer noopener\">&#8222;Das Lied der Seilt\u00e4nzerin&#8220;<\/a><\/strong><br><strong>erschienen am 12. Juni 2019<\/strong><br><strong>Anne St\u00e4hr, ISBN: 978-3982091303<\/strong><br><br><br><strong>Klappentext:<\/strong><br><em>&#8222;K\u00f6nigreich Preu\u00dfen, 1788: Die K\u00fcchenmagd Leila ist ein Findelkind, ohne Erinnerung an ihre Vergangenheit und mit seltsamen Talenten, die sie sich selbst nicht erkl\u00e4ren kann. Als der junge Maler Nepomuk sie zu seiner Muse macht, \u00f6ffnet sich f\u00fcr sie eine neue Welt. In den Salons der Stadt treffen die beiden auf den Kronprinzen Friedrich Wilhelm, der auch fasziniert von Leila ist. Nur wenige helle Tage im Sommer dauert die Verbindung zwischen ihr und dem jungen F\u00fcrsten. Die Sehnsucht nach individueller Freiheit, nach Gl\u00fcck eint sie. Doch dann zerrei\u00dft das zarte Band zwischen ihnen. Leila macht sich auf die Suche nach dem Geheimnis ihrer Herkunft. Sie muss herausfinden, wohin sie geh\u00f6rt.&#8220; <\/em><br><br><br><strong>Mein Eindruck:<\/strong><br>Ich bin von diesem Buch sehr begeistert. <a href=\"https:\/\/buechertanz.de\/?p=695\" target=\"_blank\" rel=\"noreferrer noopener\">Hier <\/a>findet ihr meine Rezension.<br><br>__<\/p>\n\n\n\n<div class=\"wp-block-image\"><figure class=\"aligncenter is-resized\"><img loading=\"lazy\" decoding=\"async\" src=\"https:\/\/buechertanz.de\/wp-content\/uploads\/2019\/03\/Blume-5.png\" alt=\"\" class=\"wp-image-367\" width=\"213\" height=\"245\" srcset=\"https:\/\/buechertanz.de\/wp-content\/uploads\/2019\/03\/Blume-5.png 264w, https:\/\/buechertanz.de\/wp-content\/uploads\/2019\/03\/Blume-5-260x300.png 260w\" sizes=\"auto, (max-width: 213px) 100vw, 213px\" \/><\/figure><\/div>\n","protected":false},"excerpt":{"rendered":"<p>Hier seht ihr die B\u00fccher, die ich im Juni 2019 gelesen habe und ihr bekommt einen ersten Eindruck. Die ausf\u00fchrlichen Rezensionen folgen.Falls es schon eine Rezension auf meinem Blog gibt, gelangt ihr mit einem Klick auf den Titel direkt bei der Rezension. __ Jeffrey Archer: \u201eDas Spiel der M\u00e4chtigen\u201cerschienen am 13. Mai 2019Goldmann, ISBN: 978-3453471580 &hellip; <a href=\"https:\/\/buechertanz.de\/?page_id=707\" class=\"more-link\"><span class=\"screen-reader-text\">Gelesen Juni 2019<\/span> weiterlesen<\/a><\/p>\n","protected":false},"author":2,"featured_media":0,"parent":0,"menu_order":0,"comment_status":"open","ping_status":"closed","template":"","meta":{"footnotes":""},"class_list":["post-707","page","type-page","status-publish","hentry"],"_links":{"self":[{"href":"https:\/\/buechertanz.de\/index.php?rest_route=\/wp\/v2\/pages\/707","targetHints":{"allow":["GET"]}}],"collection":[{"href":"https:\/\/buechertanz.de\/index.php?rest_route=\/wp\/v2\/pages"}],"about":[{"href":"https:\/\/buechertanz.de\/index.php?rest_route=\/wp\/v2\/types\/page"}],"author":[{"embeddable":true,"href":"https:\/\/buechertanz.de\/index.php?rest_route=\/wp\/v2\/users\/2"}],"replies":[{"embeddable":true,"href":"https:\/\/buechertanz.de\/index.php?rest_route=%2Fwp%2Fv2%2Fcomments&post=707"}],"version-history":[{"count":5,"href":"https:\/\/buechertanz.de\/index.php?rest_route=\/wp\/v2\/pages\/707\/revisions"}],"predecessor-version":[{"id":2988,"href":"https:\/\/buechertanz.de\/index.php?rest_route=\/wp\/v2\/pages\/707\/revisions\/2988"}],"wp:attachment":[{"href":"https:\/\/buechertanz.de\/index.php?rest_route=%2Fwp%2Fv2%2Fmedia&parent=707"}],"curies":[{"name":"wp","href":"https:\/\/api.w.org\/{rel}","templated":true}]}}