{"id":7077,"date":"2024-03-30T21:47:55","date_gmt":"2024-03-30T20:47:55","guid":{"rendered":"https:\/\/buechertanz.de\/?page_id=7077"},"modified":"2024-04-14T13:55:55","modified_gmt":"2024-04-14T12:55:55","slug":"gelesen-maerz-2024","status":"publish","type":"page","link":"https:\/\/buechertanz.de\/?page_id=7077","title":{"rendered":"Gelesen M\u00e4rz 2024"},"content":{"rendered":"\n<p class=\"has-drop-cap has-small-font-size\">Hier findet ihr die B\u00fccher, die ich im&nbsp;<strong>M\u00e4rz 2024&nbsp;<\/strong>gelesen habe \u2013 es sind&nbsp;<strong>f\u00fcnf B\u00fccher&nbsp;<\/strong>mit<strong>&nbsp;2.266 Seiten&nbsp;<\/strong>geworden.<br>Das Buch <em>&#8222;Sturmjahre &#8211; Die Melodie der Freiheit&#8220;<\/em> wurde letzten Monat gekauft, die anderen vier B\u00fccher sind Rezensionsexemplare, welche ich diesen Monat erhalten habe \u2013 meine ausf\u00fchrlichen Rezensionen findet ihr, wenn ihr auf den entsprechenden Buchtitel klickt.<br>Viel Spa\u00df beim Schm\u00f6kern.<\/p>\n\n\n\n<p>_<\/p>\n\n\n<div class=\"wp-block-image is-style-default\">\n<figure class=\"aligncenter size-full is-resized\"><img loading=\"lazy\" decoding=\"async\" width=\"750\" height=\"748\" src=\"https:\/\/buechertanz.de\/wp-content\/uploads\/2024\/03\/03-Maerz_komp.jpg\" alt=\"\" class=\"wp-image-7088\" style=\"width:505px;height:auto\" srcset=\"https:\/\/buechertanz.de\/wp-content\/uploads\/2024\/03\/03-Maerz_komp.jpg 750w, https:\/\/buechertanz.de\/wp-content\/uploads\/2024\/03\/03-Maerz_komp-300x300.jpg 300w, https:\/\/buechertanz.de\/wp-content\/uploads\/2024\/03\/03-Maerz_komp-150x150.jpg 150w\" sizes=\"auto, (max-width: 750px) 100vw, 750px\" \/><\/figure><\/div>\n\n\n<p>_<\/p>\n\n\n\n<div class=\"wp-block-media-text is-vertically-aligned-center\" style=\"grid-template-columns:25% auto\"><figure class=\"wp-block-media-text__media\"><img loading=\"lazy\" decoding=\"async\" width=\"293\" height=\"445\" src=\"https:\/\/buechertanz.de\/wp-content\/uploads\/2024\/03\/15-Sturmjahre-Die-Melodie-der-Freiheit.jpg\" alt=\"\" class=\"wp-image-6981 size-full\" srcset=\"https:\/\/buechertanz.de\/wp-content\/uploads\/2024\/03\/15-Sturmjahre-Die-Melodie-der-Freiheit.jpg 293w, https:\/\/buechertanz.de\/wp-content\/uploads\/2024\/03\/15-Sturmjahre-Die-Melodie-der-Freiheit-198x300.jpg 198w\" sizes=\"auto, (max-width: 293px) 100vw, 293px\" \/><\/figure><div class=\"wp-block-media-text__content\">\n<p class=\"has-small-font-size\">Auf das Buch <em><strong>&#8222;Sturmjahre &#8211; Die Melodie der Freiheit&#8220;<\/strong> <\/em>von Lia Scott habe ich mich schon so sehr gefreut. Ich liebe diese Buchreihe so sehr&#8230; Im September 2023 habe ich den zweiten Band gelesen und seitdem fieberte ich diesem dritten Band entgegen. Wie ich diese Reihe und die bereits bekannten und auch die neuen Figuren liebe. Mittlerweile f\u00fchlt es sich an, wie ein &#8222;nach Hause kommen&#8220;. Ich freue mich mit dieser einzigartigen Familie, ich lache und leide mit ihnen &#8211; ich m\u00f6chte sie alle einfach nicht mehr missen.<br>Die liebevollen Landschaftsbeschreibungen und der geschichtliche Hintergrund sorgen f\u00fcr das perfekte Wegtr\u00e4um-Gef\u00fchl.<br>Tjaaa&#8230; und nun? Nun m\u00f6chte ich, dass ganz schnell der 28. August 2024 ist &#8211; dann erscheint der vierte Band: &#8222;Sturmjahre &#8211; Der Ruf des Gl\u00fccks&#8220;.<\/p>\n<\/div><\/div>\n\n\n\n<p>_<\/p>\n\n\n\n<div class=\"wp-block-media-text has-media-on-the-right is-vertically-aligned-center\" style=\"grid-template-columns:auto 25%\"><div class=\"wp-block-media-text__content\">\n<p class=\"has-small-font-size\">Tief beeindruckt und zu Tr\u00e4nen ger\u00fchrt hat mich meine n\u00e4chste Lekt\u00fcre: <strong><em><a href=\"https:\/\/buechertanz.de\/?p=6995\" target=\"_blank\" rel=\"noreferrer noopener\">&#8222;Das Opernhaus &#8211; Rot das Feuer&#8220;<\/a> <\/em><\/strong>von Anne Stern. <br>Dieser zweite Band hat mir tats\u00e4chlich noch einmal besser gefallen als der Auftakt <strong><em><a href=\"https:\/\/buechertanz.de\/?p=5093\" target=\"_blank\" rel=\"noreferrer noopener\">&#8222;Das Opernhaus &#8211; Dunkel der Himmel, goldhell die Melodie&#8220;<\/a><\/em><\/strong>: Die Spannung steigert sich von Seite zu Seite und entl\u00e4dt sich erst in den letzten Kapiteln, weshalb ich das Buch nur \u00e4u\u00dferst ungern aus den H\u00e4nden legen wollte.<br>Ja&#8230; Anne Stern hat mit diesem kraftvollen und gleichzeitig doch so feinf\u00fchligen Geschichte wieder einmal gezeigt, warum sie zu meinen absoluten Lieblingsautorinnen geh\u00f6rt. Sehr sehr lesenswert.<\/p>\n<\/div><figure class=\"wp-block-media-text__media\"><img loading=\"lazy\" decoding=\"async\" width=\"286\" height=\"445\" src=\"https:\/\/buechertanz.de\/wp-content\/uploads\/2024\/03\/16-Rot-das-Feuer.jpg\" alt=\"\" class=\"wp-image-6988 size-full\" srcset=\"https:\/\/buechertanz.de\/wp-content\/uploads\/2024\/03\/16-Rot-das-Feuer.jpg 286w, https:\/\/buechertanz.de\/wp-content\/uploads\/2024\/03\/16-Rot-das-Feuer-193x300.jpg 193w\" sizes=\"auto, (max-width: 286px) 100vw, 286px\" \/><\/figure><\/div>\n\n\n\n<p>_<\/p>\n\n\n\n<div class=\"wp-block-media-text is-vertically-aligned-center\" style=\"grid-template-columns:25% auto\"><figure class=\"wp-block-media-text__media\"><img loading=\"lazy\" decoding=\"async\" width=\"350\" height=\"534\" src=\"https:\/\/buechertanz.de\/wp-content\/uploads\/2024\/03\/17-Eine-grenzenlose-Welt-Aufbruch.jpg\" alt=\"\" class=\"wp-image-6993 size-full\" srcset=\"https:\/\/buechertanz.de\/wp-content\/uploads\/2024\/03\/17-Eine-grenzenlose-Welt-Aufbruch.jpg 350w, https:\/\/buechertanz.de\/wp-content\/uploads\/2024\/03\/17-Eine-grenzenlose-Welt-Aufbruch-197x300.jpg 197w\" sizes=\"auto, (max-width: 350px) 100vw, 350px\" \/><\/figure><div class=\"wp-block-media-text__content\">\n<p class=\"has-small-font-size\"><strong><em><a href=\"https:\/\/buechertanz.de\/?p=7020\" target=\"_blank\" rel=\"noreferrer noopener\">&#8222;Eine grenzenlose Welt &#8211; Aufbruch&#8220;<\/a> <\/em><\/strong>von Sonja Roos ist der farbenpr\u00e4chtige und stimmungsvolle Auftakt zu einer Trilogie, welcher mich ab der ersten Seite mitgenommen hat und bis zur letzten Seite nicht mehr losgelassen hat.<br>Zu den vielf\u00e4ltigen Charakteren habe ich schnell einen Zugang gefunden und zudem habe ich eine Menge zu der Geschichte der Auswanderung im ausgehenden 19. Jahrhundert gelernt.<br>Ein sehr gelungenes, unterhaltsames und lehrreiches Lesevergn\u00fcgen &#8211; herzlichen Dank daf\u00fcr. Eine ganz gro\u00dfe Leseempfehlung.<br>Nun hei\u00dft es bis zum 19. Juni 2024 warten, dann erscheint der zweite Band <strong><em>&#8222;Eine grenzenlose Welt &#8211; Schicksal&#8220;<\/em><\/strong> als Paperback und eBook.<\/p>\n<\/div><\/div>\n\n\n\n<p>_<\/p>\n\n\n\n<div class=\"wp-block-media-text has-media-on-the-right is-vertically-aligned-center\" style=\"grid-template-columns:auto 25%\"><div class=\"wp-block-media-text__content\">\n<p class=\"has-small-font-size\">Meine n\u00e4chste Lekt\u00fcre war das Buch<a href=\"https:\/\/buechertanz.de\/?p=7048\" target=\"_blank\" rel=\"noreferrer noopener\"> <strong><em>&#8222;Das Verm\u00e4chtnis der Agnes Bernauer&#8220;<\/em><\/strong><\/a><strong><em> <\/em><\/strong>von Silke Elzner. Das Buch wird am 09. April 2024 erscheinen, weshalb ich an dieser Stelle nicht genauer auf das Buch eingehen werde. <br>Am Erscheinungstag wird meine ausf\u00fchrliche Rezension online gehen. <\/p>\n<\/div><figure class=\"wp-block-media-text__media\"><img loading=\"lazy\" decoding=\"async\" width=\"444\" height=\"674\" src=\"https:\/\/buechertanz.de\/wp-content\/uploads\/2024\/03\/18-Das-Vermaechtnis-der-Agnes-Bernauer.jpg\" alt=\"\" class=\"wp-image-7013 size-full\" srcset=\"https:\/\/buechertanz.de\/wp-content\/uploads\/2024\/03\/18-Das-Vermaechtnis-der-Agnes-Bernauer.jpg 444w, https:\/\/buechertanz.de\/wp-content\/uploads\/2024\/03\/18-Das-Vermaechtnis-der-Agnes-Bernauer-198x300.jpg 198w\" sizes=\"auto, (max-width: 444px) 100vw, 444px\" \/><\/figure><\/div>\n\n\n\n<p>_<\/p>\n\n\n\n<div class=\"wp-block-media-text is-vertically-aligned-center\" style=\"grid-template-columns:25% auto\"><figure class=\"wp-block-media-text__media\"><img loading=\"lazy\" decoding=\"async\" width=\"350\" height=\"555\" src=\"https:\/\/buechertanz.de\/wp-content\/uploads\/2024\/03\/19-Der-Pakt-der-Frauen.jpg\" alt=\"\" class=\"wp-image-7053 size-full\" srcset=\"https:\/\/buechertanz.de\/wp-content\/uploads\/2024\/03\/19-Der-Pakt-der-Frauen.jpg 350w, https:\/\/buechertanz.de\/wp-content\/uploads\/2024\/03\/19-Der-Pakt-der-Frauen-189x300.jpg 189w\" sizes=\"auto, (max-width: 350px) 100vw, 350px\" \/><\/figure><div class=\"wp-block-media-text__content\">\n<p class=\"has-small-font-size\"><strong><em><a href=\"https:\/\/buechertanz.de\/?p=7067\" target=\"_blank\" rel=\"noreferrer noopener\">&#8222;Der Pakt der Frauen&#8220;<\/a> <\/em><\/strong>von Julia Kr\u00f6hn bildete den Abschluss eines wundersch\u00f6nen Lesemonats. <br>Das Buch ist allerdings keine leichte Kost f\u00fcr zwischendurch. &nbsp;Es ist eine Geschichte, welche ich mit Sicherheit so schnell nicht wieder vergessen werde. Ber\u00fchrend, aufw\u00fchlend, emotional, sehr lehrreich und definitiv ein Highlight im Lesejahr 2024.<br>Ganz gro\u00dfe Leseempfehlung!<\/p>\n<\/div><\/div>\n\n\n\n<p>_<\/p>\n\n\n\n<p class=\"has-drop-cap has-small-font-size\">Herzlichen Dank an die Autorin Silke Elzner, dem Rowohlt Verlag, dem Goldmann Verlag und dem Heyne Verlag  f\u00fcr die Zusendung und Bereitstellung der B\u00fccher als Rezensionsexemplare.  <br>Und ein gro\u00dfes Danke an alle Autorinnen und Autoren f\u00fcr die wundersch\u00f6nen und inspirierenden Geschichten, welche begleitet, mitgerissen und begeistert haben.<\/p>\n\n\n\n<p class=\"has-small-font-size\">Liebe Gr\u00fc\u00dfe,<\/p>\n\n\n\n<figure class=\"wp-block-image size-large is-resized\"><img loading=\"lazy\" decoding=\"async\" width=\"1024\" height=\"404\" src=\"https:\/\/buechertanz.de\/wp-content\/uploads\/2023\/06\/Unterschrift-1024x404.jpg\" alt=\"\" class=\"wp-image-5276\" style=\"width:170px;height:auto\" srcset=\"https:\/\/buechertanz.de\/wp-content\/uploads\/2023\/06\/Unterschrift-1024x404.jpg 1024w, https:\/\/buechertanz.de\/wp-content\/uploads\/2023\/06\/Unterschrift-300x118.jpg 300w, https:\/\/buechertanz.de\/wp-content\/uploads\/2023\/06\/Unterschrift-768x303.jpg 768w, https:\/\/buechertanz.de\/wp-content\/uploads\/2023\/06\/Unterschrift.jpg 1500w\" sizes=\"auto, (max-width: 1024px) 100vw, 1024px\" \/><\/figure>\n\n\n<div class=\"wp-block-image is-style-rounded\">\n<figure class=\"aligncenter size-full is-resized\"><img loading=\"lazy\" decoding=\"async\" width=\"264\" height=\"305\" src=\"https:\/\/buechertanz.de\/wp-content\/uploads\/2023\/06\/Blume.png\" alt=\"\" class=\"wp-image-5274\" style=\"width:102px;height:auto\" srcset=\"https:\/\/buechertanz.de\/wp-content\/uploads\/2023\/06\/Blume.png 264w, https:\/\/buechertanz.de\/wp-content\/uploads\/2023\/06\/Blume-260x300.png 260w\" sizes=\"auto, (max-width: 264px) 100vw, 264px\" \/><\/figure><\/div>","protected":false},"excerpt":{"rendered":"<p>Hier findet ihr die B\u00fccher, die ich im&nbsp;M\u00e4rz 2024&nbsp;gelesen habe \u2013 es sind&nbsp;f\u00fcnf B\u00fccher&nbsp;mit&nbsp;2.266 Seiten&nbsp;geworden.Das Buch &#8222;Sturmjahre &#8211; Die Melodie der Freiheit&#8220; wurde letzten Monat gekauft, die anderen vier B\u00fccher sind Rezensionsexemplare, welche ich diesen Monat erhalten habe \u2013 meine ausf\u00fchrlichen Rezensionen findet ihr, wenn ihr auf den entsprechenden Buchtitel klickt.Viel Spa\u00df beim Schm\u00f6kern. _ &hellip; <a href=\"https:\/\/buechertanz.de\/?page_id=7077\" class=\"more-link\"><span class=\"screen-reader-text\">Gelesen M\u00e4rz 2024<\/span> weiterlesen<\/a><\/p>\n","protected":false},"author":2,"featured_media":0,"parent":0,"menu_order":0,"comment_status":"open","ping_status":"closed","template":"","meta":{"footnotes":""},"class_list":["post-7077","page","type-page","status-publish","hentry"],"_links":{"self":[{"href":"https:\/\/buechertanz.de\/index.php?rest_route=\/wp\/v2\/pages\/7077","targetHints":{"allow":["GET"]}}],"collection":[{"href":"https:\/\/buechertanz.de\/index.php?rest_route=\/wp\/v2\/pages"}],"about":[{"href":"https:\/\/buechertanz.de\/index.php?rest_route=\/wp\/v2\/types\/page"}],"author":[{"embeddable":true,"href":"https:\/\/buechertanz.de\/index.php?rest_route=\/wp\/v2\/users\/2"}],"replies":[{"embeddable":true,"href":"https:\/\/buechertanz.de\/index.php?rest_route=%2Fwp%2Fv2%2Fcomments&post=7077"}],"version-history":[{"count":4,"href":"https:\/\/buechertanz.de\/index.php?rest_route=\/wp\/v2\/pages\/7077\/revisions"}],"predecessor-version":[{"id":7158,"href":"https:\/\/buechertanz.de\/index.php?rest_route=\/wp\/v2\/pages\/7077\/revisions\/7158"}],"wp:attachment":[{"href":"https:\/\/buechertanz.de\/index.php?rest_route=%2Fwp%2Fv2%2Fmedia&parent=7077"}],"curies":[{"name":"wp","href":"https:\/\/api.w.org\/{rel}","templated":true}]}}