{"id":708,"date":"2019-07-25T07:33:16","date_gmt":"2019-07-25T06:33:16","guid":{"rendered":"http:\/\/buechertanz.de\/?page_id=708"},"modified":"2023-01-04T13:46:23","modified_gmt":"2023-01-04T12:46:23","slug":"neuzugaenge-juni-2019","status":"publish","type":"page","link":"https:\/\/buechertanz.de\/?page_id=708","title":{"rendered":"Neuzug\u00e4nge Juni 2019"},"content":{"rendered":"\n<p class=\"has-drop-cap has-small-font-size\"> Im Juni 2019 sind 33 neue B\u00fccher eingezogen: Zw\u00f6lf B\u00fccher vom Flohmarkt,  sechs neue B\u00fccher,  <br>zw\u00f6lf B\u00fccher aus \u00f6ffentlichen B\u00fccherschr\u00e4nken, zwei Geschenke und ein Rezensionsexemplar fanden den Weg in mein B\u00fccherregal. <br>Von diesen Neuzug\u00e4ngen musste ich &#8222;Das Lied der Seilt\u00e4nzerin&#8220; von Anne Stern sofort lesen, da ich sehr gespannt auf die Geschichte war.<br><br>Falls es eine Rezension auf meinem Blog gibt, gelangt ihr mit einem Klick auf den Titel direkt bei der Rezension. <\/p>\n\n\n<div class=\"wp-block-image\">\n<figure class=\"aligncenter is-resized\"><img loading=\"lazy\" decoding=\"async\" src=\"https:\/\/buechertanz.de\/wp-content\/uploads\/2019\/07\/06-Juni-1024x768.jpg\" alt=\"\" class=\"wp-image-722\" width=\"499\" height=\"374\" srcset=\"https:\/\/buechertanz.de\/wp-content\/uploads\/2019\/07\/06-Juni-1024x768.jpg 1024w, https:\/\/buechertanz.de\/wp-content\/uploads\/2019\/07\/06-Juni-300x225.jpg 300w, https:\/\/buechertanz.de\/wp-content\/uploads\/2019\/07\/06-Juni-768x576.jpg 768w\" sizes=\"auto, (max-width: 499px) 100vw, 499px\" \/><\/figure><\/div>\n\n\n<p>_<\/p>\n\n\n\n<p class=\"has-drop-cap has-small-font-size\"><strong>Flohmarkt-Funde:<\/strong><\/p>\n\n\n\n<p><\/p>\n\n\n\n<ul class=\"has-small-font-size wp-block-list\"><li>Andrea Schacht:<br><em>&#8222;Der dunkle Spiegel&#8220; &amp; &#8222;Kreuzblume&#8220;<\/em><\/li><li>Julia Freidank: <br><em>&#8222;Die Gauklerin von Kaltenberg&#8220;<\/em><\/li><li>Hazel Gaynor: <br><em>&#8222;Das M\u00e4dchen aus dem Savoy&#8220;<\/em><\/li><li>Sidney Sheldon: <br><em>&#8222;Diamanten-Dynastie&#8220;<\/em><\/li><li>Charles Dickens: <br><em>&#8222;Eine Geschichte aus zwei St\u00e4dten&#8220;<\/em><\/li><li>Elke Vesper:<br><em>&#8222;Die Frauen der Wolkenraths&#8220;, &#8222;Die Tr\u00e4ume der T\u00f6chter&#8220;, &#8222;Die Wege der Wolkenraths&#8220;<\/em><\/li><li>Petra Oelker: <br><em>&#8222;Zwei Schwestern&#8220;<\/em><\/li><li>Helene Sommerfeld: <br><em>&#8222;Die \u00c4rztin &#8211; Das Licht der Welt&#8220;<\/em><\/li><li>Cecelia Ahern: <br><em>&#8222;Die Liebe deines Lebens&#8220;<\/em><\/li><\/ul>\n\n\n\n<p>_<\/p>\n\n\n\n<p class=\"has-drop-cap has-small-font-size\"><strong>Neue B\u00fccher:<\/strong><\/p>\n\n\n\n<p><\/p>\n\n\n\n<ul class=\"has-small-font-size wp-block-list\"><li>Maja Lunde: <br><em>&#8222;Die Geschichte des Wassers&#8220;<\/em><\/li><li>Lilli Beck: <br><em>&#8222;Wie der Wind und das Meer&#8220;<\/em><\/li><li>Christina Baker: <br><em>&#8222;Der Zug der Waisen&#8220;<\/em><\/li><li>Cristina Caboni: <br><em>&#8222;Die Seident\u00f6chter&#8220;<\/em><\/li><li>Deborah Moggach: <br><em>&#8222;Tulpenfieber&#8220;<\/em><\/li><li>Marie Lamballe: <br><em>&#8222;Caf\u00e9 Engel &#8211; Schicksalhafte Jahre&#8220;<\/em><\/li><\/ul>\n\n\n\n<p>_<\/p>\n\n\n\n<p class=\"has-drop-cap has-small-font-size\"><strong>\u00d6ffentliche B\u00fccherschr\u00e4nke:<\/strong><\/p>\n\n\n\n<p><\/p>\n\n\n\n<ul class=\"has-small-font-size wp-block-list\"><li>Lluis Llach: <br><em>&#8222;Die Frauen von La Principal&#8220;<\/em><\/li><li>Liz Trenow: <br><em>&#8222;Das Kastanienhaus&#8220;<\/em><\/li><li>Maria Barbal: <br><em>&#8222;Ein Brief aus der Ferne&#8220;<\/em><\/li><li>Hugo Hamilton: <br><em>&#8222;Der irische Freund&#8220;<\/em><\/li><li>Alexander Osang: <br><em>&#8222;K\u00f6nigstorkinder&#8220;<\/em><\/li><li>Felix Dahn: <br><em>&#8222;Ein Kampf um Rom&#8220;<\/em><\/li><li>Jane Watt: <br><em>&#8222;Die Herrin von Llyn&#8220;<\/em><\/li><li>Cornelia Wusowsky: <br><em>&#8222;Katharina von Medici&#8220;<\/em><\/li><li>Laura Bastian: <br><em>&#8222;Die Rose von Radwick&#8220;<\/em><\/li><li>Sten Nadolny: <br><em>&#8222;Die Entdeckung der Lamgsamkeit&#8220;<\/em><\/li><li>Diana Gabaldon: <br><em>&#8222;Feuer und Stein&#8220;<\/em><\/li><li>Sandra Gulland: <br><em>&#8222;Jos\u00e9phine und Napoleon&#8220;<\/em><\/li><\/ul>\n\n\n\n<p>_<\/p>\n\n\n\n<p class=\"has-drop-cap has-small-font-size\"><strong>Rezensionsexemplare:<\/strong><\/p>\n\n\n\n<p><\/p>\n\n\n\n<ul class=\"has-small-font-size wp-block-list\"><li>Anne Stern: <br><a rel=\"noreferrer noopener\" href=\"https:\/\/buechertanz.de\/?p=695\" target=\"_blank\">&#8222;Das Lied der Seilt\u00e4nzerin&#8220;<\/a><\/li><\/ul>\n\n\n\n<p>_<\/p>\n\n\n\n<p class=\"has-drop-cap has-small-font-size\"><strong>Geschenke:<\/strong><\/p>\n\n\n\n<p><\/p>\n\n\n\n<ul class=\"has-small-font-size wp-block-list\"><li>Elena Ferrante: <br><em>&#8222;Frantumaglia &#8211; mein geschriebenes Leben&#8220;<\/em><\/li><li>Ralph Giordano: <br><em>&#8222;Mein Irisches Tagebuch&#8220;<\/em><\/li><\/ul>\n\n\n\n<p class=\"has-small-font-size\">_<\/p>\n\n\n<div class=\"wp-block-image\">\n<figure class=\"aligncenter is-resized\"><img loading=\"lazy\" decoding=\"async\" src=\"https:\/\/buechertanz.de\/wp-content\/uploads\/2019\/03\/Blume-5.png\" alt=\"\" class=\"wp-image-367\" width=\"201\" height=\"231\" srcset=\"https:\/\/buechertanz.de\/wp-content\/uploads\/2019\/03\/Blume-5.png 264w, https:\/\/buechertanz.de\/wp-content\/uploads\/2019\/03\/Blume-5-260x300.png 260w\" sizes=\"auto, (max-width: 201px) 100vw, 201px\" \/><\/figure><\/div>\n\n\n<p><br><br><\/p>\n","protected":false},"excerpt":{"rendered":"<p>Im Juni 2019 sind 33 neue B\u00fccher eingezogen: Zw\u00f6lf B\u00fccher vom Flohmarkt, sechs neue B\u00fccher, zw\u00f6lf B\u00fccher aus \u00f6ffentlichen B\u00fccherschr\u00e4nken, zwei Geschenke und ein Rezensionsexemplar fanden den Weg in mein B\u00fccherregal. Von diesen Neuzug\u00e4ngen musste ich &#8222;Das Lied der Seilt\u00e4nzerin&#8220; von Anne Stern sofort lesen, da ich sehr gespannt auf die Geschichte war. Falls es &hellip; <a href=\"https:\/\/buechertanz.de\/?page_id=708\" class=\"more-link\"><span class=\"screen-reader-text\">Neuzug\u00e4nge Juni 2019<\/span> weiterlesen<\/a><\/p>\n","protected":false},"author":2,"featured_media":0,"parent":0,"menu_order":0,"comment_status":"open","ping_status":"closed","template":"","meta":{"footnotes":""},"class_list":["post-708","page","type-page","status-publish","hentry"],"_links":{"self":[{"href":"https:\/\/buechertanz.de\/index.php?rest_route=\/wp\/v2\/pages\/708","targetHints":{"allow":["GET"]}}],"collection":[{"href":"https:\/\/buechertanz.de\/index.php?rest_route=\/wp\/v2\/pages"}],"about":[{"href":"https:\/\/buechertanz.de\/index.php?rest_route=\/wp\/v2\/types\/page"}],"author":[{"embeddable":true,"href":"https:\/\/buechertanz.de\/index.php?rest_route=\/wp\/v2\/users\/2"}],"replies":[{"embeddable":true,"href":"https:\/\/buechertanz.de\/index.php?rest_route=%2Fwp%2Fv2%2Fcomments&post=708"}],"version-history":[{"count":9,"href":"https:\/\/buechertanz.de\/index.php?rest_route=\/wp\/v2\/pages\/708\/revisions"}],"predecessor-version":[{"id":4235,"href":"https:\/\/buechertanz.de\/index.php?rest_route=\/wp\/v2\/pages\/708\/revisions\/4235"}],"wp:attachment":[{"href":"https:\/\/buechertanz.de\/index.php?rest_route=%2Fwp%2Fv2%2Fmedia&parent=708"}],"curies":[{"name":"wp","href":"https:\/\/api.w.org\/{rel}","templated":true}]}}