{"id":7127,"date":"2024-04-04T10:24:35","date_gmt":"2024-04-04T09:24:35","guid":{"rendered":"https:\/\/buechertanz.de\/?page_id=7127"},"modified":"2024-04-04T13:58:36","modified_gmt":"2024-04-04T12:58:36","slug":"bettina-pecha","status":"publish","type":"page","link":"https:\/\/buechertanz.de\/?page_id=7127","title":{"rendered":"Bettina Pecha"},"content":{"rendered":"\n<ul class=\"wp-block-list\">\n<li><strong>Zur Autorin: Biografie, Kontakt und Bibliografie<\/strong> <\/li>\n<\/ul>\n\n\n\n<div class=\"wp-block-media-text is-vertically-aligned-center\" style=\"grid-template-columns:40% auto\"><figure class=\"wp-block-media-text__media\"><img loading=\"lazy\" decoding=\"async\" width=\"683\" height=\"1024\" src=\"https:\/\/buechertanz.de\/wp-content\/uploads\/2024\/04\/Bettina-Pecha_01_komp-683x1024.jpg\" alt=\"\" class=\"wp-image-7136 size-full\" srcset=\"https:\/\/buechertanz.de\/wp-content\/uploads\/2024\/04\/Bettina-Pecha_01_komp-683x1024.jpg 683w, https:\/\/buechertanz.de\/wp-content\/uploads\/2024\/04\/Bettina-Pecha_01_komp-200x300.jpg 200w, https:\/\/buechertanz.de\/wp-content\/uploads\/2024\/04\/Bettina-Pecha_01_komp-768x1152.jpg 768w, https:\/\/buechertanz.de\/wp-content\/uploads\/2024\/04\/Bettina-Pecha_01_komp.jpg 960w\" sizes=\"auto, (max-width: 683px) 100vw, 683px\" \/><\/figure><div class=\"wp-block-media-text__content\">\n<p class=\"has-purple-color has-text-color has-link-color has-small-font-size wp-elements-84dba2cc5555593da8771d6bd6e1dd61\"><strong>Biografie:<\/strong><\/p>\n\n\n\n<p class=\"has-drop-cap has-small-font-size\">Geboren wurde Bettina Pecha in Bremen, aufgewachsen ist sie in Siegen. Bereits als Sch\u00fclerin ver\u00f6ffentlichte sie Kurzgeschichten in Zeitschriften. Sie verbrachte vier Jahre in England, wo sie an der Oxford Brookes University Sprachen studierte. In ihrer Freizeit befasste sie sich intensiv mit der britischen Geschichte. Ihre Romane &#8222;Die Liebesbotin der K\u00f6nigin&#8220; und &#8222;Eine Liebe im Schatten der Krone&#8220; spielen im England und Schottland des 16. Jahrhunderts.<br>Heute lebt die Autorin mit ihrer Familie im s\u00fcdlichen Schwarzwald. Die Besch\u00e4ftigung mit der j\u00fcngeren Geschichte ihrer Wahlheimat hat sie zu der Wirtschaftswunder-Saga &#8222;Die Stra\u00dfe des Gl\u00fccks&#8220; und &#8222;Die Zeit der Hoffnung&#8220; inspiriert, die in der Nachkriegszeit und den 1950\/60er Jahren spielt.<br>Seit 2012 ist Bettina Pecha Mitglied bei der Autorenvereinigung<a href=\"http:\/\/www.delia-online.de\/\" target=\"_blank\" rel=\"noreferrer noopener\">&nbsp;DELIA.<\/a><br>(Quelle: www.bettinapecha.de)<\/p>\n<\/div><\/div>\n\n\n\n<p style=\"font-size:11px\"><em>Copyright Foto: Julia Hirt, Schwenningen<\/em> <\/p>\n\n\n\n<p class=\"has-purple-color has-text-color has-link-color has-small-font-size wp-elements-93bb40d67cbd808dff18d86f13544c2c\"><strong>Homepage\/ Kontakt:<\/strong><\/p>\n\n\n\n<ul class=\"wp-block-list\">\n<li class=\"has-small-font-size\"><a href=\"https:\/\/www.bettinapecha.de\" target=\"_blank\" rel=\"noreferrer noopener\">https:\/\/www.bettinapecha.de<\/a><\/li>\n\n\n\n<li class=\"has-small-font-size\"><a href=\"https:\/\/www.harpercollins.de\/collections\/bettina-pecha\" target=\"_blank\" rel=\"noreferrer noopener\">https:\/\/www.harpercollins.de\/collections\/bettina-pecha<\/a><\/li>\n\n\n\n<li class=\"has-small-font-size\"><a href=\"https:\/\/www.lovelybooks.de\/autor\/Bettina-Pecha\/\" target=\"_blank\" rel=\"noreferrer noopener\">https:\/\/www.lovelybooks.de\/autor\/Bettina-Pecha\/<\/a><\/li>\n<\/ul>\n\n\n\n<p class=\"has-purple-color has-text-color has-link-color has-small-font-size wp-elements-a12260607ca9be952fa223017c258817\"><strong>Bibliografie:<\/strong><\/p>\n\n\n\n<div class=\"wp-block-media-text has-media-on-the-right is-vertically-aligned-center\"><div class=\"wp-block-media-text__content\">\n<ul class=\"wp-block-list\">\n<li class=\"has-small-font-size\">&#8222;Eine Liebesbotin der K\u00f6nigin&#8220; (2014)<\/li>\n\n\n\n<li class=\"has-small-font-size\">&#8222;Eine Liebe im Schatten der Krone&#8220; (2015)<\/li>\n\n\n\n<li class=\"has-small-font-size\">&#8222;Die Stra\u00dfe des Gl\u00fccks&#8220; (2021)<\/li>\n\n\n\n<li class=\"has-small-font-size\"><a href=\"https:\/\/buechertanz.de\/?p=7108\" target=\"_blank\" rel=\"noreferrer noopener\">&#8222;Die Zeit der Hoffnung&#8220;<\/a> (2024)<\/li>\n<\/ul>\n<\/div><figure class=\"wp-block-media-text__media\"><img loading=\"lazy\" decoding=\"async\" width=\"893\" height=\"903\" src=\"https:\/\/buechertanz.de\/wp-content\/uploads\/2024\/04\/Bibliografie.jpg\" alt=\"\" class=\"wp-image-7137 size-full\" srcset=\"https:\/\/buechertanz.de\/wp-content\/uploads\/2024\/04\/Bibliografie.jpg 893w, https:\/\/buechertanz.de\/wp-content\/uploads\/2024\/04\/Bibliografie-297x300.jpg 297w, https:\/\/buechertanz.de\/wp-content\/uploads\/2024\/04\/Bibliografie-768x777.jpg 768w\" sizes=\"auto, (max-width: 893px) 100vw, 893px\" \/><\/figure><\/div>\n\n\n<div class=\"wp-block-image is-style-rounded\">\n<figure class=\"aligncenter size-full is-resized\"><img loading=\"lazy\" decoding=\"async\" width=\"264\" height=\"305\" src=\"https:\/\/buechertanz.de\/wp-content\/uploads\/2023\/06\/Blume.png\" alt=\"\" class=\"wp-image-5274\" style=\"width:91px;height:auto\" srcset=\"https:\/\/buechertanz.de\/wp-content\/uploads\/2023\/06\/Blume.png 264w, https:\/\/buechertanz.de\/wp-content\/uploads\/2023\/06\/Blume-260x300.png 260w\" sizes=\"auto, (max-width: 264px) 100vw, 264px\" \/><\/figure><\/div>\n\n\n<ul class=\"wp-block-list\">\n<li><strong>Interview<\/strong><\/li>\n<\/ul>\n\n\n\n<p class=\"has-drop-cap has-small-font-size\">Im April 2024 habe ich mit der Autorin Bettina Pecha ein sehr interessantes Interview gef\u00fchrt &#8211; ihr findet es direkt hier. Viel Freude beim Lesen. <br>Die Copyrights der verwendeten Fotos liegen ausschlie\u00dflich bei Julia Hirt aus Schwenningen und bei Bettina Pecha. <\/p>\n\n\n\n<p class=\"has-small-font-size\"><strong>Hallo liebe Bettina, erstmal vielen Dank, dass du uns in diesem Interview einen Einblick in dein Autorinnenleben und in dein literarisches Werk gibst.<br>Magst du uns dein neues Buch &#8222;Die Zeit der Hoffnung&#8220; in drei Worten beschreiben?<\/strong><br>Bettina: <em>&#8222;Liebe, Freundschaft, Hoffnung. <\/em><br><em>Die Liebe steht in dem Roman im Vordergrund, sehr wichtig ist aber auch die Freundschaft zwischen der Protagonistin und anderen Frauen. Freundschaft beinhaltet Treue und Zuverl\u00e4ssigkeit, sie muss auch Entt\u00e4uschungen verkraften k\u00f6nnen. Hoffnung spielt ebenfalls eine bedeutende Rolle in diesem Buch, wie es ja der Titel schon andeutet. Ich glaube, Hoffnung ist f\u00fcr jeden Menschen wichtig, um die Klippen des Lebens meistern zu k\u00f6nnen.<\/em>&#8222;<\/p>\n\n\n\n<p class=\"has-small-font-size\"><strong><strong>Wann und wie wurde dir klar, dass du eine Romanreihe \u00fcber die Wirtschaftswunder-Zeit schreiben m\u00f6chtest? Gab es einen \u201aSchl\u00fcssel-Moment\u201c?<\/strong><\/strong><br>Bettina: <em>&#8222;Nein, es gab keinen Schl\u00fcssel-Moment. Meine Eltern haben die Nachkriegs- und Wirtschaftswunderzeit als junge Erwachsene erlebt und waren fasziniert von dem kometenhaften Aufstieg der westdeutschen Wirtschaft. Sie haben mir so viel dar\u00fcber erz\u00e4hlt, dass ich manchmal den Eindruck hatte, selbst dabei gewesen zu sein. Sp\u00e4ter merkte ich allerdings, dass sie diese \u00c4ra mit etwas verkl\u00e4rten Augen sahen. Irgendwann kam mir der Gedanke, dass es ein guter Stoff f\u00fcr ein Buch sein k\u00f6nnte. Diese Zeit liegt noch gar nicht lange zur\u00fcck und war trotzdem in vieler Hinsicht so ganz anders, wie wir es uns heute zum Gl\u00fcck kaum noch vorstellen k\u00f6nnen.&#8220;<\/em><\/p>\n\n\n\n<p class=\"has-small-font-size\"><strong>Wie ist deine Empfehlung: Sollte man den ersten Band \u201e<em>Die Stra\u00dfe des Gl\u00fccks<\/em>\u201c unbedingt vor \u201e<em>Die Zeit der Hoffnung<\/em>\u201c gelesen haben? Oder kann man die Teile unabh\u00e4ngig voneinander lesen?<\/strong><br>Bettina: <em>&#8222;Man kann beide Teile gut unabh\u00e4ngig voneinander lesen und kommt meiner Meinung nach schnell in die Handlung hinein. Wenn man die Reihe aber noch nicht kennt, empfiehlt es sich nat\u00fcrlich, mit Band 1 &#8222;Die Stra\u00dfe des Gl\u00fccks&#8220; anzufangen.&#8220;<\/em><\/p>\n\n\n\n<p class=\"has-small-font-size\"><strong>\u201eDie Stra\u00dfe des Gl\u00fccks\u201c spielt zum gr\u00f6\u00dften Teil, \u201eDie Zeit der Hoffnung\u201c teilweise in dem fiktiven Ort Erbingen. Du hast dich allerdings an der Stadt Villingen orientiert \u2013 warum hast du einen fiktiven Namen gew\u00e4hlt?<\/strong><br>Bettina: <em>&#8222;Ja, Erbingen ist Villingen. Ein fiktiver Name gibt einem Autor grunds\u00e4tzlich mehr Freiheiten, weshalb sich viele daf\u00fcr entscheiden &#8211; gerade bei kleineren Orten. Man muss die Stadt dann beispielsweise nicht ma\u00dfstabgetreu beschreiben, sondern kann sie der Handlung anpassen. Auch irgendwelche, nicht beabsichtigten \u00c4hnlichkeiten mit lebenden oder verstorbenen Personen sind dann ausgeschlossen.&#8220;<\/em><\/p>\n\n\n\n<div class=\"wp-block-media-text is-vertically-aligned-center\" style=\"grid-template-columns:35% auto\"><figure class=\"wp-block-media-text__media\"><img loading=\"lazy\" decoding=\"async\" width=\"882\" height=\"1024\" src=\"https:\/\/buechertanz.de\/wp-content\/uploads\/2024\/04\/Bettina_Pecha_Privat-882x1024.jpg\" alt=\"\" class=\"wp-image-7138 size-full\" srcset=\"https:\/\/buechertanz.de\/wp-content\/uploads\/2024\/04\/Bettina_Pecha_Privat-882x1024.jpg 882w, https:\/\/buechertanz.de\/wp-content\/uploads\/2024\/04\/Bettina_Pecha_Privat-258x300.jpg 258w, https:\/\/buechertanz.de\/wp-content\/uploads\/2024\/04\/Bettina_Pecha_Privat-768x892.jpg 768w, https:\/\/buechertanz.de\/wp-content\/uploads\/2024\/04\/Bettina_Pecha_Privat.jpg 910w\" sizes=\"auto, (max-width: 882px) 100vw, 882px\" \/><\/figure><div class=\"wp-block-media-text__content\">\n<p class=\"has-small-font-size\"><strong>Wie bist du bei der Recherche vorgegangen? Welche Recherchemittel standen dir zur Verf\u00fcgung? Warst du an den Orten deiner Geschichten?<\/strong><br>Bettina: <em>&#8222;Ich habe B\u00fccher zu den einzelnen Themen gelesen. Sehr viel wertvoller ist aber die Recherche im Internet, hier finde ich oft &#8211; manchmal erst nach langer, intensiver Suche &#8211; die punktgenaue Antwort auf meine historischen Fragen, unterst\u00fctzt von Bildmaterial. F\u00fcr die Kapitel rund um den Berliner Mauerbau war mir YouTube eine gro\u00dfe Hilfe. In Doku-Sendungen wurde die schrittweise Abriegelung des Ostsektors gezeigt. Die Verzweiflung und Ohnmacht der Menschen ging mir auch mehr als 60 Jahre sp\u00e4ter noch unter die Haut. Au\u00dferdem habe ich im Laufe der Jahre viele Gespr\u00e4che mit Zeitzeugen gef\u00fchrt, lange, bevor mir der Gedanke kam, eine Reihe dar\u00fcber zu schreiben. Aber die Menschen wollten von ihren Erlebnissen erz\u00e4hlen, und mich hat es interessiert.<\/em>&#8222;<\/p>\n<\/div><\/div>\n\n\n\n<p style=\"font-size:11px\"><em>Copyright Foto privat<\/em><\/p>\n\n\n\n<p class=\"has-small-font-size\"><br><strong>Deine Romane &#8222;Die Liebesbotin der K\u00f6nigin&#8220; und &#8222;Eine Liebe im Schatten der Krone&#8220; spielen im England und Schottland des 16. Jahrhunderts. \u201eDie Stra\u00dfe des Gl\u00fccks\u201c und \u201eDie Zeit der Hoffnung\u201c spielen w\u00e4hrend der deutschen Nachkriegszeit. Welche Zeit \u00fcbt einen gr\u00f6\u00dferen Reiz auf dich aus? Und warum ist das so?<\/strong><br>Bettina: <em>&#8222;Beide Epochen faszinieren mich. In Gro\u00dfbritannien gibt es noch sehr viele gute erhaltene Bauwerke aus dem 16. Jahrhundert. Fast jede Stadt hat ein historisches Zentrum, wo man in die Vergangenheit eintauchen kann. Den gr\u00f6\u00dferen Reiz \u00fcbt aber doch die Nachkriegszeit auf mich aus, weil sie so nahe bei der Gegenwart liegt.&#8220;<\/em><\/p>\n\n\n\n<p class=\"has-small-font-size\"><strong>Was magst du besonders daran, Buchreihen zu schreiben?<\/strong><br>Bettina: <em>&#8222;7. Die Wirtschaftswunder-Saga ist meine erste Buchreihe, &#8222;Die Liebesbotin der K\u00f6nigin&#8220; und &#8222;Eine Liebe im Schatten der Krone&#8220; sind zwei voneinander unabh\u00e4ngige Romane. An meiner Buchreihe gef\u00e4llt mir, dass die Charaktere aus dem ersten Band wieder dabei sind, sie sind vertraut und entwickeln sich gleichzeitig weiter. Daneben kommen neue Figuren dazu, die ich auch entsprechend der Handlung gestalte.&#8220;<\/em><\/p>\n\n\n\n<p class=\"has-small-font-size\"><strong>Wie beh\u00e4ltst du beim Schreiben den \u00dcberblick \u00fcber deine vielen Figuren und deren Hintergr\u00fcnde?<\/strong><br>Bettina: <em>&#8222;Ich lege Akten \u00fcber meine Charaktere an: \u00c4u\u00dfere Beschreibung, Merkmale des Charakters und Hintergrund. Das ist sehr wichtig, denn tats\u00e4chlich vergesse ich Einzelheiten, gerade, was Band 1 &#8222;Die Stra\u00dfe des Gl\u00fccks&#8220; betrifft. Und es darf nat\u00fcrlich keine Ungereimtheiten geben.&#8220;<\/em><\/p>\n\n\n\n<p class=\"has-small-font-size\"><strong>Was macht f\u00fcr dich eine gute fiktive Figur aus und f\u00fcr wie wichtig empfindest du fiktive Figuren in einem historischen Roman?<\/strong><br>Bettina: <em>&#8222;Eine gute fiktive Figur muss vor allem \u00fcberzeugend her\u00fcberkommen. Ob sie einen sympathischen oder unsympathischen Charakter darstellt, spielt dabei keine Rolle. Sie darf sich widerspr\u00fcchlich und unlogisch verhalten, aber ihr Verhalten muss f\u00fcr den Leser stimmig und nachvollziehbar sein. F\u00fcr mich sind fiktive Figuren in einem historischen Roman sehr wichtig, sie geben mir als Autorin viel Freiheit in Bezug auf den Plot.&#8220;<\/em><\/p>\n\n\n\n<p class=\"has-small-font-size\"><strong>Hast du in unter deinen Figuren in deinen B\u00fcchern eine Lieblingsfigur? Wenn ja, wen und warum?<\/strong><br>Bettina: <em>&#8222;Die beiden Protagonisten sind meine Lieblingsfiguren. In Katharina steckt ein St\u00fcck von mir selbst. Moritz, die m\u00e4nnliche Hauptfigur, muss man n\u00e4her kennenlernen, um ihn lieb zu gewinnen. Unter den Neben-Charakteren ist Elli mein Favorit. Ich mag ihre trotzige Art, sich nicht auf ihrem Weg beirren zu lassen.&#8220;<\/em><\/p>\n\n\n\n<div class=\"wp-block-media-text has-media-on-the-right is-vertically-aligned-center\"><div class=\"wp-block-media-text__content\">\n<p class=\"has-small-font-size\"><strong>Wie sieht dein Schreib-Alltag\/ deine Schreib-Routine aus? Was sind deine St\u00f6rfaktoren beim Schreiben?<\/strong><br>Bettina: <em>&#8222;Ich schreibe meistens am Vormittag, da bin ich ausgeruht und kann mich konzentrieren. Der Nachmittag geh\u00f6rt eher dem Haushalt und anderen Pflichten. Abends recherchiere ich gerne oder lese. St\u00f6rfaktoren k\u00f6nnen das Telefon (ich gehe fast immer hin) und WhatsApp-Nachrichten sein (da bin ich einfach neugierig, wer mir geschrieben hat).<\/em>&#8222;<\/p>\n<\/div><figure class=\"wp-block-media-text__media\"><img loading=\"lazy\" decoding=\"async\" width=\"1020\" height=\"1024\" src=\"https:\/\/buechertanz.de\/wp-content\/uploads\/2024\/04\/Lovelybooks-2000-1020x1024.jpg\" alt=\"\" class=\"wp-image-7140 size-full\" srcset=\"https:\/\/buechertanz.de\/wp-content\/uploads\/2024\/04\/Lovelybooks-2000-1020x1024.jpg 1020w, https:\/\/buechertanz.de\/wp-content\/uploads\/2024\/04\/Lovelybooks-2000-300x300.jpg 300w, https:\/\/buechertanz.de\/wp-content\/uploads\/2024\/04\/Lovelybooks-2000-150x150.jpg 150w, https:\/\/buechertanz.de\/wp-content\/uploads\/2024\/04\/Lovelybooks-2000-768x771.jpg 768w, https:\/\/buechertanz.de\/wp-content\/uploads\/2024\/04\/Lovelybooks-2000-1531x1536.jpg 1531w, https:\/\/buechertanz.de\/wp-content\/uploads\/2024\/04\/Lovelybooks-2000.jpg 2000w\" sizes=\"auto, (max-width: 1020px) 100vw, 1020px\" \/><\/figure><\/div>\n\n\n\n<p class=\"has-text-align-right\" style=\"font-size:11px\"><em>Copyright Foto: Julia Hirt, Schwenningen<\/em> <\/p>\n\n\n\n<p class=\"has-small-font-size\"><strong>\u00dcber welche Epoche\/ welches Land\/ Thema k\u00f6nntest du dir \u00fcberhaupt nicht vorstellen einen Roman zu schreiben? Warum?<\/strong><br>Bettina: <em>&#8222;Zur Epoche: Vermutlich werde ich nie einen Roman \u00fcber den Drei\u00dfigj\u00e4hrigen Krieg schreiben. Die Gr\u00e4ueltaten, die \u00fcber Jahrzehnte an der unschuldigen Zivilbev\u00f6lkerung ver\u00fcbt wurden, lassen mich schaudern. Ich m\u00f6chte sie nicht beschreiben.<br>Zum Land: L\u00e4nder, die seit vielen Jahren unter Krieg, Terror und den Folgen leiden, werde ich wohl eher nicht beschreiben. Nat\u00fcrlich ist das Leben kein Rosengarten und wer historische Romane schreibt, kommt an der Schilderung von brutalen Ereignissen nicht vorbei, das ist auch bei meinen B\u00fcchern so. Ansonsten w\u00fcrde ja auch ein geschichtlich unkorrektes Bild entstehen. Ich versuche aber, diesen Anteil gering zu halten.<br>Zum Thema: Folter, grausame Verbrechen, Kindesmissbrauch u. \u00e4.&#8220;<\/em><\/p>\n\n\n\n<p class=\"has-small-font-size\"><strong>Viele Autoren und Autorinnen schreiben unter Pseudonymen. Wie stehst du zu Pseudonymen? Warum bleibst du, trotz eines \u201aGenrewechsels\u2018 bei deinem Namen?<\/strong><br>Bettina: <em>&#8222;Von vielen Verlagen wird ein Pseudonym angeregt, gerade beim Genrewechsel. Der neue Autorenname soll eine gedankliche Verbindung zum Genre herstellen, zum Beispiel ein franz\u00f6sischer Name, wenn die Handlung in Frankreich spielt. Das ist bestimmt sinnvoll, wie \u00fcberhaupt ein sch\u00f6nes, klangvolles Pseudonym was f\u00fcr sich hat. Aber ich bleibe lieber so, wie ich bin. Zwar kann ich mir sch\u00f6nere Nachnamen als &#8222;Pecha&#8220; vorstellen, aber &#8211; es ist mein eigener Name, mit dem ich mich auch identifiziere.&#8220;<\/em><\/p>\n\n\n\n<p class=\"has-small-font-size\"><strong>Du bist Mitglied bei der Autorenvereinigung \u201aDelia\u2018. Wie wichtig ist dir der Kontakt mit anderen Autoren\/ Autorinnen und deinen Lesern\/ Leserinnen?<\/strong><br>Bettina: <em>&#8222;Der Kontakt mit meinen Leser*innen ist mir sehr wichtig, denn ich schreibe ja f\u00fcr sie. Daher ist ihr Feedback f\u00fcr mich so wertvoll. \u00dcber die Autorenvereinigung DELIA habe ich wunderbare Kolleg*innen kennengelernt, der Austausch mit ihnen ist sehr bereichernd. Wenn ich mit einem Problem oder einer Frage nicht weiterkomme, finde ich dort eigentlich fast immer Hilfe. Wir unterst\u00fctzen uns gegenseitig und obwohl gerade der Buchmarkt ja ziemlich hart ist, habe ich in der Gruppe noch nie &#8222;Ellbogentaktik&#8220; erlebt.&#8220;<\/em><\/p>\n\n\n\n<p class=\"has-small-font-size\"><strong>Was kannst du schon zu deinem neuen Schreibprojekt erz\u00e4hlen?<\/strong><br>Bettina: <em>&#8222;Mein neues Schreibprojekt ist der 3. Band meiner Wirtschaftswunder-Saga. Er f\u00fchrt in die sp\u00e4ten 1960er Jahre; die Adenauer-\u00c4ra ist zu Ende und eine junge Generation ist herangewachsen, die mit der alten Moral und ihren Zw\u00e4ngen nichts mehr anfangen kann. Die vertrauten Figuren trifft man nat\u00fcrlich auch wieder. Es wird zwei Liebesgeschichten geben, eine mit dem Schwerpunkt in der alten Bundesrepublik und eine Ost-West-Beziehung.&#8220;<\/em><\/p>\n\n\n\n<p class=\"has-small-font-size\"><strong>Was liest du gerne zu deinem eigenen Vergn\u00fcgen?<\/strong><br>Bettina: <em>&#8222;Es interessiert mich immer, wie Kolleg*innen ein Thema bearbeiten, \u00fcber das ich gerade schreibe. Zum Beispiel der neue Roman &#8222;Was nun, Annabell?&#8220; von Gisela B\u00f6hne, der sich auch mit der deutschen Teilung befasst und den ich sehr empfehlen kann. Rein zum Vergn\u00fcgen lese ich gern die beschaulichen Krimis von Agatha Christie und die ber\u00fchrenden Liebesgeschichten von Jojo Moyes.&#8220;<\/em><\/p>\n\n\n\n<p class=\"has-small-font-size\"><strong>Herzlichen Dank liebe Bettina f\u00fcr deine Antworten und die spannenden Einblicke. Ich w\u00fcnsche dir und deinem neuen Buch <em>&#8222;Die Zeit der Hoffnung&#8220;<\/em> alles Liebe und viele begeisterte Leser und Leserinnen.<\/strong><\/p>\n\n\n\n<p class=\"has-small-font-size\">Liebe Gr\u00fc\u00dfe,<\/p>\n\n\n\n<figure class=\"wp-block-image size-large is-resized\"><img loading=\"lazy\" decoding=\"async\" width=\"1024\" height=\"404\" src=\"https:\/\/buechertanz.de\/wp-content\/uploads\/2023\/06\/Unterschrift-1024x404.jpg\" alt=\"\" class=\"wp-image-5276\" style=\"width:176px;height:auto\" srcset=\"https:\/\/buechertanz.de\/wp-content\/uploads\/2023\/06\/Unterschrift-1024x404.jpg 1024w, https:\/\/buechertanz.de\/wp-content\/uploads\/2023\/06\/Unterschrift-300x118.jpg 300w, https:\/\/buechertanz.de\/wp-content\/uploads\/2023\/06\/Unterschrift-768x303.jpg 768w, https:\/\/buechertanz.de\/wp-content\/uploads\/2023\/06\/Unterschrift.jpg 1500w\" sizes=\"auto, (max-width: 1024px) 100vw, 1024px\" \/><\/figure>\n","protected":false},"excerpt":{"rendered":"<p>Biografie: Geboren wurde Bettina Pecha in Bremen, aufgewachsen ist sie in Siegen. Bereits als Sch\u00fclerin ver\u00f6ffentlichte sie Kurzgeschichten in Zeitschriften. Sie verbrachte vier Jahre in England, wo sie an der Oxford Brookes University Sprachen studierte. In ihrer Freizeit befasste sie sich intensiv mit der britischen Geschichte. Ihre Romane &#8222;Die Liebesbotin der K\u00f6nigin&#8220; und &#8222;Eine Liebe &hellip; <a href=\"https:\/\/buechertanz.de\/?page_id=7127\" class=\"more-link\"><span class=\"screen-reader-text\">Bettina Pecha<\/span> weiterlesen<\/a><\/p>\n","protected":false},"author":2,"featured_media":0,"parent":0,"menu_order":0,"comment_status":"open","ping_status":"closed","template":"","meta":{"footnotes":""},"class_list":["post-7127","page","type-page","status-publish","hentry"],"_links":{"self":[{"href":"https:\/\/buechertanz.de\/index.php?rest_route=\/wp\/v2\/pages\/7127","targetHints":{"allow":["GET"]}}],"collection":[{"href":"https:\/\/buechertanz.de\/index.php?rest_route=\/wp\/v2\/pages"}],"about":[{"href":"https:\/\/buechertanz.de\/index.php?rest_route=\/wp\/v2\/types\/page"}],"author":[{"embeddable":true,"href":"https:\/\/buechertanz.de\/index.php?rest_route=\/wp\/v2\/users\/2"}],"replies":[{"embeddable":true,"href":"https:\/\/buechertanz.de\/index.php?rest_route=%2Fwp%2Fv2%2Fcomments&post=7127"}],"version-history":[{"count":7,"href":"https:\/\/buechertanz.de\/index.php?rest_route=\/wp\/v2\/pages\/7127\/revisions"}],"predecessor-version":[{"id":7147,"href":"https:\/\/buechertanz.de\/index.php?rest_route=\/wp\/v2\/pages\/7127\/revisions\/7147"}],"wp:attachment":[{"href":"https:\/\/buechertanz.de\/index.php?rest_route=%2Fwp%2Fv2%2Fmedia&parent=7127"}],"curies":[{"name":"wp","href":"https:\/\/api.w.org\/{rel}","templated":true}]}}