{"id":7197,"date":"2024-04-28T21:08:47","date_gmt":"2024-04-28T20:08:47","guid":{"rendered":"https:\/\/buechertanz.de\/?page_id=7197"},"modified":"2024-10-17T10:33:38","modified_gmt":"2024-10-17T09:33:38","slug":"neuzugaenge-april-2024","status":"publish","type":"page","link":"https:\/\/buechertanz.de\/?page_id=7197","title":{"rendered":"Neuzug\u00e4nge April 2024"},"content":{"rendered":"\n<p class=\"has-drop-cap has-small-font-size\">Im&nbsp;<strong>April 2024<\/strong>&nbsp;sind insgesamt&nbsp;<strong>18 B\u00fccher&nbsp;<\/strong>hier eingezogen:<br>F\u00fcnf Rezensionsexemplare, neun neue B\u00fccher und vier B\u00fccher aus zweiter Hand \u2013 zu den ausf\u00fchrlichen Rezensionen gelangt ihr mit einem Klick auf den Titel. Einige der Rezensionsexemplare werden im Mai gelesen &#8211; ich freue mich schon auf viele gem\u00fctliche Lesestunden. <br>Viel Spa\u00df beim St\u00f6bern!<\/p>\n\n\n<div class=\"wp-block-image is-style-default\">\n<figure class=\"aligncenter size-full is-resized\"><img loading=\"lazy\" decoding=\"async\" width=\"740\" height=\"748\" src=\"https:\/\/buechertanz.de\/wp-content\/uploads\/2024\/04\/04-April-gesamt_komp.jpg\" alt=\"\" class=\"wp-image-7218\" style=\"width:367px;height:auto\" srcset=\"https:\/\/buechertanz.de\/wp-content\/uploads\/2024\/04\/04-April-gesamt_komp.jpg 740w, https:\/\/buechertanz.de\/wp-content\/uploads\/2024\/04\/04-April-gesamt_komp-297x300.jpg 297w\" sizes=\"auto, (max-width: 740px) 100vw, 740px\" \/><\/figure><\/div>\n\n\n<p class=\"has-text-align-center\" style=\"font-size:11px\"><em>Meine neuen Seitlinge vom April 2024<\/em><\/p>\n\n\n\n<p>_<\/p>\n\n\n\n<div class=\"wp-block-media-text is-vertically-aligned-center\"><figure class=\"wp-block-media-text__media\"><img loading=\"lazy\" decoding=\"async\" width=\"1013\" height=\"1024\" src=\"https:\/\/buechertanz.de\/wp-content\/uploads\/2024\/04\/04-April-Rezensionsexemplare-1013x1024.jpg\" alt=\"\" class=\"wp-image-7219 size-full\" srcset=\"https:\/\/buechertanz.de\/wp-content\/uploads\/2024\/04\/04-April-Rezensionsexemplare-1013x1024.jpg 1013w, https:\/\/buechertanz.de\/wp-content\/uploads\/2024\/04\/04-April-Rezensionsexemplare-297x300.jpg 297w, https:\/\/buechertanz.de\/wp-content\/uploads\/2024\/04\/04-April-Rezensionsexemplare-768x776.jpg 768w, https:\/\/buechertanz.de\/wp-content\/uploads\/2024\/04\/04-April-Rezensionsexemplare-1519x1536.jpg 1519w, https:\/\/buechertanz.de\/wp-content\/uploads\/2024\/04\/04-April-Rezensionsexemplare-2026x2048.jpg 2026w\" sizes=\"auto, (max-width: 1013px) 100vw, 1013px\" \/><\/figure><div class=\"wp-block-media-text__content\">\n<p class=\"has-drop-cap has-small-font-size\"><strong>Rezensionsexemplare<\/strong>:<\/p>\n\n\n\n<p><\/p>\n\n\n\n<ul class=\"wp-block-list\">\n<li class=\"has-small-font-size\">Sonja Roos: <em><strong>&#8222;Eine grenzenlose Welt &#8211; Aufbruch&#8220;<\/strong><\/em><\/li>\n\n\n\n<li class=\"has-small-font-size\">Michael Paul: <em><a href=\"https:\/\/buechertanz.de\/?p=7171\" target=\"_blank\" rel=\"noreferrer noopener\"><strong>&#8222;TABUN &#8211; Tod aus der Ostsee&#8220;<\/strong><\/a><\/em><\/li>\n\n\n\n<li class=\"has-small-font-size\">Linda Graze: <strong><em><a href=\"https:\/\/buechertanz.de\/?p=7229\" target=\"_blank\" rel=\"noreferrer noopener\">&#8222;Tief unter der Alb&#8220;<\/a><\/em><\/strong><\/li>\n\n\n\n<li class=\"has-small-font-size\">Sandhya Hasswani: <strong><em><a href=\"https:\/\/buechertanz.de\/?p=7244\" target=\"_blank\" rel=\"noreferrer noopener\">&#8222;Die letzte \u00c4btissin&#8220; <\/a><\/em><\/strong>und <strong><em>&#8222;Sagenhafter Hotzenwald&#8220;<\/em><\/strong><\/li>\n<\/ul>\n<\/div><\/div>\n\n\n\n<p>_<\/p>\n\n\n\n<div class=\"wp-block-media-text has-media-on-the-right is-vertically-aligned-center\"><div class=\"wp-block-media-text__content\">\n<p class=\"has-drop-cap has-small-font-size\"><strong>Neue B\u00fccher:<\/strong><\/p>\n\n\n\n<p><\/p>\n\n\n\n<ul class=\"wp-block-list\">\n<li class=\"has-small-font-size\">Elke Becker: <strong><em>&#8222;Das Haus K\u00f6lln &#8211; Gro\u00dfe Hoffnung&#8220;<\/em><\/strong><\/li>\n\n\n\n<li class=\"has-small-font-size\">Marion Lagoda: <strong><em>&#8222;Ein Garten \u00fcber der Elbe&#8220;<\/em><\/strong><\/li>\n\n\n\n<li class=\"has-small-font-size\">Susanne Popp: <strong><em>&#8222;Loreley &#8211; Die Frau am Fluss&#8220;<\/em><\/strong><\/li>\n\n\n\n<li class=\"has-small-font-size\">Eva-Maria Bast: <strong><em>&#8222;Die Frauen von Notre Dame&#8220;<\/em><\/strong><\/li>\n\n\n\n<li class=\"has-small-font-size\">Michael Paul: <strong><em><a href=\"https:\/\/buechertanz.de\/?p=5055\" target=\"_blank\" rel=\"noreferrer noopener\">&#8222;Die Trostbriefschreiberin&#8220;<\/a><\/em><\/strong><\/li>\n\n\n\n<li class=\"has-small-font-size\">Julia Heinecke: <strong><em>&#8222;Heimliche Frucht&#8220;<\/em><\/strong><\/li>\n\n\n\n<li class=\"has-small-font-size\">Astrid Lehmann: <strong><em>&#8222;Die Heilerin vom Schwarzwald&#8220;<\/em><\/strong><\/li>\n\n\n\n<li class=\"has-small-font-size\">Christof Weiglein: <strong><em>&#8222;Wei\u00dftannenh\u00f6he&#8220;<\/em><\/strong><\/li>\n\n\n\n<li class=\"has-small-font-size\">Johanna von Wild: <strong><em><a href=\"https:\/\/buechertanz.de\/?p=8054\" target=\"_blank\" rel=\"noreferrer noopener\">&#8222;Der Meister der Karten&#8220;<\/a><\/em><\/strong><\/li>\n<\/ul>\n<\/div><figure class=\"wp-block-media-text__media\"><img loading=\"lazy\" decoding=\"async\" width=\"842\" height=\"851\" src=\"https:\/\/buechertanz.de\/wp-content\/uploads\/2024\/04\/04-April-Neue-Buecher_komp.jpg\" alt=\"\" class=\"wp-image-7220 size-full\" srcset=\"https:\/\/buechertanz.de\/wp-content\/uploads\/2024\/04\/04-April-Neue-Buecher_komp.jpg 842w, https:\/\/buechertanz.de\/wp-content\/uploads\/2024\/04\/04-April-Neue-Buecher_komp-297x300.jpg 297w, https:\/\/buechertanz.de\/wp-content\/uploads\/2024\/04\/04-April-Neue-Buecher_komp-768x776.jpg 768w\" sizes=\"auto, (max-width: 842px) 100vw, 842px\" \/><\/figure><\/div>\n\n\n\n<p>_<\/p>\n\n\n\n<div class=\"wp-block-media-text is-vertically-aligned-center\"><figure class=\"wp-block-media-text__media\"><img loading=\"lazy\" decoding=\"async\" width=\"816\" height=\"825\" src=\"https:\/\/buechertanz.de\/wp-content\/uploads\/2024\/04\/04-April-Buecher-aus-zweiter-Hand_komp.jpg\" alt=\"\" class=\"wp-image-7221 size-full\" srcset=\"https:\/\/buechertanz.de\/wp-content\/uploads\/2024\/04\/04-April-Buecher-aus-zweiter-Hand_komp.jpg 816w, https:\/\/buechertanz.de\/wp-content\/uploads\/2024\/04\/04-April-Buecher-aus-zweiter-Hand_komp-297x300.jpg 297w, https:\/\/buechertanz.de\/wp-content\/uploads\/2024\/04\/04-April-Buecher-aus-zweiter-Hand_komp-768x776.jpg 768w\" sizes=\"auto, (max-width: 816px) 100vw, 816px\" \/><\/figure><div class=\"wp-block-media-text__content\">\n<p class=\"has-drop-cap has-small-font-size\"><strong>B\u00fccher aus zweiter Hand:<\/strong><\/p>\n\n\n\n<p><\/p>\n\n\n\n<ul class=\"wp-block-list\">\n<li class=\"has-small-font-size\">Anna Berest: <strong><em>&#8222;Die Postkarte&#8220;<\/em><\/strong><\/li>\n\n\n\n<li class=\"has-small-font-size\">Tania Schlie: <strong><em>&#8222;Die Spur des Medaillons&#8220;<\/em><\/strong> <br>(Beide B\u00fccher aus \u00f6ffentlichen B\u00fccherschr\u00e4nken)<\/li>\n\n\n\n<li class=\"has-small-font-size\">Alex Reeve: <strong><em>&#8222;Das Haus in der Half Moon Street&#8220;<\/em><\/strong><br>(Geschenk einer lieben Freundin)<\/li>\n\n\n\n<li class=\"has-small-font-size\">Elke Heidenreich\/ Quint Buchholz: <strong><em>&#8222;Nero Corleone kehrt zur\u00fcck&#8220; <\/em><\/strong><br>(Flohmarkt)<\/li>\n<\/ul>\n<\/div><\/div>\n\n\n\n<p>_<\/p>\n\n\n\n<p class=\"has-small-font-size\">Ich bedanke mich ganz herzlich beim Goldmann Verlag, den Autorinnen Linda Graze und Sandhya Hasswani und dem Autor Michael Paul f\u00fcr die Bereitstellung der B\u00fccher als Rezensionsexemplare.<br>Auf viele meiner achtzehn Neuzug\u00e4nge darf ich mich noch freuen, einige sind bereits gelesen. Tja, es war der Monat der Buchmesse &#8211; da kamen dann doch mehr B\u00fccher mit, als eigentlich geplant. <\/p>\n\n\n\n<p class=\"has-small-font-size\">Liebe Gr\u00fc\u00dfe, eure<\/p>\n\n\n\n<figure class=\"wp-block-image size-large is-resized\"><img loading=\"lazy\" decoding=\"async\" width=\"1024\" height=\"404\" src=\"https:\/\/buechertanz.de\/wp-content\/uploads\/2023\/06\/Unterschrift-1024x404.jpg\" alt=\"\" class=\"wp-image-5276\" style=\"width:214px;height:auto\" srcset=\"https:\/\/buechertanz.de\/wp-content\/uploads\/2023\/06\/Unterschrift-1024x404.jpg 1024w, https:\/\/buechertanz.de\/wp-content\/uploads\/2023\/06\/Unterschrift-300x118.jpg 300w, https:\/\/buechertanz.de\/wp-content\/uploads\/2023\/06\/Unterschrift-768x303.jpg 768w, https:\/\/buechertanz.de\/wp-content\/uploads\/2023\/06\/Unterschrift.jpg 1500w\" sizes=\"auto, (max-width: 1024px) 100vw, 1024px\" \/><\/figure>\n","protected":false},"excerpt":{"rendered":"<p>Im&nbsp;April 2024&nbsp;sind insgesamt&nbsp;18 B\u00fccher&nbsp;hier eingezogen:F\u00fcnf Rezensionsexemplare, neun neue B\u00fccher und vier B\u00fccher aus zweiter Hand \u2013 zu den ausf\u00fchrlichen Rezensionen gelangt ihr mit einem Klick auf den Titel. Einige der Rezensionsexemplare werden im Mai gelesen &#8211; ich freue mich schon auf viele gem\u00fctliche Lesestunden. Viel Spa\u00df beim St\u00f6bern! Meine neuen Seitlinge vom April 2024 _ &hellip; <a href=\"https:\/\/buechertanz.de\/?page_id=7197\" class=\"more-link\"><span class=\"screen-reader-text\">Neuzug\u00e4nge April 2024<\/span> weiterlesen<\/a><\/p>\n","protected":false},"author":2,"featured_media":0,"parent":0,"menu_order":0,"comment_status":"open","ping_status":"closed","template":"","meta":{"footnotes":""},"class_list":["post-7197","page","type-page","status-publish","hentry"],"_links":{"self":[{"href":"https:\/\/buechertanz.de\/index.php?rest_route=\/wp\/v2\/pages\/7197","targetHints":{"allow":["GET"]}}],"collection":[{"href":"https:\/\/buechertanz.de\/index.php?rest_route=\/wp\/v2\/pages"}],"about":[{"href":"https:\/\/buechertanz.de\/index.php?rest_route=\/wp\/v2\/types\/page"}],"author":[{"embeddable":true,"href":"https:\/\/buechertanz.de\/index.php?rest_route=\/wp\/v2\/users\/2"}],"replies":[{"embeddable":true,"href":"https:\/\/buechertanz.de\/index.php?rest_route=%2Fwp%2Fv2%2Fcomments&post=7197"}],"version-history":[{"count":6,"href":"https:\/\/buechertanz.de\/index.php?rest_route=\/wp\/v2\/pages\/7197\/revisions"}],"predecessor-version":[{"id":8066,"href":"https:\/\/buechertanz.de\/index.php?rest_route=\/wp\/v2\/pages\/7197\/revisions\/8066"}],"wp:attachment":[{"href":"https:\/\/buechertanz.de\/index.php?rest_route=%2Fwp%2Fv2%2Fmedia&parent=7197"}],"curies":[{"name":"wp","href":"https:\/\/api.w.org\/{rel}","templated":true}]}}