{"id":7198,"date":"2024-04-28T21:08:48","date_gmt":"2024-04-28T20:08:48","guid":{"rendered":"https:\/\/buechertanz.de\/?page_id=7198"},"modified":"2024-04-29T07:42:50","modified_gmt":"2024-04-29T06:42:50","slug":"gelesen-april-2024","status":"publish","type":"page","link":"https:\/\/buechertanz.de\/?page_id=7198","title":{"rendered":"Gelesen April 2024"},"content":{"rendered":"\n<p class=\"has-drop-cap has-small-font-size\">Im\u00a0<strong>April 2024<\/strong> habe ich sechs B\u00fccher mit insgesamt <strong>2.815 Seiten\u00a0<\/strong>gelesen. Es war ein wundersch\u00f6ner und abwechslungsreicher Lesemonat &#8211; vor allem aber ein spannender. <br>Die B\u00fccher <strong><em><a href=\"https:\/\/buechertanz.de\/?p=7108\" target=\"_blank\" rel=\"noreferrer noopener\">&#8222;Die Zeit der Hoffnung&#8220;<\/a><\/em><\/strong> von Bettina Pecha und <strong><em><a href=\"https:\/\/buechertanz.de\/?p=7171\" target=\"_blank\" rel=\"noreferrer noopener\">&#8222;TABUN &#8211; Tod aus der Ostsee&#8220;<\/a><\/em><\/strong> fanden als Rezensionsexemplare den Weg zu mir (ganz herzlichen Dank daf\u00fcr) &#8211; meine ausf\u00fchrlichen Rezensionen zu diesen Titeln findet ihr, wenn ihr auf den entsprechenden Buchtitel klickt.<br>Viel Spa\u00df beim Schm\u00f6kern.<\/p>\n\n\n<div class=\"wp-block-image is-style-rounded\">\n<figure class=\"aligncenter size-full is-resized\"><img loading=\"lazy\" decoding=\"async\" width=\"867\" height=\"877\" src=\"https:\/\/buechertanz.de\/wp-content\/uploads\/2024\/04\/04-April_komp.jpg\" alt=\"\" class=\"wp-image-7213\" style=\"width:520px;height:auto\" srcset=\"https:\/\/buechertanz.de\/wp-content\/uploads\/2024\/04\/04-April_komp.jpg 867w, https:\/\/buechertanz.de\/wp-content\/uploads\/2024\/04\/04-April_komp-297x300.jpg 297w, https:\/\/buechertanz.de\/wp-content\/uploads\/2024\/04\/04-April_komp-768x777.jpg 768w\" sizes=\"auto, (max-width: 867px) 100vw, 867px\" \/><\/figure><\/div>\n\n\n<p class=\"has-text-align-center\" style=\"font-size:11px\"><em>Meine gelesenen B\u00fccher im April 2024<\/em><\/p>\n\n\n\n<p>_<\/p>\n\n\n\n<div class=\"wp-block-media-text is-vertically-aligned-center\" style=\"grid-template-columns:25% auto\"><figure class=\"wp-block-media-text__media\"><img loading=\"lazy\" decoding=\"async\" width=\"281\" height=\"445\" src=\"https:\/\/buechertanz.de\/wp-content\/uploads\/2024\/04\/20-Die-Zeit-der-Hoffnung.jpg\" alt=\"\" class=\"wp-image-7109 size-full\" srcset=\"https:\/\/buechertanz.de\/wp-content\/uploads\/2024\/04\/20-Die-Zeit-der-Hoffnung.jpg 281w, https:\/\/buechertanz.de\/wp-content\/uploads\/2024\/04\/20-Die-Zeit-der-Hoffnung-189x300.jpg 189w\" sizes=\"auto, (max-width: 281px) 100vw, 281px\" \/><\/figure><div class=\"wp-block-media-text__content\">\n<p class=\"has-small-font-size\">Den Anfang machte das Buch <strong><em><a href=\"https:\/\/buechertanz.de\/?p=7108\" target=\"_blank\" rel=\"noreferrer noopener\">&#8222;Die Zeit der Hoffnung&#8220; <\/a><\/em><\/strong>von Bettina Pecha. Nachdem ich den ersten Band &#8222;<em>Die Stra\u00dfe des Gl\u00fccks<\/em>&#8220; vor einigen Jahren gelesen habe, hatte ich leichte Bedenken, ob ich wieder in die Geschichte hineinfinde. Diese Bedenken waren ab der ersten Seite wie weggewischt, denn ich hatte das Gef\u00fchl, sofort wieder in der Geschichte angekommen zu sein. Auch die Hintergr\u00fcnde der bereits bekannten Figuren waren sofort wieder da und die der neuen Figuren nahmen mich direkt mit. Im Prinzip kann man diese Fortsetzung auch lesen, ohne den ersten Band zu kennen. Ich empfehle jedoch (wie immer bei Buchreihen), mit dem ersten Band zu starten, da man die Entwicklungen und die Entscheidungen der Figuren besser verstehen und nachvollziehen kann.<br>Eine ganz wunderbare und mitrei\u00dfende Geschichte.<\/p>\n<\/div><\/div>\n\n\n\n<p>_<\/p>\n\n\n\n<div class=\"wp-block-media-text has-media-on-the-right is-vertically-aligned-center\" style=\"grid-template-columns:auto 25%\"><div class=\"wp-block-media-text__content\">\n<p class=\"has-small-font-size\">Da im September 2024 ein neuer Band der &#8218;Henkerstochter&#8216; von Oliver P\u00f6tzsch erscheint, lese ich mich gerade durch die bisher erschienenen B\u00e4nde. Letzten Monat ist mein Besuch bei den Kuisels leider ausgefallen &#8211; deshalb war ich diesen Monat gleich zweimal zu Besuch: Die <strong><em>&#8222;Der Hexer und die Henkerstochter&#8220; <\/em><\/strong>ist der vierte Band dieser grandiosen Buchreihe und konnte mich bestens unterhalten. <br>Ich dachte, dass nach den ersten drei B\u00e4nden schon ein Maximum an Spannung erreicht ist &#8211; und wurde eines besseren belehrt. Ich sa\u00df hier und las eine Seite nach der anderen und verga\u00df alles um mich herum. Top!<\/p>\n<\/div><figure class=\"wp-block-media-text__media\"><img loading=\"lazy\" decoding=\"async\" width=\"281\" height=\"445\" src=\"https:\/\/buechertanz.de\/wp-content\/uploads\/2024\/04\/21-Der-Hexer-und-die-Henkerstochter.jpg\" alt=\"\" class=\"wp-image-7122 size-full\" srcset=\"https:\/\/buechertanz.de\/wp-content\/uploads\/2024\/04\/21-Der-Hexer-und-die-Henkerstochter.jpg 281w, https:\/\/buechertanz.de\/wp-content\/uploads\/2024\/04\/21-Der-Hexer-und-die-Henkerstochter-189x300.jpg 189w\" sizes=\"auto, (max-width: 281px) 100vw, 281px\" \/><\/figure><\/div>\n\n\n\n<p>_<\/p>\n\n\n\n<div class=\"wp-block-media-text is-vertically-aligned-center\" style=\"grid-template-columns:25% auto\"><figure class=\"wp-block-media-text__media\"><img loading=\"lazy\" decoding=\"async\" width=\"281\" height=\"445\" src=\"https:\/\/buechertanz.de\/wp-content\/uploads\/2024\/04\/22-Die-Henkerstochter-und-der-Teufel-von-Bamberg.jpg\" alt=\"\" class=\"wp-image-7148 size-full\" srcset=\"https:\/\/buechertanz.de\/wp-content\/uploads\/2024\/04\/22-Die-Henkerstochter-und-der-Teufel-von-Bamberg.jpg 281w, https:\/\/buechertanz.de\/wp-content\/uploads\/2024\/04\/22-Die-Henkerstochter-und-der-Teufel-von-Bamberg-189x300.jpg 189w\" sizes=\"auto, (max-width: 281px) 100vw, 281px\" \/><\/figure><div class=\"wp-block-media-text__content\">\n<p class=\"has-small-font-size\">Weiter ging es mit dem f\u00fcnften Band: <strong><em>&#8222;Die Henkerstochter und der Teufel von Bamberg&#8220;<\/em><\/strong>.<br>Spannend, spannender &#8230; Oliver P\u00f6tzsch.  Es ist Wahnsinn: Bei bisher jedem Teil der Reihe komme ich an einen Punkt, an dem ich einfach nicht mehr mit Lesen aufh\u00f6ren kann und will. Dann sitze ich hier, fliege durch die Seiten und bin in einer v\u00f6llig anderen Welt unterwegs.<br>Die Spannung zieht sich durch die gesamte Handlung &#8211; l\u00e4uft jedoch einem gro\u00dfen und spannungsreichen Ende entgegen.<br>Unglaublich spannend, mitrei\u00dfend und lehrreich. Ich liebe die Kuisls.<\/p>\n<\/div><\/div>\n\n\n\n<p>_<\/p>\n\n\n\n<div class=\"wp-block-media-text has-media-on-the-right is-vertically-aligned-center\" style=\"grid-template-columns:auto 25%\"><div class=\"wp-block-media-text__content\">\n<p class=\"has-small-font-size\">Nach diesen beiden spannenden Ausfl\u00fcgen in l\u00e4ngst vergangene Zeiten, ging es mit dem n\u00e4chsten Buch zwar auch wieder in die Vergangenheit&#8230; aber nicht ganz so weit zur\u00fcck: <strong><em>&#8222;Die Falkenbach-Saga &#8211; Der Aufbruch der Geschwister&#8220; <\/em><\/strong>von Ellin Carsta.<br>Mittlerweile bin ich sofort ab der ersten Zeile wieder in der Geschichte drin und fiebere mit all den liebgewonnenen Charakteren mit &#8211; es f\u00fchlt sich wie ein nach Hause kommen an.<br>Die ersten Kapitel starten etwas ruhiger, doch dann geht es wieder Knall auf Fall und ich flog nur so durch die Seiten.<br>Ich liebe diese Buchreihe so sehr und freue mich schon auf den zehnten Band der Reihe: <em>&#8222;Der Plan der Gef\u00e4hrten&#8220;<\/em> erscheint am 17. September 2024.<\/p>\n<\/div><figure class=\"wp-block-media-text__media\"><img loading=\"lazy\" decoding=\"async\" width=\"316\" height=\"466\" src=\"https:\/\/buechertanz.de\/wp-content\/uploads\/2024\/04\/23-Der-Aufbruch-der-Geschwister.jpg\" alt=\"\" class=\"wp-image-7159 size-full\" srcset=\"https:\/\/buechertanz.de\/wp-content\/uploads\/2024\/04\/23-Der-Aufbruch-der-Geschwister.jpg 316w, https:\/\/buechertanz.de\/wp-content\/uploads\/2024\/04\/23-Der-Aufbruch-der-Geschwister-203x300.jpg 203w\" sizes=\"auto, (max-width: 316px) 100vw, 316px\" \/><\/figure><\/div>\n\n\n\n<p>_<\/p>\n\n\n\n<div class=\"wp-block-media-text is-vertically-aligned-center\" style=\"grid-template-columns:25% auto\"><figure class=\"wp-block-media-text__media\"><img loading=\"lazy\" decoding=\"async\" width=\"293\" height=\"445\" src=\"https:\/\/buechertanz.de\/wp-content\/uploads\/2024\/04\/24-Fuer-immer-dein-August.jpg\" alt=\"\" class=\"wp-image-7163 size-full\" srcset=\"https:\/\/buechertanz.de\/wp-content\/uploads\/2024\/04\/24-Fuer-immer-dein-August.jpg 293w, https:\/\/buechertanz.de\/wp-content\/uploads\/2024\/04\/24-Fuer-immer-dein-August-198x300.jpg 198w\" sizes=\"auto, (max-width: 293px) 100vw, 293px\" \/><\/figure><div class=\"wp-block-media-text__content\">\n<p class=\"has-small-font-size\">Es folgte das wohl emotionalste Buch des Monats: <strong><em>&#8222;F\u00fcr immer, dein August&#8220;<\/em><\/strong> von Barbara Leciejewski. <br>Es gibt ja B\u00fccher, die mir mit Sicherheit f\u00fcr immer im Kopf bleiben werden. Nicht nur durch die mitrei\u00dfende Handlung und das stimmige Setting, sondern vor allem durch die Charaktere und deren Geschichten und Entwicklungen.<br>Und genau so ist es bei <em>&#8222;F\u00fcr immer, dein August&#8220;<\/em> und dem ersten Band <em>&#8222;In Liebe, deine Lina&#8220;<\/em>. Ich sa\u00df hier teilweise mit Tr\u00e4nen in den Augen und einer G\u00e4nsehaut am ganzen K\u00f6rper, musste das Buch immer wieder zur Seite legen, durchatmen, um dann gleich wieder weiterzulesen.<br>Nein, dieses Buch ist kein Wohlf\u00fchl-Roman, es ist ein aufw\u00fchlender und mitrei\u00dfender Roman, welchen man gelesen haben sollte.<br>Aber Vorsicht: Die Taschent\u00fccher sollten griffbereit sein<\/p>\n<\/div><\/div>\n\n\n\n<p>_<\/p>\n\n\n\n<div class=\"wp-block-media-text has-media-on-the-right is-vertically-aligned-center\" style=\"grid-template-columns:auto 25%\"><div class=\"wp-block-media-text__content\">\n<p class=\"has-small-font-size\">Thriller geh\u00f6ren nicht wirklich zu meinem bevorzugten Genre &#8230; und trotzdem wollte und musste ich <em><strong><a href=\"https:\/\/buechertanz.de\/?p=7171\" target=\"_blank\" rel=\"noreferrer noopener\">&#8222;TABUN &#8211; Tod aus der Ostsee&#8220; <\/a><\/strong><\/em>von Michael Paul lesen.<br>So ein spannender und vor allem aufr\u00fcttelnder und eindringlicher Thriller, welcher mit interessanten und vielf\u00e4ltigen Figuren besticht. Ab der ersten Seite rei\u00dft die Handlung den Leser\/ die Leserin mit und l\u00e4sst diese auch nach der letzten Seite nicht mehr los und mit vielen Eindr\u00fccken und Gedanken zur\u00fcck.&nbsp;Absolut lesenswert!<\/p>\n<\/div><figure class=\"wp-block-media-text__media\"><img loading=\"lazy\" decoding=\"async\" width=\"308\" height=\"466\" src=\"https:\/\/buechertanz.de\/wp-content\/uploads\/2024\/04\/25-Tabun-Tod-aus-der-Ostsee.jpg\" alt=\"\" class=\"wp-image-7168 size-full\" srcset=\"https:\/\/buechertanz.de\/wp-content\/uploads\/2024\/04\/25-Tabun-Tod-aus-der-Ostsee.jpg 308w, https:\/\/buechertanz.de\/wp-content\/uploads\/2024\/04\/25-Tabun-Tod-aus-der-Ostsee-198x300.jpg 198w\" sizes=\"auto, (max-width: 308px) 100vw, 308px\" \/><\/figure><\/div>\n\n\n\n<p>_<\/p>\n\n\n\n<p class=\"has-drop-cap has-small-font-size\">Herzlichen Dank an die Autorin Bettina Pecha und den Autor Michael Paul f\u00fcr die Bereitstellung der B\u00fccher als Rezensionsexemplare.<br>Und nat\u00fcrlich wieder ein gro\u00dfes Danke an alle Autorinnen und Autoren f\u00fcr die wundersch\u00f6nen und inspirierenden Geschichten, welche begleitet, mitgerissen und begeistert haben.<\/p>\n\n\n\n<p class=\"has-small-font-size\">Liebe Gr\u00fc\u00dfe, eure<\/p>\n\n\n\n<figure class=\"wp-block-image size-large is-resized\"><img loading=\"lazy\" decoding=\"async\" width=\"1024\" height=\"404\" src=\"https:\/\/buechertanz.de\/wp-content\/uploads\/2023\/06\/Unterschrift-1024x404.jpg\" alt=\"\" class=\"wp-image-5276\" style=\"width:190px;height:auto\" srcset=\"https:\/\/buechertanz.de\/wp-content\/uploads\/2023\/06\/Unterschrift-1024x404.jpg 1024w, https:\/\/buechertanz.de\/wp-content\/uploads\/2023\/06\/Unterschrift-300x118.jpg 300w, https:\/\/buechertanz.de\/wp-content\/uploads\/2023\/06\/Unterschrift-768x303.jpg 768w, https:\/\/buechertanz.de\/wp-content\/uploads\/2023\/06\/Unterschrift.jpg 1500w\" sizes=\"auto, (max-width: 1024px) 100vw, 1024px\" \/><\/figure>\n\n\n<div class=\"wp-block-image is-style-rounded\">\n<figure class=\"aligncenter size-full is-resized\"><img loading=\"lazy\" decoding=\"async\" width=\"264\" height=\"305\" src=\"https:\/\/buechertanz.de\/wp-content\/uploads\/2023\/06\/Blume.png\" alt=\"\" class=\"wp-image-5274\" style=\"width:112px;height:auto\" srcset=\"https:\/\/buechertanz.de\/wp-content\/uploads\/2023\/06\/Blume.png 264w, https:\/\/buechertanz.de\/wp-content\/uploads\/2023\/06\/Blume-260x300.png 260w\" sizes=\"auto, (max-width: 264px) 100vw, 264px\" \/><\/figure><\/div>","protected":false},"excerpt":{"rendered":"<p>Im\u00a0April 2024 habe ich sechs B\u00fccher mit insgesamt 2.815 Seiten\u00a0gelesen. Es war ein wundersch\u00f6ner und abwechslungsreicher Lesemonat &#8211; vor allem aber ein spannender. Die B\u00fccher &#8222;Die Zeit der Hoffnung&#8220; von Bettina Pecha und &#8222;TABUN &#8211; Tod aus der Ostsee&#8220; fanden als Rezensionsexemplare den Weg zu mir (ganz herzlichen Dank daf\u00fcr) &#8211; meine ausf\u00fchrlichen Rezensionen zu &hellip; <a href=\"https:\/\/buechertanz.de\/?page_id=7198\" class=\"more-link\"><span class=\"screen-reader-text\">Gelesen April 2024<\/span> weiterlesen<\/a><\/p>\n","protected":false},"author":2,"featured_media":0,"parent":0,"menu_order":0,"comment_status":"open","ping_status":"closed","template":"","meta":{"footnotes":""},"class_list":["post-7198","page","type-page","status-publish","hentry"],"_links":{"self":[{"href":"https:\/\/buechertanz.de\/index.php?rest_route=\/wp\/v2\/pages\/7198","targetHints":{"allow":["GET"]}}],"collection":[{"href":"https:\/\/buechertanz.de\/index.php?rest_route=\/wp\/v2\/pages"}],"about":[{"href":"https:\/\/buechertanz.de\/index.php?rest_route=\/wp\/v2\/types\/page"}],"author":[{"embeddable":true,"href":"https:\/\/buechertanz.de\/index.php?rest_route=\/wp\/v2\/users\/2"}],"replies":[{"embeddable":true,"href":"https:\/\/buechertanz.de\/index.php?rest_route=%2Fwp%2Fv2%2Fcomments&post=7198"}],"version-history":[{"count":4,"href":"https:\/\/buechertanz.de\/index.php?rest_route=\/wp\/v2\/pages\/7198\/revisions"}],"predecessor-version":[{"id":7217,"href":"https:\/\/buechertanz.de\/index.php?rest_route=\/wp\/v2\/pages\/7198\/revisions\/7217"}],"wp:attachment":[{"href":"https:\/\/buechertanz.de\/index.php?rest_route=%2Fwp%2Fv2%2Fmedia&parent=7198"}],"curies":[{"name":"wp","href":"https:\/\/api.w.org\/{rel}","templated":true}]}}