{"id":7309,"date":"2024-05-30T16:30:53","date_gmt":"2024-05-30T15:30:53","guid":{"rendered":"https:\/\/buechertanz.de\/?page_id=7309"},"modified":"2024-05-31T09:39:23","modified_gmt":"2024-05-31T08:39:23","slug":"gelesen-mai-2024","status":"publish","type":"page","link":"https:\/\/buechertanz.de\/?page_id=7309","title":{"rendered":"Gelesen Mai 2024"},"content":{"rendered":"\n<p class=\"has-drop-cap has-small-font-size\">Im&nbsp;<strong>Mai 2024<\/strong>&nbsp;habe ich sechs B\u00fccher mit insgesamt&nbsp;<strong>2.369 Seiten&nbsp;<\/strong>gelesen. Es war abwechslungsreicher Lesemonat, welcher mich mitunter an meine Grenzen gebracht hat.  <br>Die B\u00fccher&nbsp;<strong><em><a href=\"https:\/\/buechertanz.de\/?p=7229\">&#8222;Tief unter der Alb&#8220;<\/a><\/em><\/strong>&nbsp;von Lisa Graze, <strong><em><a href=\"https:\/\/buechertanz.de\/?p=7244\" target=\"_blank\" rel=\"noreferrer noopener\">&#8222;Die letzte \u00c4btissin&#8220;<\/a><\/em><\/strong> und <strong><em>&#8222;Sagenhafter Hotzenwald&#8220;<\/em><\/strong> von Sandhya Hasswani und <strong><em><a href=\"https:\/\/buechertanz.de\/?p=7283\" target=\"_blank\" rel=\"noreferrer noopener\">&#8222;Ein fast perfekter Herzog ~ Die Cossin-Saga&#8220;<\/a><\/em><\/strong> von Kristina Herzog&nbsp;fanden als Rezensionsexemplare den Weg zu mir (ganz herzlichen Dank daf\u00fcr) \u2013 meine ausf\u00fchrlichen Rezensionen zu diesen Titeln findet ihr, wenn ihr auf den entsprechenden Buchtitel klickt. Die Kurzrezension zu <strong><em>&#8222;Sagenhafter Hotzenwald&#8220; <\/em><\/strong>ist auf Facebook und Instagram einsehbar. <br>Viel Spa\u00df beim Schm\u00f6kern.<\/p>\n\n\n<div class=\"wp-block-image is-style-rounded\">\n<figure class=\"aligncenter size-full is-resized\"><img loading=\"lazy\" decoding=\"async\" width=\"924\" height=\"914\" src=\"https:\/\/buechertanz.de\/wp-content\/uploads\/2024\/05\/05-Mai_komp.jpg\" alt=\"\" class=\"wp-image-7315\" style=\"width:381px;height:auto\" srcset=\"https:\/\/buechertanz.de\/wp-content\/uploads\/2024\/05\/05-Mai_komp.jpg 924w, https:\/\/buechertanz.de\/wp-content\/uploads\/2024\/05\/05-Mai_komp-300x297.jpg 300w, https:\/\/buechertanz.de\/wp-content\/uploads\/2024\/05\/05-Mai_komp-768x760.jpg 768w\" sizes=\"auto, (max-width: 924px) 100vw, 924px\" \/><\/figure><\/div>\n\n\n<p class=\"has-text-align-center\" style=\"font-size:11px\"><em>Meine gelesenen B\u00fccher im Mai 2024<\/em><\/p>\n\n\n\n<p>_<\/p>\n\n\n\n<div class=\"wp-block-media-text is-vertically-aligned-center\" style=\"grid-template-columns:25% auto\"><figure class=\"wp-block-media-text__media\"><img loading=\"lazy\" decoding=\"async\" width=\"271\" height=\"445\" src=\"https:\/\/buechertanz.de\/wp-content\/uploads\/2024\/05\/26-Tief-unter-der-Alb.jpg\" alt=\"\" class=\"wp-image-7223 size-full\" srcset=\"https:\/\/buechertanz.de\/wp-content\/uploads\/2024\/05\/26-Tief-unter-der-Alb.jpg 271w, https:\/\/buechertanz.de\/wp-content\/uploads\/2024\/05\/26-Tief-unter-der-Alb-183x300.jpg 183w\" sizes=\"auto, (max-width: 271px) 100vw, 271px\" \/><\/figure><div class=\"wp-block-media-text__content\">\n<p class=\"has-small-font-size\">Ich begann meinen Lesemonat mit einem Buch, welches fernab meiner Komfortzone liegt: <strong><em><a href=\"https:\/\/buechertanz.de\/?p=7229\" target=\"_blank\" rel=\"noreferrer noopener\">&#8222;Tief unter der Alb&#8220; <\/a><\/em><\/strong>von Linda Graze. <br>Von der ersten Seite an hat mich diese Geschichte begeistert und nicht mehr losgelassen. Ja, ich musste teilweise sehr schlucken, denn schon bei der blo\u00dfen Vorstellung unter der Erde eingesperrt zu sein, versp\u00fcre ich eine G\u00e4nsehaut am gesamten K\u00f6rper und ein gro\u00dfes Unwohlsein.<br>Ein spannender und sehr gut recherchierter Thriller mit interessanten und vielschichtigen Charakteren, welcher den Leser\/ die Leserin ab der ersten Seite mitrei\u00dft und nach der letzten Seite mit vielen Eindr\u00fccken zur\u00fcckl\u00e4sst. Sehr lesenswert!<\/p>\n<\/div><\/div>\n\n\n\n<p>_<\/p>\n\n\n\n<div class=\"wp-block-media-text has-media-on-the-right is-vertically-aligned-center\" style=\"grid-template-columns:auto 25%\"><div class=\"wp-block-media-text__content\">\n<p class=\"has-small-font-size\">Es folgte ein weiteres Buch, welches ich auf der Buchmesse &#8218;Bl\u00e4tterrauschen&#8216; in Hinterzarten entdeckt habe: <strong><em><a href=\"https:\/\/buechertanz.de\/?p=7244\" target=\"_blank\" rel=\"noreferrer noopener\">&#8222;Die letzte \u00c4btissin: Ihr bewegtes Leben in S\u00e4ckingen&#8220;<\/a> <\/em><\/strong>von Sandhya Hasswani. <br>Dies ist ein sehr stimmungsvoller historischer Roman, der mich mit den authentischen Charakteren und den akribisch recherchierten geschichtlichen und gesellschaftlichen Hintergr\u00fcnden \u00fcberzeugt hat. Eine interessante Zeitreise in ein spannendes Jahrhundert und ein bewegtes Leben, welches von Umbr\u00fcchen gezeichnet war. Sehr lesenswert und absolut empfehlenswert.<\/p>\n<\/div><figure class=\"wp-block-media-text__media\"><img loading=\"lazy\" decoding=\"async\" width=\"303\" height=\"445\" src=\"https:\/\/buechertanz.de\/wp-content\/uploads\/2024\/05\/27-Die-letzte-Aebtissin.jpg\" alt=\"\" class=\"wp-image-7225 size-full\" srcset=\"https:\/\/buechertanz.de\/wp-content\/uploads\/2024\/05\/27-Die-letzte-Aebtissin.jpg 303w, https:\/\/buechertanz.de\/wp-content\/uploads\/2024\/05\/27-Die-letzte-Aebtissin-204x300.jpg 204w\" sizes=\"auto, (max-width: 303px) 100vw, 303px\" \/><\/figure><\/div>\n\n\n\n<p>_<\/p>\n\n\n\n<div class=\"wp-block-media-text is-vertically-aligned-center\" style=\"grid-template-columns:25% auto\"><figure class=\"wp-block-media-text__media\"><img loading=\"lazy\" decoding=\"async\" width=\"284\" height=\"445\" src=\"https:\/\/buechertanz.de\/wp-content\/uploads\/2024\/05\/28-Damals-war-es-Friedrich.jpg\" alt=\"\" class=\"wp-image-7271 size-full\" srcset=\"https:\/\/buechertanz.de\/wp-content\/uploads\/2024\/05\/28-Damals-war-es-Friedrich.jpg 284w, https:\/\/buechertanz.de\/wp-content\/uploads\/2024\/05\/28-Damals-war-es-Friedrich-191x300.jpg 191w\" sizes=\"auto, (max-width: 284px) 100vw, 284px\" \/><\/figure><div class=\"wp-block-media-text__content\">\n<p class=\"has-small-font-size\">das Buch <strong><em>&#8222;Damals war es Friedrich&#8220;<\/em><\/strong> von Hans Peter Richter ist eines der B\u00fccher, welches ich schon lange &#8230; lange mal lesen wollte.<br>Da es nun die Deutschlekt\u00fcre meiner Tochter (6. Klasse) ist, habe ich mir das Buch am Vormittag geschnappt&#8230; und am Abend die letzte Seite gelesen.<br>Noch immer sp\u00fcre ich einen dicken Klos im Hals, bin einfach nur tief traurig und ber\u00fchrt von dieser Geschichte.<br>Hoffentlich wird der Lehrer meiner Tochter das Geschehen gut aufarbeiten, denn ich bin mir sicher, dass diese Geschichte bei den Kindern Spuren hinterlassen wird. Und das ist auch wichtig. Nie wieder ist jetzt. So etwas darf nie wieder passieren.<\/p>\n<\/div><\/div>\n\n\n\n<p>_<\/p>\n\n\n\n<div class=\"wp-block-media-text has-media-on-the-right\" style=\"grid-template-columns:auto 25%\"><div class=\"wp-block-media-text__content\">\n<p class=\"has-small-font-size\">Das Buch <strong><em>&#8222;Sagenhafter Hotzenwald&#8220;<\/em><\/strong> von Sandhya Hasswani ist eine Sammlung von Sagen, welche von der Autorin selbst liebevoll illustriert wurden und am Ende jeder Sage mit interessanten Hintergrundinformationen abgeschlossen werden. Somit ist das Buch nicht nur \u00e4u\u00dferst unterhaltsam, sondern gleichzeitig auch sehr informativ. Ich habe eine Menge \u00fcber diese bewegte und wechselhafte Geschichte dieses Gebiets, der D\u00f6rfer und St\u00e4dte erfahren. Die wunderbaren Illustrationen laden dazu ein, das Buch immer wieder durchzubl\u00e4ttern.<br>Das Buch eignet sich wunderbar zum selbstlesen und auch zum Vorlesen. Die Einstreuung der alemanischen Mundart sorgen f\u00fcr eine gro\u00dfe Authentizit\u00e4t und es macht einfach Freude, diese zu lesen.<br>Ein wundersch\u00f6nes und empfehlenswertes Buch f\u00fcr alle, die Sagen lieben und gerne mehr \u00fcber den Hotzenwald erfahren m\u00f6chte. Aber mit Sicherheit haben auch Eingesessene ihre Freude an dieser einzigartigen Sammlung. Sehr empfehlenswert.&nbsp;<\/p>\n<\/div><figure class=\"wp-block-media-text__media\"><img loading=\"lazy\" decoding=\"async\" width=\"303\" height=\"445\" src=\"https:\/\/buechertanz.de\/wp-content\/uploads\/2024\/05\/29-Sagenhafter-Hotzenwald.jpg\" alt=\"\" class=\"wp-image-7273 size-full\" srcset=\"https:\/\/buechertanz.de\/wp-content\/uploads\/2024\/05\/29-Sagenhafter-Hotzenwald.jpg 303w, https:\/\/buechertanz.de\/wp-content\/uploads\/2024\/05\/29-Sagenhafter-Hotzenwald-204x300.jpg 204w\" sizes=\"auto, (max-width: 303px) 100vw, 303px\" \/><\/figure><\/div>\n\n\n\n<p>_<\/p>\n\n\n\n<div class=\"wp-block-media-text is-vertically-aligned-center\" style=\"grid-template-columns:25% auto\"><figure class=\"wp-block-media-text__media\"><img loading=\"lazy\" decoding=\"async\" width=\"683\" height=\"1024\" src=\"https:\/\/buechertanz.de\/wp-content\/uploads\/2024\/05\/30-Ein-fast-perfekter-Herzog_01.jpg\" alt=\"\" class=\"wp-image-7285 size-full\" srcset=\"https:\/\/buechertanz.de\/wp-content\/uploads\/2024\/05\/30-Ein-fast-perfekter-Herzog_01.jpg 683w, https:\/\/buechertanz.de\/wp-content\/uploads\/2024\/05\/30-Ein-fast-perfekter-Herzog_01-200x300.jpg 200w\" sizes=\"auto, (max-width: 683px) 100vw, 683px\" \/><\/figure><div class=\"wp-block-media-text__content\">\n<p class=\"has-small-font-size\">Das Buch <em><a href=\"https:\/\/buechertanz.de\/?p=7283\" target=\"_blank\" rel=\"noreferrer noopener\"><strong>&#8222;Ein fast perfekter Herzog ~ Die Cossin-Saga&#8220;<\/strong> <\/a><\/em>von Kristina Herzog hat mich und mein Herz zum Tanzen gebracht. Es ist eine herrliche und romantische Liebesgeschichte, in der man versinken und sich einfach nur wohlf\u00fchlen kann.<br>Gef\u00fchlvoll, dramatisch und stellenweise sehr spannend. Absolute Leseempfehlung f\u00fcr alle, die von \u201aBridgerton\u2018 und Jane Austen nicht genug bekommen k\u00f6nnen.<\/p>\n<\/div><\/div>\n\n\n\n<p>_<\/p>\n\n\n\n<div class=\"wp-block-media-text has-media-on-the-right\" style=\"grid-template-columns:auto 25%\"><div class=\"wp-block-media-text__content\">\n<p class=\"has-small-font-size\">Den Abschluss des Lesemonats bildete <strong><em>&#8222;Die Henkerstochter und das Spiel des Todes&#8220; <\/em><\/strong>von Oliver P\u00f6tzsch.<br>Dieser sechste Band der Reihe gef\u00e4llt mir unheimlich gut &#8211; eigentlich bisher am besten. Dramatisch, mitrei\u00dfend, informativ und wieder einmal spannend von der ersten bis zur letzten Seite.<br>Sehr lesenswert, auch wenn es keine leichte Kost ist&#8230;&nbsp;<\/p>\n<\/div><figure class=\"wp-block-media-text__media\"><img loading=\"lazy\" decoding=\"async\" width=\"281\" height=\"445\" src=\"https:\/\/buechertanz.de\/wp-content\/uploads\/2024\/05\/31-Die-Henkerstochter-und-das-Spiel-des-Todes.jpg\" alt=\"\" class=\"wp-image-7305 size-full\" srcset=\"https:\/\/buechertanz.de\/wp-content\/uploads\/2024\/05\/31-Die-Henkerstochter-und-das-Spiel-des-Todes.jpg 281w, https:\/\/buechertanz.de\/wp-content\/uploads\/2024\/05\/31-Die-Henkerstochter-und-das-Spiel-des-Todes-189x300.jpg 189w\" sizes=\"auto, (max-width: 281px) 100vw, 281px\" \/><\/figure><\/div>\n\n\n\n<p>_<\/p>\n\n\n\n<p class=\"has-drop-cap has-small-font-size\">Herzlichen Dank an die Autorinnen Linda Graze, Sandhya Hasswani und Kristina Herzog f\u00fcr die Bereitstellung der B\u00fccher als Rezensionsexemplare.<br>Und nat\u00fcrlich wieder ein gro\u00dfes Danke an alle Autorinnen und Autoren f\u00fcr die wundersch\u00f6nen, inspirierenden und lehrreichen Geschichten, welche begleitet, mitgerissen und begeistert haben.<\/p>\n\n\n\n<p class=\"has-small-font-size\">Liebe Gr\u00fc\u00dfe,<\/p>\n\n\n\n<figure class=\"wp-block-image size-large is-resized\"><img loading=\"lazy\" decoding=\"async\" width=\"1024\" height=\"404\" src=\"https:\/\/buechertanz.de\/wp-content\/uploads\/2023\/06\/Unterschrift-1024x404.jpg\" alt=\"\" class=\"wp-image-5276\" style=\"width:186px;height:auto\" srcset=\"https:\/\/buechertanz.de\/wp-content\/uploads\/2023\/06\/Unterschrift-1024x404.jpg 1024w, https:\/\/buechertanz.de\/wp-content\/uploads\/2023\/06\/Unterschrift-300x118.jpg 300w, https:\/\/buechertanz.de\/wp-content\/uploads\/2023\/06\/Unterschrift-768x303.jpg 768w, https:\/\/buechertanz.de\/wp-content\/uploads\/2023\/06\/Unterschrift.jpg 1500w\" sizes=\"auto, (max-width: 1024px) 100vw, 1024px\" \/><\/figure>\n","protected":false},"excerpt":{"rendered":"<p>Im&nbsp;Mai 2024&nbsp;habe ich sechs B\u00fccher mit insgesamt&nbsp;2.369 Seiten&nbsp;gelesen. Es war abwechslungsreicher Lesemonat, welcher mich mitunter an meine Grenzen gebracht hat. Die B\u00fccher&nbsp;&#8222;Tief unter der Alb&#8220;&nbsp;von Lisa Graze, &#8222;Die letzte \u00c4btissin&#8220; und &#8222;Sagenhafter Hotzenwald&#8220; von Sandhya Hasswani und &#8222;Ein fast perfekter Herzog ~ Die Cossin-Saga&#8220; von Kristina Herzog&nbsp;fanden als Rezensionsexemplare den Weg zu mir (ganz herzlichen &hellip; <a href=\"https:\/\/buechertanz.de\/?page_id=7309\" class=\"more-link\"><span class=\"screen-reader-text\">Gelesen Mai 2024<\/span> weiterlesen<\/a><\/p>\n","protected":false},"author":2,"featured_media":0,"parent":0,"menu_order":0,"comment_status":"open","ping_status":"closed","template":"","meta":{"footnotes":""},"class_list":["post-7309","page","type-page","status-publish","hentry"],"_links":{"self":[{"href":"https:\/\/buechertanz.de\/index.php?rest_route=\/wp\/v2\/pages\/7309","targetHints":{"allow":["GET"]}}],"collection":[{"href":"https:\/\/buechertanz.de\/index.php?rest_route=\/wp\/v2\/pages"}],"about":[{"href":"https:\/\/buechertanz.de\/index.php?rest_route=\/wp\/v2\/types\/page"}],"author":[{"embeddable":true,"href":"https:\/\/buechertanz.de\/index.php?rest_route=\/wp\/v2\/users\/2"}],"replies":[{"embeddable":true,"href":"https:\/\/buechertanz.de\/index.php?rest_route=%2Fwp%2Fv2%2Fcomments&post=7309"}],"version-history":[{"count":4,"href":"https:\/\/buechertanz.de\/index.php?rest_route=\/wp\/v2\/pages\/7309\/revisions"}],"predecessor-version":[{"id":7336,"href":"https:\/\/buechertanz.de\/index.php?rest_route=\/wp\/v2\/pages\/7309\/revisions\/7336"}],"wp:attachment":[{"href":"https:\/\/buechertanz.de\/index.php?rest_route=%2Fwp%2Fv2%2Fmedia&parent=7309"}],"curies":[{"name":"wp","href":"https:\/\/api.w.org\/{rel}","templated":true}]}}