{"id":7321,"date":"2024-05-30T17:04:21","date_gmt":"2024-05-30T16:04:21","guid":{"rendered":"https:\/\/buechertanz.de\/?page_id=7321"},"modified":"2024-06-02T20:14:14","modified_gmt":"2024-06-02T19:14:14","slug":"neuzugaenge-mai-2024","status":"publish","type":"page","link":"https:\/\/buechertanz.de\/?page_id=7321","title":{"rendered":"Neuzug\u00e4nge Mai 2024"},"content":{"rendered":"\n<p class=\"has-drop-cap has-small-font-size\">Im&nbsp;<strong>Mai 2024<\/strong>&nbsp;sind insgesamt&nbsp;<strong>15 B\u00fccher&nbsp;<\/strong>hier eingezogen:<br>Drei Rezensionsexemplare, acht neue B\u00fccher und vier B\u00fccher aus zweiter Hand \u2013 zu den ausf\u00fchrlichen Rezensionen gelangt ihr mit einem Klick auf den Titel. Einige der Neuzug\u00e4nge werden in den kommenden Monaten gelesen \u2013 ich freue mich schon auf viele gem\u00fctliche Lesestunden.<br>Viel Spa\u00df beim St\u00f6bern!<\/p>\n\n\n<div class=\"wp-block-image is-style-default\">\n<figure class=\"aligncenter size-full is-resized\"><img loading=\"lazy\" decoding=\"async\" width=\"856\" height=\"847\" src=\"https:\/\/buechertanz.de\/wp-content\/uploads\/2024\/05\/05-Mai-gesamt_komp.jpg\" alt=\"\" class=\"wp-image-7329\" style=\"width:364px;height:auto\" srcset=\"https:\/\/buechertanz.de\/wp-content\/uploads\/2024\/05\/05-Mai-gesamt_komp.jpg 856w, https:\/\/buechertanz.de\/wp-content\/uploads\/2024\/05\/05-Mai-gesamt_komp-300x297.jpg 300w, https:\/\/buechertanz.de\/wp-content\/uploads\/2024\/05\/05-Mai-gesamt_komp-768x760.jpg 768w\" sizes=\"auto, (max-width: 856px) 100vw, 856px\" \/><\/figure><\/div>\n\n\n<p class=\"has-text-align-center\" style=\"font-size:11px\"><em>Meine neuen Seitlinge vom Mai 2024<\/em><\/p>\n\n\n\n<p>_<\/p>\n\n\n\n<div class=\"wp-block-media-text is-vertically-aligned-center\"><figure class=\"wp-block-media-text__media\"><img loading=\"lazy\" decoding=\"async\" width=\"882\" height=\"873\" src=\"https:\/\/buechertanz.de\/wp-content\/uploads\/2024\/05\/05-Mai-Rezensionsexemplare_komp.jpg\" alt=\"\" class=\"wp-image-7330 size-full\" srcset=\"https:\/\/buechertanz.de\/wp-content\/uploads\/2024\/05\/05-Mai-Rezensionsexemplare_komp.jpg 882w, https:\/\/buechertanz.de\/wp-content\/uploads\/2024\/05\/05-Mai-Rezensionsexemplare_komp-300x297.jpg 300w, https:\/\/buechertanz.de\/wp-content\/uploads\/2024\/05\/05-Mai-Rezensionsexemplare_komp-768x760.jpg 768w\" sizes=\"auto, (max-width: 882px) 100vw, 882px\" \/><\/figure><div class=\"wp-block-media-text__content\">\n<p class=\"has-drop-cap has-small-font-size\"><strong>Rezensionsexemplare:<\/strong><\/p>\n\n\n\n<p><\/p>\n\n\n\n<ul class=\"wp-block-list\">\n<li class=\"has-small-font-size\">Kristina Herzog: <strong><em><a href=\"https:\/\/buechertanz.de\/?p=7283\">&#8222;Ein fast perfekter Herzog ~ Die Cossin-Saga&#8220;<\/a> <\/em><\/strong>(eBook)<\/li>\n\n\n\n<li class=\"has-small-font-size\">Kristina Herzog: <strong><em>&#8222;Ein fast perfekter Herzog ~ Die Cossin-Saga&#8220; <\/em><\/strong>(Taschenbuch)<\/li>\n\n\n\n<li class=\"has-small-font-size\">Tessa Hennig: <strong><em><a href=\"https:\/\/buechertanz.de\/?p=7343\" target=\"_blank\" rel=\"noreferrer noopener\">&#8222;Verliebt \u00fcber beide R\u00e4der&#8220;<\/a><\/em><\/strong><\/li>\n<\/ul>\n<\/div><\/div>\n\n\n\n<p>_<\/p>\n\n\n\n<div class=\"wp-block-media-text has-media-on-the-right is-vertically-aligned-center\"><div class=\"wp-block-media-text__content\">\n<p class=\"has-drop-cap has-small-font-size\"><strong>Neue B\u00fccher:<\/strong><\/p>\n\n\n\n<p><\/p>\n\n\n\n<ul class=\"wp-block-list\">\n<li class=\"has-small-font-size\">Melanie Metzenthin: <strong><em>&#8222;Unsere kurze Ewigkeit&#8220;<\/em><\/strong><\/li>\n\n\n\n<li class=\"has-small-font-size\">Anke Petersen: <strong><em>&#8222;St\u00fcrmische Zeiten auf dem D\u00fcnenhof&#8220;<\/em><\/strong><\/li>\n\n\n\n<li class=\"has-small-font-size\">Karin J\u00e4ckel: <strong><em>&#8222;Die Frau des Reformators&#8220;<\/em><\/strong><\/li>\n\n\n\n<li class=\"has-small-font-size\">Bettina Seidl: <strong>&#8222;Sommermeisen&#8220;<\/strong><\/li>\n\n\n\n<li class=\"has-small-font-size\">Anne Stern: <strong>&#8222;La Noy\u00e9e de Berlin &#8211; Une enqu\u00eate de Fr\u00e4ulein Gold&#8220;<\/strong><\/li>\n\n\n\n<li class=\"has-small-font-size\">Juliana Weinberg: <strong><em>&#8222;Der Traum vom Tor&#8220;<\/em><\/strong><\/li>\n\n\n\n<li class=\"has-small-font-size\">Oliver P\u00f6tzsch: <strong><em>&#8222;Die Henkerstochter und das Spiel des Todes&#8220; <\/em><\/strong>(eBook) und <strong><em>&#8222;Die Henkerstochter und der Rat der Zw\u00f6lf&#8220; <\/em><\/strong>(eBook)<\/li>\n<\/ul>\n<\/div><figure class=\"wp-block-media-text__media\"><img loading=\"lazy\" decoding=\"async\" width=\"882\" height=\"873\" src=\"https:\/\/buechertanz.de\/wp-content\/uploads\/2024\/05\/05-Mai-Neue-Buecher_komp.jpg\" alt=\"\" class=\"wp-image-7331 size-full\" srcset=\"https:\/\/buechertanz.de\/wp-content\/uploads\/2024\/05\/05-Mai-Neue-Buecher_komp.jpg 882w, https:\/\/buechertanz.de\/wp-content\/uploads\/2024\/05\/05-Mai-Neue-Buecher_komp-300x297.jpg 300w, https:\/\/buechertanz.de\/wp-content\/uploads\/2024\/05\/05-Mai-Neue-Buecher_komp-768x760.jpg 768w\" sizes=\"auto, (max-width: 882px) 100vw, 882px\" \/><\/figure><\/div>\n\n\n\n<p>_<\/p>\n\n\n\n<div class=\"wp-block-media-text\"><figure class=\"wp-block-media-text__media\"><img loading=\"lazy\" decoding=\"async\" width=\"903\" height=\"894\" src=\"https:\/\/buechertanz.de\/wp-content\/uploads\/2024\/05\/05-Mai-Buecher-aus-zweiter-Hand_komp.jpg\" alt=\"\" class=\"wp-image-7332 size-full\" srcset=\"https:\/\/buechertanz.de\/wp-content\/uploads\/2024\/05\/05-Mai-Buecher-aus-zweiter-Hand_komp.jpg 903w, https:\/\/buechertanz.de\/wp-content\/uploads\/2024\/05\/05-Mai-Buecher-aus-zweiter-Hand_komp-300x297.jpg 300w, https:\/\/buechertanz.de\/wp-content\/uploads\/2024\/05\/05-Mai-Buecher-aus-zweiter-Hand_komp-150x150.jpg 150w, https:\/\/buechertanz.de\/wp-content\/uploads\/2024\/05\/05-Mai-Buecher-aus-zweiter-Hand_komp-768x760.jpg 768w\" sizes=\"auto, (max-width: 903px) 100vw, 903px\" \/><\/figure><div class=\"wp-block-media-text__content\">\n<p class=\"has-drop-cap has-small-font-size\"><strong>B\u00fccher aus zweiter Hand:<\/strong><\/p>\n\n\n\n<p><\/p>\n\n\n\n<ul class=\"wp-block-list\">\n<li class=\"has-small-font-size\">Ralf H. Dorweiler: <strong><em>&#8222;Der Gesang der Bienen&#8220;<\/em><\/strong><\/li>\n\n\n\n<li class=\"has-small-font-size\">Fenja L\u00fcders: <strong><em>&#8222;Der Traum von Freiheit: Die Speicherstadt-Saga&#8220;<\/em><\/strong><\/li>\n\n\n\n<li class=\"has-small-font-size\">Silke B\u00f6schen: <strong>&#8222;Tr\u00e4ume von Freiheit &#8211; Flammen am Meer&#8220;<\/strong><\/li>\n\n\n\n<li class=\"has-small-font-size\">Ulrike Halbe-Bauer: <strong><em>&#8222;Mein Agnes&#8220;<\/em><\/strong><\/li>\n<\/ul>\n<\/div><\/div>\n\n\n\n<p>_<\/p>\n\n\n\n<p class=\"has-drop-cap has-small-font-size\">Ich bedanke mich ganz herzlich bei der Autorin Kristina Herzog f\u00fcr die Zusendung der Rezensionsexemplare und bei Tinte &amp; Feder (und bei der \u201eZucker Kommunikation PR-Agentur Berlin\u201c)&nbsp;f\u00fcr das wundervolle Buch-Paket. <br>Auf viele meiner f\u00fcnfzehn Neuzug\u00e4nge darf ich mich noch freuen, denn es war der Monat des B\u00fcchermarkts in Endingen und der Buchmesse in Freiburg &#8230; da kamen wieder ein paar B\u00fccher mehr mit, als geplant.<\/p>\n\n\n\n<p class=\"has-small-font-size\">Liebe Gr\u00fc\u00dfe,<\/p>\n\n\n\n<figure class=\"wp-block-image size-large is-resized\"><img loading=\"lazy\" decoding=\"async\" width=\"1024\" height=\"404\" src=\"https:\/\/buechertanz.de\/wp-content\/uploads\/2023\/06\/Unterschrift-1024x404.jpg\" alt=\"\" class=\"wp-image-5276\" style=\"width:239px;height:auto\" srcset=\"https:\/\/buechertanz.de\/wp-content\/uploads\/2023\/06\/Unterschrift-1024x404.jpg 1024w, https:\/\/buechertanz.de\/wp-content\/uploads\/2023\/06\/Unterschrift-300x118.jpg 300w, https:\/\/buechertanz.de\/wp-content\/uploads\/2023\/06\/Unterschrift-768x303.jpg 768w, https:\/\/buechertanz.de\/wp-content\/uploads\/2023\/06\/Unterschrift.jpg 1500w\" sizes=\"auto, (max-width: 1024px) 100vw, 1024px\" \/><\/figure>\n","protected":false},"excerpt":{"rendered":"<p>Im&nbsp;Mai 2024&nbsp;sind insgesamt&nbsp;15 B\u00fccher&nbsp;hier eingezogen:Drei Rezensionsexemplare, acht neue B\u00fccher und vier B\u00fccher aus zweiter Hand \u2013 zu den ausf\u00fchrlichen Rezensionen gelangt ihr mit einem Klick auf den Titel. Einige der Neuzug\u00e4nge werden in den kommenden Monaten gelesen \u2013 ich freue mich schon auf viele gem\u00fctliche Lesestunden.Viel Spa\u00df beim St\u00f6bern! Meine neuen Seitlinge vom Mai 2024 &hellip; <a href=\"https:\/\/buechertanz.de\/?page_id=7321\" class=\"more-link\"><span class=\"screen-reader-text\">Neuzug\u00e4nge Mai 2024<\/span> weiterlesen<\/a><\/p>\n","protected":false},"author":2,"featured_media":0,"parent":0,"menu_order":0,"comment_status":"open","ping_status":"closed","template":"","meta":{"footnotes":""},"class_list":["post-7321","page","type-page","status-publish","hentry"],"_links":{"self":[{"href":"https:\/\/buechertanz.de\/index.php?rest_route=\/wp\/v2\/pages\/7321","targetHints":{"allow":["GET"]}}],"collection":[{"href":"https:\/\/buechertanz.de\/index.php?rest_route=\/wp\/v2\/pages"}],"about":[{"href":"https:\/\/buechertanz.de\/index.php?rest_route=\/wp\/v2\/types\/page"}],"author":[{"embeddable":true,"href":"https:\/\/buechertanz.de\/index.php?rest_route=\/wp\/v2\/users\/2"}],"replies":[{"embeddable":true,"href":"https:\/\/buechertanz.de\/index.php?rest_route=%2Fwp%2Fv2%2Fcomments&post=7321"}],"version-history":[{"count":6,"href":"https:\/\/buechertanz.de\/index.php?rest_route=\/wp\/v2\/pages\/7321\/revisions"}],"predecessor-version":[{"id":7358,"href":"https:\/\/buechertanz.de\/index.php?rest_route=\/wp\/v2\/pages\/7321\/revisions\/7358"}],"wp:attachment":[{"href":"https:\/\/buechertanz.de\/index.php?rest_route=%2Fwp%2Fv2%2Fmedia&parent=7321"}],"curies":[{"name":"wp","href":"https:\/\/api.w.org\/{rel}","templated":true}]}}