{"id":736,"date":"2019-08-13T19:31:37","date_gmt":"2019-08-13T18:31:37","guid":{"rendered":"http:\/\/buechertanz.de\/?page_id=736"},"modified":"2019-08-13T20:44:31","modified_gmt":"2019-08-13T19:44:31","slug":"gelesen-juli-2019","status":"publish","type":"page","link":"https:\/\/buechertanz.de\/?page_id=736","title":{"rendered":"Gelesen Juli 2019"},"content":{"rendered":"\n<p class=\"has-drop-cap has-small-font-size\">Hier seht ihr die B\u00fccher, die ich im Juli 2019 gelesen habe und ihr bekommt einen ersten Eindruck. Die ausf\u00fchrlichen Rezensionen folgen.<br>Falls es schon eine Rezension auf meinem Blog gibt, gelangt ihr mit einem Klick auf den Titel direkt bei der Rezension.<\/p>\n\n\n\n<div class=\"wp-block-image\"><figure class=\"aligncenter is-resized\"><img loading=\"lazy\" decoding=\"async\" src=\"https:\/\/buechertanz.de\/wp-content\/uploads\/2019\/08\/07-Juli-2019-768x1024.jpg\" alt=\"\" class=\"wp-image-747\" width=\"386\" height=\"515\" srcset=\"https:\/\/buechertanz.de\/wp-content\/uploads\/2019\/08\/07-Juli-2019-768x1024.jpg 768w, https:\/\/buechertanz.de\/wp-content\/uploads\/2019\/08\/07-Juli-2019-225x300.jpg 225w\" sizes=\"auto, (max-width: 386px) 100vw, 386px\" \/><figcaption><em>Gelesene B\u00fccher Juli 2019:<\/em><br>&#8211; Drei B\u00fccher<br>&#8211; 1.245 Seiten<br><br><\/figcaption><\/figure><\/div>\n\n\n\n<p style=\"text-align:left\" class=\"has-small-font-size\">__<br><br><strong>Marie Lamballe: &#8222;Caf\u00e9 Engel &#8211; Schicksalhafte Jahre&#8220;<\/strong><br><strong>erschienen am 28.Juni 2019<\/strong><br><strong>L\u00fcbbe, ISBN: 978-3404178339<\/strong><br><br><strong>Klappentext:<\/strong><br>&#8220; Wiesbaden, 1951. Dem Caf\u00e9 Engel stehen turbulente Zeiten bevor. Gleich neben dem Traditionscaf\u00e9 der Familie Koch sorgt ein Konkurrent mit modernem Flair f\u00fcr Aufsehen. W\u00e4hrend Hilde Koch verzweifelt versucht, ihre Eltern von einer Modernisierung des Caf\u00e9s zu \u00fcberzeuge, droht auch ihre hart erk\u00e4mpfte gro\u00dfe Liebe zu scheitern. Um das Gl\u00fcck ihrer beiden Br\u00fcder steht es nicht besser: Frauenschwarm Wilhelm verstrickt sich in fl\u00fcchtige Aff\u00e4ren, w\u00e4hrend sein Herz heimlich f\u00fcr eine Frau schl\u00e4gt, die f\u00fcr ihn unerreichbar ist. Und sein \u00e4lterer Bruder August verliebt sich nach seiner R\u00fcckkehr aus russischer Kriegsgefangenschaft ausgerechnet in eine junge Russin &#8211; ohne zu ahnen, dass seine Wahl die Familie zu spalten droht ..&#8220;<br><br><br><strong>Meine Meinung:<\/strong><br>Mir hat der zweite Teil deutlich besser gefallen, als der erste Teil. Ich wei\u00df nicht ganz genau, woran es lag, aber ich vermute mal, dass die Hauptfiguren einfach menschlicher waren und logischer gehandelt haben. Und: Ich fand diese Aufbruchstimmung in diesem Teil sehr greifbarer, diese Hoffnung der Hauptfiguren, dass nun alles irgendwie gut wird. Ich habe mich sehr gut unterhalten gef\u00fchlt.<\/p>\n\n\n\n<p class=\"has-small-font-size\">__<br><br><strong>Linda Winterberg: &#8222;Aufbuch in ein neues Leben &#8211; Die Hebammen-Saga&#8220;<\/strong><br><strong>erschienen am 12. Juli 2019<\/strong><br><strong>Aufbau Taschenbuch, ISBN:  978-3746635460 <\/strong><br><br><strong>Klappentext:<\/strong><br><em>&#8222;Berlin 1917: Edith, Margot und Luise k\u00f6nnten unterschiedlicher nicht sein, als sie sich bei der Hebammenausbildung kennenlernen. Was sie jedoch verbindet, ist ihr Wunsch nach Freiheit und Selbst\u00e4ndigkeit \u2013 als Flucht vor dem dominanten Vater, vor der Armut der Gro\u00dffamilie oder den Schatten der Vergangenheit. In einer Zeit, in der die Welt im Kriegs-Chaos versinkt, ist die Sehnsucht nach Frieden genauso gro\u00df wie das Elend, mit dem die drei Frauen t\u00e4glich konfrontiert sind. Aber sie geben nicht auf, denn sie wissen, dass sie jeden Tag aufs Neue die Chance haben, Leben zu schenken \u2026&#8220;<\/em><br><br><strong>Meine Meinung:<\/strong><br>Was f\u00fcr ein Buch! Von der ersten Seite an, war ich von der Geschichte und von den Hauptfiguren tief beeindruckt. In den Zeiten, in denen ich nicht lesen konnte, war ich ganz oft in Gedanken in dem Buch &#8211; \u00fcberlegte mir, wie es wohl weitergehen k\u00f6nnte. Selten hat mich eine Geschichte so nachhaltig beeindruckt, wie dieses Buch. Die Hauptfiguren sind so stark, aber auch nicht unfehlbar. Und die Handlung&#8230; Leute, legt Taschent\u00fccher bereit. So emotional. Da liefen bei mir oft, sehr oft, die Tr\u00e4nen.<\/p>\n\n\n\n<p class=\"has-small-font-size\">__<br><br><strong>Patrick Hertweck: &#8222;Maggie und die Stadt der Diebe&#8220;<\/strong><br><strong>erschienen am 14. August 2017<br>Gulliver, ISBN978-3407749086<\/strong><br><br><strong>Klappentext:<\/strong><br> <em>\u201eNew York, 1870. Maggie ist auf der Flucht. Mephisto Mose, der sagenumworbene Herrscher \u00fcber die New Yorker Unterwelt, ist hinter dem Waisenm\u00e4dchen her. Doch weshalb hat er ein solches Interesse an ihr? Auf der Suche nach einem Versteck irrt Maggie durch die Slums von Manhattan und trifft auf eine Bande junger Diebe, die sie bei sich aufnehmen. Aber die Verfolger lassen nicht locker und Maggie sp\u00fcrt, dass sie sich endlich ihrer Vergangenheit stellen muss.\u201c<\/em> <br><br><strong>Meine Meinung:<\/strong><br>Eigentlich lese ich Jugendb\u00fccher nicht sooo gerne. Bei diesem musste ich aber eine Ausnahme machen: Freiburger Autor UND dann auch eine Geschichte, die in New Yorks Vergangenheit spielt. <br>Zum Buch ist zu sagen: Ich fand es gut! Es hat mich bestens unterhalten, auch wenn das R\u00e4tsel jetzt nicht schwer zu durchschauen war. Die Sprache von Partick Hertweck ist richtig gut, er umschreibt nicht ewig, trotzdem baut sich eine wunderbare, dichte Atmosph\u00e4re auf. Und Maggie habe ich schnell in mein Herz geschlossen.<br><br>__<br><\/p>\n\n\n\n<div class=\"wp-block-image\"><figure class=\"aligncenter is-resized\"><img loading=\"lazy\" decoding=\"async\" src=\"https:\/\/buechertanz.de\/wp-content\/uploads\/2019\/03\/Blume-5.png\" alt=\"\" class=\"wp-image-367\" width=\"228\" height=\"263\" srcset=\"https:\/\/buechertanz.de\/wp-content\/uploads\/2019\/03\/Blume-5.png 264w, https:\/\/buechertanz.de\/wp-content\/uploads\/2019\/03\/Blume-5-260x300.png 260w\" sizes=\"auto, (max-width: 228px) 100vw, 228px\" \/><\/figure><\/div>\n\n\n\n<p><br><\/p>\n","protected":false},"excerpt":{"rendered":"<p>Hier seht ihr die B\u00fccher, die ich im Juli 2019 gelesen habe und ihr bekommt einen ersten Eindruck. Die ausf\u00fchrlichen Rezensionen folgen.Falls es schon eine Rezension auf meinem Blog gibt, gelangt ihr mit einem Klick auf den Titel direkt bei der Rezension. __ Marie Lamballe: &#8222;Caf\u00e9 Engel &#8211; Schicksalhafte Jahre&#8220;erschienen am 28.Juni 2019L\u00fcbbe, ISBN: 978-3404178339 &hellip; <a href=\"https:\/\/buechertanz.de\/?page_id=736\" class=\"more-link\"><span class=\"screen-reader-text\">Gelesen Juli 2019<\/span> weiterlesen<\/a><\/p>\n","protected":false},"author":2,"featured_media":0,"parent":0,"menu_order":0,"comment_status":"open","ping_status":"closed","template":"","meta":{"footnotes":""},"class_list":["post-736","page","type-page","status-publish","hentry"],"_links":{"self":[{"href":"https:\/\/buechertanz.de\/index.php?rest_route=\/wp\/v2\/pages\/736","targetHints":{"allow":["GET"]}}],"collection":[{"href":"https:\/\/buechertanz.de\/index.php?rest_route=\/wp\/v2\/pages"}],"about":[{"href":"https:\/\/buechertanz.de\/index.php?rest_route=\/wp\/v2\/types\/page"}],"author":[{"embeddable":true,"href":"https:\/\/buechertanz.de\/index.php?rest_route=\/wp\/v2\/users\/2"}],"replies":[{"embeddable":true,"href":"https:\/\/buechertanz.de\/index.php?rest_route=%2Fwp%2Fv2%2Fcomments&post=736"}],"version-history":[{"count":4,"href":"https:\/\/buechertanz.de\/index.php?rest_route=\/wp\/v2\/pages\/736\/revisions"}],"predecessor-version":[{"id":756,"href":"https:\/\/buechertanz.de\/index.php?rest_route=\/wp\/v2\/pages\/736\/revisions\/756"}],"wp:attachment":[{"href":"https:\/\/buechertanz.de\/index.php?rest_route=%2Fwp%2Fv2%2Fmedia&parent=736"}],"curies":[{"name":"wp","href":"https:\/\/api.w.org\/{rel}","templated":true}]}}