{"id":737,"date":"2019-08-13T19:31:37","date_gmt":"2019-08-13T18:31:37","guid":{"rendered":"http:\/\/buechertanz.de\/?page_id=737"},"modified":"2023-01-04T13:46:54","modified_gmt":"2023-01-04T12:46:54","slug":"neuzugaenge-juli-2019","status":"publish","type":"page","link":"https:\/\/buechertanz.de\/?page_id=737","title":{"rendered":"Neuzug\u00e4nge Juli 2019"},"content":{"rendered":"\n<p class=\"has-drop-cap has-small-font-size\">Im Juli 2019 sind 14 neue B\u00fccher eingezogen:<br>Vier neue B\u00fccher, neun B\u00fccher aus \u00f6ffentlichen B\u00fccherschr\u00e4nken und ein Geschenk fanden den Weg in mein B\u00fccherregal <br>Von diesen Neuzug\u00e4ngen musste ich \u201eAufbruch in ein neues Leben\u201c von Linda Winterberg sofort lesen, da ich sehr gespannt auf die Geschichte war. <br><br>Falls es eine Rezension auf meinem Blog gibt, gelangt ihr mit einem Klick auf den Titel direkt bei der Rezension.<\/p>\n\n\n<div class=\"wp-block-image\">\n<figure class=\"aligncenter is-resized\"><img loading=\"lazy\" decoding=\"async\" src=\"https:\/\/buechertanz.de\/wp-content\/uploads\/2019\/08\/07-Juli-1024x768.jpg\" alt=\"\" class=\"wp-image-751\" width=\"499\" height=\"374\" srcset=\"https:\/\/buechertanz.de\/wp-content\/uploads\/2019\/08\/07-Juli-1024x768.jpg 1024w, https:\/\/buechertanz.de\/wp-content\/uploads\/2019\/08\/07-Juli-300x225.jpg 300w, https:\/\/buechertanz.de\/wp-content\/uploads\/2019\/08\/07-Juli-768x576.jpg 768w\" sizes=\"auto, (max-width: 499px) 100vw, 499px\" \/><\/figure><\/div>\n\n\n<p>_<\/p>\n\n\n\n<p class=\"has-drop-cap has-small-font-size\"><strong>Neue B\u00fccher:<\/strong><\/p>\n\n\n\n<p><\/p>\n\n\n\n<ul class=\"has-small-font-size wp-block-list\"><li>Linda Winterberg: <br><em>&#8222;Aufbruch in ein neues Leben &#8211; Die Hebammen-Saga&#8220;<\/em><\/li><li>Ildefonso Falcones: <br><em>&#8222;Die Erben der Erde&#8220;<\/em><\/li><li>Ulrike Schweickert:<br><em>&#8222;Hinter den Spiegeln &#8211; Das Wiener Verm\u00e4chtnis<\/em><\/li><li>Petra Schier:<br><em>&#8222;Flammen und Seide&#8220;<\/em><\/li><\/ul>\n\n\n\n<p>_<\/p>\n\n\n\n<p class=\"has-drop-cap has-small-font-size\"><strong>\u00d6ffentliche B\u00fccherschr\u00e4nke<\/strong><\/p>\n\n\n\n<p><\/p>\n\n\n\n<ul class=\"has-small-font-size wp-block-list\"><li>Katharine McMahon: <br><em>&#8222;Die Tochter des Alchemisten&#8220;<\/em><\/li><li>Graeme Simsion: <br><em>&#8222;Der Mann, der zu Tr\u00e4umen wagte&#8220;<\/em><\/li><li>Cordelia Edvardson: <br><em>&#8222;Gebranntes Kind sucht das Feuer&#8220;<\/em><\/li><li>Deutscher Bundestag: <br><em>&#8222;Der Deutsche Bundestag im Reichstagsgeb\u00e4ude&#8220;<\/em><\/li><li>Marie Pellissier: <br><em>&#8222;Die t\u00f6dliche Tugend der Madame Blandel&#8220;<\/em><\/li><li>Judith Lennox: <br><em>&#8222;Alle meine Schwestern&#8220;<\/em><\/li><li>Edward Rutherford: <br><em>&#8222;Die Prinzen von Irland&#8220;<\/em><\/li><li>Leo Tolstoi: <br><em>&#8222;Der Tod des Iwan Iljitsch&#8220;<\/em><\/li><li>J.W. von Goethe: <br><em>&#8222;Die Leiden des jungen Werther&#8220;<\/em><\/li><\/ul>\n\n\n\n<p>_<\/p>\n\n\n\n<p class=\"has-drop-cap has-small-font-size\"><strong>Geschenk:<\/strong><\/p>\n\n\n\n<p><\/p>\n\n\n\n<ul class=\"has-small-font-size wp-block-list\"><li>Leon de Winter: <br><em>&#8222;Leo Kaplan&#8220;<\/em><\/li><\/ul>\n\n\n\n<p>_<\/p>\n\n\n<div class=\"wp-block-image\">\n<figure class=\"aligncenter is-resized\"><img loading=\"lazy\" decoding=\"async\" src=\"https:\/\/buechertanz.de\/wp-content\/uploads\/2019\/03\/Blume-5.png\" alt=\"\" class=\"wp-image-367\" width=\"212\" height=\"244\" srcset=\"https:\/\/buechertanz.de\/wp-content\/uploads\/2019\/03\/Blume-5.png 264w, https:\/\/buechertanz.de\/wp-content\/uploads\/2019\/03\/Blume-5-260x300.png 260w\" sizes=\"auto, (max-width: 212px) 100vw, 212px\" \/><\/figure><\/div>\n\n\n<p><br><\/p>\n","protected":false},"excerpt":{"rendered":"<p>Im Juli 2019 sind 14 neue B\u00fccher eingezogen:Vier neue B\u00fccher, neun B\u00fccher aus \u00f6ffentlichen B\u00fccherschr\u00e4nken und ein Geschenk fanden den Weg in mein B\u00fccherregal Von diesen Neuzug\u00e4ngen musste ich \u201eAufbruch in ein neues Leben\u201c von Linda Winterberg sofort lesen, da ich sehr gespannt auf die Geschichte war. Falls es eine Rezension auf meinem Blog gibt, &hellip; <a href=\"https:\/\/buechertanz.de\/?page_id=737\" class=\"more-link\"><span class=\"screen-reader-text\">Neuzug\u00e4nge Juli 2019<\/span> weiterlesen<\/a><\/p>\n","protected":false},"author":2,"featured_media":0,"parent":0,"menu_order":0,"comment_status":"open","ping_status":"closed","template":"","meta":{"footnotes":""},"class_list":["post-737","page","type-page","status-publish","hentry"],"_links":{"self":[{"href":"https:\/\/buechertanz.de\/index.php?rest_route=\/wp\/v2\/pages\/737","targetHints":{"allow":["GET"]}}],"collection":[{"href":"https:\/\/buechertanz.de\/index.php?rest_route=\/wp\/v2\/pages"}],"about":[{"href":"https:\/\/buechertanz.de\/index.php?rest_route=\/wp\/v2\/types\/page"}],"author":[{"embeddable":true,"href":"https:\/\/buechertanz.de\/index.php?rest_route=\/wp\/v2\/users\/2"}],"replies":[{"embeddable":true,"href":"https:\/\/buechertanz.de\/index.php?rest_route=%2Fwp%2Fv2%2Fcomments&post=737"}],"version-history":[{"count":6,"href":"https:\/\/buechertanz.de\/index.php?rest_route=\/wp\/v2\/pages\/737\/revisions"}],"predecessor-version":[{"id":4236,"href":"https:\/\/buechertanz.de\/index.php?rest_route=\/wp\/v2\/pages\/737\/revisions\/4236"}],"wp:attachment":[{"href":"https:\/\/buechertanz.de\/index.php?rest_route=%2Fwp%2Fv2%2Fmedia&parent=737"}],"curies":[{"name":"wp","href":"https:\/\/api.w.org\/{rel}","templated":true}]}}