{"id":7456,"date":"2024-06-29T21:25:37","date_gmt":"2024-06-29T20:25:37","guid":{"rendered":"https:\/\/buechertanz.de\/?page_id=7456"},"modified":"2024-06-30T09:01:44","modified_gmt":"2024-06-30T08:01:44","slug":"gelesen-juni-2024","status":"publish","type":"page","link":"https:\/\/buechertanz.de\/?page_id=7456","title":{"rendered":"Gelesen Juni 2024"},"content":{"rendered":"\n<p class=\"has-drop-cap has-small-font-size\">Im Juni 2024 habe ich <strong>acht B\u00fccher<\/strong> mit insgesamt <strong>3.292 Seiten<\/strong> gelesen. Es war ein sehr abwechslungsreicher Monat und ich habe mit dem Buch <em><strong>&#8222;Haunting Adeline&#8220;<\/strong><\/em> einen Ausflug in das f\u00fcr mich bis dato unbekannte Genre &#8218;Dark Romance&#8216; gemacht. <br>Die B\u00fccher <em><strong><a href=\"https:\/\/buechertanz.de\/?p=7343\">&#8222;Verliebt \u00fcber beide R\u00e4der&#8220;<\/a><\/strong> <\/em>von Tessa Hennig, <em><strong><a href=\"https:\/\/buechertanz.de\/?p=7375\" target=\"_blank\" rel=\"noreferrer noopener\">&#8222;Eifelfrauen &#8211; Der Ruf der Nachtigall&#8220;<\/a><\/strong> <\/em>von Brigitte Riebe und <em><strong><a href=\"https:\/\/buechertanz.de\/?p=7414\" target=\"_blank\" rel=\"noreferrer noopener\">&#8222;Eine grenzenlose Welt &#8211; Schicksal&#8220;<\/a><\/strong><\/em> von Sonja Roos haben als Rezensionsexemplare den Weg zu mir gefunden &#8211; herzlichen Dank an die <em>\u201eZucker Kommunikation PR-Agentur Berlin\u201c<\/em>, an den<em> Rowohlt Verlag <\/em>und an den<em> Goldmann Verlag <\/em>f\u00fcr die Zusendung und Bereitstellung der Rezensionsexemplare. <br>Die weiteren vier B\u00fccher lagen bisher auf meinem Stapel ungelesener B\u00fccher.<br>Herzlichen Dank an alle Autoren und Autorinnen f\u00fcr eure unterhaltsamen, lehrreichen und wundersch\u00f6nen Geschichten, welche mich gleichzeitig den Alltag haben vergessen lassen. <br>Viel Spa\u00df beim Schm\u00f6kern, eure<\/p>\n\n\n\n<figure class=\"wp-block-image size-large is-resized\"><img loading=\"lazy\" decoding=\"async\" width=\"1024\" height=\"404\" src=\"https:\/\/buechertanz.de\/wp-content\/uploads\/2022\/06\/Unterschrift-1024x404.jpg\" alt=\"\" class=\"wp-image-3355\" style=\"width:147px;height:auto\" srcset=\"https:\/\/buechertanz.de\/wp-content\/uploads\/2022\/06\/Unterschrift-1024x404.jpg 1024w, https:\/\/buechertanz.de\/wp-content\/uploads\/2022\/06\/Unterschrift-300x118.jpg 300w, https:\/\/buechertanz.de\/wp-content\/uploads\/2022\/06\/Unterschrift-768x303.jpg 768w, https:\/\/buechertanz.de\/wp-content\/uploads\/2022\/06\/Unterschrift.jpg 1500w\" sizes=\"auto, (max-width: 1024px) 100vw, 1024px\" \/><\/figure>\n\n\n<div class=\"wp-block-image is-style-default\">\n<figure class=\"aligncenter size-full is-resized\"><img loading=\"lazy\" decoding=\"async\" width=\"872\" height=\"872\" src=\"https:\/\/buechertanz.de\/wp-content\/uploads\/2024\/06\/06-Juni_komp.jpg\" alt=\"\" class=\"wp-image-7451\" style=\"width:464px;height:auto\" srcset=\"https:\/\/buechertanz.de\/wp-content\/uploads\/2024\/06\/06-Juni_komp.jpg 872w, https:\/\/buechertanz.de\/wp-content\/uploads\/2024\/06\/06-Juni_komp-300x300.jpg 300w, https:\/\/buechertanz.de\/wp-content\/uploads\/2024\/06\/06-Juni_komp-150x150.jpg 150w, https:\/\/buechertanz.de\/wp-content\/uploads\/2024\/06\/06-Juni_komp-768x768.jpg 768w\" sizes=\"auto, (max-width: 872px) 100vw, 872px\" \/><\/figure><\/div>\n\n\n<p class=\"has-text-align-center\" style=\"font-size:11px\"><em>Meine gelesenen B\u00fccher im Juni 2024<\/em><\/p>\n\n\n\n<p>_<\/p>\n\n\n\n<div class=\"wp-block-media-text is-vertically-aligned-center\" style=\"grid-template-columns:25% auto\"><figure class=\"wp-block-media-text__media\"><img loading=\"lazy\" decoding=\"async\" width=\"302\" height=\"445\" src=\"https:\/\/buechertanz.de\/wp-content\/uploads\/2024\/06\/32-Verliebt-ueber-beide-Raeder.jpg\" alt=\"\" class=\"wp-image-7338 size-full\" srcset=\"https:\/\/buechertanz.de\/wp-content\/uploads\/2024\/06\/32-Verliebt-ueber-beide-Raeder.jpg 302w, https:\/\/buechertanz.de\/wp-content\/uploads\/2024\/06\/32-Verliebt-ueber-beide-Raeder-204x300.jpg 204w\" sizes=\"auto, (max-width: 302px) 100vw, 302px\" \/><\/figure><div class=\"wp-block-media-text__content\">\n<p class=\"has-small-font-size\">Los ging es mit dem Buch <strong><em><a href=\"https:\/\/buechertanz.de\/?p=7343\" target=\"_blank\" rel=\"noreferrer noopener\">&#8222;Verliebt \u00fcber beide R\u00e4der&#8220;<\/a> <\/em><\/strong>von Tessa Hennig, welches eine sehr emotionale, spannende aber auch humorvolle Geschichte erz\u00e4hlt, die ich sehr gerne gelesen habe und die mir nebenbei noch einiges an Wissen \u00fcber die Costa Blanca und die Geschichte dieser Region vermittelt hat.<br>Die vielseitigen und authentisch gezeichneten Figuren, der spritzige Sprachstil und die mitrei\u00dfende Handlung sorgen daf\u00fcr, dass man dieses Buch am liebsten am St\u00fcck weglesen m\u00f6chte. Sehr empfehlenswert!<br>Das Buch habe ich von der &nbsp;<em>\u201eZucker Kommunikation PR-Agentur Berlin\u201c<\/em> als Rezensionsexemplar erhalten &#8211; nochmal vielen Dank daf\u00fcr.<\/p>\n<\/div><\/div>\n\n\n\n<p>_<\/p>\n\n\n\n<div class=\"wp-block-media-text has-media-on-the-right is-vertically-aligned-center\" style=\"grid-template-columns:auto 25%\"><div class=\"wp-block-media-text__content\">\n<p class=\"has-small-font-size\">Meine n\u00e4chstes Buch hat mir vieles abverlangt &#8211; es war so \u00fcberhaupt keine Wohlf\u00fchl-Lekt\u00fcre: <strong><em>&#8222;Haunting Adeline&#8220;<\/em><\/strong>. <br>Nach den ersten 50 Seiten wollte ich abbrechen, nach den n\u00e4chsten 250 Seiten habe ich mir den zweiten Band gekauft. Ja&#8230; die Handlung ist mitunter verst\u00f6rend und brutal &#8230; und das auf viele&#8230; sehr viele verschiedene Arten und Weisen.<br>Die d\u00fcstere Atmosph\u00e4re hat mich ab der ersten Seite mitgenommen, auch wenn ich schnell ein gro\u00dfes Unwohlsein empfunden habe und das Buch immer wieder zur Seite legen musste um kurze Zeit sp\u00e4ter wieder gebannt weiterzulesen.<br>Und nun m\u00f6chte ich einfach nur wissen, wie es weitergeht, denn das Buch endet mit dem Cliffhanger des Jahrhunderts.<\/p>\n<\/div><figure class=\"wp-block-media-text__media\"><img loading=\"lazy\" decoding=\"async\" width=\"316\" height=\"500\" src=\"https:\/\/buechertanz.de\/wp-content\/uploads\/2024\/06\/33-Haunting-Adeline.jpg\" alt=\"\" class=\"wp-image-7361 size-full\" srcset=\"https:\/\/buechertanz.de\/wp-content\/uploads\/2024\/06\/33-Haunting-Adeline.jpg 316w, https:\/\/buechertanz.de\/wp-content\/uploads\/2024\/06\/33-Haunting-Adeline-190x300.jpg 190w\" sizes=\"auto, (max-width: 316px) 100vw, 316px\" \/><\/figure><\/div>\n\n\n\n<p>_<\/p>\n\n\n\n<div class=\"wp-block-media-text is-vertically-aligned-center\" style=\"grid-template-columns:25% auto\"><figure class=\"wp-block-media-text__media\"><img loading=\"lazy\" decoding=\"async\" width=\"272\" height=\"445\" src=\"https:\/\/buechertanz.de\/wp-content\/uploads\/2024\/06\/34-Eifelfrauen-Der-Ruf-der-Nachtigall.jpg\" alt=\"\" class=\"wp-image-7368 size-full\" srcset=\"https:\/\/buechertanz.de\/wp-content\/uploads\/2024\/06\/34-Eifelfrauen-Der-Ruf-der-Nachtigall.jpg 272w, https:\/\/buechertanz.de\/wp-content\/uploads\/2024\/06\/34-Eifelfrauen-Der-Ruf-der-Nachtigall-183x300.jpg 183w\" sizes=\"auto, (max-width: 272px) 100vw, 272px\" \/><\/figure><div class=\"wp-block-media-text__content\">\n<p class=\"has-small-font-size\">Mit <strong><em><a href=\"https:\/\/buechertanz.de\/?p=7375\" target=\"_blank\" rel=\"noreferrer noopener\">&#8222;Eifelfrauen &#8211; Der Ruf der Nachtigall&#8220;<\/a> <\/em><\/strong>von Brigitte Riebe kehrte ich wieder in <em>mein <\/em>Genre zur\u00fcck. An dieser Stelle nochmals herzlichen Dank an den <em>Rowohlt Verlag<\/em> f\u00fcr das Rezensionsexemplar. <br>Wenn ihr den ersten Band\u00a0<em><strong><a href=\"https:\/\/buechertanz.de\/?p=5191\" target=\"_blank\" rel=\"noreferrer noopener\">\u201eEifelfrauen \u2013 Das Haus der F\u00fcchsin\u201c<\/a><\/strong><\/em>\u00a0gelesen habt (und das solltet ihr) und dieser euch begeistert hat\u2026 dann werdet ihr diesen zweiten Band einfach nur lieben. Hier ist einfach alles drin: Gro\u00dfe Gef\u00fchle, Geschichte und so tolle und starke Figuren, welche mit Sicherheit im Kopf, vor allem aber im Herzen bleiben werden.<br>Ein gro\u00dfartiger zweiter Band, der dem ersten Band in Nichts nachsteht und mich absolut begeistern, \u00fcberzeugen und mitnehmen konnte. <br><\/p>\n<\/div><\/div>\n\n\n\n<p>_<\/p>\n\n\n\n<div class=\"wp-block-media-text has-media-on-the-right is-vertically-aligned-center\" style=\"grid-template-columns:auto 25%\"><div class=\"wp-block-media-text__content\">\n<p class=\"has-small-font-size\">Das Buch <strong><em>&#8222;Heimliche Frucht&#8220;<\/em><\/strong> von Julia Heinecke hat 256 Seiten.<br>Warum ich das so erw\u00e4hne? Nach Ende des Buches hatte ich das Gef\u00fchl, eine Geschichte mit mindestens doppelt so vielen Seiten gelesen zu haben. Eine Geschichte voller Tiefe und Intensit\u00e4t. Ich bin darin versunken, hatte G\u00e4nsehaut am K\u00f6rper und die Tr\u00e4nen in den Augen.<br>Wie oft musste ich mir bewusst machen, dass dieses Buch in den Jahren 1950\/51 spielt&#8230; und nicht in viel viel fr\u00fcheren Zeiten.<br>Nein&#8230; das Buch ist keine leichte Kost, keine Wohlf\u00fchl-Lekt\u00fcre. Es ist eine Geschichte mit Tiefgang, die mit Sicherheit noch lange&#8230; lange in mir nachklingen wird.<\/p>\n<\/div><figure class=\"wp-block-media-text__media\"><img loading=\"lazy\" decoding=\"async\" width=\"284\" height=\"466\" src=\"https:\/\/buechertanz.de\/wp-content\/uploads\/2024\/06\/35-Heimliche-Frucht.jpg\" alt=\"\" class=\"wp-image-7395 size-full\" srcset=\"https:\/\/buechertanz.de\/wp-content\/uploads\/2024\/06\/35-Heimliche-Frucht.jpg 284w, https:\/\/buechertanz.de\/wp-content\/uploads\/2024\/06\/35-Heimliche-Frucht-183x300.jpg 183w\" sizes=\"auto, (max-width: 284px) 100vw, 284px\" \/><\/figure><\/div>\n\n\n\n<p>_<\/p>\n\n\n\n<div class=\"wp-block-media-text is-vertically-aligned-center\" style=\"grid-template-columns:25% auto\"><figure class=\"wp-block-media-text__media\"><img loading=\"lazy\" decoding=\"async\" width=\"286\" height=\"445\" src=\"https:\/\/buechertanz.de\/wp-content\/uploads\/2024\/06\/35-Die-Henkerstochter-und-der-Rat-der-Zwoelf.jpg\" alt=\"\" class=\"wp-image-7399 size-full\" srcset=\"https:\/\/buechertanz.de\/wp-content\/uploads\/2024\/06\/35-Die-Henkerstochter-und-der-Rat-der-Zwoelf.jpg 286w, https:\/\/buechertanz.de\/wp-content\/uploads\/2024\/06\/35-Die-Henkerstochter-und-der-Rat-der-Zwoelf-193x300.jpg 193w\" sizes=\"auto, (max-width: 286px) 100vw, 286px\" \/><\/figure><div class=\"wp-block-media-text__content\">\n<p class=\"has-small-font-size\">Mit <strong><em>&#8222;Die Henkerstochter und der Rat der Zw\u00f6lf&#8220; <\/em><\/strong>von Oliver P\u00f6tzsch wurde es mal wieder spannend ..  sehr spannend. <br>Ich flog durch die Seiten und konnte nicht mehr aufh\u00f6ren. Wie nach jedem Teil dieser meisterhaften Reihe denke ich: &#8222;Der Teil gef\u00e4llt mir am besten!&#8220; Und dann kommt der n\u00e4chste Teil und ich denke wieder das Gleiche. Doch dieser Teil hat es wirklich in sich und ist mir bisher besonders im Ged\u00e4chtnis geblieben. <\/p>\n<\/div><\/div>\n\n\n\n<p>_<\/p>\n\n\n\n<div class=\"wp-block-media-text has-media-on-the-right is-vertically-aligned-center\" style=\"grid-template-columns:auto 25%\"><div class=\"wp-block-media-text__content\">\n<p class=\"has-small-font-size\">Weiter ging es mit <strong><em><a href=\"https:\/\/buechertanz.de\/?p=7414\" target=\"_blank\" rel=\"noreferrer noopener\">&#8222;Eine grenzenlose Welt &#8211; Schicksal&#8220;<\/a> <\/em><\/strong>von Sonja Roos. Das Buch habe ich vom <em>Goldmann Verlag <\/em>als Rezensionsexemplar zur Verf\u00fcgung gestellt bekommen &#8211; herzlichen Dank daf\u00fcr. <br>Dies ist ein emotionaler und gleichzeitig sehr spannender zweiter Band einer absolut lesenswerten Reihe. Ab der ersten Seite war ich wieder voll dabei, freute mich, die Figuren wieder zu treffen und ihre Geschichten und Entwicklungen weiter zu verfolgen.<br>Doch zum Ende hin gibt es wieder eine gnadenlose Vollbremsung, welche die Vorfreude auf den dritten Band ins Unermessliche steigen l\u00e4sst.\u00a0Gro\u00dfe Leseempfehlung.<\/p>\n<\/div><figure class=\"wp-block-media-text__media\"><img loading=\"lazy\" decoding=\"async\" width=\"292\" height=\"445\" src=\"https:\/\/buechertanz.de\/wp-content\/uploads\/2024\/06\/37-Eine-grenzenlose-Welt-Schicksal.jpg\" alt=\"\" class=\"wp-image-7406 size-full\" srcset=\"https:\/\/buechertanz.de\/wp-content\/uploads\/2024\/06\/37-Eine-grenzenlose-Welt-Schicksal.jpg 292w, https:\/\/buechertanz.de\/wp-content\/uploads\/2024\/06\/37-Eine-grenzenlose-Welt-Schicksal-197x300.jpg 197w\" sizes=\"auto, (max-width: 292px) 100vw, 292px\" \/><\/figure><\/div>\n\n\n\n<p>_<\/p>\n\n\n\n<div class=\"wp-block-media-text\" style=\"grid-template-columns:25% auto\"><figure class=\"wp-block-media-text__media\"><img loading=\"lazy\" decoding=\"async\" width=\"299\" height=\"445\" src=\"https:\/\/buechertanz.de\/wp-content\/uploads\/2024\/06\/38-Der-Traum-vom-Tor.jpg\" alt=\"\" class=\"wp-image-7442 size-full\" srcset=\"https:\/\/buechertanz.de\/wp-content\/uploads\/2024\/06\/38-Der-Traum-vom-Tor.jpg 299w, https:\/\/buechertanz.de\/wp-content\/uploads\/2024\/06\/38-Der-Traum-vom-Tor-202x300.jpg 202w\" sizes=\"auto, (max-width: 299px) 100vw, 299px\" \/><\/figure><div class=\"wp-block-media-text__content\">\n<p class=\"has-small-font-size\">Passend zur momentan laufenden Fu\u00dfball Europameisterschaft las ich das Buch <strong><em>&#8222;Der Traum vom Tor&#8220; <\/em><\/strong>von Juliana Weinberg.<br>Ich habe im Vorfeld schon eine leichte Ahnung davon gehabt, was f\u00fcr Steine dem Frauen-Fu\u00dfball in den Weg gelegt wurden, ich hatte aber keine Ahnung davon, wie mit den Fu\u00dfballspielerinnen von damals umgegangen wurde, wie abwertend die Gesellschaft sie gesehen hat (Stichwort &#8222;Mannsweiber&#8220;).<br>Ja&#8230; die Lekt\u00fcre hat mich sehr oft sprach- und vor allem fassungslos gemacht, immer wieder musste ich mich daran erinnern, dass die Handlung gerade einmal erst 70 Jahre her ist.<br>Was hat sich in diesen 70 Jahren zum Gl\u00fcck und Dank mutiger und k\u00e4mpferischer Frauen ver\u00e4ndert.<br>All diese Hintergr\u00fcnde stellt Juliana Weinberg in ihrem Roman mit ihren vielseitigen und authentischen Charakteren sehr ergreifend da.<br>Es ist eine rasante Geschichte, welche trotzdem auch mit vielen leisen T\u00f6nen daher kommt und mich von Anfang bis Ende bestens unterhalten hat und mir in Sachen Fu\u00dfball noch einiges gelehrt hat.<br>Sehr lesenswert (auch f\u00fcr Nicht-Fu\u00dfballfans).<\/p>\n<\/div><\/div>\n\n\n\n<p>_<\/p>\n\n\n\n<div class=\"wp-block-media-text has-media-on-the-right is-vertically-aligned-center\" style=\"grid-template-columns:auto 25%\"><div class=\"wp-block-media-text__content\">\n<p class=\"has-small-font-size\">Den Abschluss des Lesemonats bildete das Buch <strong><em>&#8222;Die Taube&#8220; <\/em><\/strong>von Patrick S\u00fcskind. <br>Das Buch habe ich vor einer Zeit im \u00f6ffentlichen B\u00fccherschrank gefunden. 112 Seiten. Perfekt, um es einfach am St\u00fcck wegzulesen.<br>Was f\u00fcr eine absolut dramatische und mitrei\u00dfende Erz\u00e4hlung. 112 Seiten, auf denen man stellenweise das Atmen vergisst. Nein, nicht weil es spannend ist, sondern eher bedr\u00fcckend. Ger\u00fcche, Menschen, Alltagssituationen &#8211; f\u00fcr ein paar Stunden war ich kopfm\u00e4\u00dfig in Paris.<br>Einfach meisterhaft erz\u00e4hlt.<\/p>\n<\/div><figure class=\"wp-block-media-text__media\"><img loading=\"lazy\" decoding=\"async\" width=\"279\" height=\"445\" src=\"https:\/\/buechertanz.de\/wp-content\/uploads\/2024\/06\/39-Die-Taube.jpg\" alt=\"\" class=\"wp-image-7444 size-full\" srcset=\"https:\/\/buechertanz.de\/wp-content\/uploads\/2024\/06\/39-Die-Taube.jpg 279w, https:\/\/buechertanz.de\/wp-content\/uploads\/2024\/06\/39-Die-Taube-188x300.jpg 188w\" sizes=\"auto, (max-width: 279px) 100vw, 279px\" \/><\/figure><\/div>\n\n\n\n<p>_<\/p>\n\n\n<div class=\"wp-block-image is-style-default\">\n<figure class=\"aligncenter size-full is-resized\"><img loading=\"lazy\" decoding=\"async\" width=\"838\" height=\"840\" src=\"https:\/\/buechertanz.de\/wp-content\/uploads\/2024\/06\/06-Juni-Zusammenstellung_komp-1.jpg\" alt=\"\" class=\"wp-image-7469\" style=\"width:388px;height:auto\" srcset=\"https:\/\/buechertanz.de\/wp-content\/uploads\/2024\/06\/06-Juni-Zusammenstellung_komp-1.jpg 838w, https:\/\/buechertanz.de\/wp-content\/uploads\/2024\/06\/06-Juni-Zusammenstellung_komp-1-300x300.jpg 300w, https:\/\/buechertanz.de\/wp-content\/uploads\/2024\/06\/06-Juni-Zusammenstellung_komp-1-150x150.jpg 150w, https:\/\/buechertanz.de\/wp-content\/uploads\/2024\/06\/06-Juni-Zusammenstellung_komp-1-768x770.jpg 768w\" sizes=\"auto, (max-width: 838px) 100vw, 838px\" \/><\/figure><\/div>","protected":false},"excerpt":{"rendered":"<p>Im Juni 2024 habe ich acht B\u00fccher mit insgesamt 3.292 Seiten gelesen. Es war ein sehr abwechslungsreicher Monat und ich habe mit dem Buch &#8222;Haunting Adeline&#8220; einen Ausflug in das f\u00fcr mich bis dato unbekannte Genre &#8218;Dark Romance&#8216; gemacht. Die B\u00fccher &#8222;Verliebt \u00fcber beide R\u00e4der&#8220; von Tessa Hennig, &#8222;Eifelfrauen &#8211; Der Ruf der Nachtigall&#8220; von &hellip; <a href=\"https:\/\/buechertanz.de\/?page_id=7456\" class=\"more-link\"><span class=\"screen-reader-text\">Gelesen Juni 2024<\/span> weiterlesen<\/a><\/p>\n","protected":false},"author":2,"featured_media":0,"parent":0,"menu_order":0,"comment_status":"open","ping_status":"closed","template":"","meta":{"footnotes":""},"class_list":["post-7456","page","type-page","status-publish","hentry"],"_links":{"self":[{"href":"https:\/\/buechertanz.de\/index.php?rest_route=\/wp\/v2\/pages\/7456","targetHints":{"allow":["GET"]}}],"collection":[{"href":"https:\/\/buechertanz.de\/index.php?rest_route=\/wp\/v2\/pages"}],"about":[{"href":"https:\/\/buechertanz.de\/index.php?rest_route=\/wp\/v2\/types\/page"}],"author":[{"embeddable":true,"href":"https:\/\/buechertanz.de\/index.php?rest_route=\/wp\/v2\/users\/2"}],"replies":[{"embeddable":true,"href":"https:\/\/buechertanz.de\/index.php?rest_route=%2Fwp%2Fv2%2Fcomments&post=7456"}],"version-history":[{"count":5,"href":"https:\/\/buechertanz.de\/index.php?rest_route=\/wp\/v2\/pages\/7456\/revisions"}],"predecessor-version":[{"id":7483,"href":"https:\/\/buechertanz.de\/index.php?rest_route=\/wp\/v2\/pages\/7456\/revisions\/7483"}],"wp:attachment":[{"href":"https:\/\/buechertanz.de\/index.php?rest_route=%2Fwp%2Fv2%2Fmedia&parent=7456"}],"curies":[{"name":"wp","href":"https:\/\/api.w.org\/{rel}","templated":true}]}}