{"id":7457,"date":"2024-06-29T21:25:39","date_gmt":"2024-06-29T20:25:39","guid":{"rendered":"https:\/\/buechertanz.de\/?page_id=7457"},"modified":"2024-06-30T08:54:18","modified_gmt":"2024-06-30T07:54:18","slug":"neuzugaenge-juni-2024","status":"publish","type":"page","link":"https:\/\/buechertanz.de\/?page_id=7457","title":{"rendered":"Neuzug\u00e4nge Juni 2024"},"content":{"rendered":"\n<p class=\"has-drop-cap has-small-font-size\">Im\u00a0<strong>Juni 2024<\/strong>\u00a0sind insgesamt\u00a0<strong>16 B\u00fccher\u00a0<\/strong>hier eingezogen:<br>Darunter sind diese drei Rezensionsexemplare: <strong><em><a href=\"https:\/\/buechertanz.de\/?p=7375\" target=\"_blank\" rel=\"noreferrer noopener\">&#8222;Eifelfrauen &#8211; Der Ruf der Nachtigall&#8220; <\/a><\/em><\/strong>von Brigitte Riebe (herzlichen Dank an den <em>Rowohlt Verlag<\/em>), <strong><em><a href=\"https:\/\/buechertanz.de\/?p=7414\">&#8222;Eine grenzenlose Welt &#8211; Schicksal&#8220;<\/a><\/em><\/strong> von Sonja Roos (herzlichen Dank an den <em>Goldmann Verlag<\/em>) und <em><strong>&#8222;Fr\u00e4ulein Liebe und der Traum vom Leben&#8220; <\/strong><\/em>(herzlichen Dank an die Autorin Susanne Esser).  <br>Dazu kamen zw\u00f6lf neue B\u00fccher und ein Buch aus zweiter Hand.<br>Falls es schon ausf\u00fchrlichen Rezensionen gibt, gelangt ihr mit einem Klick auf den Titel dorthin. Einige der Neuzug\u00e4nge werden in den kommenden Monaten gelesen \u2013 ich freue mich schon auf viele gem\u00fctliche Lesestunden.<br>Viel Spa\u00df beim St\u00f6bern, eure<\/p>\n\n\n\n<figure class=\"wp-block-image size-large is-resized\"><img loading=\"lazy\" decoding=\"async\" width=\"1024\" height=\"404\" src=\"https:\/\/buechertanz.de\/wp-content\/uploads\/2024\/06\/Unterschrift-1024x404.jpg\" alt=\"\" class=\"wp-image-7473\" style=\"width:205px;height:auto\" srcset=\"https:\/\/buechertanz.de\/wp-content\/uploads\/2024\/06\/Unterschrift-1024x404.jpg 1024w, https:\/\/buechertanz.de\/wp-content\/uploads\/2024\/06\/Unterschrift-300x118.jpg 300w, https:\/\/buechertanz.de\/wp-content\/uploads\/2024\/06\/Unterschrift-768x303.jpg 768w, https:\/\/buechertanz.de\/wp-content\/uploads\/2024\/06\/Unterschrift.jpg 1500w\" sizes=\"auto, (max-width: 1024px) 100vw, 1024px\" \/><\/figure>\n\n\n<div class=\"wp-block-image\">\n<figure class=\"aligncenter size-full is-resized\"><img loading=\"lazy\" decoding=\"async\" width=\"803\" height=\"803\" src=\"https:\/\/buechertanz.de\/wp-content\/uploads\/2024\/06\/06-Juni-Komplett_komp-1.jpg\" alt=\"\" class=\"wp-image-7474\" style=\"width:406px;height:auto\" srcset=\"https:\/\/buechertanz.de\/wp-content\/uploads\/2024\/06\/06-Juni-Komplett_komp-1.jpg 803w, https:\/\/buechertanz.de\/wp-content\/uploads\/2024\/06\/06-Juni-Komplett_komp-1-300x300.jpg 300w, https:\/\/buechertanz.de\/wp-content\/uploads\/2024\/06\/06-Juni-Komplett_komp-1-150x150.jpg 150w, https:\/\/buechertanz.de\/wp-content\/uploads\/2024\/06\/06-Juni-Komplett_komp-1-768x768.jpg 768w\" sizes=\"auto, (max-width: 803px) 100vw, 803px\" \/><\/figure><\/div>\n\n\n<p class=\"has-text-align-center\" style=\"font-size:11px\"><em>Meine neuen Seitlinge vom Juni 2024<\/em><\/p>\n\n\n\n<p>_<\/p>\n\n\n\n<div class=\"wp-block-media-text is-vertically-aligned-center\"><figure class=\"wp-block-media-text__media\"><img loading=\"lazy\" decoding=\"async\" width=\"918\" height=\"918\" src=\"https:\/\/buechertanz.de\/wp-content\/uploads\/2024\/06\/06-Juni-Rezensionsexemplare_komp-1.jpg\" alt=\"\" class=\"wp-image-7475 size-full\" srcset=\"https:\/\/buechertanz.de\/wp-content\/uploads\/2024\/06\/06-Juni-Rezensionsexemplare_komp-1.jpg 918w, https:\/\/buechertanz.de\/wp-content\/uploads\/2024\/06\/06-Juni-Rezensionsexemplare_komp-1-300x300.jpg 300w, https:\/\/buechertanz.de\/wp-content\/uploads\/2024\/06\/06-Juni-Rezensionsexemplare_komp-1-150x150.jpg 150w, https:\/\/buechertanz.de\/wp-content\/uploads\/2024\/06\/06-Juni-Rezensionsexemplare_komp-1-768x768.jpg 768w\" sizes=\"auto, (max-width: 918px) 100vw, 918px\" \/><\/figure><div class=\"wp-block-media-text__content\">\n<p class=\"has-drop-cap has-small-font-size\"><strong>Rezensionsexemplare<\/strong>: <\/p>\n\n\n\n<p><\/p>\n\n\n\n<ul class=\"wp-block-list\">\n<li class=\"has-small-font-size\">Brigitte Riebe: <strong><em><a href=\"https:\/\/buechertanz.de\/?p=7375\">&#8222;Eifelfrauen &#8211; Der Ruf der Nachtigall&#8220;<\/a><\/em><\/strong><\/li>\n\n\n\n<li class=\"has-small-font-size\">Sonja Roos: <strong><em><a href=\"https:\/\/buechertanz.de\/?p=7414\" target=\"_blank\" rel=\"noreferrer noopener\">&#8222;Eine grenzenlose Welt &#8211; Schicksal&#8220;<\/a><\/em><\/strong><\/li>\n\n\n\n<li class=\"has-small-font-size\">Susanne Esser: <strong><em>Fr\u00e4ulein Liebe und der Traum vom Leben&#8220;<\/em><\/strong><\/li>\n<\/ul>\n<\/div><\/div>\n\n\n\n<p>_<\/p>\n\n\n\n<div class=\"wp-block-media-text has-media-on-the-right is-vertically-aligned-center\"><div class=\"wp-block-media-text__content\">\n<p class=\"has-drop-cap has-small-font-size\"><strong>Neue B\u00fccher:<\/strong><\/p>\n\n\n\n<p><\/p>\n\n\n\n<ul class=\"wp-block-list\">\n<li class=\"has-small-font-size\">Anna Claire: <strong><em>&#8222;Gl\u00fccksfrauen &#8211; Der Geschmack von Freiheit&#8220;<\/em><\/strong><\/li>\n\n\n\n<li class=\"has-small-font-size\">H.D. Carlton: <strong><em>&#8222;Haunting Adeline&#8220; <\/em><\/strong>&amp; <strong><em>&#8222;Hunting Adeline&#8220;<\/em><\/strong><\/li>\n\n\n\n<li class=\"has-small-font-size\">Anna Husen: <strong><em>&#8222;Das Gl\u00fcck am Horizont&#8220;<\/em><\/strong><\/li>\n\n\n\n<li class=\"has-small-font-size\">Lucinda Riley: <strong><em>&#8222;Die verschwundene Schwester&#8220;<\/em><\/strong><\/li>\n\n\n\n<li class=\"has-small-font-size\">Ellin Carsta: <strong><em>&#8222;Kraft der Ver\u00e4nderung&#8220;<\/em><\/strong><\/li>\n\n\n\n<li class=\"has-small-font-size\">Britta Habekost: <strong><em>&#8222;Die Stadt der M\u00f6rder&#8220;<\/em> <\/strong>&amp; <strong><em>&#8222;Melodie des B\u00f6sen&#8220;<\/em><\/strong><\/li>\n\n\n\n<li class=\"has-small-font-size\">Luca DiFulvio: <strong><em>&#8222;Es war einmal in Italien&#8220;<\/em><\/strong><\/li>\n\n\n\n<li class=\"has-small-font-size\">Natalie Jenner: <strong><em>&#8222;Der Buchladen von Bloomsbury&#8220;<\/em><\/strong><\/li>\n\n\n\n<li class=\"has-small-font-size\">Julia Kuhn: <strong><em>Moonlight Academy &#8211; Feenzauber&#8220;<\/em><\/strong><\/li>\n\n\n\n<li class=\"has-small-font-size\">Charlotte Roth: <strong><em>&#8222;Die Stauffenbergs&#8220;<\/em><\/strong><\/li>\n<\/ul>\n<\/div><figure class=\"wp-block-media-text__media\"><img loading=\"lazy\" decoding=\"async\" width=\"803\" height=\"803\" src=\"https:\/\/buechertanz.de\/wp-content\/uploads\/2024\/06\/06-Juni-Neue-Buecher_komp-1.jpg\" alt=\"\" class=\"wp-image-7476 size-full\" srcset=\"https:\/\/buechertanz.de\/wp-content\/uploads\/2024\/06\/06-Juni-Neue-Buecher_komp-1.jpg 803w, https:\/\/buechertanz.de\/wp-content\/uploads\/2024\/06\/06-Juni-Neue-Buecher_komp-1-300x300.jpg 300w, https:\/\/buechertanz.de\/wp-content\/uploads\/2024\/06\/06-Juni-Neue-Buecher_komp-1-150x150.jpg 150w, https:\/\/buechertanz.de\/wp-content\/uploads\/2024\/06\/06-Juni-Neue-Buecher_komp-1-768x768.jpg 768w\" sizes=\"auto, (max-width: 803px) 100vw, 803px\" \/><\/figure><\/div>\n\n\n\n<p>_<\/p>\n\n\n\n<div class=\"wp-block-media-text is-vertically-aligned-center\"><figure class=\"wp-block-media-text__media\"><img loading=\"lazy\" decoding=\"async\" width=\"803\" height=\"803\" src=\"https:\/\/buechertanz.de\/wp-content\/uploads\/2024\/06\/06-Juni-Zweite-Hand_komp-1.jpg\" alt=\"\" class=\"wp-image-7477 size-full\" srcset=\"https:\/\/buechertanz.de\/wp-content\/uploads\/2024\/06\/06-Juni-Zweite-Hand_komp-1.jpg 803w, https:\/\/buechertanz.de\/wp-content\/uploads\/2024\/06\/06-Juni-Zweite-Hand_komp-1-300x300.jpg 300w, https:\/\/buechertanz.de\/wp-content\/uploads\/2024\/06\/06-Juni-Zweite-Hand_komp-1-150x150.jpg 150w, https:\/\/buechertanz.de\/wp-content\/uploads\/2024\/06\/06-Juni-Zweite-Hand_komp-1-768x768.jpg 768w\" sizes=\"auto, (max-width: 803px) 100vw, 803px\" \/><\/figure><div class=\"wp-block-media-text__content\">\n<p class=\"has-drop-cap has-small-font-size\"><strong>Buch aus zweiter Hand:<\/strong><\/p>\n\n\n\n<p><\/p>\n\n\n\n<ul class=\"wp-block-list\">\n<li class=\"has-small-font-size\">Susanne Abel: <strong><em>&#8222;Stay away from Gretchen &#8211; Eine unm\u00f6gliche Liebe&#8220;<\/em><\/strong><\/li>\n<\/ul>\n<\/div><\/div>\n\n\n\n<p>_<\/p>\n","protected":false},"excerpt":{"rendered":"<p>Im\u00a0Juni 2024\u00a0sind insgesamt\u00a016 B\u00fccher\u00a0hier eingezogen:Darunter sind diese drei Rezensionsexemplare: &#8222;Eifelfrauen &#8211; Der Ruf der Nachtigall&#8220; von Brigitte Riebe (herzlichen Dank an den Rowohlt Verlag), &#8222;Eine grenzenlose Welt &#8211; Schicksal&#8220; von Sonja Roos (herzlichen Dank an den Goldmann Verlag) und &#8222;Fr\u00e4ulein Liebe und der Traum vom Leben&#8220; (herzlichen Dank an die Autorin Susanne Esser). Dazu kamen &hellip; <a href=\"https:\/\/buechertanz.de\/?page_id=7457\" class=\"more-link\"><span class=\"screen-reader-text\">Neuzug\u00e4nge Juni 2024<\/span> weiterlesen<\/a><\/p>\n","protected":false},"author":2,"featured_media":0,"parent":0,"menu_order":0,"comment_status":"open","ping_status":"closed","template":"","meta":{"footnotes":""},"class_list":["post-7457","page","type-page","status-publish","hentry"],"_links":{"self":[{"href":"https:\/\/buechertanz.de\/index.php?rest_route=\/wp\/v2\/pages\/7457","targetHints":{"allow":["GET"]}}],"collection":[{"href":"https:\/\/buechertanz.de\/index.php?rest_route=\/wp\/v2\/pages"}],"about":[{"href":"https:\/\/buechertanz.de\/index.php?rest_route=\/wp\/v2\/types\/page"}],"author":[{"embeddable":true,"href":"https:\/\/buechertanz.de\/index.php?rest_route=\/wp\/v2\/users\/2"}],"replies":[{"embeddable":true,"href":"https:\/\/buechertanz.de\/index.php?rest_route=%2Fwp%2Fv2%2Fcomments&post=7457"}],"version-history":[{"count":3,"href":"https:\/\/buechertanz.de\/index.php?rest_route=\/wp\/v2\/pages\/7457\/revisions"}],"predecessor-version":[{"id":7478,"href":"https:\/\/buechertanz.de\/index.php?rest_route=\/wp\/v2\/pages\/7457\/revisions\/7478"}],"wp:attachment":[{"href":"https:\/\/buechertanz.de\/index.php?rest_route=%2Fwp%2Fv2%2Fmedia&parent=7457"}],"curies":[{"name":"wp","href":"https:\/\/api.w.org\/{rel}","templated":true}]}}