{"id":770,"date":"2019-09-11T09:23:05","date_gmt":"2019-09-11T08:23:05","guid":{"rendered":"http:\/\/buechertanz.de\/?page_id=770"},"modified":"2019-09-11T10:21:41","modified_gmt":"2019-09-11T09:21:41","slug":"gelesen-august-2019","status":"publish","type":"page","link":"https:\/\/buechertanz.de\/?page_id=770","title":{"rendered":"Gelesen August 2019"},"content":{"rendered":"\n<p class=\"has-drop-cap has-small-font-size\">Hier seht ihr die B\u00fccher, die ich im August 2019 gelesen habe und ihr bekommt einen ersten Eindruck. Die ausf\u00fchrlichen Rezensionen folgen.<br>Falls es schon eine Rezension auf meinem Blog gibt, gelangt ihr mit einem Klick auf den Titel direkt bei der Rezension <\/p>\n\n\n\n<div class=\"wp-block-image\"><figure class=\"aligncenter is-resized\"><img loading=\"lazy\" decoding=\"async\" src=\"https:\/\/buechertanz.de\/wp-content\/uploads\/2019\/09\/08-August-1024x768.jpg\" alt=\"\" class=\"wp-image-782\" width=\"477\" height=\"358\" srcset=\"https:\/\/buechertanz.de\/wp-content\/uploads\/2019\/09\/08-August-1024x768.jpg 1024w, https:\/\/buechertanz.de\/wp-content\/uploads\/2019\/09\/08-August-300x225.jpg 300w, https:\/\/buechertanz.de\/wp-content\/uploads\/2019\/09\/08-August-768x576.jpg 768w\" sizes=\"auto, (max-width: 477px) 100vw, 477px\" \/><figcaption>Gelesene B\u00fccher August 2019:<br>&#8211; Vier B\u00fccher<br>&#8211; 2.157 Seiten<br><\/figcaption><\/figure><\/div>\n\n\n\n<p class=\"has-small-font-size\">__<br><br><strong>Ulrike Gerold &amp; Wolfram H\u00e4nel: &#8222;Allee unserer Tr\u00e4ume&#8220;<\/strong><br><strong>erschienen am 25. Januar 2019<br>Ullstein,  ISBN: 978-3548291420<\/strong> <br><br><strong>Klappentext:<\/strong><br>&#8222;Berlin in den Nachkriegsjahren: Die Stadt liegt in Tr\u00fcmmern, doch die Lebenslust der Menschen erwacht. Die junge Architektin Ilse hat eine Vision. Sie will die Stadt wieder aufbauen und Wohnungen auch f\u00fcr die einfachen Arbeiter schaffen. Der Wettbewerb f\u00fcr den Bau der Arbeiterpal\u00e4ste in der Karl-Marx-Allee in Ostberlin ist ihre gro\u00dfe Chance. Ihre Pl\u00e4ne werden tats\u00e4chlich ausgew\u00e4hlt. Aber ihr Ehemann erpresst Ilse mit einem Geheimnis aus ihrer Vergangenheit und gibt ihre Entw\u00fcrfe als seine eigenen aus. Entt\u00e4uscht fasst sie einen Entschluss: Sie wird diese Ungerechtigkeit nicht hinnehmen, sondern um ein freies Leben und den richtigen Mann an ihrer Seite k\u00e4mpfen.&#8220;<br><br><strong>Meine Meinung:<\/strong><br>Das Buch habe ich mir sehr spontan in einer Buchhandlung mitgenommen. Das Cover sprach mich gleich an und auch der Klappentext \u00fcberzeugte mich.<br>Die Geschichte ist wirklich sch\u00f6n. Teilweise spannend und sehr atmosph\u00e4risch schildern die beiden Autoren den Aufbau von Ost- Berlin. Die Hauptfiguren sind sehr lebensnah gezeichnet. Es machte mir gro\u00dfe Freude es zu lesen.<\/p>\n\n\n\n<p class=\"has-small-font-size\">__<br><br><strong>Cristina Caboni: &#8222;Die Seident\u00f6chter&#8220;<\/strong><br><strong>erschienen am 18. Juni 2019<\/strong><br><strong>Blanvalet, ISBN: 978-3734107382 <\/strong><br><br><strong>Klappentext:<\/strong><br>\u201eMailand, heute: Camillas Traum von einer Karriere als Modesch\u00f6pferin zerplatzt, als sie beschlie\u00dft, sich um ihre schwer kranke Ziehmutter Marianne zu k\u00fcmmern. Doch was wie ein Verzicht anmutet, entpuppt sich als unerwarteter Neuanfang. Camilla st\u00f6\u00dft auf eine Truhe mit wundersch\u00f6nen Kleidern \u2013 die einzige Hinterlassenschaft von Mariannes Mutter, einer hochtalentierten Schneiderin. In eines davon ist eine Botschaft eingen\u00e4ht. Fasziniert von der ihr unbekannten Frau, stellt Camilla Nachforschungen an, die sie in die Vergangenheit f\u00fchren\u2026<br> Paris, 1936: Catarina, eine junge Italienerin voller Hoffnungen und Ideale, hat in der Stadt der Liebe mit einem kleinen Atelier von sich reden gemacht. Sie wird gesch\u00e4tzt f\u00fcr ihre einzigartige Gabe, das Beste in ihren Kundinnen zum Vorschein zu bringen. Ihr gr\u00f6\u00dfter Wunsch w\u00e4re ein gro\u00dfes Modeunternehmen, doch das Schicksal hat andere Pl\u00e4ne mit ihr\u2026 &#8222;<br><br><strong>Meine Meinung:<\/strong><br>Ein wundersch\u00f6nes Buch. Nicht nur \u00e4u\u00dferlich. Ich liebe die B\u00fccher von Cristina Caboni. Die Mischung aus Gegenwart und Vergangenheit, diese Begeisterung von ihr f\u00fcr die Themen. Man sp\u00fcrt, wie gut sie recherchiert und sich voll und ganz auf das Thema einl\u00e4sst. Ich war ganz schnell in der Geschichte drin, tolle Charaktere und leichter, wundersch\u00f6ner Schreibstil.<\/p>\n\n\n\n<p class=\"has-small-font-size\">__<br><br><strong>Christopher W. Gortner: &#8222;Die Herrin des Winterpalasts&#8220;<br>erschienen am  17. September 2018<br>Goldmann, ISBN: 978-3442487691<\/strong> <br><br><br><strong>Klappentext:<\/strong><br>&#8222;Kopenhagen 1863: Minnie w\u00e4chst beh\u00fctet im Kreise ihrer liebevollen Familie auf. Als ihr Vater aber den d\u00e4nischen Thron besteigt, ver\u00e4ndert sich das Leben der jungen Prinzessin schlagartig. Minnie wird mit dem Zarewitsch, Thronfolger des fernen und gewaltigen Russischen Kaiserreiches, verm\u00e4hlt. Was als politische Bindung beginnt, entwickelt sich bald zu einer gro\u00dfen Liebe. Doch die schillernden Romanows sind dem Untergang geweiht. Denn mit dem Weltkrieg zieht ein Sturm herauf, der alles zu vernichten droht, was Minnie liebt&#8230;&#8220;<br><br><strong>Meine Meinung:<br><\/strong>Was f\u00fcr eine Geschichte&#8230; Atemberaubend, zu Tr\u00e4nen r\u00fchrend und bewegend. Wenn ihr ein Buch \u00fcber die letzten russischen Zaren lesen m\u00f6chtet, dann lest dieses hier. Ich hatte ganz oft das Gef\u00fchl, ganz nah an der Zarenfamilie dran zu sein. Selten war ich nach einem Buch so traurig. Was vielleicht daran liegt, dass hier Weltgeschichte aufgeschrieben wurde, es eben auch so war. <\/p>\n\n\n\n<p class=\"has-small-font-size\">__<br><br><strong>John Boyne: &#8222;Das Haus zur besonderen Verwendung&#8220;<br>erschienen am 01. August 2010<br>Arche, ISBN: 978-3716026427 <\/strong><br><br><strong>Klappentext<\/strong>:<br> &#8222;Russland 1915: In einem kleinen Dorf verhindert der sechzehnj\u00e4hrige Bauernsohn Georgi mit Gl\u00fcck und Geistesgegenwart ein Attentat auf ein Mitglied der Zarenfamilie. Zar Nikolaus II. ruft Georgi daraufhin nach Sankt Petersburg, wo er ihn zum Leibw\u00e4chter seines einzigen Sohnes ernennt, der nicht nur als Thronfolger in st\u00e4ndiger Lebensgefahr schwebt. Georgi weicht dem kleinen Zaren fortan nicht mehr von der Seite \u2013 und findet in ihm einen Freund. In den prunkvollen S\u00e4len des Winterpalais begegnet er auch der Zarentochter Anastasia. Sie verlieben sich, wohl wissend, dass diese Liebe nicht sein darf. Doch Georgi und Anastasia gelingt es unentdeckt zu bleiben. Bis die Revolution ausbricht und Anastasia und ihre Familie an einen geheimen Ort verschleppt werden  &#8211; ins &#8218;Haus zur besonderen Verwendung&#8216;.&#8220;<br><br><strong>Meine Meinung:<br><\/strong>Der n\u00fcchterne Sprachstil von John Boyne hat mich schon in seinem Buch &#8222;Der Junge im gestreiften Pyjama&#8220; fasziniert. <br>Mit diesem Buch hat er sich nochmal \u00fcbertroffen. Es ist unglaublich dicht, so atmosph\u00e4risch. Teilweise hatte ich G\u00e4nsehaut beim Lesen. <br>Ein Buch, welches ganz zu Unrecht so lang auf dem SuB gelegen hat. Unbedingt lesen!<\/p>\n\n\n\n<p class=\"has-small-font-size\">__<\/p>\n\n\n\n<div class=\"wp-block-image\"><figure class=\"aligncenter is-resized\"><img loading=\"lazy\" decoding=\"async\" src=\"https:\/\/buechertanz.de\/wp-content\/uploads\/2019\/03\/Blume-5.png\" alt=\"\" class=\"wp-image-367\" width=\"238\" height=\"275\" srcset=\"https:\/\/buechertanz.de\/wp-content\/uploads\/2019\/03\/Blume-5.png 264w, https:\/\/buechertanz.de\/wp-content\/uploads\/2019\/03\/Blume-5-260x300.png 260w\" sizes=\"auto, (max-width: 238px) 100vw, 238px\" \/><\/figure><\/div>\n\n\n\n<p><strong><br><\/strong><br><br><br><\/p>\n","protected":false},"excerpt":{"rendered":"<p>Hier seht ihr die B\u00fccher, die ich im August 2019 gelesen habe und ihr bekommt einen ersten Eindruck. Die ausf\u00fchrlichen Rezensionen folgen.Falls es schon eine Rezension auf meinem Blog gibt, gelangt ihr mit einem Klick auf den Titel direkt bei der Rezension __ Ulrike Gerold &amp; Wolfram H\u00e4nel: &#8222;Allee unserer Tr\u00e4ume&#8220;erschienen am 25. Januar 2019Ullstein, &hellip; <a href=\"https:\/\/buechertanz.de\/?page_id=770\" class=\"more-link\"><span class=\"screen-reader-text\">Gelesen August 2019<\/span> weiterlesen<\/a><\/p>\n","protected":false},"author":2,"featured_media":0,"parent":0,"menu_order":0,"comment_status":"open","ping_status":"closed","template":"","meta":{"footnotes":""},"class_list":["post-770","page","type-page","status-publish","hentry"],"_links":{"self":[{"href":"https:\/\/buechertanz.de\/index.php?rest_route=\/wp\/v2\/pages\/770","targetHints":{"allow":["GET"]}}],"collection":[{"href":"https:\/\/buechertanz.de\/index.php?rest_route=\/wp\/v2\/pages"}],"about":[{"href":"https:\/\/buechertanz.de\/index.php?rest_route=\/wp\/v2\/types\/page"}],"author":[{"embeddable":true,"href":"https:\/\/buechertanz.de\/index.php?rest_route=\/wp\/v2\/users\/2"}],"replies":[{"embeddable":true,"href":"https:\/\/buechertanz.de\/index.php?rest_route=%2Fwp%2Fv2%2Fcomments&post=770"}],"version-history":[{"count":3,"href":"https:\/\/buechertanz.de\/index.php?rest_route=\/wp\/v2\/pages\/770\/revisions"}],"predecessor-version":[{"id":785,"href":"https:\/\/buechertanz.de\/index.php?rest_route=\/wp\/v2\/pages\/770\/revisions\/785"}],"wp:attachment":[{"href":"https:\/\/buechertanz.de\/index.php?rest_route=%2Fwp%2Fv2%2Fmedia&parent=770"}],"curies":[{"name":"wp","href":"https:\/\/api.w.org\/{rel}","templated":true}]}}