{"id":7791,"date":"2024-08-29T08:05:43","date_gmt":"2024-08-29T07:05:43","guid":{"rendered":"https:\/\/buechertanz.de\/?page_id=7791"},"modified":"2024-10-01T07:04:59","modified_gmt":"2024-10-01T06:04:59","slug":"gelesen-august-2024","status":"publish","type":"page","link":"https:\/\/buechertanz.de\/?page_id=7791","title":{"rendered":"Gelesen August 2024"},"content":{"rendered":"\n<p class=\"has-small-font-size\">Im August 2024 habe ich&nbsp;<strong>sieben B\u00fccher<\/strong>&nbsp;mit insgesamt&nbsp;<strong>2.793 Seiten<\/strong>&nbsp;gelesen.<br>Bis auf <strong><em><a href=\"https:\/\/buechertanz.de\/?p=7776\" target=\"_blank\" rel=\"noreferrer noopener\">&#8222;Die Schwestern vom See &#8211; Dem Gl\u00fcck entgegen&#8220;<\/a><\/em> <\/strong>sind alle gelesenen B\u00fccher Rezensionsexemplare. <br>Herzlichen Dank an Kristina Herzog, an den Rowohlt Verlag, an Marie Pierre (Maria W. Peter), an Ann-Kathrin Rungholt, an den Goldmann Verlag und an Martha Sophie Marcus f\u00fcr die Zusendung und Bereitstellung der B\u00fccher als Rezensionsexemplare. <br>Jedes Buch hat mich bestens unterhalten und mich den Alltag vergessen lassen.<br><br>Viel Spa\u00df beim Schm\u00f6kern, eure<\/p>\n\n\n\n<figure class=\"wp-block-image size-large is-resized\"><img loading=\"lazy\" decoding=\"async\" width=\"1024\" height=\"404\" src=\"https:\/\/buechertanz.de\/wp-content\/uploads\/2024\/06\/Unterschrift-1024x404.jpg\" alt=\"\" class=\"wp-image-7473\" style=\"width:163px;height:auto\" srcset=\"https:\/\/buechertanz.de\/wp-content\/uploads\/2024\/06\/Unterschrift-1024x404.jpg 1024w, https:\/\/buechertanz.de\/wp-content\/uploads\/2024\/06\/Unterschrift-300x118.jpg 300w, https:\/\/buechertanz.de\/wp-content\/uploads\/2024\/06\/Unterschrift-768x303.jpg 768w, https:\/\/buechertanz.de\/wp-content\/uploads\/2024\/06\/Unterschrift.jpg 1500w\" sizes=\"auto, (max-width: 1024px) 100vw, 1024px\" \/><\/figure>\n\n\n\n<p class=\"has-small-font-size\"><\/p>\n\n\n<div class=\"wp-block-image\">\n<figure class=\"aligncenter size-full is-resized\"><img loading=\"lazy\" decoding=\"async\" width=\"872\" height=\"881\" src=\"https:\/\/buechertanz.de\/wp-content\/uploads\/2024\/08\/08-August_komp.jpg\" alt=\"\" class=\"wp-image-7815\" style=\"width:311px;height:auto\" srcset=\"https:\/\/buechertanz.de\/wp-content\/uploads\/2024\/08\/08-August_komp.jpg 872w, https:\/\/buechertanz.de\/wp-content\/uploads\/2024\/08\/08-August_komp-297x300.jpg 297w, https:\/\/buechertanz.de\/wp-content\/uploads\/2024\/08\/08-August_komp-768x776.jpg 768w\" sizes=\"auto, (max-width: 872px) 100vw, 872px\" \/><\/figure><\/div>\n\n\n<p class=\"has-text-align-center\" style=\"font-size:11px\"><em>Meine gelesenen B\u00fccher im August 2024<\/em><\/p>\n\n\n\n<p>_<\/p>\n\n\n\n<div class=\"wp-block-media-text is-vertically-aligned-center\" style=\"grid-template-columns:25% auto\"><figure class=\"wp-block-media-text__media\"><img loading=\"lazy\" decoding=\"async\" width=\"311\" height=\"466\" src=\"https:\/\/buechertanz.de\/wp-content\/uploads\/2024\/07\/48-Ein-fast-tadelloser-Herzog.jpg\" alt=\"\" class=\"wp-image-7610 size-full\" srcset=\"https:\/\/buechertanz.de\/wp-content\/uploads\/2024\/07\/48-Ein-fast-tadelloser-Herzog.jpg 311w, https:\/\/buechertanz.de\/wp-content\/uploads\/2024\/07\/48-Ein-fast-tadelloser-Herzog-200x300.jpg 200w\" sizes=\"auto, (max-width: 311px) 100vw, 311px\" \/><\/figure><div class=\"wp-block-media-text__content\">\n<p class=\"has-small-font-size\">Der Monat startete mit der wundersch\u00f6nen Liebesgeschichte <strong><em><a href=\"https:\/\/buechertanz.de\/?p=7646\" target=\"_blank\" rel=\"noreferrer noopener\">&#8222;Ein fast tadelloser Graf &#8211; Die Cossin-Saga&#8220; <\/a><\/em><\/strong> von Kristina Herzog: <br>Ein lesenswerter und unterhaltsamer historischer Liebesroman, in welchen ich v\u00f6llig versinken konnte und den ich sehr gerne gelesen habe. Die etwa 280 Seiten flogen so dahin und ich mochte die vielschichtigen Charaktere, die Irrungen und Wirrungen, die Dramatik und Romantik in dieser Geschichte sehr gerne. Sehr lesenswert!<\/p>\n<\/div><\/div>\n\n\n\n<p>_<\/p>\n\n\n\n<div class=\"wp-block-media-text has-media-on-the-right is-vertically-aligned-center\" style=\"grid-template-columns:auto 25%\"><div class=\"wp-block-media-text__content\">\n<p class=\"has-small-font-size\">Es folgte <strong><em><a href=\"https:\/\/buechertanz.de\/?p=7627\" target=\"_blank\" rel=\"noreferrer noopener\">&#8222;Das Opernhaus &#8211; Samtschwarz die Nacht&#8220; <\/a><\/em><\/strong> von Anne Stern: <br>Vor etwas \u00fcber einem Jahr begann ich mit dem ersten Band&nbsp;<em>\u201eDunkel der Himmel, goldhell die Melodie\u201c&nbsp;<\/em>die Reise in das Dresden des 19. Jahrhunderts \u2013 und ich war unglaublich begeistert. Auch der zweite Band&nbsp;<em>\u201eRot das Feuer\u201c<\/em>&nbsp;konnte mich von Anfang bis Ende \u00fcberzeugen. Der dritte Band ist ein spannendes und emotionales Finale und ich bin so ber\u00fchrt, hingerissen, aufgew\u00fchlt und beeindruckt. Was f\u00fcr eine Geschichte. Sehr lesenswert!<\/p>\n<\/div><figure class=\"wp-block-media-text__media\"><img loading=\"lazy\" decoding=\"async\" width=\"300\" height=\"466\" src=\"https:\/\/buechertanz.de\/wp-content\/uploads\/2024\/08\/49-Das-Opernhaus-Samtschwarz-die-Nacht.jpg\" alt=\"\" class=\"wp-image-7619 size-full\" srcset=\"https:\/\/buechertanz.de\/wp-content\/uploads\/2024\/08\/49-Das-Opernhaus-Samtschwarz-die-Nacht.jpg 300w, https:\/\/buechertanz.de\/wp-content\/uploads\/2024\/08\/49-Das-Opernhaus-Samtschwarz-die-Nacht-193x300.jpg 193w\" sizes=\"auto, (max-width: 300px) 100vw, 300px\" \/><\/figure><\/div>\n\n\n\n<p>_<\/p>\n\n\n\n<div class=\"wp-block-media-text is-vertically-aligned-center\" style=\"grid-template-columns:25% auto\"><figure class=\"wp-block-media-text__media\"><img loading=\"lazy\" decoding=\"async\" width=\"294\" height=\"445\" src=\"https:\/\/buechertanz.de\/wp-content\/uploads\/2024\/08\/50-Das-Pensionat-an-der-Mosel-Schwestern-im-Geiste.jpg\" alt=\"\" class=\"wp-image-7654 size-full\" srcset=\"https:\/\/buechertanz.de\/wp-content\/uploads\/2024\/08\/50-Das-Pensionat-an-der-Mosel-Schwestern-im-Geiste.jpg 294w, https:\/\/buechertanz.de\/wp-content\/uploads\/2024\/08\/50-Das-Pensionat-an-der-Mosel-Schwestern-im-Geiste-198x300.jpg 198w\" sizes=\"auto, (max-width: 294px) 100vw, 294px\" \/><\/figure><div class=\"wp-block-media-text__content\">\n<p class=\"has-small-font-size\">Das dritte Buch des Monats war <strong><em><a href=\"https:\/\/buechertanz.de\/?p=7662\" target=\"_blank\" rel=\"noreferrer noopener\">&#8222;Das Pensionat an der Mosel &#8211; Schwestern im Geiste&#8220;<\/a> <\/em><\/strong>von Marie Pierre:<br>Wie auch im ersten Band konnte mich in diesem zweiten Band die Spannung, die tiefe und dichte Atmosph\u00e4re, die absolut gelungenen und vielf\u00e4ltigen Charaktere und die wunderbar dargestellten geschichtlichen und gesellschaftlichen Hintergr\u00fcnde mitnehmen und \u00fcberzeugen.<br>Bereits der erste Band hat mir sehr gut gefallen \u2013 meiner Meinung nach toppt der zweite Band \u201eSchwestern im Geiste\u201c diesen nochmals \u2013 denn hier ist einfach alles dabei: Dramatik, Spannung, Historie und Liebe. Gro\u00dfe Lese-Empfehlung. <\/p>\n<\/div><\/div>\n\n\n\n<p>_<\/p>\n\n\n\n<div class=\"wp-block-media-text has-media-on-the-right\" style=\"grid-template-columns:auto 25%\"><div class=\"wp-block-media-text__content\">\n<p class=\"has-small-font-size\">Es folgte das Buch <a href=\"https:\/\/buechertanz.de\/?p=7700\" target=\"_blank\" rel=\"noreferrer noopener\">&#8222;Rungholt&#8220;<\/a> von Ann-Kathrin Wasle, welches am 01. Oktober 2024 erscheinen wird. Deshalb m\u00f6chte ich an dieser Stelle noch nicht viel \u00fcber dieses Buch verraten &#8230; nur eines: Sehr lesenswert!<br><strong>Nachtrag 01. Oktober 2024:<\/strong><br>Ein spannender und intensiver Roman, indem die historische und mystische Elemente ineinander \u00fcbergehen \u2013 und zwar so einnehmend, dass ich das Buch nur noch ungern aus den H\u00e4nden legen wollte.<br>Nach der letzten Seite noch einige Minuten auf dem Sofa, ging in Gedanken die Geschichte nochmals durch und merkte, wie sehr mich dieses Buch mitgenommen hat.<br><\/p>\n<\/div><figure class=\"wp-block-media-text__media\"><img loading=\"lazy\" decoding=\"async\" width=\"296\" height=\"425\" src=\"https:\/\/buechertanz.de\/wp-content\/uploads\/2024\/08\/51-Rungholt.jpg\" alt=\"\" class=\"wp-image-7680 size-full\" srcset=\"https:\/\/buechertanz.de\/wp-content\/uploads\/2024\/08\/51-Rungholt.jpg 296w, https:\/\/buechertanz.de\/wp-content\/uploads\/2024\/08\/51-Rungholt-209x300.jpg 209w\" sizes=\"auto, (max-width: 296px) 100vw, 296px\" \/><\/figure><\/div>\n\n\n\n<p>_<\/p>\n\n\n\n<div class=\"wp-block-media-text is-vertically-aligned-center\" style=\"grid-template-columns:25% auto\"><figure class=\"wp-block-media-text__media\"><img loading=\"lazy\" decoding=\"async\" width=\"292\" height=\"445\" src=\"https:\/\/buechertanz.de\/wp-content\/uploads\/2024\/08\/52-Eine-grenzenlose-Welt-Zukunft.jpg\" alt=\"\" class=\"wp-image-7713 size-full\" srcset=\"https:\/\/buechertanz.de\/wp-content\/uploads\/2024\/08\/52-Eine-grenzenlose-Welt-Zukunft.jpg 292w, https:\/\/buechertanz.de\/wp-content\/uploads\/2024\/08\/52-Eine-grenzenlose-Welt-Zukunft-197x300.jpg 197w\" sizes=\"auto, (max-width: 292px) 100vw, 292px\" \/><\/figure><div class=\"wp-block-media-text__content\">\n<p class=\"has-small-font-size\">Auf diesen finalen Abschluss habe ich lange gewartet &#8230; und wollte zeitgleich keinen Abschied nehmen: <br><strong><em><a href=\"https:\/\/buechertanz.de\/?p=7718\" target=\"_blank\" rel=\"noreferrer noopener\">&#8222;Eine grenzenlose Welt &#8211; Zukunft&#8220;<\/a> <\/em><\/strong>von Sonja Roos. <br>Ein gro\u00dfartiger Abschluss einer wunderbaren und empfehlenswerten Buchreihe, welcher mich, wie die beiden vorherigen B\u00e4nde, von der ersten bis zur letzten Seite begeistert, vor allem aber bewegt hat. Ich habe das Buch mit Tr\u00e4nen begonnen und mit Tr\u00e4nen beendet.<br>Sehr \u2026 sehr lesenswert!<\/p>\n<\/div><\/div>\n\n\n\n<p>_<\/p>\n\n\n\n<div class=\"wp-block-media-text has-media-on-the-right is-vertically-aligned-center\" style=\"grid-template-columns:auto 25%\"><div class=\"wp-block-media-text__content\">\n<p class=\"has-small-font-size\">Mit <strong><em><a href=\"https:\/\/buechertanz.de\/?p=7753\" target=\"_blank\" rel=\"noreferrer noopener\">&#8222;Das Gold der Weiden &#8211; Die Gunst der F\u00fcrsten&#8220;<\/a> <\/em><\/strong>von Martha Sophie Marcus ging es ins Mittelalter: <br>Die Autorin l\u00e4sst mit dem fulminanten Abschluss ihrer unterhaltsamen Dilogie l\u00e4ngst vergangene Zeiten wieder aufleben, nimmt den Leser\/ die Leserin mit auf eine atemberaubende Zeitreise und stellt komplexe Sachverhalte und geschichtliche Hintergr\u00fcnde anhand ihrer vielf\u00e4ltigen Charaktere und ihrer bildhaften Sprache anschaulich und nachvollziehbar dar. Sehr lesenswert!<\/p>\n<\/div><figure class=\"wp-block-media-text__media\"><img loading=\"lazy\" decoding=\"async\" width=\"316\" height=\"466\" src=\"https:\/\/buechertanz.de\/wp-content\/uploads\/2024\/08\/53-Das-Gold-der-Weiden-Die-Gunst-des-Fuersten.jpg\" alt=\"\" class=\"wp-image-7735 size-full\" srcset=\"https:\/\/buechertanz.de\/wp-content\/uploads\/2024\/08\/53-Das-Gold-der-Weiden-Die-Gunst-des-Fuersten.jpg 316w, https:\/\/buechertanz.de\/wp-content\/uploads\/2024\/08\/53-Das-Gold-der-Weiden-Die-Gunst-des-Fuersten-203x300.jpg 203w\" sizes=\"auto, (max-width: 316px) 100vw, 316px\" \/><\/figure><\/div>\n\n\n\n<p>_<\/p>\n\n\n\n<div class=\"wp-block-media-text is-vertically-aligned-center\" style=\"grid-template-columns:25% auto\"><figure class=\"wp-block-media-text__media\"><img loading=\"lazy\" decoding=\"async\" width=\"297\" height=\"445\" src=\"https:\/\/buechertanz.de\/wp-content\/uploads\/2024\/08\/53-Die-Schwestern-vom-See-Dem-Glueck-entgegen.jpg\" alt=\"\" class=\"wp-image-7741 size-full\" srcset=\"https:\/\/buechertanz.de\/wp-content\/uploads\/2024\/08\/53-Die-Schwestern-vom-See-Dem-Glueck-entgegen.jpg 297w, https:\/\/buechertanz.de\/wp-content\/uploads\/2024\/08\/53-Die-Schwestern-vom-See-Dem-Glueck-entgegen-200x300.jpg 200w\" sizes=\"auto, (max-width: 297px) 100vw, 297px\" \/><\/figure><div class=\"wp-block-media-text__content\">\n<p class=\"has-small-font-size\">Am Ende des Lesemonats reiste ich mit <strong><em><a href=\"https:\/\/buechertanz.de\/?p=7776\" target=\"_blank\" rel=\"noreferrer noopener\">&#8222;Die Schwestern vom See &#8211; Dem Gl\u00fcck entgegen&#8220;<\/a><\/em><\/strong> von Lilli Beck an den Bodensee:<br>Die ist ein sch\u00f6ner und lesenswerter Abschluss einer Trilogie, welche ich sehr gerne gelesen haben. Romantisch und emotional \u2013 ein gro\u00dfer Lesegenuss.<br><\/p>\n<\/div><\/div>\n\n\n\n<p>_<\/p>\n\n\n<div class=\"wp-block-image\">\n<figure class=\"aligncenter size-full is-resized\"><img loading=\"lazy\" decoding=\"async\" width=\"931\" height=\"931\" src=\"https:\/\/buechertanz.de\/wp-content\/uploads\/2024\/08\/08-August-Zusammenstellung_komp.jpg\" alt=\"\" class=\"wp-image-7808\" style=\"width:304px;height:auto\" srcset=\"https:\/\/buechertanz.de\/wp-content\/uploads\/2024\/08\/08-August-Zusammenstellung_komp.jpg 931w, https:\/\/buechertanz.de\/wp-content\/uploads\/2024\/08\/08-August-Zusammenstellung_komp-300x300.jpg 300w, https:\/\/buechertanz.de\/wp-content\/uploads\/2024\/08\/08-August-Zusammenstellung_komp-150x150.jpg 150w, https:\/\/buechertanz.de\/wp-content\/uploads\/2024\/08\/08-August-Zusammenstellung_komp-768x768.jpg 768w\" sizes=\"auto, (max-width: 931px) 100vw, 931px\" \/><\/figure><\/div>","protected":false},"excerpt":{"rendered":"<p>Im August 2024 habe ich&nbsp;sieben B\u00fccher&nbsp;mit insgesamt&nbsp;2.793 Seiten&nbsp;gelesen.Bis auf &#8222;Die Schwestern vom See &#8211; Dem Gl\u00fcck entgegen&#8220; sind alle gelesenen B\u00fccher Rezensionsexemplare. Herzlichen Dank an Kristina Herzog, an den Rowohlt Verlag, an Marie Pierre (Maria W. Peter), an Ann-Kathrin Rungholt, an den Goldmann Verlag und an Martha Sophie Marcus f\u00fcr die Zusendung und Bereitstellung der &hellip; <a href=\"https:\/\/buechertanz.de\/?page_id=7791\" class=\"more-link\"><span class=\"screen-reader-text\">Gelesen August 2024<\/span> weiterlesen<\/a><\/p>\n","protected":false},"author":2,"featured_media":0,"parent":0,"menu_order":0,"comment_status":"open","ping_status":"closed","template":"","meta":{"footnotes":""},"class_list":["post-7791","page","type-page","status-publish","hentry"],"_links":{"self":[{"href":"https:\/\/buechertanz.de\/index.php?rest_route=\/wp\/v2\/pages\/7791","targetHints":{"allow":["GET"]}}],"collection":[{"href":"https:\/\/buechertanz.de\/index.php?rest_route=\/wp\/v2\/pages"}],"about":[{"href":"https:\/\/buechertanz.de\/index.php?rest_route=\/wp\/v2\/types\/page"}],"author":[{"embeddable":true,"href":"https:\/\/buechertanz.de\/index.php?rest_route=\/wp\/v2\/users\/2"}],"replies":[{"embeddable":true,"href":"https:\/\/buechertanz.de\/index.php?rest_route=%2Fwp%2Fv2%2Fcomments&post=7791"}],"version-history":[{"count":9,"href":"https:\/\/buechertanz.de\/index.php?rest_route=\/wp\/v2\/pages\/7791\/revisions"}],"predecessor-version":[{"id":8021,"href":"https:\/\/buechertanz.de\/index.php?rest_route=\/wp\/v2\/pages\/7791\/revisions\/8021"}],"wp:attachment":[{"href":"https:\/\/buechertanz.de\/index.php?rest_route=%2Fwp%2Fv2%2Fmedia&parent=7791"}],"curies":[{"name":"wp","href":"https:\/\/api.w.org\/{rel}","templated":true}]}}