{"id":7792,"date":"2024-08-29T08:05:44","date_gmt":"2024-08-29T07:05:44","guid":{"rendered":"https:\/\/buechertanz.de\/?page_id=7792"},"modified":"2024-09-30T10:50:05","modified_gmt":"2024-09-30T09:50:05","slug":"neuzugaenge-august-2024","status":"publish","type":"page","link":"https:\/\/buechertanz.de\/?page_id=7792","title":{"rendered":"Neuzug\u00e4nge August 2024"},"content":{"rendered":"\n<p class=\"has-drop-cap has-text-align-left has-small-font-size\">Im&nbsp;<strong>August 2024<\/strong>&nbsp;sind insgesamt&nbsp;<strong>13 B\u00fccher&nbsp;<\/strong>hier eingezogen:<br>Darunter sind f\u00fcnf Rezensionsexemplare, ein Geschenk, sechs gekaufte Prints und ein gekauftes eBook. Herzlichen Dank an den Rowohlt Verlag, an Martha Sophie Marcus, an Lia Scott, an Maria W. Peter, an den Goldmann Verlag und an Theresa Herold f\u00fcr die Rezensionsexemplare\/ Geschenke. <br>Falls es schon ausf\u00fchrlichen Rezensionen gibt, gelangt ihr mit einem Klick auf den Titel dorthin.<br>Ich freue mich schon auf viele gem\u00fctliche Lesestunden.<br>Euch viel Spa\u00df beim St\u00f6bern, eure<\/p>\n\n\n\n<figure class=\"wp-block-image size-large is-resized\"><img loading=\"lazy\" decoding=\"async\" width=\"1024\" height=\"404\" src=\"https:\/\/buechertanz.de\/wp-content\/uploads\/2024\/06\/Unterschrift-1024x404.jpg\" alt=\"\" class=\"wp-image-7473\" style=\"width:245px;height:auto\" srcset=\"https:\/\/buechertanz.de\/wp-content\/uploads\/2024\/06\/Unterschrift-1024x404.jpg 1024w, https:\/\/buechertanz.de\/wp-content\/uploads\/2024\/06\/Unterschrift-300x118.jpg 300w, https:\/\/buechertanz.de\/wp-content\/uploads\/2024\/06\/Unterschrift-768x303.jpg 768w, https:\/\/buechertanz.de\/wp-content\/uploads\/2024\/06\/Unterschrift.jpg 1500w\" sizes=\"auto, (max-width: 1024px) 100vw, 1024px\" \/><\/figure>\n\n\n<div class=\"wp-block-image\">\n<figure class=\"aligncenter size-full is-resized\"><img loading=\"lazy\" decoding=\"async\" width=\"1010\" height=\"1021\" src=\"https:\/\/buechertanz.de\/wp-content\/uploads\/2024\/08\/08-Aufust-Komplett_komp.jpg\" alt=\"\" class=\"wp-image-7819\" style=\"width:306px;height:auto\" srcset=\"https:\/\/buechertanz.de\/wp-content\/uploads\/2024\/08\/08-Aufust-Komplett_komp.jpg 1010w, https:\/\/buechertanz.de\/wp-content\/uploads\/2024\/08\/08-Aufust-Komplett_komp-297x300.jpg 297w, https:\/\/buechertanz.de\/wp-content\/uploads\/2024\/08\/08-Aufust-Komplett_komp-768x776.jpg 768w\" sizes=\"auto, (max-width: 1010px) 100vw, 1010px\" \/><\/figure><\/div>\n\n\n<p class=\"has-text-align-center\" style=\"font-size:11px\"><em>Meine neuen Seitlinge vom August 2024<\/em><\/p>\n\n\n\n<p>_<\/p>\n\n\n\n<div class=\"wp-block-media-text is-vertically-aligned-center\"><figure class=\"wp-block-media-text__media\"><img loading=\"lazy\" decoding=\"async\" width=\"918\" height=\"928\" src=\"https:\/\/buechertanz.de\/wp-content\/uploads\/2024\/08\/08-August-Rezensionsexemplare_komp.jpg\" alt=\"\" class=\"wp-image-7820 size-full\" srcset=\"https:\/\/buechertanz.de\/wp-content\/uploads\/2024\/08\/08-August-Rezensionsexemplare_komp.jpg 918w, https:\/\/buechertanz.de\/wp-content\/uploads\/2024\/08\/08-August-Rezensionsexemplare_komp-297x300.jpg 297w, https:\/\/buechertanz.de\/wp-content\/uploads\/2024\/08\/08-August-Rezensionsexemplare_komp-768x776.jpg 768w\" sizes=\"auto, (max-width: 918px) 100vw, 918px\" \/><\/figure><div class=\"wp-block-media-text__content\">\n<p class=\"has-drop-cap has-small-font-size\"><strong>Rezensionsexemplare\/ Geschenke:<\/strong><\/p>\n\n\n\n<p><\/p>\n\n\n\n<ul class=\"wp-block-list\">\n<li class=\"has-small-font-size\">Anne Stern: <a href=\"https:\/\/buechertanz.de\/?p=7627\" target=\"_blank\" rel=\"noreferrer noopener\"><strong><em>&#8222;Das Opernhaus &#8211; Samtschwarz die Nacht&#8220;<\/em><\/strong> <\/a><\/li>\n\n\n\n<li class=\"has-small-font-size\">Martha Sophie Marcus: <strong><em><a href=\"https:\/\/buechertanz.de\/?p=7753\" target=\"_blank\" rel=\"noreferrer noopener\">&#8222;Das Gold der Weiden &#8211; Die Gunst der F\u00fcrsten&#8220; <\/a><\/em><\/strong><\/li>\n\n\n\n<li class=\"has-small-font-size\">Lia Scott: <strong><em>&#8222;Sturmjahre &#8211; Der Ruf des Gl\u00fccks&#8220; <\/em><\/strong><\/li>\n\n\n\n<li class=\"has-small-font-size\">Marie Pierre: <strong><em><a href=\"https:\/\/buechertanz.de\/?p=7662\" target=\"_blank\" rel=\"noreferrer noopener\">&#8222;Das Pensionat an der Mosel &#8211; Schwestern im Geiste&#8220; <\/a><\/em><\/strong><\/li>\n\n\n\n<li class=\"has-small-font-size\">Sonja Roos: <strong><em><a href=\"https:\/\/buechertanz.de\/?p=7718\" target=\"_blank\" rel=\"noreferrer noopener\">&#8222;Eine grenzenlose Welt &#8211; Zukunft&#8220;<\/a><\/em><\/strong><\/li>\n\n\n\n<li class=\"has-small-font-size\">Theresa Herold: <a href=\"https:\/\/buechertanz.de\/?p=7840\" target=\"_blank\" rel=\"noreferrer noopener\"><strong><em>&#8222;Als wir nach den Sternen griffen<\/em><\/strong>&#8222;<\/a><\/li>\n<\/ul>\n<\/div><\/div>\n\n\n\n<p>_<\/p>\n\n\n\n<div class=\"wp-block-media-text has-media-on-the-right is-vertically-aligned-center\"><div class=\"wp-block-media-text__content\">\n<p class=\"has-drop-cap has-small-font-size\"><strong>Neue B\u00fccher (selbst gekauft):<\/strong><\/p>\n\n\n\n<p><\/p>\n\n\n\n<ul class=\"wp-block-list\">\n<li class=\"has-small-font-size\">Eva-Maria Bast: <strong><em>&#8222;Queen Mum&#8220;<\/em><\/strong><\/li>\n\n\n\n<li class=\"has-small-font-size\">Tessa Bickers: <strong><em>&#8222;Wir sehen uns im n\u00e4chsten Kapitel&#8220;<\/em><\/strong><\/li>\n\n\n\n<li class=\"has-small-font-size\">Lilli Beck: <strong><em><a href=\"https:\/\/buechertanz.de\/?p=7776\" target=\"_blank\" rel=\"noreferrer noopener\">&#8222;Die Schwestern vom See &#8211; Dem Gl\u00fcck entgegen&#8220;<\/a><\/em><\/strong><\/li>\n\n\n\n<li class=\"has-small-font-size\">Cristina Caboni: <strong><em>&#8222;Der Zauber der Lagune&#8220;<\/em><\/strong><\/li>\n\n\n\n<li class=\"has-small-font-size\">Sabine Weiss: <strong><em>&#8222;Die Leuchtt\u00fcrme der Stevensons&#8220;<\/em><\/strong><\/li>\n\n\n\n<li class=\"has-small-font-size\">Marie Lamballe: <strong><em>&#8222;Caf\u00e9 Engel &#8211; Goldene Jahre&#8220;<\/em><\/strong><\/li>\n\n\n\n<li class=\"has-small-font-size\">Charlotte Jacobi: <strong><em>&#8222;Bl\u00fctenwei\u00dfe Tr\u00e4ume &#8211; Die Persil-Saga&#8220;<\/em><\/strong> (eBook)<\/li>\n<\/ul>\n<\/div><figure class=\"wp-block-media-text__media\"><img loading=\"lazy\" decoding=\"async\" width=\"872\" height=\"881\" src=\"https:\/\/buechertanz.de\/wp-content\/uploads\/2024\/08\/08-August-Neue-Buecher_komp.jpg\" alt=\"\" class=\"wp-image-7822 size-full\" srcset=\"https:\/\/buechertanz.de\/wp-content\/uploads\/2024\/08\/08-August-Neue-Buecher_komp.jpg 872w, https:\/\/buechertanz.de\/wp-content\/uploads\/2024\/08\/08-August-Neue-Buecher_komp-297x300.jpg 297w, https:\/\/buechertanz.de\/wp-content\/uploads\/2024\/08\/08-August-Neue-Buecher_komp-768x776.jpg 768w\" sizes=\"auto, (max-width: 872px) 100vw, 872px\" \/><\/figure><\/div>\n\n\n\n<p>_<\/p>\n","protected":false},"excerpt":{"rendered":"<p>Im&nbsp;August 2024&nbsp;sind insgesamt&nbsp;13 B\u00fccher&nbsp;hier eingezogen:Darunter sind f\u00fcnf Rezensionsexemplare, ein Geschenk, sechs gekaufte Prints und ein gekauftes eBook. Herzlichen Dank an den Rowohlt Verlag, an Martha Sophie Marcus, an Lia Scott, an Maria W. Peter, an den Goldmann Verlag und an Theresa Herold f\u00fcr die Rezensionsexemplare\/ Geschenke. Falls es schon ausf\u00fchrlichen Rezensionen gibt, gelangt ihr mit &hellip; <a href=\"https:\/\/buechertanz.de\/?page_id=7792\" class=\"more-link\"><span class=\"screen-reader-text\">Neuzug\u00e4nge August 2024<\/span> weiterlesen<\/a><\/p>\n","protected":false},"author":2,"featured_media":0,"parent":0,"menu_order":0,"comment_status":"open","ping_status":"closed","template":"","meta":{"footnotes":""},"class_list":["post-7792","page","type-page","status-publish","hentry"],"_links":{"self":[{"href":"https:\/\/buechertanz.de\/index.php?rest_route=\/wp\/v2\/pages\/7792","targetHints":{"allow":["GET"]}}],"collection":[{"href":"https:\/\/buechertanz.de\/index.php?rest_route=\/wp\/v2\/pages"}],"about":[{"href":"https:\/\/buechertanz.de\/index.php?rest_route=\/wp\/v2\/types\/page"}],"author":[{"embeddable":true,"href":"https:\/\/buechertanz.de\/index.php?rest_route=\/wp\/v2\/users\/2"}],"replies":[{"embeddable":true,"href":"https:\/\/buechertanz.de\/index.php?rest_route=%2Fwp%2Fv2%2Fcomments&post=7792"}],"version-history":[{"count":11,"href":"https:\/\/buechertanz.de\/index.php?rest_route=\/wp\/v2\/pages\/7792\/revisions"}],"predecessor-version":[{"id":8008,"href":"https:\/\/buechertanz.de\/index.php?rest_route=\/wp\/v2\/pages\/7792\/revisions\/8008"}],"wp:attachment":[{"href":"https:\/\/buechertanz.de\/index.php?rest_route=%2Fwp%2Fv2%2Fmedia&parent=7792"}],"curies":[{"name":"wp","href":"https:\/\/api.w.org\/{rel}","templated":true}]}}