{"id":7985,"date":"2024-09-30T06:37:54","date_gmt":"2024-09-30T05:37:54","guid":{"rendered":"https:\/\/buechertanz.de\/?page_id=7985"},"modified":"2024-10-01T07:30:31","modified_gmt":"2024-10-01T06:30:31","slug":"gelesen-september-2024","status":"publish","type":"page","link":"https:\/\/buechertanz.de\/?page_id=7985","title":{"rendered":"Gelesen September 2024"},"content":{"rendered":"\n<p class=\"has-drop-cap has-small-font-size\">Im September 2024 habe ich&nbsp;<strong>sechs B\u00fccher<\/strong>&nbsp;mit insgesamt&nbsp;<strong>2.276 Seiten<\/strong>&nbsp;gelesen. Es waren weniger gelesene B\u00fccher als in den vorherigen Monaten, trotzdem bin ich sehr zufrieden mit meinem abwechslungsreichen Lesemonat. Alle gelesenen B\u00fccher sind Rezensionsexemplare &#8211; mit einem Klick auf den Titel des Buches landet ihr bei der ausf\u00fchrlichen Rezension.<br>Herzlichen Dank an Theresa Herold, an Elena Eden, an den dtv Verlag, an Dorothe Z\u00fcrcher, an Droemer-Knaur, an Hanna Caspian und an den Tinte&amp;Feder Verlag  f\u00fcr die Zusendung und Bereitstellung der B\u00fccher als Rezensionsexemplare.<br><\/p>\n\n\n\n<p class=\"has-small-font-size\">Viel Spa\u00df beim Schm\u00f6kern, eure<\/p>\n\n\n\n<figure class=\"wp-block-image size-large is-resized\"><img loading=\"lazy\" decoding=\"async\" width=\"1024\" height=\"404\" src=\"https:\/\/buechertanz.de\/wp-content\/uploads\/2024\/06\/Unterschrift-1024x404.jpg\" alt=\"\" class=\"wp-image-7473\" style=\"width:161px;height:auto\" srcset=\"https:\/\/buechertanz.de\/wp-content\/uploads\/2024\/06\/Unterschrift-1024x404.jpg 1024w, https:\/\/buechertanz.de\/wp-content\/uploads\/2024\/06\/Unterschrift-300x118.jpg 300w, https:\/\/buechertanz.de\/wp-content\/uploads\/2024\/06\/Unterschrift-768x303.jpg 768w, https:\/\/buechertanz.de\/wp-content\/uploads\/2024\/06\/Unterschrift.jpg 1500w\" sizes=\"auto, (max-width: 1024px) 100vw, 1024px\" \/><\/figure>\n\n\n<div class=\"wp-block-image\">\n<figure class=\"aligncenter size-full is-resized\"><img loading=\"lazy\" decoding=\"async\" width=\"804\" height=\"804\" src=\"https:\/\/buechertanz.de\/wp-content\/uploads\/2024\/09\/09-September_komp.jpg\" alt=\"\" class=\"wp-image-8003\" style=\"width:316px;height:auto\" srcset=\"https:\/\/buechertanz.de\/wp-content\/uploads\/2024\/09\/09-September_komp.jpg 804w, https:\/\/buechertanz.de\/wp-content\/uploads\/2024\/09\/09-September_komp-300x300.jpg 300w, https:\/\/buechertanz.de\/wp-content\/uploads\/2024\/09\/09-September_komp-150x150.jpg 150w, https:\/\/buechertanz.de\/wp-content\/uploads\/2024\/09\/09-September_komp-768x768.jpg 768w\" sizes=\"auto, (max-width: 804px) 100vw, 804px\" \/><\/figure><\/div>\n\n\n<p>_<\/p>\n\n\n\n<div class=\"wp-block-media-text is-vertically-aligned-center\" style=\"grid-template-columns:25% auto\"><figure class=\"wp-block-media-text__media\"><img loading=\"lazy\" decoding=\"async\" width=\"286\" height=\"445\" src=\"https:\/\/buechertanz.de\/wp-content\/uploads\/2024\/08\/55-Als-wir-nach-den-Sternen-griffen.jpg\" alt=\"\" class=\"wp-image-7834 size-full\" srcset=\"https:\/\/buechertanz.de\/wp-content\/uploads\/2024\/08\/55-Als-wir-nach-den-Sternen-griffen.jpg 286w, https:\/\/buechertanz.de\/wp-content\/uploads\/2024\/08\/55-Als-wir-nach-den-Sternen-griffen-193x300.jpg 193w\" sizes=\"auto, (max-width: 286px) 100vw, 286px\" \/><\/figure><div class=\"wp-block-media-text__content\">\n<p class=\"has-small-font-size\">Der neue Monat startete mit einem Buch, welches mich unheimlich bewegt und ber\u00fchrt hat:<br><strong><em><a href=\"https:\/\/buechertanz.de\/?p=7840\" target=\"_blank\" rel=\"noreferrer noopener\">&#8222;Als wir nach den Sternen griffen&#8220;<\/a><\/em><\/strong> von Theresa Herold erz\u00e4hlt eine Geschichte, welche kurz vor dem Fall der Mauer in Prag spielt. <br>Das Buch von Theresa Herold bietet vielseitige Charaktere, Spannung und ein Teil gro\u00dfer Weltgeschichte zum miterleben und mitf\u00fchlen \u2013 einfach perfekt.&nbsp;Definitiv ein Jahreshighlight \u2013 sehr sehr lesenswert<\/p>\n<\/div><\/div>\n\n\n\n<p>_<\/p>\n\n\n\n<div class=\"wp-block-media-text has-media-on-the-right is-vertically-aligned-center\" style=\"grid-template-columns:auto 25%\"><div class=\"wp-block-media-text__content\">\n<p class=\"has-small-font-size\">Weiter ging es mit dem Buch <strong><em><a href=\"https:\/\/buechertanz.de\/?p=7866\" target=\"_blank\" rel=\"noreferrer noopener\">&#8222;Der Garten im Licht&#8220; <\/a><\/em><\/strong>von Elena Eden. Dieser Roman<em>&nbsp;<\/em>hat mich mit der wundersch\u00f6nen und gleichzeitig tragischen Geschichte von Anfang bis Ende verzaubert, mich mit an die C\u00f4te d\u2019Azur genommen \u2013 und ganz gro\u00dfes Fernweh entfacht. Am liebsten w\u00fcrde ich nun die Koffer packen\u2026 und ans franz\u00f6sische Mittelmeer reisen (auch wenn ich erst im Mai dort war).<br>Ein ganz ganz bezaubernder, wundersch\u00f6ner und lehrreicher Roman, in den ich abgetaucht bin und gerne noch l\u00e4nger verweilt w\u00e4re. Sehr lesenswert!<\/p>\n<\/div><figure class=\"wp-block-media-text__media\"><img loading=\"lazy\" decoding=\"async\" width=\"326\" height=\"522\" src=\"https:\/\/buechertanz.de\/wp-content\/uploads\/2024\/09\/56-Der-Garten-im-Licht.jpg\" alt=\"\" class=\"wp-image-7859 size-full\" srcset=\"https:\/\/buechertanz.de\/wp-content\/uploads\/2024\/09\/56-Der-Garten-im-Licht.jpg 326w, https:\/\/buechertanz.de\/wp-content\/uploads\/2024\/09\/56-Der-Garten-im-Licht-187x300.jpg 187w\" sizes=\"auto, (max-width: 326px) 100vw, 326px\" \/><\/figure><\/div>\n\n\n\n<p>_<\/p>\n\n\n\n<div class=\"wp-block-media-text is-vertically-aligned-center\" style=\"grid-template-columns:25% auto\"><figure class=\"wp-block-media-text__media\"><img loading=\"lazy\" decoding=\"async\" width=\"298\" height=\"466\" src=\"https:\/\/buechertanz.de\/wp-content\/uploads\/2024\/09\/57-Wer-mit-den-Woelfen-heult.jpg\" alt=\"\" class=\"wp-image-7890 size-full\" srcset=\"https:\/\/buechertanz.de\/wp-content\/uploads\/2024\/09\/57-Wer-mit-den-Woelfen-heult.jpg 298w, https:\/\/buechertanz.de\/wp-content\/uploads\/2024\/09\/57-Wer-mit-den-Woelfen-heult-192x300.jpg 192w\" sizes=\"auto, (max-width: 298px) 100vw, 298px\" \/><\/figure><div class=\"wp-block-media-text__content\">\n<p class=\"has-small-font-size\">Im Anschluss habe ich das Buch <strong><em><a href=\"https:\/\/buechertanz.de\/?p=7897\" target=\"_blank\" rel=\"noreferrer noopener\">&#8222;Wer mit den W\u00f6lfen heult &#8211; Die Canterbury-F\u00e4lle&#8220;<\/a> <\/em><\/strong>von Tessa Duncan gelesen.<br>Gef\u00fchlt habe ich das Buch atemlos gelesen. Die spannenden Geschichte(n) gingen mir unglaublich nah, ich musste oft mit den Tr\u00e4nen k\u00e4mpfen und mein Herz krampfte sich des \u00d6fteren gef\u00fchlt zusammen. Und doch musste ich immer weiter lesen\u2026 immer weiter und weiter. Dieser zweite Band der Reihe um die sympathische Therapeutin Lily Brown steht dem ersten Band in Sachen Dramatik und Spannung in Nichts nach. Gro\u00dfe Lese-Empfehlung.<\/p>\n<\/div><\/div>\n\n\n\n<p>_<\/p>\n\n\n\n<div class=\"wp-block-media-text has-media-on-the-right is-vertically-aligned-center\" style=\"grid-template-columns:auto 25%\"><div class=\"wp-block-media-text__content\">\n<p class=\"has-small-font-size\">Es folgte eine gedankliche Reise ins Mittelalter: <strong><em><a href=\"https:\/\/buechertanz.de\/?p=7921\" target=\"_blank\" rel=\"noreferrer noopener\">&#8222;Anisbrot in Antiochia&#8220;<\/a> <\/em><\/strong>von Dorothe Z\u00fcrcher.<br>Trotz leichter Anlaufschwierigkeiten (ich musste mich erst wieder an den ersten Band erinnern) hat mich&nbsp;die Geschichte wieder bestens unterhalten: Ich bangte, fieberte, weinte, reiste und kochte mit den vielseitigen Figuren, welche sich fernab des \u201eMainstream\u201c befinden.<br>Der Roman bot mir beste Unterhaltung und viel neues Wissen \u2013 letzteres vor allem in Bezug auf die Kochkunst und den Verlauf des Dritten Kreuzzuges. Mit ihrem gro\u00dfartigen Sprachstil l\u00e4sst Dorothe Z\u00fcrcher Bilder aus l\u00e4ngst vergangenen Zeiten entstehen und nimmt die Leser und Leserinnen mit auf eine unvergessliche Zeitreise \u2013 sehr lesenswert.<\/p>\n<\/div><figure class=\"wp-block-media-text__media\"><img loading=\"lazy\" decoding=\"async\" width=\"294\" height=\"466\" src=\"https:\/\/buechertanz.de\/wp-content\/uploads\/2024\/09\/58-Anisbrot-in-Antiochia.jpg\" alt=\"\" class=\"wp-image-7917 size-full\" srcset=\"https:\/\/buechertanz.de\/wp-content\/uploads\/2024\/09\/58-Anisbrot-in-Antiochia.jpg 294w, https:\/\/buechertanz.de\/wp-content\/uploads\/2024\/09\/58-Anisbrot-in-Antiochia-189x300.jpg 189w\" sizes=\"auto, (max-width: 294px) 100vw, 294px\" \/><\/figure><\/div>\n\n\n\n<p>_<\/p>\n\n\n\n<div class=\"wp-block-media-text is-vertically-aligned-center\" style=\"grid-template-columns:25% auto\"><figure class=\"wp-block-media-text__media\"><img loading=\"lazy\" decoding=\"async\" width=\"300\" height=\"466\" src=\"https:\/\/buechertanz.de\/wp-content\/uploads\/2024\/09\/59-Im-Takt-der-Freiheit.jpg\" alt=\"\" class=\"wp-image-7940 size-full\" srcset=\"https:\/\/buechertanz.de\/wp-content\/uploads\/2024\/09\/59-Im-Takt-der-Freiheit.jpg 300w, https:\/\/buechertanz.de\/wp-content\/uploads\/2024\/09\/59-Im-Takt-der-Freiheit-193x300.jpg 193w\" sizes=\"auto, (max-width: 300px) 100vw, 300px\" \/><\/figure><div class=\"wp-block-media-text__content\">\n<p class=\"has-small-font-size\">Das Buch <strong><em><a href=\"https:\/\/buechertanz.de\/?p=7945\" target=\"_blank\" rel=\"noreferrer noopener\">&#8222;Im Takt der Freiheit&#8220; <\/a><\/em><\/strong>von Hanna Caspian erscheint offiziell am 01. Oktober 2024. Ich durfte das Buch bereits vorab lesen &#8211; und bin sehr begeistert. <br>Es ist ein sehr gelungener und lesenswerter Einzelroman, welcher mich durch die vielen und vielf\u00e4ltigen Figuren und die gut dargestellten historischen, gesellschaftlichen und politischen Hintergr\u00fcnde begeistern konnte. Sehr empfehlenswert!<\/p>\n<\/div><\/div>\n\n\n\n<p>_<\/p>\n\n\n\n<div class=\"wp-block-media-text has-media-on-the-right is-vertically-aligned-center\" style=\"grid-template-columns:auto 25%\"><div class=\"wp-block-media-text__content\">\n<p class=\"has-small-font-size\">Den Abschluss des Lesemonats bildete das Buch<a href=\"https:\/\/buechertanz.de\/?p=7967\" target=\"_blank\" rel=\"noreferrer noopener\"> <strong><em>&#8222;Sommersehnsucht und Limonenbl\u00fcten&#8220;<\/em><\/strong><\/a><strong><em> <\/em><\/strong>von Anja Saskia Bauer.<br>Dieser wunderbare Reihen-Auftakt hat mich gl\u00fccklich und gleichzeitig nachdenklich gemacht und ich nehme pers\u00f6nlich eine Menge daraus mit. <br>Eine Geschichte, welche den Sommer zur\u00fcck ins Herz bringt und mich mit vielf\u00e4ltigen und interessanten Figuren \u00fcberzeugt hat. Sehr lesenswert!<\/p>\n<\/div><figure class=\"wp-block-media-text__media\"><img loading=\"lazy\" decoding=\"async\" width=\"302\" height=\"445\" src=\"https:\/\/buechertanz.de\/wp-content\/uploads\/2024\/09\/60-Sommersehnsucht-und-Limonenblueten.jpg\" alt=\"\" class=\"wp-image-7959 size-full\" srcset=\"https:\/\/buechertanz.de\/wp-content\/uploads\/2024\/09\/60-Sommersehnsucht-und-Limonenblueten.jpg 302w, https:\/\/buechertanz.de\/wp-content\/uploads\/2024\/09\/60-Sommersehnsucht-und-Limonenblueten-204x300.jpg 204w\" sizes=\"auto, (max-width: 302px) 100vw, 302px\" \/><\/figure><\/div>\n\n\n\n<p>_<\/p>\n","protected":false},"excerpt":{"rendered":"<p>Im September 2024 habe ich&nbsp;sechs B\u00fccher&nbsp;mit insgesamt&nbsp;2.276 Seiten&nbsp;gelesen. Es waren weniger gelesene B\u00fccher als in den vorherigen Monaten, trotzdem bin ich sehr zufrieden mit meinem abwechslungsreichen Lesemonat. Alle gelesenen B\u00fccher sind Rezensionsexemplare &#8211; mit einem Klick auf den Titel des Buches landet ihr bei der ausf\u00fchrlichen Rezension.Herzlichen Dank an Theresa Herold, an Elena Eden, an &hellip; <a href=\"https:\/\/buechertanz.de\/?page_id=7985\" class=\"more-link\"><span class=\"screen-reader-text\">Gelesen September 2024<\/span> weiterlesen<\/a><\/p>\n","protected":false},"author":2,"featured_media":0,"parent":0,"menu_order":0,"comment_status":"open","ping_status":"closed","template":"","meta":{"footnotes":""},"class_list":["post-7985","page","type-page","status-publish","hentry"],"_links":{"self":[{"href":"https:\/\/buechertanz.de\/index.php?rest_route=\/wp\/v2\/pages\/7985","targetHints":{"allow":["GET"]}}],"collection":[{"href":"https:\/\/buechertanz.de\/index.php?rest_route=\/wp\/v2\/pages"}],"about":[{"href":"https:\/\/buechertanz.de\/index.php?rest_route=\/wp\/v2\/types\/page"}],"author":[{"embeddable":true,"href":"https:\/\/buechertanz.de\/index.php?rest_route=\/wp\/v2\/users\/2"}],"replies":[{"embeddable":true,"href":"https:\/\/buechertanz.de\/index.php?rest_route=%2Fwp%2Fv2%2Fcomments&post=7985"}],"version-history":[{"count":5,"href":"https:\/\/buechertanz.de\/index.php?rest_route=\/wp\/v2\/pages\/7985\/revisions"}],"predecessor-version":[{"id":8024,"href":"https:\/\/buechertanz.de\/index.php?rest_route=\/wp\/v2\/pages\/7985\/revisions\/8024"}],"wp:attachment":[{"href":"https:\/\/buechertanz.de\/index.php?rest_route=%2Fwp%2Fv2%2Fmedia&parent=7985"}],"curies":[{"name":"wp","href":"https:\/\/api.w.org\/{rel}","templated":true}]}}