{"id":8089,"date":"2024-10-29T15:30:52","date_gmt":"2024-10-29T14:30:52","guid":{"rendered":"https:\/\/buechertanz.de\/?page_id=8089"},"modified":"2024-11-30T11:40:30","modified_gmt":"2024-11-30T10:40:30","slug":"neuzugaenge-oktober-2024","status":"publish","type":"page","link":"https:\/\/buechertanz.de\/?page_id=8089","title":{"rendered":"Neuzug\u00e4nge Oktober 2024"},"content":{"rendered":"\n<p class=\"has-drop-cap has-small-font-size\">Im\u00a0<strong>Oktober 2024<\/strong>\u00a0sind insgesamt\u00a0<strong>acht B\u00fccher\u00a0<\/strong>hier eingezogen:<br>Ein Rezensionsexemplar (eBook), und sieben gekaufte B\u00fccher (sechs Prints, ein eBook) <br>Herzlichen Dank an den Gmeiner Verlag f\u00fcr das Rezensionsexemplar.<br>Falls es schon ausf\u00fchrlichen Rezensionen gibt, gelangt ihr mit einem Klick auf den Titel dorthin.<br>Ich freue mich schon auf viele gem\u00fctliche Lesestunden und w\u00fcnsche euch viel Spa\u00df beim St\u00f6bern.<br>Eure<\/p>\n\n\n\n<figure class=\"wp-block-image size-large is-resized\"><img loading=\"lazy\" decoding=\"async\" width=\"1024\" height=\"404\" src=\"https:\/\/buechertanz.de\/wp-content\/uploads\/2024\/06\/Unterschrift-1024x404.jpg\" alt=\"\" class=\"wp-image-7473\" style=\"width:182px;height:auto\" srcset=\"https:\/\/buechertanz.de\/wp-content\/uploads\/2024\/06\/Unterschrift-1024x404.jpg 1024w, https:\/\/buechertanz.de\/wp-content\/uploads\/2024\/06\/Unterschrift-300x118.jpg 300w, https:\/\/buechertanz.de\/wp-content\/uploads\/2024\/06\/Unterschrift-768x303.jpg 768w, https:\/\/buechertanz.de\/wp-content\/uploads\/2024\/06\/Unterschrift.jpg 1500w\" sizes=\"auto, (max-width: 1024px) 100vw, 1024px\" \/><\/figure>\n\n\n<div class=\"wp-block-image\">\n<figure class=\"aligncenter size-full is-resized\"><img loading=\"lazy\" decoding=\"async\" width=\"758\" height=\"758\" src=\"https:\/\/buechertanz.de\/wp-content\/uploads\/2024\/10\/10-Oktober_kom.jpg\" alt=\"\" class=\"wp-image-8110\" style=\"width:310px;height:auto\" srcset=\"https:\/\/buechertanz.de\/wp-content\/uploads\/2024\/10\/10-Oktober_kom.jpg 758w, https:\/\/buechertanz.de\/wp-content\/uploads\/2024\/10\/10-Oktober_kom-300x300.jpg 300w, https:\/\/buechertanz.de\/wp-content\/uploads\/2024\/10\/10-Oktober_kom-150x150.jpg 150w\" sizes=\"auto, (max-width: 758px) 100vw, 758px\" \/><\/figure><\/div>\n\n\n<p class=\"has-text-align-center\" style=\"font-size:11px\"><em>Meine neuen Seitlinge im Oktober 2024<\/em><\/p>\n\n\n\n<p>_<\/p>\n\n\n\n<p class=\"has-drop-cap has-small-font-size\"><strong>Rezensionsexemplar:<\/strong><\/p>\n\n\n\n<p><\/p>\n\n\n\n<ul class=\"wp-block-list\">\n<li class=\"has-small-font-size\">Johanna von Wild: <strong><em><a href=\"https:\/\/buechertanz.de\/?p=8075\" target=\"_blank\" rel=\"noreferrer noopener\">&#8222;Die Erleuchtung der Welt&#8220;<\/a><\/em><\/strong> (eBook)<\/li>\n<\/ul>\n\n\n\n<p class=\"has-drop-cap has-small-font-size\"><strong>Neue B\u00fccher:<\/strong><\/p>\n\n\n\n<p><\/p>\n\n\n\n<ul class=\"wp-block-list\">\n<li class=\"has-small-font-size\">Jarka Kubsova: <em><strong>&#8222;Bergland&#8220;<\/strong><\/em><\/li>\n\n\n\n<li class=\"has-small-font-size\">Stephanie Schuster: <strong><em>&#8222;Die Wunderfrauen &#8211; W\u00fcnsche werden wahr&#8220;<\/em><\/strong><\/li>\n\n\n\n<li class=\"has-small-font-size\">Ellin Carsta: <strong><em>&#8222;Die Kinder der Hansens &#8211; Moment des Aufbruchs&#8220;<\/em><\/strong><\/li>\n\n\n\n<li class=\"has-small-font-size\">Sina Beerwald: <strong><em>&#8222;Die Muse des Teufelsgeigers&#8220;<\/em><\/strong><\/li>\n\n\n\n<li class=\"has-small-font-size\">Eva-Maria Bast: <strong><em>&#8222;Der Schmuckpalast &#8211; Antoinette<\/em> und das Funkeln der Edelsteine&#8220;<\/strong><\/li>\n\n\n\n<li class=\"has-small-font-size\">Michelle Marly: <strong><em>&#8222;White Christmas &#8211; Das Lied der wei\u00dfen Weihnacht&#8220;<\/em><\/strong><\/li>\n\n\n\n<li class=\"has-small-font-size\">Linda Winterberg: <strong><em>&#8222;Die Berghebamme &#8211; Hoffnung der Frauen&#8220; <\/em><\/strong>(ebook)<\/li>\n<\/ul>\n","protected":false},"excerpt":{"rendered":"<p>Im\u00a0Oktober 2024\u00a0sind insgesamt\u00a0acht B\u00fccher\u00a0hier eingezogen:Ein Rezensionsexemplar (eBook), und sieben gekaufte B\u00fccher (sechs Prints, ein eBook) Herzlichen Dank an den Gmeiner Verlag f\u00fcr das Rezensionsexemplar.Falls es schon ausf\u00fchrlichen Rezensionen gibt, gelangt ihr mit einem Klick auf den Titel dorthin.Ich freue mich schon auf viele gem\u00fctliche Lesestunden und w\u00fcnsche euch viel Spa\u00df beim St\u00f6bern.Eure Meine neuen Seitlinge &hellip; <a href=\"https:\/\/buechertanz.de\/?page_id=8089\" class=\"more-link\"><span class=\"screen-reader-text\">Neuzug\u00e4nge Oktober 2024<\/span> weiterlesen<\/a><\/p>\n","protected":false},"author":2,"featured_media":0,"parent":0,"menu_order":0,"comment_status":"open","ping_status":"closed","template":"","meta":{"footnotes":""},"class_list":["post-8089","page","type-page","status-publish","hentry"],"_links":{"self":[{"href":"https:\/\/buechertanz.de\/index.php?rest_route=\/wp\/v2\/pages\/8089","targetHints":{"allow":["GET"]}}],"collection":[{"href":"https:\/\/buechertanz.de\/index.php?rest_route=\/wp\/v2\/pages"}],"about":[{"href":"https:\/\/buechertanz.de\/index.php?rest_route=\/wp\/v2\/types\/page"}],"author":[{"embeddable":true,"href":"https:\/\/buechertanz.de\/index.php?rest_route=\/wp\/v2\/users\/2"}],"replies":[{"embeddable":true,"href":"https:\/\/buechertanz.de\/index.php?rest_route=%2Fwp%2Fv2%2Fcomments&post=8089"}],"version-history":[{"count":3,"href":"https:\/\/buechertanz.de\/index.php?rest_route=\/wp\/v2\/pages\/8089\/revisions"}],"predecessor-version":[{"id":8194,"href":"https:\/\/buechertanz.de\/index.php?rest_route=\/wp\/v2\/pages\/8089\/revisions\/8194"}],"wp:attachment":[{"href":"https:\/\/buechertanz.de\/index.php?rest_route=%2Fwp%2Fv2%2Fmedia&parent=8089"}],"curies":[{"name":"wp","href":"https:\/\/api.w.org\/{rel}","templated":true}]}}