{"id":8177,"date":"2024-11-30T11:07:06","date_gmt":"2024-11-30T10:07:06","guid":{"rendered":"https:\/\/buechertanz.de\/?page_id=8177"},"modified":"2024-11-30T17:49:45","modified_gmt":"2024-11-30T16:49:45","slug":"gelesen-november-2024","status":"publish","type":"page","link":"https:\/\/buechertanz.de\/?page_id=8177","title":{"rendered":"Gelesen November 2024"},"content":{"rendered":"\n<p class=\"has-drop-cap has-small-font-size\">Im November 2024 habe ich&nbsp;<strong>sechs B\u00fccher<\/strong>&nbsp;mit insgesamt&nbsp;<strong>2.600 Seiten<\/strong>&nbsp;gelesen. <br>Es war ein Lesemonat, der ganz im Zeichen der Vergangenheit stand. <br>Herzlichen Dank an die Autorinnen Anne Stern, Lia Scott und Sarah Kurz und dem Rowohlt Verlag f\u00fcr die Zusendung und Bereitstellung ihrer B\u00fccher als Geschenk\/ Rezensionsexemplar.<\/p>\n\n\n\n<p class=\"has-small-font-size\">Viel Spa\u00df beim Schm\u00f6kern, eure<\/p>\n\n\n\n<figure class=\"wp-block-image size-large is-resized\"><img loading=\"lazy\" decoding=\"async\" width=\"1024\" height=\"404\" src=\"https:\/\/buechertanz.de\/wp-content\/uploads\/2024\/06\/Unterschrift-1024x404.jpg\" alt=\"\" class=\"wp-image-7473\" style=\"width:146px;height:auto\" srcset=\"https:\/\/buechertanz.de\/wp-content\/uploads\/2024\/06\/Unterschrift-1024x404.jpg 1024w, https:\/\/buechertanz.de\/wp-content\/uploads\/2024\/06\/Unterschrift-300x118.jpg 300w, https:\/\/buechertanz.de\/wp-content\/uploads\/2024\/06\/Unterschrift-768x303.jpg 768w, https:\/\/buechertanz.de\/wp-content\/uploads\/2024\/06\/Unterschrift.jpg 1500w\" sizes=\"auto, (max-width: 1024px) 100vw, 1024px\" \/><\/figure>\n\n\n<div class=\"wp-block-image\">\n<figure class=\"aligncenter size-full is-resized\"><img loading=\"lazy\" decoding=\"async\" width=\"804\" height=\"804\" src=\"https:\/\/buechertanz.de\/wp-content\/uploads\/2024\/11\/11-November_komp.jpg\" alt=\"\" class=\"wp-image-8199\" style=\"width:312px;height:auto\" srcset=\"https:\/\/buechertanz.de\/wp-content\/uploads\/2024\/11\/11-November_komp.jpg 804w, https:\/\/buechertanz.de\/wp-content\/uploads\/2024\/11\/11-November_komp-300x300.jpg 300w, https:\/\/buechertanz.de\/wp-content\/uploads\/2024\/11\/11-November_komp-150x150.jpg 150w, https:\/\/buechertanz.de\/wp-content\/uploads\/2024\/11\/11-November_komp-768x768.jpg 768w\" sizes=\"auto, (max-width: 804px) 100vw, 804px\" \/><\/figure><\/div>\n\n\n<p class=\"has-text-align-left\">_<\/p>\n\n\n\n<div class=\"wp-block-media-text is-vertically-aligned-center\" style=\"grid-template-columns:25% auto\"><figure class=\"wp-block-media-text__media\"><img loading=\"lazy\" decoding=\"async\" width=\"286\" height=\"445\" src=\"https:\/\/buechertanz.de\/wp-content\/uploads\/2024\/10\/66-Die-Henkerstochter-und-das-Vermaechtnis-des-Henkers.jpg\" alt=\"\" class=\"wp-image-8113 size-full\" srcset=\"https:\/\/buechertanz.de\/wp-content\/uploads\/2024\/10\/66-Die-Henkerstochter-und-das-Vermaechtnis-des-Henkers.jpg 286w, https:\/\/buechertanz.de\/wp-content\/uploads\/2024\/10\/66-Die-Henkerstochter-und-das-Vermaechtnis-des-Henkers-193x300.jpg 193w\" sizes=\"auto, (max-width: 286px) 100vw, 286px\" \/><\/figure><div class=\"wp-block-media-text__content\">\n<p class=\"has-small-font-size\">Den Anfang machte das Buch <strong><em>&#8222;Die Henkerstochter und das Verm\u00e4chtnis des Henkers&#8220; <\/em><\/strong>von Oliver P\u00f6tzsch.<br>Mir ist es schon lange nicht so mehr ergangen, dass ich nach dem Beenden eines Buches so sehr nach den richtigen Worten suche.<br>Ich bin traurig und gleichzeitig so dankbar:<br>Traurig, dass sich mit dem letzten Wort des Buches nicht nur ein Kapitel schlie\u00dft &#8211; sondern auch eine Buchreihe.<br>Dankbar, dass ich diese Buchreihe lesen durfte und ich Figuren kennengelernt habe, die mir zu Freunden und Verb\u00fcndeten wurden. Ich weinte, lachte und fieberte mit ihnen mit &#8211; viele viele Lesestunden lang. Abschiedsschmerz stellt sich ein &#8211; auch wenn es laut Autor doch irgendwie und anders weiter gehen soll.<br><\/p>\n<\/div><\/div>\n\n\n\n<p>_<\/p>\n\n\n\n<div class=\"wp-block-media-text has-media-on-the-right is-vertically-aligned-center\" style=\"grid-template-columns:auto 25%\"><div class=\"wp-block-media-text__content\">\n<p class=\"has-small-font-size\">Auf zu Hulda Gold nach Berlin:<br><em><a href=\"https:\/\/buechertanz.de\/?p=8127\" target=\"_blank\" rel=\"noreferrer noopener\"><strong>\u201eFr\u00e4ulein Gold \u2013 Nacht \u00fcber der Havel\u201c<\/strong><\/a><\/em> &nbsp;von Anne Stern ist ein spannender, mitrei\u00dfender, emotionaler und wunderbarer siebter Teil von einer meiner liebsten Buchreihen.<br>Mit ihrer bildhaften Sprache entf\u00fchrt Anne Stern ihre Leser und Leserinnen in die Vergangenheit, macht politische und gesellschaftliche Hintergr\u00fcnde nachvollziehbar und sorgt f\u00fcr eine unvergessliche Geschichte mit Tiefgang. Absolut lesenswert!<\/p>\n<\/div><figure class=\"wp-block-media-text__media\"><img loading=\"lazy\" decoding=\"async\" width=\"286\" height=\"445\" src=\"https:\/\/buechertanz.de\/wp-content\/uploads\/2024\/11\/67-Fraeulein-Gold-Nacht-ueber-der-Havel.jpg\" alt=\"\" class=\"wp-image-8116 size-full\" srcset=\"https:\/\/buechertanz.de\/wp-content\/uploads\/2024\/11\/67-Fraeulein-Gold-Nacht-ueber-der-Havel.jpg 286w, https:\/\/buechertanz.de\/wp-content\/uploads\/2024\/11\/67-Fraeulein-Gold-Nacht-ueber-der-Havel-193x300.jpg 193w\" sizes=\"auto, (max-width: 286px) 100vw, 286px\" \/><\/figure><\/div>\n\n\n\n<p>_<\/p>\n\n\n\n<div class=\"wp-block-media-text is-vertically-aligned-center\" style=\"grid-template-columns:25% auto\"><figure class=\"wp-block-media-text__media\"><img loading=\"lazy\" decoding=\"async\" width=\"307\" height=\"466\" src=\"https:\/\/buechertanz.de\/wp-content\/uploads\/2024\/11\/68-Sturmjahre-Der-Ruf-des-Gluecks.jpg\" alt=\"\" class=\"wp-image-8139 size-full\" srcset=\"https:\/\/buechertanz.de\/wp-content\/uploads\/2024\/11\/68-Sturmjahre-Der-Ruf-des-Gluecks.jpg 307w, https:\/\/buechertanz.de\/wp-content\/uploads\/2024\/11\/68-Sturmjahre-Der-Ruf-des-Gluecks-198x300.jpg 198w\" sizes=\"auto, (max-width: 307px) 100vw, 307px\" \/><\/figure><div class=\"wp-block-media-text__content\">\n<p class=\"has-small-font-size\">Mein drittes Buch im November 2024 f\u00fchrte mich nach Schottland und England: <strong><em>&#8222;Sturmjahre &#8211; Der Ruf des Gl\u00fccks&#8220;<\/em><\/strong> von Lia Scott ist der f\u00fcnfte Band einer wunderbaren Buchreihe.<br>Dieses Mal war ich mit Blaire gr\u00f6\u00dftenteils in England unterwegs &#8211; und es war einfach unterhaltsam, wundersch\u00f6n, emotional, r\u00fchrend und romantisch. Diese Geschichte, mit ihren vielen kleinen und gro\u00dfen Geschichten, hat Tiefgang &#8211; und ist trotzdem so unterhaltsam. Einfach eine perfekte Mischung.<br>Und ganz nebenbei habe ich noch einiges zum Thema Gin-Herstellung gelernt.<\/p>\n<\/div><\/div>\n\n\n\n<p>_<\/p>\n\n\n\n<div class=\"wp-block-media-text has-media-on-the-right is-vertically-aligned-center\" style=\"grid-template-columns:auto 25%\"><div class=\"wp-block-media-text__content\">\n<p class=\"has-small-font-size\">Es folgte das Buch <strong><em><a href=\"https:\/\/buechertanz.de\/?p=8159\" target=\"_blank\" rel=\"noreferrer noopener\">&#8222;Vielleicht kannst du nachkommen&#8220;<\/a><\/em><\/strong> von Sarah Kurz.<br>Auf zwei Zeitebenen erz\u00e4hlt die Autorin eine emotionale und starke Familiengeschichte, die mich ab der ersten Seite mitgenommen, nein eher mitgerissen hat und direkt auf der Liste \u201eHighlights 2024\u201c gelandet ist. Sehr sehr lesens- und empfehlenswert f\u00fcr alle Leser und Leserinnen von Teresa Simon und Barbara Leciejewski.<br>Herzlichen Dank liebe Sarah f\u00fcr das Rezensionsexemplar. <\/p>\n<\/div><figure class=\"wp-block-media-text__media\"><img loading=\"lazy\" decoding=\"async\" width=\"281\" height=\"445\" src=\"https:\/\/buechertanz.de\/wp-content\/uploads\/2024\/11\/69-Vielleicht-kannst-du-nachkommen.jpg\" alt=\"\" class=\"wp-image-8153 size-full\" srcset=\"https:\/\/buechertanz.de\/wp-content\/uploads\/2024\/11\/69-Vielleicht-kannst-du-nachkommen.jpg 281w, https:\/\/buechertanz.de\/wp-content\/uploads\/2024\/11\/69-Vielleicht-kannst-du-nachkommen-189x300.jpg 189w\" sizes=\"auto, (max-width: 281px) 100vw, 281px\" \/><\/figure><\/div>\n\n\n\n<p>_<\/p>\n\n\n\n<div class=\"wp-block-media-text is-vertically-aligned-center\" style=\"grid-template-columns:25% auto\"><figure class=\"wp-block-media-text__media\"><img loading=\"lazy\" decoding=\"async\" width=\"302\" height=\"445\" src=\"https:\/\/buechertanz.de\/wp-content\/uploads\/2024\/11\/70-Die-Kinder-der-Hansens-Moment-des-Aufbruchs.jpg\" alt=\"\" class=\"wp-image-8167 size-full\" srcset=\"https:\/\/buechertanz.de\/wp-content\/uploads\/2024\/11\/70-Die-Kinder-der-Hansens-Moment-des-Aufbruchs.jpg 302w, https:\/\/buechertanz.de\/wp-content\/uploads\/2024\/11\/70-Die-Kinder-der-Hansens-Moment-des-Aufbruchs-204x300.jpg 204w\" sizes=\"auto, (max-width: 302px) 100vw, 302px\" \/><\/figure><div class=\"wp-block-media-text__content\">\n<p class=\"has-small-font-size\">Ich wollte im November unbedingt wieder die Familie Hansen besuchen.<br>Der sechste Teil <strong><em>&#8222;Die Kinder der Hansens &#8211; Moment des Aufbruchs&#8220; <\/em><\/strong> von Ellin Carsta ist f\u00fcr mich der bisher st\u00e4rkste Band der Reihe: Sehr emotional, packend, traurig und mutmachend.<br>Ab der ersten Seite war ich wieder in der Geschichte angekommen, freute mich, die vielen und gr\u00f6\u00dftenteils liebgewonnenen Charaktere wieder zu treffen und sie wieder ein St\u00fcck weit begleiten zu d\u00fcrfen.<br>Als Leserin f\u00fchle ich mich nicht als blo\u00dfer Zuschauer der Geschichte, sondern auch als ein Teil davon &#8211; ein Teil dieser wunderbaren Familie. Nun hei\u00dft es: Warten auf den siebten Band der Reihe.&nbsp;<\/p>\n<\/div><\/div>\n\n\n\n<p>_<\/p>\n\n\n\n<div class=\"wp-block-media-text has-media-on-the-right is-vertically-aligned-center\" style=\"grid-template-columns:auto 25%\"><div class=\"wp-block-media-text__content\">\n<p class=\"has-small-font-size\">Den Abschluss des Lesemonats bildete das Buch <strong><em>&#8222;Schneesturz &#8211; Der Fall des K\u00f6nigenhofes&#8220;<\/em><\/strong> von Julia Heinecke.<br>Nein, dieses Buch ist keine Wohlf\u00fchl-Lekt\u00fcre. Absolut nicht. Es ist eine dramatische, tieftraurige und emotionale Geschichte, die mich von der ersten Seite an ber\u00fchrt hat.<br>Nach dem Prolog l\u00e4uft alles auf das schlimme Ereignis zu, es gibt kein Entkommen und doch f\u00e4llt es schwer, das Buch zur Seite zu legen.<br>Unbedingt lesen!<\/p>\n<\/div><figure class=\"wp-block-media-text__media\"><img loading=\"lazy\" decoding=\"async\" width=\"271\" height=\"445\" src=\"https:\/\/buechertanz.de\/wp-content\/uploads\/2024\/11\/71-Schneesturz-Der-Fall-des-Koenigenhofs.jpg\" alt=\"\" class=\"wp-image-8174 size-full\" srcset=\"https:\/\/buechertanz.de\/wp-content\/uploads\/2024\/11\/71-Schneesturz-Der-Fall-des-Koenigenhofs.jpg 271w, https:\/\/buechertanz.de\/wp-content\/uploads\/2024\/11\/71-Schneesturz-Der-Fall-des-Koenigenhofs-183x300.jpg 183w\" sizes=\"auto, (max-width: 271px) 100vw, 271px\" \/><\/figure><\/div>\n\n\n\n<p>_<\/p>\n","protected":false},"excerpt":{"rendered":"<p>Im November 2024 habe ich&nbsp;sechs B\u00fccher&nbsp;mit insgesamt&nbsp;2.600 Seiten&nbsp;gelesen. Es war ein Lesemonat, der ganz im Zeichen der Vergangenheit stand. Herzlichen Dank an die Autorinnen Anne Stern, Lia Scott und Sarah Kurz und dem Rowohlt Verlag f\u00fcr die Zusendung und Bereitstellung ihrer B\u00fccher als Geschenk\/ Rezensionsexemplar. Viel Spa\u00df beim Schm\u00f6kern, eure _ Den Anfang machte das &hellip; <a href=\"https:\/\/buechertanz.de\/?page_id=8177\" class=\"more-link\"><span class=\"screen-reader-text\">Gelesen November 2024<\/span> weiterlesen<\/a><\/p>\n","protected":false},"author":2,"featured_media":0,"parent":0,"menu_order":0,"comment_status":"closed","ping_status":"closed","template":"","meta":{"footnotes":""},"class_list":["post-8177","page","type-page","status-publish","hentry"],"_links":{"self":[{"href":"https:\/\/buechertanz.de\/index.php?rest_route=\/wp\/v2\/pages\/8177","targetHints":{"allow":["GET"]}}],"collection":[{"href":"https:\/\/buechertanz.de\/index.php?rest_route=\/wp\/v2\/pages"}],"about":[{"href":"https:\/\/buechertanz.de\/index.php?rest_route=\/wp\/v2\/types\/page"}],"author":[{"embeddable":true,"href":"https:\/\/buechertanz.de\/index.php?rest_route=\/wp\/v2\/users\/2"}],"replies":[{"embeddable":true,"href":"https:\/\/buechertanz.de\/index.php?rest_route=%2Fwp%2Fv2%2Fcomments&post=8177"}],"version-history":[{"count":4,"href":"https:\/\/buechertanz.de\/index.php?rest_route=\/wp\/v2\/pages\/8177\/revisions"}],"predecessor-version":[{"id":8201,"href":"https:\/\/buechertanz.de\/index.php?rest_route=\/wp\/v2\/pages\/8177\/revisions\/8201"}],"wp:attachment":[{"href":"https:\/\/buechertanz.de\/index.php?rest_route=%2Fwp%2Fv2%2Fmedia&parent=8177"}],"curies":[{"name":"wp","href":"https:\/\/api.w.org\/{rel}","templated":true}]}}