{"id":8178,"date":"2024-11-30T11:07:06","date_gmt":"2024-11-30T10:07:06","guid":{"rendered":"https:\/\/buechertanz.de\/?page_id=8178"},"modified":"2025-11-18T10:20:56","modified_gmt":"2025-11-18T09:20:56","slug":"neuzugaenge-november-2024","status":"publish","type":"page","link":"https:\/\/buechertanz.de\/?page_id=8178","title":{"rendered":"Neuzug\u00e4nge November 2024"},"content":{"rendered":"\n<p class=\"has-drop-cap has-small-font-size\">Im&nbsp;<strong>November 2024<\/strong>&nbsp;sind insgesamt&nbsp;<strong>16 B\u00fccher&nbsp;<\/strong>hier eingezogen:<br>Drei Rezensionsexemplare (zwei Prints, ein eBook), elf gekaufte B\u00fccher (vier Prints, sieben eBooks) und zwei B\u00fccher aus zweiter Hand.<br>Herzlichen Dank an den Rowohlt Verlag und an die Autorin Sarah Kurz f\u00fcr die Rezensionsexemplare.<br>Falls es schon ausf\u00fchrlichen Rezensionen gibt, gelangt ihr mit einem Klick auf den Titel dorthin.<br>Ich freue mich schon auf viele gem\u00fctliche Lesestunden und w\u00fcnsche euch viel Spa\u00df beim St\u00f6bern.<br>Eure<\/p>\n\n\n\n<figure class=\"wp-block-image size-large is-resized\"><img loading=\"lazy\" decoding=\"async\" width=\"1024\" height=\"404\" src=\"https:\/\/buechertanz.de\/wp-content\/uploads\/2024\/06\/Unterschrift-1024x404.jpg\" alt=\"\" class=\"wp-image-7473\" style=\"width:176px;height:auto\" srcset=\"https:\/\/buechertanz.de\/wp-content\/uploads\/2024\/06\/Unterschrift-1024x404.jpg 1024w, https:\/\/buechertanz.de\/wp-content\/uploads\/2024\/06\/Unterschrift-300x118.jpg 300w, https:\/\/buechertanz.de\/wp-content\/uploads\/2024\/06\/Unterschrift-768x303.jpg 768w, https:\/\/buechertanz.de\/wp-content\/uploads\/2024\/06\/Unterschrift.jpg 1500w\" sizes=\"auto, (max-width: 1024px) 100vw, 1024px\" \/><\/figure>\n\n\n<div class=\"wp-block-image\">\n<figure class=\"aligncenter size-full is-resized\"><img loading=\"lazy\" decoding=\"async\" width=\"918\" height=\"918\" src=\"https:\/\/buechertanz.de\/wp-content\/uploads\/2024\/11\/11-November-Komplett_komp.jpg\" alt=\"\" class=\"wp-image-8203\" style=\"width:306px;height:auto\" srcset=\"https:\/\/buechertanz.de\/wp-content\/uploads\/2024\/11\/11-November-Komplett_komp.jpg 918w, https:\/\/buechertanz.de\/wp-content\/uploads\/2024\/11\/11-November-Komplett_komp-300x300.jpg 300w, https:\/\/buechertanz.de\/wp-content\/uploads\/2024\/11\/11-November-Komplett_komp-150x150.jpg 150w, https:\/\/buechertanz.de\/wp-content\/uploads\/2024\/11\/11-November-Komplett_komp-768x768.jpg 768w\" sizes=\"auto, (max-width: 918px) 100vw, 918px\" \/><\/figure><\/div>\n\n\n<p class=\"has-text-align-center\" style=\"font-size:11px\">Meine neuen Seitlinge vom November 2024<\/p>\n\n\n\n<p>_<\/p>\n\n\n\n<div class=\"wp-block-media-text\"><figure class=\"wp-block-media-text__media\"><img loading=\"lazy\" decoding=\"async\" width=\"758\" height=\"758\" src=\"https:\/\/buechertanz.de\/wp-content\/uploads\/2024\/11\/11-November-Rezensionsexemplare_komp.jpg\" alt=\"\" class=\"wp-image-8204 size-full\" srcset=\"https:\/\/buechertanz.de\/wp-content\/uploads\/2024\/11\/11-November-Rezensionsexemplare_komp.jpg 758w, https:\/\/buechertanz.de\/wp-content\/uploads\/2024\/11\/11-November-Rezensionsexemplare_komp-300x300.jpg 300w, https:\/\/buechertanz.de\/wp-content\/uploads\/2024\/11\/11-November-Rezensionsexemplare_komp-150x150.jpg 150w\" sizes=\"auto, (max-width: 758px) 100vw, 758px\" \/><\/figure><div class=\"wp-block-media-text__content\">\n<p class=\"has-drop-cap has-small-font-size\"><strong>Rezensionsexemplare:<\/strong><\/p>\n\n\n\n<p><\/p>\n\n\n\n<ul class=\"wp-block-list\">\n<li class=\"has-small-font-size\">Anne Stern: <strong><em><a href=\"https:\/\/buechertanz.de\/?p=8127\" target=\"_blank\" rel=\"noreferrer noopener\">&#8222;Fr\u00e4ulein Gold &#8211; Nacht \u00fcber der Havel&#8220;<\/a><\/em><\/strong><\/li>\n\n\n\n<li class=\"has-small-font-size\">Sarah Kurz: <strong><em><a href=\"https:\/\/buechertanz.de\/?p=8159\" target=\"_blank\" rel=\"noreferrer noopener\">&#8222;Vielleicht kannst du nachkommen&#8220;<\/a><\/em><\/strong><\/li>\n\n\n\n<li class=\"has-small-font-size\">Silke Elzner: <strong><em><a href=\"https:\/\/buechertanz.de\/?p=8219\" target=\"_blank\" rel=\"noreferrer noopener\">&#8222;Der Trug des Pilgers&#8220;<\/a><\/em><\/strong><\/li>\n<\/ul>\n<\/div><\/div>\n\n\n\n<p>_<\/p>\n\n\n\n<div class=\"wp-block-media-text has-media-on-the-right\"><div class=\"wp-block-media-text__content\">\n<p class=\"has-drop-cap has-small-font-size\"><strong>Neue B\u00fccher:<\/strong><\/p>\n\n\n\n<p class=\"has-medium-font-size\"><\/p>\n\n\n\n<ul class=\"wp-block-list\">\n<li class=\"has-small-font-size\">Anne Jacobs: <strong><em>&#8222;Der Dorfladen &#8211; Wo der Weg beginnt&#8220; <\/em><\/strong><\/li>\n\n\n\n<li class=\"has-small-font-size\">Madeline Martin: <strong><em>&#8222;Der Buchladen von Primrose Hill&#8220;<\/em><\/strong><\/li>\n\n\n\n<li class=\"has-small-font-size\"><strong><em> <\/em><\/strong>Birgit Jasmund: <strong><em>&#8222;Das Geheimnis der Zuckerb\u00e4ckerin&#8220;<\/em><\/strong><\/li>\n\n\n\n<li class=\"has-small-font-size\">Julia Heinecke: <strong><em>&#8222;Schneesturz &#8211; Der Fall des K\u00f6nigenhofs&#8220;<\/em><\/strong><\/li>\n\n\n\n<li class=\"has-small-font-size\">Juliane Stadler: <strong><em>&#8222;K\u00f6nig der Turniere&#8220;<\/em><\/strong><\/li>\n\n\n\n<li class=\"has-small-font-size\">Linda Winterberg: <strong><em>&#8222;Das Haus der verlorenen Kinder&#8220;<\/em><\/strong><\/li>\n\n\n\n<li class=\"has-small-font-size\"><strong><em>&#8222;Weihnachtsduft und Erfindergeist&#8220;<\/em><\/strong><\/li>\n\n\n\n<li class=\"has-small-font-size\">Charlotte Blum: <strong><em>&#8222;Das Fr\u00e4ulein vom Amt &#8211; Die Nachricht des M\u00f6rders&#8220;<\/em><\/strong><\/li>\n\n\n\n<li class=\"has-small-font-size\">Eva V\u00f6ller: <strong><em>&#8222;Helle Tage, dunkle Schuld&#8220;<\/em><\/strong><\/li>\n\n\n\n<li class=\"has-small-font-size\">Clara Langenbach: <strong><em><a href=\"https:\/\/buechertanz.de\/?p=9800\" target=\"_blank\" rel=\"noreferrer noopener\">&#8222;Im Takt des Herzens&#8220;<\/a><\/em><\/strong><\/li>\n\n\n\n<li class=\"has-small-font-size\">Rena Rosenthal: <strong><em>&#8222;Der Eispalast &#8211; Die K\u00fcr ihres Lebens&#8220;<\/em><\/strong><\/li>\n<\/ul>\n<\/div><figure class=\"wp-block-media-text__media\"><img loading=\"lazy\" decoding=\"async\" width=\"758\" height=\"758\" src=\"https:\/\/buechertanz.de\/wp-content\/uploads\/2024\/11\/11-November-Neue-Buecher_komp.jpg\" alt=\"\" class=\"wp-image-8205 size-full\" srcset=\"https:\/\/buechertanz.de\/wp-content\/uploads\/2024\/11\/11-November-Neue-Buecher_komp.jpg 758w, https:\/\/buechertanz.de\/wp-content\/uploads\/2024\/11\/11-November-Neue-Buecher_komp-300x300.jpg 300w, https:\/\/buechertanz.de\/wp-content\/uploads\/2024\/11\/11-November-Neue-Buecher_komp-150x150.jpg 150w\" sizes=\"auto, (max-width: 758px) 100vw, 758px\" \/><\/figure><\/div>\n\n\n\n<p>_<\/p>\n\n\n\n<div class=\"wp-block-media-text\"><figure class=\"wp-block-media-text__media\"><img loading=\"lazy\" decoding=\"async\" width=\"804\" height=\"804\" src=\"https:\/\/buechertanz.de\/wp-content\/uploads\/2024\/11\/11-November-Zweite-Hand_komp.jpg\" alt=\"\" class=\"wp-image-8206 size-full\" srcset=\"https:\/\/buechertanz.de\/wp-content\/uploads\/2024\/11\/11-November-Zweite-Hand_komp.jpg 804w, https:\/\/buechertanz.de\/wp-content\/uploads\/2024\/11\/11-November-Zweite-Hand_komp-300x300.jpg 300w, https:\/\/buechertanz.de\/wp-content\/uploads\/2024\/11\/11-November-Zweite-Hand_komp-150x150.jpg 150w, https:\/\/buechertanz.de\/wp-content\/uploads\/2024\/11\/11-November-Zweite-Hand_komp-768x768.jpg 768w\" sizes=\"auto, (max-width: 804px) 100vw, 804px\" \/><\/figure><div class=\"wp-block-media-text__content\">\n<p class=\"has-drop-cap has-small-font-size\"><strong>B\u00fccher aus zweiter Hand:<\/strong><\/p>\n\n\n\n<p><\/p>\n\n\n\n<ul class=\"wp-block-list\">\n<li class=\"has-small-font-size\">Ewald Arenz: <strong><em>&#8222;Die Liebe an miesen Tagen&#8220;<\/em><\/strong><\/li>\n\n\n\n<li class=\"has-small-font-size\">Monika K\u00fcble: <strong><em>&#8222;Das Geheimnis des Klosterplans&#8220;<\/em><\/strong><\/li>\n<\/ul>\n<\/div><\/div>\n","protected":false},"excerpt":{"rendered":"<p>Im&nbsp;November 2024&nbsp;sind insgesamt&nbsp;16 B\u00fccher&nbsp;hier eingezogen:Drei Rezensionsexemplare (zwei Prints, ein eBook), elf gekaufte B\u00fccher (vier Prints, sieben eBooks) und zwei B\u00fccher aus zweiter Hand.Herzlichen Dank an den Rowohlt Verlag und an die Autorin Sarah Kurz f\u00fcr die Rezensionsexemplare.Falls es schon ausf\u00fchrlichen Rezensionen gibt, gelangt ihr mit einem Klick auf den Titel dorthin.Ich freue mich schon auf &hellip; <a href=\"https:\/\/buechertanz.de\/?page_id=8178\" class=\"more-link\"><span class=\"screen-reader-text\">Neuzug\u00e4nge November 2024<\/span> weiterlesen<\/a><\/p>\n","protected":false},"author":2,"featured_media":0,"parent":0,"menu_order":0,"comment_status":"closed","ping_status":"closed","template":"","meta":{"footnotes":""},"class_list":["post-8178","page","type-page","status-publish","hentry"],"_links":{"self":[{"href":"https:\/\/buechertanz.de\/index.php?rest_route=\/wp\/v2\/pages\/8178","targetHints":{"allow":["GET"]}}],"collection":[{"href":"https:\/\/buechertanz.de\/index.php?rest_route=\/wp\/v2\/pages"}],"about":[{"href":"https:\/\/buechertanz.de\/index.php?rest_route=\/wp\/v2\/types\/page"}],"author":[{"embeddable":true,"href":"https:\/\/buechertanz.de\/index.php?rest_route=\/wp\/v2\/users\/2"}],"replies":[{"embeddable":true,"href":"https:\/\/buechertanz.de\/index.php?rest_route=%2Fwp%2Fv2%2Fcomments&post=8178"}],"version-history":[{"count":11,"href":"https:\/\/buechertanz.de\/index.php?rest_route=\/wp\/v2\/pages\/8178\/revisions"}],"predecessor-version":[{"id":9810,"href":"https:\/\/buechertanz.de\/index.php?rest_route=\/wp\/v2\/pages\/8178\/revisions\/9810"}],"wp:attachment":[{"href":"https:\/\/buechertanz.de\/index.php?rest_route=%2Fwp%2Fv2%2Fmedia&parent=8178"}],"curies":[{"name":"wp","href":"https:\/\/api.w.org\/{rel}","templated":true}]}}