{"id":8280,"date":"2024-12-27T21:12:11","date_gmt":"2024-12-27T20:12:11","guid":{"rendered":"https:\/\/buechertanz.de\/?page_id=8280"},"modified":"2026-01-09T10:36:15","modified_gmt":"2026-01-09T09:36:15","slug":"gelesen-dezember-2024","status":"publish","type":"page","link":"https:\/\/buechertanz.de\/?page_id=8280","title":{"rendered":"Gelesen Dezember 2024"},"content":{"rendered":"\n<p class=\"has-drop-cap has-small-font-size\">Im Dezember 2024 habe ich&nbsp;<strong>sieben B\u00fccher<\/strong>&nbsp;mit insgesamt&nbsp;<strong>2.718 Seiten<\/strong>&nbsp;gelesen.<br>Es waren drei Rezensionsexemplare und vier selbst gekaufte B\u00fccher. <br>Herzlichen Dank an die Autorinnen Silke Elzner, Silvia Hildebrandt und Rosina Gr\u00fcn f\u00fcr die Zusendung und Bereitstellung ihrer B\u00fccher als Geschenk\/ Rezensionsexemplar.<\/p>\n\n\n\n<p class=\"has-small-font-size\">Viel Spa\u00df beim Schm\u00f6kern, eure<\/p>\n\n\n\n<figure class=\"wp-block-image size-large is-resized\"><img loading=\"lazy\" decoding=\"async\" width=\"1024\" height=\"404\" src=\"https:\/\/buechertanz.de\/wp-content\/uploads\/2024\/06\/Unterschrift-1024x404.jpg\" alt=\"\" class=\"wp-image-7473\" style=\"width:170px;height:auto\" srcset=\"https:\/\/buechertanz.de\/wp-content\/uploads\/2024\/06\/Unterschrift-1024x404.jpg 1024w, https:\/\/buechertanz.de\/wp-content\/uploads\/2024\/06\/Unterschrift-300x118.jpg 300w, https:\/\/buechertanz.de\/wp-content\/uploads\/2024\/06\/Unterschrift-768x303.jpg 768w, https:\/\/buechertanz.de\/wp-content\/uploads\/2024\/06\/Unterschrift.jpg 1500w\" sizes=\"auto, (max-width: 1024px) 100vw, 1024px\" \/><\/figure>\n\n\n<div class=\"wp-block-image\">\n<figure class=\"aligncenter size-full is-resized\"><img loading=\"lazy\" decoding=\"async\" width=\"689\" height=\"689\" src=\"https:\/\/buechertanz.de\/wp-content\/uploads\/2024\/12\/12-Dezember_komp.jpg\" alt=\"\" class=\"wp-image-8291\" style=\"width:313px;height:auto\" srcset=\"https:\/\/buechertanz.de\/wp-content\/uploads\/2024\/12\/12-Dezember_komp.jpg 689w, https:\/\/buechertanz.de\/wp-content\/uploads\/2024\/12\/12-Dezember_komp-300x300.jpg 300w, https:\/\/buechertanz.de\/wp-content\/uploads\/2024\/12\/12-Dezember_komp-150x150.jpg 150w\" sizes=\"auto, (max-width: 689px) 100vw, 689px\" \/><\/figure><\/div>\n\n\n<p class=\"has-text-align-center\" style=\"font-size:11px\"><em>Meine gelesenen B\u00fccher im Dezember 2024<\/em><\/p>\n\n\n\n<p>_<\/p>\n\n\n\n<div class=\"wp-block-media-text is-vertically-aligned-center\" style=\"grid-template-columns:25% auto\"><figure class=\"wp-block-media-text__media\"><img loading=\"lazy\" decoding=\"async\" width=\"279\" height=\"445\" src=\"https:\/\/buechertanz.de\/wp-content\/uploads\/2024\/12\/72-Der-Trug-des-Pilgers.jpg\" alt=\"\" class=\"wp-image-8210 size-full\" srcset=\"https:\/\/buechertanz.de\/wp-content\/uploads\/2024\/12\/72-Der-Trug-des-Pilgers.jpg 279w, https:\/\/buechertanz.de\/wp-content\/uploads\/2024\/12\/72-Der-Trug-des-Pilgers-188x300.jpg 188w\" sizes=\"auto, (max-width: 279px) 100vw, 279px\" \/><\/figure><div class=\"wp-block-media-text__content\">\n<p class=\"has-small-font-size\">Den Anfang machte der historische Roman <strong><em><a href=\"https:\/\/buechertanz.de\/?p=8219\" target=\"_blank\" rel=\"noreferrer noopener\">&#8222;Der Trug des Pilgers&#8220;<\/a><\/em><\/strong> von Silke Elzner.<br>Dieser Roman erz\u00e4hlt&nbsp;eine spannende Episode im 14. Jahrhundert, von der ich bisher noch nichts gewusst habe. Damit hat Silke Elzner, wie in all ihren historischen Romanen, meinen geschichtlichen Horizont erweitert und mir Wissen geschenkt.<br>Ein sehr lesenswerter und gut recherchierter historischer Roman, den ihr euch nicht entgehen lassen solltet \u2013 unbedingt lesen!<\/p>\n<\/div><\/div>\n\n\n\n<p>_<\/p>\n\n\n\n<div class=\"wp-block-media-text has-media-on-the-right is-vertically-aligned-center\" style=\"grid-template-columns:auto 25%\"><div class=\"wp-block-media-text__content\">\n<p class=\"has-small-font-size\">Weiter ging es mit dem Buch <strong><em><a href=\"https:\/\/buechertanz.de\/?p=9800\" target=\"_blank\" rel=\"noreferrer noopener\">&#8222;Im Takt des Herzens&#8220; <\/a><\/em><\/strong>von Clara Langenbach. Das Buch hatte ich mir im November 2024 gekauft und ich liebe einfach alles daran: Das Cover, den Titel, das Thema, das Setting, die Haupt- und Nebenfiguren und die Thematik.<br>Der Roman liest sich leicht und hat dank der vielf\u00e4ltigen und beeindruckenden Charaktere auch Tiefgang. Einfach nur wunderbar.<br>Clara Langenbach l\u00e4sst die 1920er Jahre und den Geist dieser Zeit wieder aufleben und nimmt uns mit auf eine unvergessliche Zeireise.<br>Aber Vorsicht: Einmal angefangen, m\u00f6chtet ihr das Buch nicht mehr aus den H\u00e4nden legen. Unbedingt, aber wirklich unbedingt lesen. Ein Highlight!<\/p>\n<\/div><figure class=\"wp-block-media-text__media\"><img loading=\"lazy\" decoding=\"async\" width=\"293\" height=\"445\" src=\"https:\/\/buechertanz.de\/wp-content\/uploads\/2024\/12\/74-Im-Takt-des-Herzens.jpg\" alt=\"\" class=\"wp-image-8215 size-full\" srcset=\"https:\/\/buechertanz.de\/wp-content\/uploads\/2024\/12\/74-Im-Takt-des-Herzens.jpg 293w, https:\/\/buechertanz.de\/wp-content\/uploads\/2024\/12\/74-Im-Takt-des-Herzens-198x300.jpg 198w\" sizes=\"auto, (max-width: 293px) 100vw, 293px\" \/><\/figure><\/div>\n\n\n\n<p>_<\/p>\n\n\n\n<div class=\"wp-block-media-text is-vertically-aligned-center\" style=\"grid-template-columns:25% auto\"><figure class=\"wp-block-media-text__media\"><img loading=\"lazy\" decoding=\"async\" width=\"297\" height=\"445\" src=\"https:\/\/buechertanz.de\/wp-content\/uploads\/2024\/12\/74-Am-Hof-des-purpurnen-Koenigs.jpg\" alt=\"\" class=\"wp-image-8238 size-full\" srcset=\"https:\/\/buechertanz.de\/wp-content\/uploads\/2024\/12\/74-Am-Hof-des-purpurnen-Koenigs.jpg 297w, https:\/\/buechertanz.de\/wp-content\/uploads\/2024\/12\/74-Am-Hof-des-purpurnen-Koenigs-200x300.jpg 200w\" sizes=\"auto, (max-width: 297px) 100vw, 297px\" \/><\/figure><div class=\"wp-block-media-text__content\">\n<p class=\"has-small-font-size\">Unerwartet erreichte mich der Roman <strong><em><a href=\"https:\/\/buechertanz.de\/?p=8245\" target=\"_blank\" rel=\"noreferrer noopener\">&#8222;Am Hof des purpurnen K\u00f6nigs&#8220;<\/a> <\/em><\/strong>von Silvia Hildebrandt. <br>Dies ist ein mitrei\u00dfender und gleichzeitig lehrreicher Roman, mit einer tragischen und authentisch gezeichneten Hauptfigur, deren Geschichte mich ab der ersten Seiten ergriffen hat und wahrscheinlich noch lange nachklingen wird.&nbsp;Lasst euch diesen historischen Roman nicht entgehen \u2013 unbedingt lesen.<\/p>\n<\/div><\/div>\n\n\n\n<p>_<\/p>\n\n\n\n<div class=\"wp-block-media-text has-media-on-the-right is-vertically-aligned-center\" style=\"grid-template-columns:auto 25%\"><div class=\"wp-block-media-text__content\">\n<p class=\"has-small-font-size\">Der Roman<strong> <em><a href=\"https:\/\/buechertanz.de\/?p=8261\" target=\"_blank\" rel=\"noreferrer noopener\">\u201eMein Herz bei ihr\u201c<\/a><\/em> <\/strong>von Rosina Gr\u00fcn fand als Rezensionsexemplar (eBook) den Weg zu mir (herzlichen Dank daf\u00fcr liebe Rosina Gr\u00fcn) und erz\u00e4hlt eine sehr wichtige Geschichte. Es f\u00fchlt sich an wie eine Achterbahnfahrt der Gef\u00fchle \u2013 brillant, mitrei\u00dfend und unvergesslich! Ich bin schon so gespannt auf den zweiten Band. Sehr lesenswert!<\/p>\n<\/div><figure class=\"wp-block-media-text__media\"><img loading=\"lazy\" decoding=\"async\" width=\"281\" height=\"445\" src=\"https:\/\/buechertanz.de\/wp-content\/uploads\/2024\/12\/75-Mein-Herz-bei-ihr.jpg\" alt=\"\" class=\"wp-image-8242 size-full\" srcset=\"https:\/\/buechertanz.de\/wp-content\/uploads\/2024\/12\/75-Mein-Herz-bei-ihr.jpg 281w, https:\/\/buechertanz.de\/wp-content\/uploads\/2024\/12\/75-Mein-Herz-bei-ihr-189x300.jpg 189w\" sizes=\"auto, (max-width: 281px) 100vw, 281px\" \/><\/figure><\/div>\n\n\n\n<p>_<\/p>\n\n\n\n<div class=\"wp-block-media-text is-vertically-aligned-center\" style=\"grid-template-columns:25% auto\"><figure class=\"wp-block-media-text__media\"><img loading=\"lazy\" decoding=\"async\" width=\"316\" height=\"522\" src=\"https:\/\/buechertanz.de\/wp-content\/uploads\/2024\/12\/White-Christmas-Das-Lied-der-weissen-Weihnacht.jpg\" alt=\"\" class=\"wp-image-8269 size-full\" srcset=\"https:\/\/buechertanz.de\/wp-content\/uploads\/2024\/12\/White-Christmas-Das-Lied-der-weissen-Weihnacht.jpg 316w, https:\/\/buechertanz.de\/wp-content\/uploads\/2024\/12\/White-Christmas-Das-Lied-der-weissen-Weihnacht-182x300.jpg 182w\" sizes=\"auto, (max-width: 316px) 100vw, 316px\" \/><\/figure><div class=\"wp-block-media-text__content\">\n<p class=\"has-small-font-size\">Das Buch <strong><em>&#8222;White Christmas &#8211; Das Lied der wei\u00dfen Weihnacht&#8220; <\/em><\/strong>von Michelle Marly habe ich mir vorletzten Monat spontan gekauft und ich wollte es unbedingt in der Weihnachtszeit lesen.<br>Ich mag die ruhige Geschichte, die wunderbaren Charaktere und das Thema &#8211; und ich habe wieder neues Wissen zu diesem Weihnachtslied und das Leben von Irving Berlin und seiner Frau Ellin gelernt.<br>Zum Ende hin wurde es mir jedoch etwas zu durcheinander, da zwischen einigen Jahren hin und her gesprungen wird.<br>Trotzdem: Eine wertvolle und lesenswerte kleine Geschichte, die ich euch gerne weiter empfehlen m\u00f6chte.<\/p>\n<\/div><\/div>\n\n\n\n<p>_<\/p>\n\n\n\n<div class=\"wp-block-media-text has-media-on-the-right is-vertically-aligned-center\" style=\"grid-template-columns:auto 25%\"><div class=\"wp-block-media-text__content\">\n<p class=\"has-small-font-size\">Mein diesj\u00e4hriger Adventskalender war das Buch <strong><em>&#8222;Weihnachtsduft und Erfindergeist&#8220;<\/em><\/strong>. An diesem Buch haben viele Autorinnen und Autoren mitgewirkt und ich mag es sehr gerne.<br>Die Vielfalt der Geschichten und Charaktere hat mich begeistert &#8211; viele haben mich abgeholt und mir ein wohliges Gef\u00fchl beschert, andere fand ich &#8222;ganz nett&#8220;. <br>Ich habe auf jeden Fall nun richtig Lust, die B\u00fccher zu den kleinen Geschichten zu lesen &#8211; einige stehen bereits griffbereit im Regal.<br><\/p>\n<\/div><figure class=\"wp-block-media-text__media\"><img loading=\"lazy\" decoding=\"async\" width=\"295\" height=\"445\" src=\"https:\/\/buechertanz.de\/wp-content\/uploads\/2024\/12\/77-Weihnachtsduft-und-Erfindergeist.jpg\" alt=\"\" class=\"wp-image-8277 size-full\" srcset=\"https:\/\/buechertanz.de\/wp-content\/uploads\/2024\/12\/77-Weihnachtsduft-und-Erfindergeist.jpg 295w, https:\/\/buechertanz.de\/wp-content\/uploads\/2024\/12\/77-Weihnachtsduft-und-Erfindergeist-199x300.jpg 199w\" sizes=\"auto, (max-width: 295px) 100vw, 295px\" \/><\/figure><\/div>\n\n\n\n<p>_<\/p>\n\n\n\n<div class=\"wp-block-media-text is-vertically-aligned-center\" style=\"grid-template-columns:25% auto\"><figure class=\"wp-block-media-text__media\"><img loading=\"lazy\" decoding=\"async\" width=\"305\" height=\"466\" src=\"https:\/\/buechertanz.de\/wp-content\/uploads\/2024\/12\/77-Lindt-und-Spruengli-Zwei-Familien-eine-Leidenschaft.jpg\" alt=\"\" class=\"wp-image-8273 size-full\" srcset=\"https:\/\/buechertanz.de\/wp-content\/uploads\/2024\/12\/77-Lindt-und-Spruengli-Zwei-Familien-eine-Leidenschaft.jpg 305w, https:\/\/buechertanz.de\/wp-content\/uploads\/2024\/12\/77-Lindt-und-Spruengli-Zwei-Familien-eine-Leidenschaft-196x300.jpg 196w\" sizes=\"auto, (max-width: 305px) 100vw, 305px\" \/><\/figure><div class=\"wp-block-media-text__content\">\n<p class=\"has-small-font-size\">Den Abschluss des Lesemonats und des Lesejahrs bildete das Buch <strong><em><a href=\"https:\/\/buechertanz.de\/?p=10183\" target=\"_blank\" rel=\"noreferrer noopener\">&#8222;Lindt und Spr\u00fcngli &#8211; Zwei Familien, eine Leidenschaft&#8220;<\/a> <\/em><\/strong>von Lisa Graf. Vielleicht waren meine Anspr\u00fcche etwas zu hoch. Irgendwie konnte mich die Geschichte nicht richtig abholen, auch wenn die Charaktere sehr vielf\u00e4ltig und fein gezeichnet sind.<br>Ich hatte die Vorstellung, dass das Thema Schokolade, vor allem deren Herstellung, im Mittelpunkt steht. Ja&#8230; es wird einiges zu dieser Thematik erz\u00e4hlt und erkl\u00e4rt &#8211; und doch habe ich mir hier her einfach mehr gew\u00fcnscht. <br>Mein gr\u00f6\u00dfter Kritikpunkt ist, dass die Firma Lindt keine Rolle spielt. Wahrscheinlich (und hoffentlich) kommt diese Geschichte dann im zweiten Band der Reihe.<br>Kein schlechtes Buch, aber eben auch kein Highlight.<\/p>\n<\/div><\/div>\n\n\n\n<p>_<\/p>\n","protected":false},"excerpt":{"rendered":"<p>Im Dezember 2024 habe ich&nbsp;sieben B\u00fccher&nbsp;mit insgesamt&nbsp;2.718 Seiten&nbsp;gelesen.Es waren drei Rezensionsexemplare und vier selbst gekaufte B\u00fccher. Herzlichen Dank an die Autorinnen Silke Elzner, Silvia Hildebrandt und Rosina Gr\u00fcn f\u00fcr die Zusendung und Bereitstellung ihrer B\u00fccher als Geschenk\/ Rezensionsexemplar. Viel Spa\u00df beim Schm\u00f6kern, eure Meine gelesenen B\u00fccher im Dezember 2024 _ Den Anfang machte der historische &hellip; <a href=\"https:\/\/buechertanz.de\/?page_id=8280\" class=\"more-link\"><span class=\"screen-reader-text\">Gelesen Dezember 2024<\/span> weiterlesen<\/a><\/p>\n","protected":false},"author":2,"featured_media":0,"parent":0,"menu_order":0,"comment_status":"open","ping_status":"closed","template":"","meta":{"footnotes":""},"class_list":["post-8280","page","type-page","status-publish","hentry"],"_links":{"self":[{"href":"https:\/\/buechertanz.de\/index.php?rest_route=\/wp\/v2\/pages\/8280","targetHints":{"allow":["GET"]}}],"collection":[{"href":"https:\/\/buechertanz.de\/index.php?rest_route=\/wp\/v2\/pages"}],"about":[{"href":"https:\/\/buechertanz.de\/index.php?rest_route=\/wp\/v2\/types\/page"}],"author":[{"embeddable":true,"href":"https:\/\/buechertanz.de\/index.php?rest_route=\/wp\/v2\/users\/2"}],"replies":[{"embeddable":true,"href":"https:\/\/buechertanz.de\/index.php?rest_route=%2Fwp%2Fv2%2Fcomments&post=8280"}],"version-history":[{"count":6,"href":"https:\/\/buechertanz.de\/index.php?rest_route=\/wp\/v2\/pages\/8280\/revisions"}],"predecessor-version":[{"id":10190,"href":"https:\/\/buechertanz.de\/index.php?rest_route=\/wp\/v2\/pages\/8280\/revisions\/10190"}],"wp:attachment":[{"href":"https:\/\/buechertanz.de\/index.php?rest_route=%2Fwp%2Fv2%2Fmedia&parent=8280"}],"curies":[{"name":"wp","href":"https:\/\/api.w.org\/{rel}","templated":true}]}}