{"id":8281,"date":"2024-12-27T21:12:12","date_gmt":"2024-12-27T20:12:12","guid":{"rendered":"https:\/\/buechertanz.de\/?page_id=8281"},"modified":"2026-01-09T10:36:58","modified_gmt":"2026-01-09T09:36:58","slug":"neuzugaenge-dezember-2024","status":"publish","type":"page","link":"https:\/\/buechertanz.de\/?page_id=8281","title":{"rendered":"Neuzug\u00e4nge Dezember 2024"},"content":{"rendered":"\n<p class=\"has-drop-cap has-small-font-size\">Im&nbsp;<strong>Dezember 2024<\/strong>&nbsp;sind insgesamt&nbsp;<strong>14 B\u00fccher&nbsp;<\/strong>hier eingezogen:<br>Drei Rezensionsexemplare (zwei Prints, ein eBook), elf gekaufte B\u00fccher (drei Prints, sieben eBooks) und ein Buch aus zweiter Hand.<br>Herzlichen Dank an die Autorinnen Silke Elzner, Silvia Hildebrandt und Rosina Gr\u00fcn f\u00fcr die Rezensionsexemplare.<br>Falls es schon ausf\u00fchrlichen Rezensionen gibt, gelangt ihr mit einem Klick auf den Titel dorthin.<br>Ich freue mich schon auf viele gem\u00fctliche Lesestunden und w\u00fcnsche euch viel Spa\u00df beim St\u00f6bern.<br>Eure<\/p>\n\n\n\n<figure class=\"wp-block-image size-large is-resized\"><img loading=\"lazy\" decoding=\"async\" width=\"1024\" height=\"404\" src=\"https:\/\/buechertanz.de\/wp-content\/uploads\/2024\/06\/Unterschrift-1024x404.jpg\" alt=\"\" class=\"wp-image-7473\" style=\"width:162px;height:auto\" srcset=\"https:\/\/buechertanz.de\/wp-content\/uploads\/2024\/06\/Unterschrift-1024x404.jpg 1024w, https:\/\/buechertanz.de\/wp-content\/uploads\/2024\/06\/Unterschrift-300x118.jpg 300w, https:\/\/buechertanz.de\/wp-content\/uploads\/2024\/06\/Unterschrift-768x303.jpg 768w, https:\/\/buechertanz.de\/wp-content\/uploads\/2024\/06\/Unterschrift.jpg 1500w\" sizes=\"auto, (max-width: 1024px) 100vw, 1024px\" \/><\/figure>\n\n\n<div class=\"wp-block-image\">\n<figure class=\"aligncenter size-full is-resized\"><img loading=\"lazy\" decoding=\"async\" width=\"758\" height=\"758\" src=\"https:\/\/buechertanz.de\/wp-content\/uploads\/2024\/12\/12-Dezember-Komplett_komp.jpg\" alt=\"\" class=\"wp-image-8301\" style=\"width:314px;height:auto\" srcset=\"https:\/\/buechertanz.de\/wp-content\/uploads\/2024\/12\/12-Dezember-Komplett_komp.jpg 758w, https:\/\/buechertanz.de\/wp-content\/uploads\/2024\/12\/12-Dezember-Komplett_komp-300x300.jpg 300w, https:\/\/buechertanz.de\/wp-content\/uploads\/2024\/12\/12-Dezember-Komplett_komp-150x150.jpg 150w\" sizes=\"auto, (max-width: 758px) 100vw, 758px\" \/><\/figure><\/div>\n\n\n<p class=\"has-text-align-center\" style=\"font-size:11px\"><em>Meine neuen Seitlinge im Dezember 2024<\/em><\/p>\n\n\n\n<p>_<\/p>\n\n\n\n<div class=\"wp-block-media-text is-vertically-aligned-center\"><figure class=\"wp-block-media-text__media\"><img loading=\"lazy\" decoding=\"async\" width=\"689\" height=\"689\" src=\"https:\/\/buechertanz.de\/wp-content\/uploads\/2024\/12\/12-Dezember-Rezensionsexemplare_Zweite-Hand_komp.jpg\" alt=\"\" class=\"wp-image-8302 size-full\" srcset=\"https:\/\/buechertanz.de\/wp-content\/uploads\/2024\/12\/12-Dezember-Rezensionsexemplare_Zweite-Hand_komp.jpg 689w, https:\/\/buechertanz.de\/wp-content\/uploads\/2024\/12\/12-Dezember-Rezensionsexemplare_Zweite-Hand_komp-300x300.jpg 300w, https:\/\/buechertanz.de\/wp-content\/uploads\/2024\/12\/12-Dezember-Rezensionsexemplare_Zweite-Hand_komp-150x150.jpg 150w\" sizes=\"auto, (max-width: 689px) 100vw, 689px\" \/><\/figure><div class=\"wp-block-media-text__content\">\n<p class=\"has-drop-cap has-small-font-size\"><strong>Rezensionsexemplare: <\/strong><\/p>\n\n\n\n<p><\/p>\n\n\n\n<ul class=\"wp-block-list\">\n<li class=\"has-small-font-size\">Silke Elzner: <strong><em><a href=\"https:\/\/buechertanz.de\/?p=8219\" target=\"_blank\" rel=\"noreferrer noopener\">&#8222;Der Trug des Pilgers&#8220;<\/a><\/em><\/strong><\/li>\n\n\n\n<li class=\"has-small-font-size\">Silvia Hildebrandt: <strong><em><a href=\"https:\/\/buechertanz.de\/?p=8245\" target=\"_blank\" rel=\"noreferrer noopener\">&#8222;Am Hof des purpurnen K\u00f6nigs&#8220;<\/a><\/em><\/strong><\/li>\n\n\n\n<li class=\"has-small-font-size\">Rosina Gr\u00fcn: <strong><em><a href=\"https:\/\/buechertanz.de\/?p=8261\" target=\"_blank\" rel=\"noreferrer noopener\">Mein Herz bei ihr&#8220;<\/a><\/em><\/strong> (eBook)<\/li>\n<\/ul>\n\n\n\n<p class=\"has-drop-cap has-small-font-size\"><strong>Buch aus zweiter Hand: <\/strong><\/p>\n\n\n\n<p><\/p>\n\n\n\n<ul class=\"wp-block-list\">\n<li class=\"has-small-font-size\">Hilary Mantel: <strong><em>&#8222;Falken&#8220;<\/em><\/strong><\/li>\n<\/ul>\n<\/div><\/div>\n\n\n\n<p>_<\/p>\n\n\n\n<div class=\"wp-block-media-text has-media-on-the-right\"><div class=\"wp-block-media-text__content\">\n<p class=\"has-drop-cap has-small-font-size\"><strong>Neue B\u00fccher:<\/strong><\/p>\n\n\n\n<p><\/p>\n\n\n\n<ul class=\"wp-block-list\">\n<li class=\"has-small-font-size\">Charlotte Roth: <strong><em>&#8222;Die Wintergarten-Frauen &#8211; Die Hoffnung lebt&#8220;<\/em><\/strong><\/li>\n\n\n\n<li class=\"has-small-font-size\">Anna Liebig: <strong><em>&#8222;Frau Gl\u00fcck und die Winterlichter&#8220;<\/em><\/strong> (eBook)<\/li>\n\n\n\n<li class=\"has-small-font-size\">Birgit Jasmund: <strong><em>&#8222;Die Maitresse&#8220;<\/em><\/strong> (eBook)<\/li>\n\n\n\n<li class=\"has-small-font-size\">Sabrina Qunaj: <strong><em>&#8222;Die Tochter der Drachenkrone&#8220;<\/em><\/strong><\/li>\n\n\n\n<li class=\"has-small-font-size\">Claudia Romes: <strong><em><a href=\"https:\/\/buechertanz.de\/?p=10084\" target=\"_blank\" rel=\"noreferrer noopener\">&#8222;Das Wunder der Tannenb\u00e4ume&#8220;<\/a><\/em><\/strong> (eBook)<\/li>\n\n\n\n<li class=\"has-small-font-size\">Lisa Graf: <strong><em><a href=\"https:\/\/buechertanz.de\/?p=10183\" target=\"_blank\" rel=\"noreferrer noopener\">&#8222;Lindt &amp; Spr\u00fcngli &#8211; Zwei Familien, eine Leidenschaft&#8220;<\/a><\/em><\/strong><\/li>\n\n\n\n<li class=\"has-small-font-size\">Christiane Lind: <strong><em>&#8222;Das Verschwinden des Himmels&#8220; <\/em><\/strong>(eBook)<\/li>\n\n\n\n<li class=\"has-small-font-size\">Sylvia Koppermann: <strong><em>&#8222;Anno 1741 &#8211; Fremde Heimat&#8220; <\/em><\/strong>(eBook)<\/li>\n\n\n\n<li class=\"has-small-font-size\">Susanne Lieder: <strong><em>&#8222;Agatha Christie&#8220; <\/em><\/strong>(eBook)<\/li>\n\n\n\n<li class=\"has-small-font-size\">Katrin Tempel: <strong><em>&#8222;Die Zeitungsdynastie &#8211; Goldene Jahre&#8220; <\/em><\/strong>(eBook) <\/li>\n<\/ul>\n<\/div><figure class=\"wp-block-media-text__media\"><img loading=\"lazy\" decoding=\"async\" width=\"643\" height=\"643\" src=\"https:\/\/buechertanz.de\/wp-content\/uploads\/2024\/12\/12-Dezember-Neue-Buecher_komp.jpg\" alt=\"\" class=\"wp-image-8303 size-full\" srcset=\"https:\/\/buechertanz.de\/wp-content\/uploads\/2024\/12\/12-Dezember-Neue-Buecher_komp.jpg 643w, https:\/\/buechertanz.de\/wp-content\/uploads\/2024\/12\/12-Dezember-Neue-Buecher_komp-300x300.jpg 300w, https:\/\/buechertanz.de\/wp-content\/uploads\/2024\/12\/12-Dezember-Neue-Buecher_komp-150x150.jpg 150w\" sizes=\"auto, (max-width: 643px) 100vw, 643px\" \/><\/figure><\/div>\n\n\n\n<p><\/p>\n","protected":false},"excerpt":{"rendered":"<p>Im&nbsp;Dezember 2024&nbsp;sind insgesamt&nbsp;14 B\u00fccher&nbsp;hier eingezogen:Drei Rezensionsexemplare (zwei Prints, ein eBook), elf gekaufte B\u00fccher (drei Prints, sieben eBooks) und ein Buch aus zweiter Hand.Herzlichen Dank an die Autorinnen Silke Elzner, Silvia Hildebrandt und Rosina Gr\u00fcn f\u00fcr die Rezensionsexemplare.Falls es schon ausf\u00fchrlichen Rezensionen gibt, gelangt ihr mit einem Klick auf den Titel dorthin.Ich freue mich schon auf &hellip; <a href=\"https:\/\/buechertanz.de\/?page_id=8281\" class=\"more-link\"><span class=\"screen-reader-text\">Neuzug\u00e4nge Dezember 2024<\/span> weiterlesen<\/a><\/p>\n","protected":false},"author":2,"featured_media":0,"parent":0,"menu_order":0,"comment_status":"open","ping_status":"closed","template":"","meta":{"footnotes":""},"class_list":["post-8281","page","type-page","status-publish","hentry"],"_links":{"self":[{"href":"https:\/\/buechertanz.de\/index.php?rest_route=\/wp\/v2\/pages\/8281","targetHints":{"allow":["GET"]}}],"collection":[{"href":"https:\/\/buechertanz.de\/index.php?rest_route=\/wp\/v2\/pages"}],"about":[{"href":"https:\/\/buechertanz.de\/index.php?rest_route=\/wp\/v2\/types\/page"}],"author":[{"embeddable":true,"href":"https:\/\/buechertanz.de\/index.php?rest_route=\/wp\/v2\/users\/2"}],"replies":[{"embeddable":true,"href":"https:\/\/buechertanz.de\/index.php?rest_route=%2Fwp%2Fv2%2Fcomments&post=8281"}],"version-history":[{"count":4,"href":"https:\/\/buechertanz.de\/index.php?rest_route=\/wp\/v2\/pages\/8281\/revisions"}],"predecessor-version":[{"id":10191,"href":"https:\/\/buechertanz.de\/index.php?rest_route=\/wp\/v2\/pages\/8281\/revisions\/10191"}],"wp:attachment":[{"href":"https:\/\/buechertanz.de\/index.php?rest_route=%2Fwp%2Fv2%2Fmedia&parent=8281"}],"curies":[{"name":"wp","href":"https:\/\/api.w.org\/{rel}","templated":true}]}}