{"id":8319,"date":"2024-12-30T11:51:17","date_gmt":"2024-12-30T10:51:17","guid":{"rendered":"https:\/\/buechertanz.de\/?page_id=8319"},"modified":"2025-12-30T14:35:03","modified_gmt":"2025-12-30T13:35:03","slug":"gelesen-2025","status":"publish","type":"page","link":"https:\/\/buechertanz.de\/?page_id=8319","title":{"rendered":"Gelesen 2025"},"content":{"rendered":"\n<p class=\"has-drop-cap has-small-font-size\">Im Jahr 2025 habe ich<strong>\u00a0100 B\u00fccher<\/strong>\u00a0mit insgesamt\u00a0<strong>40.153 Seiten<\/strong>\u00a0gelesen \u2013 ich habe zum ersten Mal eine dreistellige Zahl gelesener B\u00fccher geschafft. Es war ein sehr intensives und sch\u00f6nes Lesejahr, hier ist mein kleiner und pers\u00f6nlicher R\u00fcckblick. <\/p>\n\n\n<div class=\"wp-block-image\">\n<figure class=\"aligncenter size-full is-resized\"><img loading=\"lazy\" decoding=\"async\" width=\"643\" height=\"808\" src=\"https:\/\/buechertanz.de\/wp-content\/uploads\/2025\/12\/2025-Komplett_01_komp.jpg\" alt=\"\" class=\"wp-image-10145\" style=\"width:313px;height:auto\" srcset=\"https:\/\/buechertanz.de\/wp-content\/uploads\/2025\/12\/2025-Komplett_01_komp.jpg 643w, https:\/\/buechertanz.de\/wp-content\/uploads\/2025\/12\/2025-Komplett_01_komp-239x300.jpg 239w\" sizes=\"auto, (max-width: 643px) 100vw, 643px\" \/><\/figure><\/div>\n\n\n<p class=\"has-small-font-size\">Als erstes vorweg: Vor einem Jahr um diese Zeit habe ich angek\u00fcndigt, dass im Jahr 2025 mein erstes eigenes Buch auf den Markt kommen sollte. Sollte. Leider hat es sich zerschlagen, da es interne Differenzen mit dem Verlag gab. Auch wenn nun die Arbeit von \u00fcber einem halben Jahr erstmal als nutzlos vergeudet erscheint, nehme ich doch einiges davon mit. Und wer wei\u00df \u2026 vielleicht passiert ja 2026 etwas, von dem ich bisher auch noch nichts wei\u00df.<br>Ich habe im Jahr 2025 die eBooks f\u00fcr mich entdeckt. Mittlerweile finde ich es so unendlich bequem, es mir mit einem Reader gem\u00fctlich zu machen. Und ich habe mir Anfang 2025 einen Kindle gekauft und kann nun endlich auch die eBooks von Tinte&amp;Feder lesen. Das habe ich dieses Jahr auch kr\u00e4ftig getan, zum Beispiel habe ich die gesamte Buchreihe &#8222;Die Hansens&#8220; von Ellin Carsta gelesen. <br>Eine Neuentdeckung war f\u00fcr mich die wunderbare Autorin Rachel Soost: Im Januar habe ich mir das eBook <strong><em><strong><em><a href=\"https:\/\/buechertanz.de\/?p=9777\" target=\"_blank\" rel=\"noreferrer noopener\">\u201eBernie und Luise \u2013 Die vergessene Geschichte einer j\u00fcdischen Familie\u201c<\/a><\/em><\/strong><\/em><\/strong> gekauft und begeistert gelesen, im November folgte dann der zweite Band <strong><em><strong><em><a href=\"https:\/\/buechertanz.de\/?p=9786\" target=\"_blank\" rel=\"noreferrer noopener\">\u201eHilde und Robin \u2013 Die vergessene Geschichte einer j\u00fcdischen Familie\u201c<\/a><\/em><\/strong><\/em><\/strong> als Rezensionsexemplar. <br>Etwas ganz besonderes war das Erscheinen des Buches <strong><em><strong><em><a href=\"https:\/\/buechertanz.de\/?p=8356\" target=\"_blank\" rel=\"noreferrer noopener\">\u201eDie Schwestern von Krakau\u201c<\/a><\/em><\/strong>\u00a0<\/em><\/strong> von Bettina Storks. F\u00fcr dieses Buch durfte ich als Testleserin fungieren, was f\u00fcr eine gro\u00dfe Ehre. Und ein ganz besonderes Gef\u00fchl war es, das Buch dann in den H\u00e4nden zu halten und den eigenen Namen in der Danksagung der Autorin zu finden. Mit <strong><em>&#8222;Das Haus am Himmelsrand&#8220; <\/em><\/strong>und <strong><em>&#8222;Ein Sommer mit <strong><em>M\u00e9m\u00e9<\/em><\/strong>&#8220; <\/em><\/strong>las ich noch zwei weitere B\u00fccher dieser wunderbaren Autorin. <br>V\u00f6llig begeistert haben mich auch diese B\u00fccher: <strong><em>&#8222;Die Bibliothek der zweiten Chancen&#8220; <\/em><\/strong>von Marie Adams und <em><strong>\u00a0<strong><em><a href=\"https:\/\/buechertanz.de\/?p=8440\" target=\"_blank\" rel=\"noreferrer noopener\">\u201eDie Zuverl\u00e4ssigkeit des Zufalls\u201c<\/a><\/em><\/strong> <\/strong><\/em>von Lilli Beck.  <br>Eine weitere Autorin, die ich f\u00fcr mich entdeckt habe ist Bettina Lausen. Den ersten Band <em><strong>&#8222;Die Journalistin&#8220;<\/strong><\/em> habe ich mir als eBook gekauft, im Mai folgte dann mit <strong><em><strong><em><a href=\"https:\/\/buechertanz.de\/?p=8634\" target=\"_blank\" rel=\"noreferrer noopener\">\u201eNeue Zeiten auf der K\u00f6 \u2013 Die Journalistin\u201c\u00a0<\/a><\/em><\/strong><\/em><\/strong> der zweite Band <em><strong><a href=\"https:\/\/buechertanz.de\/?p=8900\" target=\"_blank\" rel=\"noreferrer noopener\">\u201eNeue Zeiten auf der K\u00f6 \u2013 Die Fotografin\u201c\u00a0<\/a><\/strong><\/em>, den ich als Rezensionsexemplar erhalten habe. <br>Im M\u00e4rz war es endlich soweit und ich hielt das neue Buch von Anne Stern in den H\u00e4nden: <strong><em><strong><em><a href=\"https:\/\/buechertanz.de\/?p=8563\" target=\"_blank\" rel=\"noreferrer noopener\">\u201eWenn die Tage l\u00e4nger werden\u201c\u00a0<\/a><\/em><\/strong><\/em><\/strong>. F\u00fcr dieses Buch trafen wir uns vor einiger Zeit in Freiburg. Und dann im April trafen wir uns wieder &#8211; zur Lesung in meiner Lieblingsbuchhandlung. Das Lesejahr beendete ich auch mit einem weiteren Buch aus der Feder von Anne Stern: <strong><em>&#8222;Die wei\u00dfe Nacht &#8211; Der erste Fall f\u00fcr Lou &amp; K\u00f6nig&#8220;<\/em><\/strong>. Ein absolutes Highlight. <br>Au\u00dferdem war das Jahr 2025 das Erscheinungsjahr der neuen Dilogie von Maria Nikolai: <strong><em>&#8222;Little Germany&#8220;<\/em><\/strong>. Beide Teile <strong><em><a href=\"https:\/\/buechertanz.de\/?p=8659\" target=\"_blank\" rel=\"noreferrer noopener\">\u201eLittle Germany \u2013 Der Duft der Neuen Welt<\/a><\/em><\/strong> und <strong><em><a href=\"https:\/\/buechertanz.de\/?p=9466\" target=\"_blank\" rel=\"noreferrer noopener\">\u201eLittle Germany \u2013 Der Geschmack von Freiheit\u201c<\/a><\/em><\/strong> trafen direkt in mein Leseherz und ich konnte die B\u00fccher nur noch schwer zur Seite legen. Das galt auch f\u00fcr die Dilogie &#8222;Montmartre&#8220; von Marie Lacrosse: <strong><em><a href=\"https:\/\/buechertanz.de\/?p=8704\" target=\"_blank\" rel=\"noreferrer noopener\">\u201eMontmartre \u2013 Licht und Schatten\u201c<\/a><\/em><\/strong> und <strong><em><a href=\"https:\/\/buechertanz.de\/?p=9757\" target=\"_blank\" rel=\"noreferrer noopener\">\u201eMontmartre \u2013 Traum und Schicksal\u201c\u00a0<\/a><\/em><\/strong>. <br>Der Juli war der Monat der Rezensionsexemplare. Nachdem ich mit einer gro\u00dfen Verlagsgruppe etwas Stress hatte, schickten mir die lieben Autorinnen Michaele Abresch (<strong><em><a href=\"https:\/\/buechertanz.de\/?p=9053\" target=\"_blank\" rel=\"noreferrer noopener\">\u201eDas Geheimnis von Dikholmen\u201c<\/a><\/em><\/strong> &amp; <strong><em><a href=\"https:\/\/buechertanz.de\/?p=9117\" target=\"_blank\" rel=\"noreferrer noopener\">\u201eDie verborgene Erinnerung\u201c<\/a><\/em><\/strong>)  und Juliane Michel (<em><strong><a href=\"https:\/\/buechertanz.de\/?p=9099\" target=\"_blank\" rel=\"noreferrer noopener\">\u201eWir tanzen in die Freiheit\u201c<\/a><\/strong><\/em> &amp; \u00a0<strong><em><a href=\"https:\/\/buechertanz.de\/?p=9147\" target=\"_blank\" rel=\"noreferrer noopener\">\u201eWir fangen das Gl\u00fcck\u201c<\/a><\/em><\/strong> ihre B\u00fccher zu. Ich hatte wunderbare Lesestunden und bedanke mich ganz herzlich daf\u00fcr. <br>Der Oktober brachte das neue Buch von Michael Paul: <strong><em><strong><em><a href=\"https:\/\/buechertanz.de\/?p=9640\" target=\"_blank\" rel=\"noreferrer noopener\">\u201eRauch \u00fcberm Land\u201c<\/a><\/em><\/strong><\/em><\/strong>. Was f\u00fcr eine starke Geschichte. Ich freue mich schon so sehr, dass ich den Autor im Mai 2026 bei der Buchmesse in Hinterzarten wieder treffen werde. <br>Und auch das neue Buch von Harald Gritzner konnte mich voll \u00fcberzeugen: \u00a0<em><strong><a href=\"https:\/\/buechertanz.de\/?p=9814\" target=\"_blank\" rel=\"noreferrer noopener\">\u201eAgatha \u2013 Im Schatten des Freiburger M\u00fcnsters\u201c<\/a><\/strong><\/em><br>Eine weitere Neuentdeckung war f\u00fcr mich die Autorin Marianne Carrera. Auf der Kreativmesse in Freiburg haben wir uns kennengelernt und ich kaufte mir spontan das Buch <strong><em><a href=\"https:\/\/buechertanz.de\/?p=9841\" target=\"_blank\" rel=\"noreferrer noopener\">\u201eGl\u00fccksreihe Mauchen-Chapelle \u2013 Gartenpforte ins Gl\u00fcck\u201c<\/a>.<\/em><\/strong> Ich war so begeistert und es folgte direkt die Fortsetzung <strong><em><a href=\"https:\/\/buechertanz.de\/?p=9862\" target=\"_blank\" rel=\"noreferrer noopener\">\u201eGl\u00fccksreihe Mauchen-Chapelle \u2013 Pension Storchengl\u00fcck\u201c<\/a>\u00a0<\/em><\/strong>. <br>\u00c4hnlich war es mit den B\u00fcchern <strong><em>&#8222;Die Nordseeschwestern&#8220; <\/em><\/strong>von Hannah Hope. Beide Teile dieser Reihe (\u00a0<strong><em><a href=\"https:\/\/buechertanz.de\/?p=9998\" target=\"_blank\" rel=\"noreferrer noopener\">\u201eDie Nordseeschwestern \u2013 Das Verm\u00e4chtnis\u201c<\/a><\/em><\/strong> &amp; \u00a0<strong><em><a href=\"https:\/\/buechertanz.de\/?p=10020\" target=\"_blank\" rel=\"noreferrer noopener\">\u201eDie Nordseeschwestern \u2013 Das Versprechen\u201c<\/a><\/em><\/strong>) habe ich im Dezember innerhalb weniger Tage gelesen. <br>Ein gro\u00dfes Highlight war das Buch <strong><em><a href=\"https:\/\/buechertanz.de\/?p=9947\" target=\"_blank\" rel=\"noreferrer noopener\">\u201eDie Welt in unseren H\u00e4nden\u201c<\/a><\/em><\/strong> von Emily Walton. Das Buch habe ich im September 2024 testgelesen. <br>Schon lange steht die Reihe um die <strong><em>&#8222;Sieben Schwestern&#8220; <\/em><\/strong>von Lucinda Riley ungelesen in meinem Regal &#8211; in dieses Jahr habe ich immerhin schonmal die ersten drei B\u00e4nde gelesen &#8211; und bin begeistert. Ich werde die weiteren B\u00e4nde im Jahr 2026 lesen. Einfach grandios. <br>Au\u00dferdem durfte ich in diesem Jahr einige Manuskripte testlesen. Ich m\u00f6chte mich bei allen Autorinnen f\u00fcr das gro\u00dfe Vertrauen bedanken. Hier ist zum Beispiel Kristina Herzog mit ihrem Buch <strong><em>&#8222;Die Sternberg-Saga &#8211; Was die Liebe ersehnt&#8220; <\/em><\/strong>zu nennen. <br>Da ich hier an dieser Stelle nicht auf jedes gelesene Buch einzeln eingehen kann, findet ihr hier die Links zu meinen Lesemonaten:<\/p>\n\n\n\n<ul class=\"wp-block-list\">\n<li class=\"has-small-font-size\"><a href=\"https:\/\/buechertanz.de\/?page_id=10101\" target=\"_blank\" rel=\"noreferrer noopener\">Gelesen Dezember 2025<\/a><\/li>\n\n\n\n<li class=\"has-small-font-size\"><a href=\"https:\/\/buechertanz.de\/?page_id=9903\" target=\"_blank\" rel=\"noreferrer noopener\">Gelesen November 2025<\/a><\/li>\n\n\n\n<li class=\"has-small-font-size\"><a href=\"https:\/\/buechertanz.de\/?page_id=9655\" target=\"_blank\" rel=\"noreferrer noopener\">Gelesen Oktober 2025<\/a><\/li>\n\n\n\n<li class=\"has-small-font-size\"><a href=\"https:\/\/buechertanz.de\/?page_id=9495\" target=\"_blank\" rel=\"noreferrer noopener\">Gelesen September 2025<\/a><\/li>\n\n\n\n<li class=\"has-small-font-size\"><a href=\"https:\/\/buechertanz.de\/?page_id=9372\" target=\"_blank\" rel=\"noreferrer noopener\">Gelesen August 2025<\/a><\/li>\n\n\n\n<li class=\"has-small-font-size\"><a href=\"https:\/\/buechertanz.de\/?page_id=9169\" target=\"_blank\" rel=\"noreferrer noopener\">Gelesen Juli 2025<\/a><\/li>\n\n\n\n<li class=\"has-small-font-size\"><a href=\"https:\/\/buechertanz.de\/?page_id=8991\" target=\"_blank\" rel=\"noreferrer noopener\">Gelesen Juni 2025<\/a><\/li>\n\n\n\n<li class=\"has-small-font-size\"><a href=\"https:\/\/buechertanz.de\/?page_id=8901\" target=\"_blank\" rel=\"noreferrer noopener\">Gelesen Mai 2025<\/a><\/li>\n\n\n\n<li class=\"has-small-font-size\"><a href=\"https:\/\/buechertanz.de\/?page_id=8772\" target=\"_blank\" rel=\"noreferrer noopener\">Gelesen April 2025<\/a><\/li>\n\n\n\n<li class=\"has-small-font-size\"><a href=\"https:\/\/buechertanz.de\/?page_id=8662\" target=\"_blank\" rel=\"noreferrer noopener\">Gelesen M\u00e4rz 2025<\/a><\/li>\n\n\n\n<li class=\"has-small-font-size\"><a href=\"https:\/\/buechertanz.de\/?page_id=8534\" target=\"_blank\" rel=\"noreferrer noopener\">Gelesen Februar 2025<\/a><\/li>\n\n\n\n<li class=\"has-small-font-size\"><a href=\"https:\/\/buechertanz.de\/?page_id=8395\" target=\"_blank\" rel=\"noreferrer noopener\">Gelesen Januar 2025<\/a><\/li>\n<\/ul>\n\n\n\n<p class=\"has-small-font-size\">Klickt euch gerne mal durch. <\/p>\n\n\n\n<p class=\"has-small-font-size\">Nun ist das Lesejahr 2025 fast vorbei und ich bin euch, liebe Autoren und Autorinnen, so dankbar f\u00fcr eure Geschichten. Sie bringen mich durch dunkle Zeiten, belehren und bereichern mich. Es sind Geschichten, in die ich mich immer wieder fl\u00fcchten kann. Danke daf\u00fcr. <br>Und an meine lieben Blog-Leser und Blog-Leserinnen: Danke, dass ihr da seid und hier mitlest.<br><br>Liebe Gr\u00fc\u00dfe, eure<\/p>\n\n\n\n<figure class=\"wp-block-image size-large is-resized\"><img loading=\"lazy\" decoding=\"async\" width=\"1024\" height=\"404\" src=\"https:\/\/buechertanz.de\/wp-content\/uploads\/2024\/06\/Unterschrift-1024x404.jpg\" alt=\"\" class=\"wp-image-7473\" style=\"width:175px;height:auto\" srcset=\"https:\/\/buechertanz.de\/wp-content\/uploads\/2024\/06\/Unterschrift-1024x404.jpg 1024w, https:\/\/buechertanz.de\/wp-content\/uploads\/2024\/06\/Unterschrift-300x118.jpg 300w, https:\/\/buechertanz.de\/wp-content\/uploads\/2024\/06\/Unterschrift-768x303.jpg 768w, https:\/\/buechertanz.de\/wp-content\/uploads\/2024\/06\/Unterschrift.jpg 1500w\" sizes=\"auto, (max-width: 1024px) 100vw, 1024px\" \/><\/figure>\n\n\n\n<p class=\"has-text-align-center\">_ _ _ <\/p>\n","protected":false},"excerpt":{"rendered":"<p>Im Jahr 2025 habe ich\u00a0100 B\u00fccher\u00a0mit insgesamt\u00a040.153 Seiten\u00a0gelesen \u2013 ich habe zum ersten Mal eine dreistellige Zahl gelesener B\u00fccher geschafft. Es war ein sehr intensives und sch\u00f6nes Lesejahr, hier ist mein kleiner und pers\u00f6nlicher R\u00fcckblick. Als erstes vorweg: Vor einem Jahr um diese Zeit habe ich angek\u00fcndigt, dass im Jahr 2025 mein erstes eigenes Buch &hellip; <a href=\"https:\/\/buechertanz.de\/?page_id=8319\" class=\"more-link\"><span class=\"screen-reader-text\">Gelesen 2025<\/span> weiterlesen<\/a><\/p>\n","protected":false},"author":2,"featured_media":0,"parent":0,"menu_order":0,"comment_status":"closed","ping_status":"closed","template":"","meta":{"footnotes":""},"class_list":["post-8319","page","type-page","status-publish","hentry"],"_links":{"self":[{"href":"https:\/\/buechertanz.de\/index.php?rest_route=\/wp\/v2\/pages\/8319","targetHints":{"allow":["GET"]}}],"collection":[{"href":"https:\/\/buechertanz.de\/index.php?rest_route=\/wp\/v2\/pages"}],"about":[{"href":"https:\/\/buechertanz.de\/index.php?rest_route=\/wp\/v2\/types\/page"}],"author":[{"embeddable":true,"href":"https:\/\/buechertanz.de\/index.php?rest_route=\/wp\/v2\/users\/2"}],"replies":[{"embeddable":true,"href":"https:\/\/buechertanz.de\/index.php?rest_route=%2Fwp%2Fv2%2Fcomments&post=8319"}],"version-history":[{"count":15,"href":"https:\/\/buechertanz.de\/index.php?rest_route=\/wp\/v2\/pages\/8319\/revisions"}],"predecessor-version":[{"id":10147,"href":"https:\/\/buechertanz.de\/index.php?rest_route=\/wp\/v2\/pages\/8319\/revisions\/10147"}],"wp:attachment":[{"href":"https:\/\/buechertanz.de\/index.php?rest_route=%2Fwp%2Fv2%2Fmedia&parent=8319"}],"curies":[{"name":"wp","href":"https:\/\/api.w.org\/{rel}","templated":true}]}}