{"id":838,"date":"2019-10-06T16:15:07","date_gmt":"2019-10-06T15:15:07","guid":{"rendered":"http:\/\/buechertanz.de\/?page_id=838"},"modified":"2023-01-04T13:47:52","modified_gmt":"2023-01-04T12:47:52","slug":"neuzugaenge-september-2019","status":"publish","type":"page","link":"https:\/\/buechertanz.de\/?page_id=838","title":{"rendered":"Neuzug\u00e4nge September 2019"},"content":{"rendered":"\n<p class=\"has-drop-cap has-small-font-size\">Im September 2019 sind 19 neue B\u00fccher eingezogen:<br>Acht neue B\u00fccher, ein Buch aus dem \u00f6ffentlichen B\u00fccherschrank, sieben Geschenke und drei Rezensionsexemplare fanden den Weg in mein B\u00fccherregal<br>Von diesen Neuzug\u00e4ngen musste ich \u201e<a rel=\"noreferrer noopener\" href=\"https:\/\/buechertanz.de\/?p=791\" target=\"_blank\">Die Hafenschwester &#8211; Als wir zu tr\u00e4umen wagten<\/a>\u201c von Melanie Metzenthin und &#8222;<a rel=\"noreferrer noopener\" href=\"https:\/\/buechertanz.de\/?p=805\" target=\"_blank\">Die Schwestern vom Ku&#8217;damm &#8211; Wunderbare Zeiten<\/a>&#8220; von Brigitte Riebe sofort lesen, da ich mich schon sehr lange auf diese B\u00fccher freute.<\/p>\n\n\n\n<p class=\"has-small-font-size\">Falls es eine Rezension auf meinem Blog gibt, gelangt ihr mit einem Klick auf den Titel direkt bei der Rezension.<\/p>\n\n\n<div class=\"wp-block-image\">\n<figure class=\"aligncenter is-resized\"><img loading=\"lazy\" decoding=\"async\" src=\"https:\/\/buechertanz.de\/wp-content\/uploads\/2019\/10\/09-September_02-768x1024.jpg\" alt=\"\" class=\"wp-image-852\" width=\"407\" height=\"543\" srcset=\"https:\/\/buechertanz.de\/wp-content\/uploads\/2019\/10\/09-September_02-768x1024.jpg 768w, https:\/\/buechertanz.de\/wp-content\/uploads\/2019\/10\/09-September_02-225x300.jpg 225w, https:\/\/buechertanz.de\/wp-content\/uploads\/2019\/10\/09-September_02.jpg 1200w\" sizes=\"auto, (max-width: 407px) 100vw, 407px\" \/><\/figure><\/div>\n\n\n<p>_<\/p>\n\n\n\n<p class=\"has-drop-cap has-small-font-size\"><strong>Neue B\u00fccher:<\/strong><\/p>\n\n\n\n<p><\/p>\n\n\n\n<ul class=\"has-small-font-size wp-block-list\"><li>Deana Zin\u00dfmeister: <br><em>&#8222;Die Farbe des Goldes&#8220;<\/em><\/li><li>Astrid Fritz: <br><em>&#8222;Die Tote in der Henkersgasse&#8220;<\/em><\/li><li>Joel Tan: <br><em>&#8222;Die Bl\u00fctent\u00f6chter&#8220;<\/em><\/li><li>Anke Petersen: <br><em>&#8222;Hotel Inselblick &#8211; Wolken \u00fcber dem Meer&#8220;<\/em><\/li><li>Sabine Weigand: <br><em>&#8222;Die Manufaktur der D\u00fcfte&#8220;<\/em><\/li><li>Tracy Chevalier: <br><em>&#8222;Die englische Freundin&#8220;<\/em><\/li><li>Ines Thorn: <br><em>&#8222;Die Strandr\u00e4uberin&#8220;<\/em><\/li><li>Sabine Ebert: <br><em>&#8222;Schwert und Krone &#8211; Der junge Falke&#8220;<\/em><\/li><\/ul>\n\n\n\n<p>_<\/p>\n\n\n\n<p class=\"has-drop-cap has-small-font-size\"><strong>\u00d6ffentlicher B\u00fccherschrank:<\/strong><\/p>\n\n\n\n<p><\/p>\n\n\n\n<ul class=\"has-small-font-size wp-block-list\"><li>Daniel Kehlmann: <br><em>&#8222;Tyll&#8220;<\/em><\/li><\/ul>\n\n\n\n<p>_<br><\/p>\n\n\n\n<p class=\"has-drop-cap has-small-font-size\"><strong>Geschenke:<\/strong><\/p>\n\n\n\n<p><\/p>\n\n\n\n<ul class=\"has-small-font-size wp-block-list\"><li>Renate Welsh: <br><em>&#8222;Liebe Schwester&#8220;<\/em><\/li><li>Jeffrey Archer:<br><em>&#8222;Schicksal und Gerechtigkeit&#8220;<\/em><\/li><li>Wolf Serno: <br><em>&#8222;Der Gesandte der Sonne&#8220;<\/em><\/li><li>Peggy Hohmann: <br><em>&#8222;Der gr\u00fcne Palast&#8220;<\/em><\/li><li>Jeremiah Pearson: <br><em>&#8222;Der Bund der Freiheit &#8211; Der Bauernkrieg&#8220;<\/em><\/li><li>Marlies Folkens: <br><em>&#8222;Von Schwalben und Mauernseglern&#8220;<\/em><\/li><li>&#8222;Es war einmal&#8230;&#8220;<\/li><\/ul>\n\n\n\n<p>_<\/p>\n\n\n\n<p class=\"has-drop-cap has-small-font-size\"><strong>Rezensionsexemplare:<\/strong><\/p>\n\n\n\n<p><\/p>\n\n\n\n<ul class=\"has-small-font-size wp-block-list\"><li>Melanie Metzenthin: <br><em>&#8222;<a rel=\"noreferrer noopener\" href=\"https:\/\/buechertanz.de\/?p=791\" target=\"_blank\">Die Hafenschwester &#8211; Als wir zu Tr\u00e4umen wagten<\/a>&#8222;<\/em><\/li><li>Brigitte Riebe: <br><em>&#8222;<a rel=\"noreferrer noopener\" href=\"https:\/\/buechertanz.de\/?p=805\" target=\"_blank\">Die Schwestern vom Ku&#8217;damm &#8211; Wunderbare Zeiten<\/a>&#8222;<\/em><\/li><li>Marie Lacrosse: <br><em>&#8222;<a rel=\"noreferrer noopener\" href=\"https:\/\/buechertanz.de\/?p=860\" target=\"_blank\">Das Weingut &#8211; Tage des Schicksals<\/a>&#8222;<\/em><\/li><\/ul>\n\n\n\n<p>_<\/p>\n\n\n<div class=\"wp-block-image\">\n<figure class=\"aligncenter is-resized\"><img loading=\"lazy\" decoding=\"async\" src=\"https:\/\/buechertanz.de\/wp-content\/uploads\/2019\/03\/Blume-5.png\" alt=\"\" class=\"wp-image-367\" width=\"196\" height=\"227\" srcset=\"https:\/\/buechertanz.de\/wp-content\/uploads\/2019\/03\/Blume-5.png 264w, https:\/\/buechertanz.de\/wp-content\/uploads\/2019\/03\/Blume-5-260x300.png 260w\" sizes=\"auto, (max-width: 196px) 100vw, 196px\" \/><\/figure><\/div>","protected":false},"excerpt":{"rendered":"<p>Im September 2019 sind 19 neue B\u00fccher eingezogen:Acht neue B\u00fccher, ein Buch aus dem \u00f6ffentlichen B\u00fccherschrank, sieben Geschenke und drei Rezensionsexemplare fanden den Weg in mein B\u00fccherregalVon diesen Neuzug\u00e4ngen musste ich \u201eDie Hafenschwester &#8211; Als wir zu tr\u00e4umen wagten\u201c von Melanie Metzenthin und &#8222;Die Schwestern vom Ku&#8217;damm &#8211; Wunderbare Zeiten&#8220; von Brigitte Riebe sofort lesen, &hellip; <a href=\"https:\/\/buechertanz.de\/?page_id=838\" class=\"more-link\"><span class=\"screen-reader-text\">Neuzug\u00e4nge September 2019<\/span> weiterlesen<\/a><\/p>\n","protected":false},"author":2,"featured_media":0,"parent":0,"menu_order":0,"comment_status":"closed","ping_status":"closed","template":"","meta":{"footnotes":""},"class_list":["post-838","page","type-page","status-publish","hentry"],"_links":{"self":[{"href":"https:\/\/buechertanz.de\/index.php?rest_route=\/wp\/v2\/pages\/838","targetHints":{"allow":["GET"]}}],"collection":[{"href":"https:\/\/buechertanz.de\/index.php?rest_route=\/wp\/v2\/pages"}],"about":[{"href":"https:\/\/buechertanz.de\/index.php?rest_route=\/wp\/v2\/types\/page"}],"author":[{"embeddable":true,"href":"https:\/\/buechertanz.de\/index.php?rest_route=\/wp\/v2\/users\/2"}],"replies":[{"embeddable":true,"href":"https:\/\/buechertanz.de\/index.php?rest_route=%2Fwp%2Fv2%2Fcomments&post=838"}],"version-history":[{"count":8,"href":"https:\/\/buechertanz.de\/index.php?rest_route=\/wp\/v2\/pages\/838\/revisions"}],"predecessor-version":[{"id":4238,"href":"https:\/\/buechertanz.de\/index.php?rest_route=\/wp\/v2\/pages\/838\/revisions\/4238"}],"wp:attachment":[{"href":"https:\/\/buechertanz.de\/index.php?rest_route=%2Fwp%2Fv2%2Fmedia&parent=838"}],"curies":[{"name":"wp","href":"https:\/\/api.w.org\/{rel}","templated":true}]}}