{"id":839,"date":"2019-10-06T16:15:08","date_gmt":"2019-10-06T15:15:08","guid":{"rendered":"http:\/\/buechertanz.de\/?page_id=839"},"modified":"2022-03-31T08:00:17","modified_gmt":"2022-03-31T07:00:17","slug":"gelesen-september-2019","status":"publish","type":"page","link":"https:\/\/buechertanz.de\/?page_id=839","title":{"rendered":"Gelesen September 2019"},"content":{"rendered":"\n<p class=\"has-drop-cap has-small-font-size\">Hier seht ihr die B\u00fccher, die ich im September 2019 gelesen habe und ihr bekommt einen ersten Eindruck. Die ausf\u00fchrlichen Rezensionen folgen.<br>Falls es schon eine Rezension auf meinem Blog gibt, gelangt ihr mit einem Klick auf den Titel direkt bei der Rezension.<\/p>\n\n\n\n<div class=\"wp-block-image\"><figure class=\"aligncenter is-resized\"><img loading=\"lazy\" decoding=\"async\" src=\"https:\/\/buechertanz.de\/wp-content\/uploads\/2019\/10\/09-September-2019-768x1024.jpg\" alt=\"\" class=\"wp-image-849\" width=\"392\" height=\"523\" srcset=\"https:\/\/buechertanz.de\/wp-content\/uploads\/2019\/10\/09-September-2019-768x1024.jpg 768w, https:\/\/buechertanz.de\/wp-content\/uploads\/2019\/10\/09-September-2019-225x300.jpg 225w, https:\/\/buechertanz.de\/wp-content\/uploads\/2019\/10\/09-September-2019.jpg 1200w\" sizes=\"auto, (max-width: 392px) 100vw, 392px\" \/><figcaption>Gelesene B\u00fccher September 2019:<br>&#8211; Vier B\u00fccher<br>&#8211; 2.110 Seiten<\/figcaption><\/figure><\/div>\n\n\n\n<p class=\"has-small-font-size\">__<br><br><strong>Helene Sommerfeld: &#8222;Die \u00c4rztin &#8211; Das Licht der Welt\u201c<\/strong><br><strong>erschienen am 24. April  2018<br>Rowohlt, ISBN:978-3499273995<br>Klappentext:<\/strong><br>\u201eBrandenburg, 1876: Aufgewachsen auf Schloss Freystetten als Tochter des G\u00e4rtners, scheint der Weg des 13-j\u00e4hrigen M\u00e4dchens Ricarda vorgezeichnet. Ihr Schicksal wendet sich schlagartig als sie der Tochter des Grafen das Leben rettet. Zum Dank darf das M\u00e4dchen bei Komtess Henriette in Berlin leben. In ihrem imposanten Domizil Unter den Linden gehen die Damen der Gesellschaft ein und aus. Aber schon bald lernt Ricarda die Schattenseiten der Kaiserstadt kennen: In den Armenvierteln kommen Kinder in schmutzigen Hinterh\u00f6fen zur Welt, erkrankte Frauen k\u00f6nnen sich keine Behandlung leisten. Mit der Zeit w\u00e4chst in Ricarda der Wunsch, jenen zu helfen, um die sich kein Arzt k\u00fcmmert. Ein Medizinstudium ist Frauen in Deutschland verboten, doch Ricarda will f\u00fcr ihren Traum k\u00e4mpfen. Da macht ihre Liebe zu einem Studenten pl\u00f6tzlich alles noch komplizierter&#8230;\u201c<br><br><strong>Meine Meinung:<\/strong><br>Das Buch hat mich sehr begeistert. Der Inhalt ist so v\u00f6llig anders, als das kitschige Cover vermuten l\u00e4sst. Teilweise musste ich das Buch zur Seite legen und tief durchatmen. Unvorstellbar, was die Menschen damals ertragen haben.<br><\/p>\n\n\n\n<p class=\"has-small-font-size\">__<br><br><strong>Helene Sommerfeld: \u201eDie \u00c4rztin &#8211; St\u00fcrme des Lebens\u201c<\/strong><br><strong>erschienen am 20. November 2018<\/strong><br><strong>Rowohlt, ISBN:  978-3499274008 <br><\/strong><br><strong>Klappentext:<\/strong><br>\u201e M\u00fcnchen 1890: Die junge \u00c4rztin Ricarda f\u00fchrt mit Brauereierbe Georg und Tochter Henny fern der Berliner Heimat ein beschauliches Leben. Mit der Er\u00f6ffnung einer eigenen Praxis scheint sich ihr gr\u00f6\u00dfter Traum zu erf\u00fcllen. Doch kaum jemand nimmt die erste \u00c4rztin der Stadt ernst. Als eine Diphtheriewelle M\u00fcnchen erfasst und der &#8222;W\u00fcrgeengel&#8220; Hunderte von Kinderleben fordert, l\u00e4uft Ricarda gegen Mauern. Denn ihre m\u00e4nnlichen Kollegen halten das vielversprechende neue Heilmittel Emil von Behrings f\u00fcr Humbug. Die \u00c4rztin ist entschlossen, f\u00fcr ihre \u00dcberzeugung und ihre Patienten zu k\u00e4mpfen. Bis ein Geheimnis aus ihrer Vergangenheit Ricarda alles zu nehmen droht, was ihr am Herzen liegt. Ein Geheimnis, dessen dunkle Kraft auch die n\u00e4chste Generation bestimmen wird.&#8220;<br><br><strong>Meine Meinung:<\/strong><br>Eine wunderbare Fortsetzung. Sch\u00f6ner, leichter Schreibstil, aber trotzdem ein grandioser Inhalt, der mich atemlos zur\u00fcck gelassen hat.<\/p>\n\n\n\n<p class=\"has-small-font-size\">__<br><br><strong>Melanie Metzenthin: \u201e<a href=\"https:\/\/buechertanz.de\/?p=791\" target=\"_blank\" rel=\"noreferrer noopener\">Die Hafenschwester &#8211; Als wir zu tr\u00e4umen wagten<\/a>\u201c<br>erschienen am 09. September 2019<br>Diana, ISBN-13:\u00a0978-3453292338<br><\/strong><br><br><strong>Klappentext:<\/strong><br>\u201eDie Cholera ersch\u00fcttert die Stadt an der Elbe uns fordert Tausende Opfer. Als ihre Mutter stirbt, muss Martha das \u00dcberleben ihrer Familie sichern. Die junge Frau aus dem armen G\u00e4ngeviertel ergattert eine Lehrstelle am Eppendorfer Krankenhaus und arbeitet sich hoch. W\u00e4hrend den \u00c4rzten die Zeit davon l\u00e4uft, ist Hamburg im politischen Umbruch: Hafenarbeiter streiken, und die Frauen streiten ums Wahlrecht. Martha schlie\u00dft sich der Frauenbewegung an, doch gleichzeitig f\u00fchrt sie einen pers\u00f6nlichen Kampf. Denn sie hat nicht nur ihre Leidenschaft f\u00fcr die Medizin entdeckt, sondern &#8211; gegen die strengen Regeln am Krankenhaus &#8211; auch die Liebe zu einem jungen Mann.\u201c<br><br><strong>Meine Meinung:<br><\/strong>Dieses Buch hat mich so unendlich begeistert. <a href=\"https:\/\/buechertanz.de\/?p=791\">Hier<\/a> findet ihr meine Rezension.<\/p>\n\n\n\n<p class=\"has-small-font-size\">__<br><br><strong>Brigitte Riebe: &#8222;<a href=\"https:\/\/buechertanz.de\/?p=805\" target=\"_blank\" rel=\"noreferrer noopener\">Die Schwestern vom Ku&#8217;damm &#8211; Wunderbare Zeiten<\/a>\u201c<br>erschienen am 17. September 2019<br>Rowohlt, ISBN: \u00a0978-3805203340<\/strong><br><strong><br>Klappentext<\/strong>:<br>\u201e Berlin, 1952: Man muss das Leben tanzen, das war schon immer Silvie Thalheims Motto. W\u00e4hrend f\u00fcr Schwester Rike das Kaufhaus am Ku&#8217;damm an erster Stelle steht, will Silvie nach der dunklen Zeit des Krieges nur eins: das Leben in vollen Z\u00fcgen genie\u00dfen. In den Wirtschaftswunderjahren laufen die Gesch\u00e4fte ohnehin bestens, das Kaufhaus Thalheim bietet die neueste Mode an. Petticoats und Nylonstr\u00fcmpfe, dazu feine Kollektionen aus Italien. So tr\u00e4umt Silvie ihren eigenen Traum: als Rundfunkredakteurin beim RIAS Karriere zu machen.<br>Doch seit ihr Zwillingsbruder aus dem Krieg heimgekehrt ist, hat sich die Dynamik in der Familie ver\u00e4ndert. Oskar soll das Unternehmens leiten, gibt sich aber lieber dem Rausch durchfeierter N\u00e4chte hin. Als dann auch noch ein verhasster Konkurrent die Gesch\u00e4fte torpediert und den Thalheims alles zu nehmen droht, wird Silvie klar, dass sie Verantwortung f\u00fcr das Kaufhaus und ihre Familie \u00fcbernehmen muss\u2026 \u201c<br><br><strong>Meine Meinung:<br><\/strong>Endlich, endlich der zweite Teil der grandiosen Reihe rund um die Familie Thalheim. <a href=\"https:\/\/buechertanz.de\/?p=805\">Hier<\/a> findet ihr meine Rezension.<\/p>\n\n\n\n<p>__<\/p>\n\n\n\n<div class=\"wp-block-image\"><figure class=\"aligncenter is-resized\"><img loading=\"lazy\" decoding=\"async\" src=\"https:\/\/buechertanz.de\/wp-content\/uploads\/2019\/03\/Blume-5.png\" alt=\"\" class=\"wp-image-367\" width=\"214\" height=\"247\" srcset=\"https:\/\/buechertanz.de\/wp-content\/uploads\/2019\/03\/Blume-5.png 264w, https:\/\/buechertanz.de\/wp-content\/uploads\/2019\/03\/Blume-5-260x300.png 260w\" sizes=\"auto, (max-width: 214px) 100vw, 214px\" \/><\/figure><\/div>\n\n\n\n<p><br><\/p>\n","protected":false},"excerpt":{"rendered":"<p>Hier seht ihr die B\u00fccher, die ich im September 2019 gelesen habe und ihr bekommt einen ersten Eindruck. Die ausf\u00fchrlichen Rezensionen folgen.Falls es schon eine Rezension auf meinem Blog gibt, gelangt ihr mit einem Klick auf den Titel direkt bei der Rezension. __ Helene Sommerfeld: &#8222;Die \u00c4rztin &#8211; Das Licht der Welt\u201cerschienen am 24. April &hellip; <a href=\"https:\/\/buechertanz.de\/?page_id=839\" class=\"more-link\"><span class=\"screen-reader-text\">Gelesen September 2019<\/span> weiterlesen<\/a><\/p>\n","protected":false},"author":2,"featured_media":0,"parent":0,"menu_order":0,"comment_status":"open","ping_status":"closed","template":"","meta":{"footnotes":""},"class_list":["post-839","page","type-page","status-publish","hentry"],"_links":{"self":[{"href":"https:\/\/buechertanz.de\/index.php?rest_route=\/wp\/v2\/pages\/839","targetHints":{"allow":["GET"]}}],"collection":[{"href":"https:\/\/buechertanz.de\/index.php?rest_route=\/wp\/v2\/pages"}],"about":[{"href":"https:\/\/buechertanz.de\/index.php?rest_route=\/wp\/v2\/types\/page"}],"author":[{"embeddable":true,"href":"https:\/\/buechertanz.de\/index.php?rest_route=\/wp\/v2\/users\/2"}],"replies":[{"embeddable":true,"href":"https:\/\/buechertanz.de\/index.php?rest_route=%2Fwp%2Fv2%2Fcomments&post=839"}],"version-history":[{"count":5,"href":"https:\/\/buechertanz.de\/index.php?rest_route=\/wp\/v2\/pages\/839\/revisions"}],"predecessor-version":[{"id":2989,"href":"https:\/\/buechertanz.de\/index.php?rest_route=\/wp\/v2\/pages\/839\/revisions\/2989"}],"wp:attachment":[{"href":"https:\/\/buechertanz.de\/index.php?rest_route=%2Fwp%2Fv2%2Fmedia&parent=839"}],"curies":[{"name":"wp","href":"https:\/\/api.w.org\/{rel}","templated":true}]}}