{"id":8394,"date":"2025-01-30T21:06:46","date_gmt":"2025-01-30T20:06:46","guid":{"rendered":"https:\/\/buechertanz.de\/?page_id=8394"},"modified":"2025-11-14T18:41:35","modified_gmt":"2025-11-14T17:41:35","slug":"neuzugaenge-januar-2025","status":"publish","type":"page","link":"https:\/\/buechertanz.de\/?page_id=8394","title":{"rendered":"Neuzug\u00e4nge Januar 2025"},"content":{"rendered":"\n<p class=\"has-drop-cap has-small-font-size\">Im&nbsp;<strong>Januar 2025<\/strong>&nbsp;sind insgesamt&nbsp;<strong>21 B\u00fccher&nbsp;<\/strong>hier eingezogen:<br>Drei Rezensionsexemplare (drei Prints), ein Geschenk (Print) und 17 neue B\u00fccher (drei Prints, vierzehn eBooks). <br>Herzlichen Dank an die Autorinnen Kristina Herzog, Lilli Beck und Bettina Storks und an den Heyne Verlag f\u00fcr die Rezensionsexemplare. Und Danke an die Autorin Carola Schark f\u00fcr das Geschenk. <br>Falls es schon ausf\u00fchrlichen Rezensionen gibt, gelangt ihr mit einem Klick auf den Titel dorthin.<br>Ich freue mich schon auf viele gem\u00fctliche Lesestunden und w\u00fcnsche euch viel Spa\u00df beim St\u00f6bern.<br>Eure<\/p>\n\n\n\n<figure class=\"wp-block-image size-large is-resized\"><img loading=\"lazy\" decoding=\"async\" width=\"1024\" height=\"404\" src=\"https:\/\/buechertanz.de\/wp-content\/uploads\/2024\/06\/Unterschrift-1024x404.jpg\" alt=\"\" class=\"wp-image-7473\" style=\"width:180px;height:auto\" srcset=\"https:\/\/buechertanz.de\/wp-content\/uploads\/2024\/06\/Unterschrift-1024x404.jpg 1024w, https:\/\/buechertanz.de\/wp-content\/uploads\/2024\/06\/Unterschrift-300x118.jpg 300w, https:\/\/buechertanz.de\/wp-content\/uploads\/2024\/06\/Unterschrift-768x303.jpg 768w, https:\/\/buechertanz.de\/wp-content\/uploads\/2024\/06\/Unterschrift.jpg 1500w\" sizes=\"auto, (max-width: 1024px) 100vw, 1024px\" \/><\/figure>\n\n\n<div class=\"wp-block-image\">\n<figure class=\"aligncenter size-full is-resized\"><img loading=\"lazy\" decoding=\"async\" width=\"804\" height=\"804\" src=\"https:\/\/buechertanz.de\/wp-content\/uploads\/2025\/01\/01-Januar_komplett_komp.jpg\" alt=\"\" class=\"wp-image-8418\" style=\"width:392px;height:auto\" srcset=\"https:\/\/buechertanz.de\/wp-content\/uploads\/2025\/01\/01-Januar_komplett_komp.jpg 804w, https:\/\/buechertanz.de\/wp-content\/uploads\/2025\/01\/01-Januar_komplett_komp-300x300.jpg 300w, https:\/\/buechertanz.de\/wp-content\/uploads\/2025\/01\/01-Januar_komplett_komp-150x150.jpg 150w, https:\/\/buechertanz.de\/wp-content\/uploads\/2025\/01\/01-Januar_komplett_komp-768x768.jpg 768w\" sizes=\"auto, (max-width: 804px) 100vw, 804px\" \/><\/figure><\/div>\n\n\n<p class=\"has-text-align-center\" style=\"font-size:11px\"><em>Meine neuen Seitlinge vom Januar 2025<\/em><\/p>\n\n\n\n<p>_<\/p>\n\n\n\n<div class=\"wp-block-media-text is-vertically-aligned-center\"><figure class=\"wp-block-media-text__media\"><img loading=\"lazy\" decoding=\"async\" width=\"804\" height=\"804\" src=\"https:\/\/buechertanz.de\/wp-content\/uploads\/2025\/01\/01-Januar-2025_-Rezensionsexemplare_komp.jpg\" alt=\"\" class=\"wp-image-8419 size-full\" srcset=\"https:\/\/buechertanz.de\/wp-content\/uploads\/2025\/01\/01-Januar-2025_-Rezensionsexemplare_komp.jpg 804w, https:\/\/buechertanz.de\/wp-content\/uploads\/2025\/01\/01-Januar-2025_-Rezensionsexemplare_komp-300x300.jpg 300w, https:\/\/buechertanz.de\/wp-content\/uploads\/2025\/01\/01-Januar-2025_-Rezensionsexemplare_komp-150x150.jpg 150w, https:\/\/buechertanz.de\/wp-content\/uploads\/2025\/01\/01-Januar-2025_-Rezensionsexemplare_komp-768x768.jpg 768w\" sizes=\"auto, (max-width: 804px) 100vw, 804px\" \/><\/figure><div class=\"wp-block-media-text__content\">\n<p class=\"has-drop-cap has-small-font-size\"><strong>Rezensionsexemplare:<\/strong><\/p>\n\n\n\n<p class=\"has-small-font-size\"><\/p>\n\n\n\n<p class=\"has-small-font-size\"><\/p>\n\n\n\n<ul class=\"wp-block-list\">\n<li class=\"has-small-font-size\">Kristina Herzog: <em><a href=\"https:\/\/buechertanz.de\/?p=8369\" target=\"_blank\" rel=\"noreferrer noopener\">&#8222;Ein fast fehlerloser Prinz &#8211; Die Cossin-Saga&#8220;<\/a><\/em><\/li>\n\n\n\n<li class=\"has-small-font-size\">Lilli Beck: <em><a href=\"https:\/\/buechertanz.de\/?p=8440\" target=\"_blank\" rel=\"noreferrer noopener\">&#8222;Die Zuverl\u00e4ssigkeit des Zufalls&#8220;<\/a><\/em><\/li>\n\n\n\n<li class=\"has-small-font-size\">Bettina Storks: <em><a href=\"https:\/\/buechertanz.de\/?p=8356\" target=\"_blank\" rel=\"noreferrer noopener\">&#8222;Die Schwestern von Krakau&#8220;<\/a><\/em><\/li>\n<\/ul>\n\n\n\n<p class=\"has-drop-cap has-small-font-size\"><strong>Geschenk: <\/strong><\/p>\n\n\n\n<p class=\"has-small-font-size\"><\/p>\n\n\n\n<p class=\"has-small-font-size\"><\/p>\n\n\n\n<ul class=\"wp-block-list\">\n<li class=\"has-small-font-size\">Carola Schark: <em>&#8222;Dem Vergessen entrei\u00dfen&#8220;<\/em><\/li>\n<\/ul>\n<\/div><\/div>\n\n\n\n<p>_<\/p>\n\n\n\n<div class=\"wp-block-media-text has-media-on-the-right\"><div class=\"wp-block-media-text__content\">\n<p class=\"has-drop-cap has-small-font-size\"><strong>Neue B\u00fccher:<\/strong><\/p>\n\n\n\n<p class=\"has-small-font-size\"><\/p>\n\n\n\n<ul class=\"wp-block-list\">\n<li class=\"has-small-font-size\"><a href=\"https:\/\/buechertanz.de\/?p=9777\" target=\"_blank\" rel=\"noreferrer noopener\">Rachel Soost: <em>&#8222;Bernie und Luise&#8220;<\/em><\/a><em> <\/em>(eBook)<\/li>\n\n\n\n<li class=\"has-small-font-size\">Katrin Tempel: <em>&#8222;Die Zeitungsdynastie &#8211; Verlorene Heimat&#8220;<\/em> (eBook)<\/li>\n\n\n\n<li class=\"has-small-font-size\">Jeanette Limbeck: <em>&#8222;Die Farben der Revolution&#8220;<\/em> (eBook)<\/li>\n\n\n\n<li class=\"has-small-font-size\">Ada Caine: <em>&#8222;Die Oblatenb\u00e4ckerin &#8211; Flucht nach Karlsbad&#8220; <\/em>(eBook)<\/li>\n\n\n\n<li class=\"has-small-font-size\">Serena Avanlea: <em>&#8222;Zeit der wilden Rosen&#8220; <\/em>(eBook) &amp; <em>&#8222;Zeit der wei\u00dfen Lilien&#8220; <\/em>(eBook)<\/li>\n\n\n\n<li class=\"has-small-font-size\">Melanie Metzenthin: <em>&#8222;Wer aus dem Schatten tritt&#8220; <\/em>(eBook)<\/li>\n\n\n\n<li class=\"has-small-font-size\">Sibel Daniel: <em>&#8222;B\u00fcndnis der Herzen&#8220; <\/em>(eBook) &amp; <em>&#8222;B\u00fcndnis der Hoffnung&#8220; <\/em>(eBook)<\/li>\n\n\n\n<li class=\"has-small-font-size\">Mac P. Lorne: <em>&#8222;Der Herzog von Aquitanien&#8220; <\/em>(eBook)<\/li>\n\n\n\n<li class=\"has-small-font-size\">Marie Adams: <em>&#8222;Die Bibliothek der zweiten Chancen&#8220;<\/em><\/li>\n\n\n\n<li class=\"has-small-font-size\">Eva-Maria Bast: <em>&#8222;Der Traum des Louis Vuitton&#8220;<\/em> (eBook)<\/li>\n\n\n\n<li class=\"has-small-font-size\">Annette Hess: <em>&#8222;Deutsches Haus&#8220; <\/em>(eBook)<\/li>\n\n\n\n<li class=\"has-small-font-size\">Patrick van Odijk: <em>&#8222;Der falsche Vermeer&#8220;<\/em><\/li>\n\n\n\n<li class=\"has-small-font-size\">Anna Claire: <em>&#8222;Die Gl\u00fccksfrauen &#8211; Das Geheimnis der Rosen&#8220;<\/em><\/li>\n\n\n\n<li class=\"has-small-font-size\">Jaane Janssen: <em>&#8222;Die Spur der Sehnsucht&#8220; <\/em>(eBook)<\/li>\n\n\n\n<li class=\"has-small-font-size\">Linda Winterberg: <em>&#8222;Solange die Hoffnung uns geh\u00f6rt&#8220; <\/em>(eBook)<\/li>\n<\/ul>\n<\/div><figure class=\"wp-block-media-text__media\"><img loading=\"lazy\" decoding=\"async\" width=\"689\" height=\"689\" src=\"https:\/\/buechertanz.de\/wp-content\/uploads\/2025\/01\/01-Januar_Gekaufte-Buecher_komp.jpg\" alt=\"\" class=\"wp-image-8420 size-full\" srcset=\"https:\/\/buechertanz.de\/wp-content\/uploads\/2025\/01\/01-Januar_Gekaufte-Buecher_komp.jpg 689w, https:\/\/buechertanz.de\/wp-content\/uploads\/2025\/01\/01-Januar_Gekaufte-Buecher_komp-300x300.jpg 300w, https:\/\/buechertanz.de\/wp-content\/uploads\/2025\/01\/01-Januar_Gekaufte-Buecher_komp-150x150.jpg 150w\" sizes=\"auto, (max-width: 689px) 100vw, 689px\" \/><\/figure><\/div>\n\n\n\n<p>_<\/p>\n","protected":false},"excerpt":{"rendered":"<p>Im&nbsp;Januar 2025&nbsp;sind insgesamt&nbsp;21 B\u00fccher&nbsp;hier eingezogen:Drei Rezensionsexemplare (drei Prints), ein Geschenk (Print) und 17 neue B\u00fccher (drei Prints, vierzehn eBooks). Herzlichen Dank an die Autorinnen Kristina Herzog, Lilli Beck und Bettina Storks und an den Heyne Verlag f\u00fcr die Rezensionsexemplare. Und Danke an die Autorin Carola Schark f\u00fcr das Geschenk. Falls es schon ausf\u00fchrlichen Rezensionen gibt, &hellip; <a href=\"https:\/\/buechertanz.de\/?page_id=8394\" class=\"more-link\"><span class=\"screen-reader-text\">Neuzug\u00e4nge Januar 2025<\/span> weiterlesen<\/a><\/p>\n","protected":false},"author":2,"featured_media":0,"parent":0,"menu_order":0,"comment_status":"open","ping_status":"closed","template":"","meta":{"footnotes":""},"class_list":["post-8394","page","type-page","status-publish","hentry"],"_links":{"self":[{"href":"https:\/\/buechertanz.de\/index.php?rest_route=\/wp\/v2\/pages\/8394","targetHints":{"allow":["GET"]}}],"collection":[{"href":"https:\/\/buechertanz.de\/index.php?rest_route=\/wp\/v2\/pages"}],"about":[{"href":"https:\/\/buechertanz.de\/index.php?rest_route=\/wp\/v2\/types\/page"}],"author":[{"embeddable":true,"href":"https:\/\/buechertanz.de\/index.php?rest_route=\/wp\/v2\/users\/2"}],"replies":[{"embeddable":true,"href":"https:\/\/buechertanz.de\/index.php?rest_route=%2Fwp%2Fv2%2Fcomments&post=8394"}],"version-history":[{"count":9,"href":"https:\/\/buechertanz.de\/index.php?rest_route=\/wp\/v2\/pages\/8394\/revisions"}],"predecessor-version":[{"id":9785,"href":"https:\/\/buechertanz.de\/index.php?rest_route=\/wp\/v2\/pages\/8394\/revisions\/9785"}],"wp:attachment":[{"href":"https:\/\/buechertanz.de\/index.php?rest_route=%2Fwp%2Fv2%2Fmedia&parent=8394"}],"curies":[{"name":"wp","href":"https:\/\/api.w.org\/{rel}","templated":true}]}}