{"id":8395,"date":"2025-01-30T21:06:46","date_gmt":"2025-01-30T20:06:46","guid":{"rendered":"https:\/\/buechertanz.de\/?page_id=8395"},"modified":"2025-11-14T18:40:51","modified_gmt":"2025-11-14T17:40:51","slug":"gelesen-januar-2025","status":"publish","type":"page","link":"https:\/\/buechertanz.de\/?page_id=8395","title":{"rendered":"Gelesen Januar 2025"},"content":{"rendered":"\n<p class=\"has-drop-cap has-small-font-size\">Im <strong>Januar 2025<\/strong> habe ich&nbsp;<strong>sechs B\u00fccher<\/strong>&nbsp;mit insgesamt&nbsp;<strong>2.371 Seiten<\/strong>&nbsp;gelesen.<br>Es waren zwei Rezensionsexemplare (zwei Prints) und vier selbst gekaufte B\u00fccher (zwei Prints &amp; zwei ebooks).<br>Herzlichen Dank an die Autorinnen Kristina Herzog und Bettina Storks und an den Heyne Verlag f\u00fcr die Zusendung und Bereitstellung ihrer B\u00fccher als Rezensionsexemplare.<\/p>\n\n\n\n<p class=\"has-small-font-size\">Viel Spa\u00df beim Schm\u00f6kern, eure<\/p>\n\n\n\n<figure class=\"wp-block-image size-large is-resized\"><img loading=\"lazy\" decoding=\"async\" width=\"1024\" height=\"404\" src=\"https:\/\/buechertanz.de\/wp-content\/uploads\/2024\/06\/Unterschrift-1024x404.jpg\" alt=\"\" class=\"wp-image-7473\" style=\"width:195px;height:auto\" srcset=\"https:\/\/buechertanz.de\/wp-content\/uploads\/2024\/06\/Unterschrift-1024x404.jpg 1024w, https:\/\/buechertanz.de\/wp-content\/uploads\/2024\/06\/Unterschrift-300x118.jpg 300w, https:\/\/buechertanz.de\/wp-content\/uploads\/2024\/06\/Unterschrift-768x303.jpg 768w, https:\/\/buechertanz.de\/wp-content\/uploads\/2024\/06\/Unterschrift.jpg 1500w\" sizes=\"auto, (max-width: 1024px) 100vw, 1024px\" \/><\/figure>\n\n\n<div class=\"wp-block-image\">\n<figure class=\"aligncenter size-full is-resized\"><img loading=\"lazy\" decoding=\"async\" width=\"758\" height=\"758\" src=\"https:\/\/buechertanz.de\/wp-content\/uploads\/2025\/01\/01-Januar-2025_komp.jpg\" alt=\"\" class=\"wp-image-8415\" style=\"width:386px;height:auto\" srcset=\"https:\/\/buechertanz.de\/wp-content\/uploads\/2025\/01\/01-Januar-2025_komp.jpg 758w, https:\/\/buechertanz.de\/wp-content\/uploads\/2025\/01\/01-Januar-2025_komp-300x300.jpg 300w, https:\/\/buechertanz.de\/wp-content\/uploads\/2025\/01\/01-Januar-2025_komp-150x150.jpg 150w\" sizes=\"auto, (max-width: 758px) 100vw, 758px\" \/><\/figure><\/div>\n\n\n<p class=\"has-text-align-center\" style=\"font-size:11px\"><em>Meine gelesenen B\u00fccher im Januar 2025<\/em><\/p>\n\n\n\n<p>_<\/p>\n\n\n\n<div class=\"wp-block-media-text is-vertically-aligned-center\" style=\"grid-template-columns:25% auto\"><figure class=\"wp-block-media-text__media\"><img loading=\"lazy\" decoding=\"async\" width=\"279\" height=\"445\" src=\"https:\/\/buechertanz.de\/wp-content\/uploads\/2024\/12\/01-Die-Leuchttuerme-der-Stevensons.jpg\" alt=\"\" class=\"wp-image-8339 size-full\" srcset=\"https:\/\/buechertanz.de\/wp-content\/uploads\/2024\/12\/01-Die-Leuchttuerme-der-Stevensons.jpg 279w, https:\/\/buechertanz.de\/wp-content\/uploads\/2024\/12\/01-Die-Leuchttuerme-der-Stevensons-188x300.jpg 188w\" sizes=\"auto, (max-width: 279px) 100vw, 279px\" \/><\/figure><div class=\"wp-block-media-text__content\">\n<p class=\"has-small-font-size\">Das neue Lesejahr h\u00e4tte nicht besser beginnen k\u00f6nnen: <strong><em>&#8222;Die Leuchtt\u00fcrme der Stevensons&#8220;<\/em><\/strong> von Sabine Weiss:<br>Die Autorin zeichnet das Leben von Robert Louis Stevenson nachvollziehbar und verst\u00e4ndlich nach. Ja&#8230; mitunter wurde ich w\u00e4hrend des Lesens echt w\u00fctend &#8211; w\u00fctend dar\u00fcber, wie \u00fcber Louis und sein Leben bestimmt wurde, vor allem von seinem Vater. Selbstbestimmung? Selbstverwirklichung? Das gibt es f\u00fcr diesen jungen und sympathischen Mann nicht, der mich mit seiner Authentizit\u00e4t und seiner wechselvollen Geschichte absolut \u00fcberzeugt hat. Auch die vielen anderen vielseitigen und vielf\u00e4ltigen (und gr\u00f6\u00dftenteils historischen) Figuren konnten mich mitnehmen. Sie alle bilden mit ihren Hintergr\u00fcnden und Entwicklungen eine gro\u00dfe und unvergessliche Geschichte. Sehr lesenswert!<br><\/p>\n<\/div><\/div>\n\n\n\n<p>_<\/p>\n\n\n\n<div class=\"wp-block-media-text has-media-on-the-right is-vertically-aligned-center\" style=\"grid-template-columns:auto 25%\"><div class=\"wp-block-media-text__content\">\n<p class=\"has-small-font-size\">Weiter ging es mit dem Buch <strong><em><a href=\"https:\/\/buechertanz.de\/?p=9777\" target=\"_blank\" rel=\"noreferrer noopener\">&#8222;Bernie und Luise &#8211; Die vergessene Geschichte einer j\u00fcdischen Familie&#8220; <\/a><\/em><\/strong>von Rachel Soost. Dieses Buch habe ich tief ber\u00fchrt und mit Tr\u00e4nen in den Augen beendet.<br>Das Buch hat 368 Seiten, die ich innerhalb von drei Tagen gelesen habe&#8230; und ich habe das Gef\u00fchl mindestens drei B\u00fccher gelesen zu haben. Es ist eine so gro\u00dfe und intensive Geschichte, die mich mitgenommen und bewegt hat. <br>Ein wichtiges und unvergessliches Buch, welches mit Sicherheit noch lange&#8230; lange nachklingen wird. Ganz gro\u00dfe Lese-Empfehlung.<\/p>\n<\/div><figure class=\"wp-block-media-text__media\"><img loading=\"lazy\" decoding=\"async\" width=\"294\" height=\"445\" src=\"https:\/\/buechertanz.de\/wp-content\/uploads\/2025\/01\/02-Bernie-und-Luise-Die-vergessene-Geschichte-einer-juedischen-Familie-Band-1.jpg\" alt=\"\" class=\"wp-image-8343 size-full\" srcset=\"https:\/\/buechertanz.de\/wp-content\/uploads\/2025\/01\/02-Bernie-und-Luise-Die-vergessene-Geschichte-einer-juedischen-Familie-Band-1.jpg 294w, https:\/\/buechertanz.de\/wp-content\/uploads\/2025\/01\/02-Bernie-und-Luise-Die-vergessene-Geschichte-einer-juedischen-Familie-Band-1-198x300.jpg 198w\" sizes=\"auto, (max-width: 294px) 100vw, 294px\" \/><\/figure><\/div>\n\n\n\n<p>_<\/p>\n\n\n\n<div class=\"wp-block-media-text is-vertically-aligned-center\" style=\"grid-template-columns:25% auto\"><figure class=\"wp-block-media-text__media\"><img loading=\"lazy\" decoding=\"async\" width=\"311\" height=\"466\" src=\"https:\/\/buechertanz.de\/wp-content\/uploads\/2025\/01\/03-Ein-fast-fehlerloser-Prinz-Die-Cossin-Saga.jpg\" alt=\"\" class=\"wp-image-8348 size-full\" srcset=\"https:\/\/buechertanz.de\/wp-content\/uploads\/2025\/01\/03-Ein-fast-fehlerloser-Prinz-Die-Cossin-Saga.jpg 311w, https:\/\/buechertanz.de\/wp-content\/uploads\/2025\/01\/03-Ein-fast-fehlerloser-Prinz-Die-Cossin-Saga-200x300.jpg 200w\" sizes=\"auto, (max-width: 311px) 100vw, 311px\" \/><\/figure><div class=\"wp-block-media-text__content\">\n<p class=\"has-small-font-size\">Das Buch <strong><em>&#8222;Ein fast fehlerloser Prinz &#8211; Die Cossin-Saga&#8220; <\/em><\/strong>von Kristina Herzog erscheint am 04. Februar 2025. Bis dahin m\u00f6chte ich an dieser Stelle noch nichts verraten &#8211; meine ausf\u00fchrliche Rezension geht am Erscheinungstag online.<\/p>\n<\/div><\/div>\n\n\n\n<p>_<\/p>\n\n\n\n<div class=\"wp-block-media-text has-media-on-the-right is-vertically-aligned-center\" style=\"grid-template-columns:auto 25%\"><div class=\"wp-block-media-text__content\">\n<p class=\"has-small-font-size\">Vergangenen Sommer wurde mir eine gro\u00dfe Ehre zu teil: Ich durfte das Buch <strong><em><a href=\"https:\/\/buechertanz.de\/?p=8356\" target=\"_blank\" rel=\"noreferrer noopener\">&#8222;Die Schwestern von Krakau&#8220;<\/a><\/em><\/strong> von Bettina Storks testlesen. Ich war unglaublich nerv\u00f6s, da ich so etwas noch nie zuvor gemacht hatte.<br>Und was soll ich sagen? Diese Geschichte hat mich ab der ersten Seite mitgerissen und sehr sehr sehr ber\u00fchrt. Ein wahrlich unvergessliches Buch.<\/p>\n<\/div><figure class=\"wp-block-media-text__media\"><img loading=\"lazy\" decoding=\"async\" width=\"350\" height=\"530\" src=\"https:\/\/buechertanz.de\/wp-content\/uploads\/2025\/01\/03-Die-Schwestern-von-Krakau-1.jpg\" alt=\"\" class=\"wp-image-8357 size-full\" srcset=\"https:\/\/buechertanz.de\/wp-content\/uploads\/2025\/01\/03-Die-Schwestern-von-Krakau-1.jpg 350w, https:\/\/buechertanz.de\/wp-content\/uploads\/2025\/01\/03-Die-Schwestern-von-Krakau-1-198x300.jpg 198w\" sizes=\"auto, (max-width: 350px) 100vw, 350px\" \/><\/figure><\/div>\n\n\n\n<p>_<\/p>\n\n\n\n<div class=\"wp-block-media-text is-vertically-aligned-center\" style=\"grid-template-columns:25% auto\"><figure class=\"wp-block-media-text__media\"><img loading=\"lazy\" decoding=\"async\" width=\"302\" height=\"445\" src=\"https:\/\/buechertanz.de\/wp-content\/uploads\/2025\/01\/05-Wer-aus-dem-Schatten-tritt.jpg\" alt=\"\" class=\"wp-image-8366 size-full\" srcset=\"https:\/\/buechertanz.de\/wp-content\/uploads\/2025\/01\/05-Wer-aus-dem-Schatten-tritt.jpg 302w, https:\/\/buechertanz.de\/wp-content\/uploads\/2025\/01\/05-Wer-aus-dem-Schatten-tritt-204x300.jpg 204w\" sizes=\"auto, (max-width: 302px) 100vw, 302px\" \/><\/figure><div class=\"wp-block-media-text__content\">\n<p class=\"has-small-font-size\">Es folgte das Buch <strong><em>&#8222;Wer aus dem Schatten tritt&#8220; <\/em><\/strong>von Melanie Metzenthin. Ich liebe die B\u00fccher dieser Autorin einfach:<br>Es sind Geschichten mit Hand und Fu\u00df, die unter die Haut gehen, absolut unvergesslich sind und immer wieder meinen Wissens-Horizont erweitern. Dazu die lebensechten Figuren, die eine unglaubliche Tiefe haben &#8211; und auch in diesem Buch spielen ein paar Figuren mit, die aus vorherigen B\u00fcchern der Autorin bekannt sind.<br>Zur Hauptfigur Renate bleibt mir nur zu sagen: Einfach nur \u00fcberzeugend, ich habe sie direkt in mein Herz geschlossen und ich freue mich schon so sehr auf ein Wiedersehen mit ihr im zweiten Band der Reihe. Unbedingt&#8230; aber wirklich unbedingt lesen!<\/p>\n<\/div><\/div>\n\n\n\n<p>_<\/p>\n\n\n\n<div class=\"wp-block-media-text has-media-on-the-right is-vertically-aligned-center\" style=\"grid-template-columns:auto 25%\"><div class=\"wp-block-media-text__content\">\n<p class=\"has-small-font-size\">Den Abschluss des Monats bildete das Buch <em><strong>&#8222;Die Bibliothek der zweiten Chancen&#8220; <\/strong><\/em>von Marie Adams.<br>Was f\u00fcr eine wundersch\u00f6ne Geschichte, in der ich v\u00f6llig abtauchen konnte und in der ich mich als B\u00fcchernarr oft wieder entdeckt habe. Ein eindringliches Pl\u00e4doyer f\u00fcr den Erhalt von \u00f6ffentlichen Bibliotheken &#8211; und daf\u00fcr, die eigenen Tr\u00e4ume nicht aus dem Blick zu verlieren. Wunderbare Handlungsorte, interessante Charaktere und einiges an Romantik und Dramatik &#8211; eine sehr gelungene und ausgezeichnete Mischung. Und ja, es hat mir, wie das Eingangszitat dieses Posts beschreibt, auch Trost gespendet. Es war einfach das richtige Buch zur richtigen Zeit. Sehr sehr lesenswert.<\/p>\n<\/div><figure class=\"wp-block-media-text__media\"><img loading=\"lazy\" decoding=\"async\" width=\"297\" height=\"445\" src=\"https:\/\/buechertanz.de\/wp-content\/uploads\/2025\/01\/06-Die-Bibliothek-der-zweiten-Chancen.jpg\" alt=\"\" class=\"wp-image-8389 size-full\" srcset=\"https:\/\/buechertanz.de\/wp-content\/uploads\/2025\/01\/06-Die-Bibliothek-der-zweiten-Chancen.jpg 297w, https:\/\/buechertanz.de\/wp-content\/uploads\/2025\/01\/06-Die-Bibliothek-der-zweiten-Chancen-200x300.jpg 200w\" sizes=\"auto, (max-width: 297px) 100vw, 297px\" \/><\/figure><\/div>\n\n\n\n<p>_<\/p>\n","protected":false},"excerpt":{"rendered":"<p>Im Januar 2025 habe ich&nbsp;sechs B\u00fccher&nbsp;mit insgesamt&nbsp;2.371 Seiten&nbsp;gelesen.Es waren zwei Rezensionsexemplare (zwei Prints) und vier selbst gekaufte B\u00fccher (zwei Prints &amp; zwei ebooks).Herzlichen Dank an die Autorinnen Kristina Herzog und Bettina Storks und an den Heyne Verlag f\u00fcr die Zusendung und Bereitstellung ihrer B\u00fccher als Rezensionsexemplare. Viel Spa\u00df beim Schm\u00f6kern, eure Meine gelesenen B\u00fccher im &hellip; <a href=\"https:\/\/buechertanz.de\/?page_id=8395\" class=\"more-link\"><span class=\"screen-reader-text\">Gelesen Januar 2025<\/span> weiterlesen<\/a><\/p>\n","protected":false},"author":2,"featured_media":0,"parent":0,"menu_order":0,"comment_status":"open","ping_status":"closed","template":"","meta":{"footnotes":""},"class_list":["post-8395","page","type-page","status-publish","hentry"],"_links":{"self":[{"href":"https:\/\/buechertanz.de\/index.php?rest_route=\/wp\/v2\/pages\/8395","targetHints":{"allow":["GET"]}}],"collection":[{"href":"https:\/\/buechertanz.de\/index.php?rest_route=\/wp\/v2\/pages"}],"about":[{"href":"https:\/\/buechertanz.de\/index.php?rest_route=\/wp\/v2\/types\/page"}],"author":[{"embeddable":true,"href":"https:\/\/buechertanz.de\/index.php?rest_route=\/wp\/v2\/users\/2"}],"replies":[{"embeddable":true,"href":"https:\/\/buechertanz.de\/index.php?rest_route=%2Fwp%2Fv2%2Fcomments&post=8395"}],"version-history":[{"count":5,"href":"https:\/\/buechertanz.de\/index.php?rest_route=\/wp\/v2\/pages\/8395\/revisions"}],"predecessor-version":[{"id":9811,"href":"https:\/\/buechertanz.de\/index.php?rest_route=\/wp\/v2\/pages\/8395\/revisions\/9811"}],"wp:attachment":[{"href":"https:\/\/buechertanz.de\/index.php?rest_route=%2Fwp%2Fv2%2Fmedia&parent=8395"}],"curies":[{"name":"wp","href":"https:\/\/api.w.org\/{rel}","templated":true}]}}