{"id":8535,"date":"2025-02-28T15:36:59","date_gmt":"2025-02-28T14:36:59","guid":{"rendered":"https:\/\/buechertanz.de\/?page_id=8535"},"modified":"2025-03-12T09:17:50","modified_gmt":"2025-03-12T08:17:50","slug":"neuzugaenge-februar-2025","status":"publish","type":"page","link":"https:\/\/buechertanz.de\/?page_id=8535","title":{"rendered":"Neuzug\u00e4nge Februar 2025"},"content":{"rendered":"\n<p class=\"has-drop-cap has-small-font-size\">Im&nbsp;<strong>Februar 2025<\/strong>&nbsp;sind insgesamt&nbsp;<strong>23 B\u00fccher&nbsp;<\/strong>hier eingezogen:<br>Drei Rezensionsexemplare (drei Prints) und 20 neue B\u00fccher (acht Prints, zw\u00f6lf eBooks).<br><br>Herzlichen Dank an die Autorinnen Lia Scott, Dorothe Z\u00fcrcher und Anne Stern und an die Aufbau Verlage f\u00fcr die Rezensionsexemplare und Geschenke. <br>Falls es schon ausf\u00fchrlichen Rezensionen gibt, gelangt ihr mit einem Klick auf den Titel dorthin.<br>Ich freue mich schon auf viele gem\u00fctliche Lesestunden und w\u00fcnsche euch viel Spa\u00df beim St\u00f6bern.<br>Eure<\/p>\n\n\n\n<figure class=\"wp-block-image size-large is-resized\"><img loading=\"lazy\" decoding=\"async\" width=\"1024\" height=\"404\" src=\"https:\/\/buechertanz.de\/wp-content\/uploads\/2024\/06\/Unterschrift-1024x404.jpg\" alt=\"\" class=\"wp-image-7473\" style=\"width:182px;height:auto\" srcset=\"https:\/\/buechertanz.de\/wp-content\/uploads\/2024\/06\/Unterschrift-1024x404.jpg 1024w, https:\/\/buechertanz.de\/wp-content\/uploads\/2024\/06\/Unterschrift-300x118.jpg 300w, https:\/\/buechertanz.de\/wp-content\/uploads\/2024\/06\/Unterschrift-768x303.jpg 768w, https:\/\/buechertanz.de\/wp-content\/uploads\/2024\/06\/Unterschrift.jpg 1500w\" sizes=\"auto, (max-width: 1024px) 100vw, 1024px\" \/><\/figure>\n\n\n<div class=\"wp-block-image\">\n<figure class=\"aligncenter size-full is-resized\"><img loading=\"lazy\" decoding=\"async\" width=\"804\" height=\"804\" src=\"https:\/\/buechertanz.de\/wp-content\/uploads\/2025\/02\/02-Februar_komplett_komp.jpg\" alt=\"\" class=\"wp-image-8554\" style=\"width:370px;height:auto\" srcset=\"https:\/\/buechertanz.de\/wp-content\/uploads\/2025\/02\/02-Februar_komplett_komp.jpg 804w, https:\/\/buechertanz.de\/wp-content\/uploads\/2025\/02\/02-Februar_komplett_komp-300x300.jpg 300w, https:\/\/buechertanz.de\/wp-content\/uploads\/2025\/02\/02-Februar_komplett_komp-150x150.jpg 150w, https:\/\/buechertanz.de\/wp-content\/uploads\/2025\/02\/02-Februar_komplett_komp-768x768.jpg 768w\" sizes=\"auto, (max-width: 804px) 100vw, 804px\" \/><\/figure><\/div>\n\n\n<p>_<\/p>\n\n\n\n<div class=\"wp-block-media-text is-vertically-aligned-center\"><figure class=\"wp-block-media-text__media\"><img loading=\"lazy\" decoding=\"async\" width=\"758\" height=\"758\" src=\"https:\/\/buechertanz.de\/wp-content\/uploads\/2025\/02\/02-Februar-Rezensionsexemplare_komp.jpg\" alt=\"\" class=\"wp-image-8556 size-full\" srcset=\"https:\/\/buechertanz.de\/wp-content\/uploads\/2025\/02\/02-Februar-Rezensionsexemplare_komp.jpg 758w, https:\/\/buechertanz.de\/wp-content\/uploads\/2025\/02\/02-Februar-Rezensionsexemplare_komp-300x300.jpg 300w, https:\/\/buechertanz.de\/wp-content\/uploads\/2025\/02\/02-Februar-Rezensionsexemplare_komp-150x150.jpg 150w\" sizes=\"auto, (max-width: 758px) 100vw, 758px\" \/><\/figure><div class=\"wp-block-media-text__content\">\n<p class=\"has-drop-cap\" style=\"font-size:11px\"><strong>Rezensionsexemplare:<\/strong><\/p>\n\n\n\n<p><\/p>\n\n\n\n<ul class=\"wp-block-list\">\n<li style=\"font-size:11px\">Dorothe Z\u00fcrcher: <em><a href=\"https:\/\/buechertanz.de\/?p=8508\" target=\"_blank\" rel=\"noreferrer noopener\">&#8222;Ein geschwind listig Wib&#8220; <\/a><\/em><\/li>\n\n\n\n<li style=\"font-size:11px\">Anne Stern: <em><a href=\"https:\/\/buechertanz.de\/?p=8563\" target=\"_blank\" rel=\"noreferrer noopener\">&#8222;Wenn die Tage l\u00e4nger werden&#8220;<\/a><\/em><\/li>\n<\/ul>\n\n\n\n<p class=\"has-drop-cap\" style=\"font-size:11px\"><strong>Geschenk: <\/strong><\/p>\n\n\n\n<p><\/p>\n\n\n\n<ul class=\"wp-block-list\">\n<li style=\"font-size:11px\">Lia Scott: <em>&#8222;Sturmjahre &#8211; Ein Traum von morgen&#8220;<\/em><\/li>\n<\/ul>\n<\/div><\/div>\n\n\n\n<p>_<\/p>\n\n\n\n<div class=\"wp-block-media-text has-media-on-the-right is-vertically-aligned-center\"><div class=\"wp-block-media-text__content\">\n<p class=\"has-drop-cap\" style=\"font-size:11px\"><strong>Gekaufte B\u00fccher:<\/strong><\/p>\n\n\n\n<p><\/p>\n\n\n\n<ul class=\"wp-block-list\">\n<li style=\"font-size:11px\">Birgit Jasmund: <em>&#8222;Die Elbflut&#8220;<\/em> (eBook)<\/li>\n\n\n\n<li style=\"font-size:11px\">Laura Baldini: <em>&#8222;Die P\u00e4dagogin der gl\u00fccklichen Kinder&#8220; <\/em>(eBook)<\/li>\n\n\n\n<li style=\"font-size:11px\">Beate R\u00f6sler: <em>Eddas Aufbruch&#8220; <\/em>(eBook)<\/li>\n\n\n\n<li style=\"font-size:11px\">Pam Jenoff: <em>&#8222;Das M\u00e4dchen mit dem blauen Stern&#8220; <\/em>(eBook)<\/li>\n\n\n\n<li style=\"font-size:11px\">Theresia Graw: <em>&#8222;Don&#8217;t kiss Tommy&#8220; <\/em>(eBook)<\/li>\n\n\n\n<li style=\"font-size:11px\">Tanja Huthmacher: <em>&#8222;Zeit der Schwestern &#8211; Apfelbl\u00fctentage&#8220;, &#8222;Zeit der Schwestern &#8211; Kirschsommer&#8220;<\/em> &amp; <em>&#8222;Zeit der Schwestern &#8211; Traubenfest&#8220;<\/em><\/li>\n\n\n\n<li style=\"font-size:11px\">Tabea Bach: <em>&#8222;Weihnachten in der Seidenvilla&#8220;<\/em><\/li>\n\n\n\n<li style=\"font-size:11px\">Susanne Lieder: <em>&#8222;Die Elemente des Lebens&#8220; <\/em>(eBook)<\/li>\n\n\n\n<li style=\"font-size:11px\">Susanne von Berg: <em>&#8222;Das Kaufhaus &#8211; Zeit der Hoffnung&#8220;<\/em><\/li>\n\n\n\n<li style=\"font-size:11px\">Arabella Meran: <em>&#8222;Im Takt ihrer Tr\u00e4ume&#8220;<\/em><\/li>\n\n\n\n<li style=\"font-size:11px\">Margit Steinborn: <em>&#8222;Ein neuer Himmel&#8220; <\/em>(eBook) &amp; <em>&#8222;Ein neuer Horizont&#8220; <\/em>(eBook)<\/li>\n\n\n\n<li style=\"font-size:11px\">Sabine Ebert: <em>&#8222;Der Silberbaum &#8211; Die siebente Tugend&#8220; <\/em><\/li>\n\n\n\n<li style=\"font-size:11px\">Shaun Bythell: <em>&#8222;Bekenntnisse eines Buchh\u00e4ndlers&#8220;<\/em><\/li>\n\n\n\n<li style=\"font-size:11px\">Ellin Carsta: <em>&#8222;Die Falkenbach-Saga &#8211; Der Schutz der Freundschaft&#8220;<\/em><\/li>\n\n\n\n<li style=\"font-size:11px\">Charlotte Lyne: <em>&#8222;Die Adler-Saga &#8211; Das Licht der fr\u00fchen Jahre&#8220; <\/em>(eBook), <em>&#8222;Die Adler-Saga &#8211; Der Glanz der gro\u00dfen Tr\u00e4ume&#8220; <\/em>(eBook) &amp; <em>&#8222;Die Adler-Saga &#8211; Die Sterne der dunklen Nacht&#8220; <\/em>(eBook)<\/li>\n<\/ul>\n<\/div><figure class=\"wp-block-media-text__media\"><img loading=\"lazy\" decoding=\"async\" width=\"712\" height=\"712\" src=\"https:\/\/buechertanz.de\/wp-content\/uploads\/2025\/02\/02-Februar_Gekaufte-Buecher_komp.jpg\" alt=\"\" class=\"wp-image-8557 size-full\" srcset=\"https:\/\/buechertanz.de\/wp-content\/uploads\/2025\/02\/02-Februar_Gekaufte-Buecher_komp.jpg 712w, https:\/\/buechertanz.de\/wp-content\/uploads\/2025\/02\/02-Februar_Gekaufte-Buecher_komp-300x300.jpg 300w, https:\/\/buechertanz.de\/wp-content\/uploads\/2025\/02\/02-Februar_Gekaufte-Buecher_komp-150x150.jpg 150w\" sizes=\"auto, (max-width: 712px) 100vw, 712px\" \/><\/figure><\/div>\n","protected":false},"excerpt":{"rendered":"<p>Im&nbsp;Februar 2025&nbsp;sind insgesamt&nbsp;23 B\u00fccher&nbsp;hier eingezogen:Drei Rezensionsexemplare (drei Prints) und 20 neue B\u00fccher (acht Prints, zw\u00f6lf eBooks). Herzlichen Dank an die Autorinnen Lia Scott, Dorothe Z\u00fcrcher und Anne Stern und an die Aufbau Verlage f\u00fcr die Rezensionsexemplare und Geschenke. Falls es schon ausf\u00fchrlichen Rezensionen gibt, gelangt ihr mit einem Klick auf den Titel dorthin.Ich freue mich &hellip; <a href=\"https:\/\/buechertanz.de\/?page_id=8535\" class=\"more-link\"><span class=\"screen-reader-text\">Neuzug\u00e4nge Februar 2025<\/span> weiterlesen<\/a><\/p>\n","protected":false},"author":2,"featured_media":0,"parent":0,"menu_order":0,"comment_status":"open","ping_status":"closed","template":"","meta":{"footnotes":""},"class_list":["post-8535","page","type-page","status-publish","hentry"],"_links":{"self":[{"href":"https:\/\/buechertanz.de\/index.php?rest_route=\/wp\/v2\/pages\/8535","targetHints":{"allow":["GET"]}}],"collection":[{"href":"https:\/\/buechertanz.de\/index.php?rest_route=\/wp\/v2\/pages"}],"about":[{"href":"https:\/\/buechertanz.de\/index.php?rest_route=\/wp\/v2\/types\/page"}],"author":[{"embeddable":true,"href":"https:\/\/buechertanz.de\/index.php?rest_route=\/wp\/v2\/users\/2"}],"replies":[{"embeddable":true,"href":"https:\/\/buechertanz.de\/index.php?rest_route=%2Fwp%2Fv2%2Fcomments&post=8535"}],"version-history":[{"count":4,"href":"https:\/\/buechertanz.de\/index.php?rest_route=\/wp\/v2\/pages\/8535\/revisions"}],"predecessor-version":[{"id":8625,"href":"https:\/\/buechertanz.de\/index.php?rest_route=\/wp\/v2\/pages\/8535\/revisions\/8625"}],"wp:attachment":[{"href":"https:\/\/buechertanz.de\/index.php?rest_route=%2Fwp%2Fv2%2Fmedia&parent=8535"}],"curies":[{"name":"wp","href":"https:\/\/api.w.org\/{rel}","templated":true}]}}