{"id":8662,"date":"2025-03-31T11:25:40","date_gmt":"2025-03-31T10:25:40","guid":{"rendered":"https:\/\/buechertanz.de\/?page_id=8662"},"modified":"2025-04-10T21:01:19","modified_gmt":"2025-04-10T20:01:19","slug":"gelesen-maerz-2025","status":"publish","type":"page","link":"https:\/\/buechertanz.de\/?page_id=8662","title":{"rendered":"Gelesen M\u00e4rz 2025"},"content":{"rendered":"\n<p class=\"has-drop-cap has-small-font-size\">Im&nbsp;<strong>M\u00e4rz 2025<\/strong>&nbsp;habe ich&nbsp;<strong>acht B\u00fccher<\/strong>&nbsp;mit insgesamt<strong> 3.395 Seiten<\/strong>&nbsp;gelesen.<br>Es waren drei Rezensionsexemplare (drei Prints), ein Manuskript (PDF) und vier weitere B\u00fccher (ein Print &amp; ein drei eBooks).<br>Herzlichen Dank an die Aufbau Verlage, den Gmeiner Verlag, den Penguin Verlag, an die Autorinnen Anne Stern, Simona Wernicke und Maria Nikolai f\u00fcr die Zusendung und Bereitstellung der B\u00fccher als Rezensionsexemplare. <\/p>\n\n\n\n<p class=\"has-small-font-size\">Viel Spa\u00df beim Schm\u00f6kern, eure<\/p>\n\n\n\n<figure class=\"wp-block-image size-large is-resized\"><img loading=\"lazy\" decoding=\"async\" width=\"1024\" height=\"404\" src=\"https:\/\/buechertanz.de\/wp-content\/uploads\/2024\/06\/Unterschrift-1024x404.jpg\" alt=\"\" class=\"wp-image-7473\" style=\"width:146px;height:auto\" srcset=\"https:\/\/buechertanz.de\/wp-content\/uploads\/2024\/06\/Unterschrift-1024x404.jpg 1024w, https:\/\/buechertanz.de\/wp-content\/uploads\/2024\/06\/Unterschrift-300x118.jpg 300w, https:\/\/buechertanz.de\/wp-content\/uploads\/2024\/06\/Unterschrift-768x303.jpg 768w, https:\/\/buechertanz.de\/wp-content\/uploads\/2024\/06\/Unterschrift.jpg 1500w\" sizes=\"auto, (max-width: 1024px) 100vw, 1024px\" \/><\/figure>\n\n\n<div class=\"wp-block-image\">\n<figure class=\"aligncenter size-full is-resized\"><img loading=\"lazy\" decoding=\"async\" width=\"758\" height=\"758\" src=\"https:\/\/buechertanz.de\/wp-content\/uploads\/2025\/03\/03-Maerz_komp.jpg\" alt=\"\" class=\"wp-image-8677\" style=\"width:477px;height:auto\" srcset=\"https:\/\/buechertanz.de\/wp-content\/uploads\/2025\/03\/03-Maerz_komp.jpg 758w, https:\/\/buechertanz.de\/wp-content\/uploads\/2025\/03\/03-Maerz_komp-300x300.jpg 300w, https:\/\/buechertanz.de\/wp-content\/uploads\/2025\/03\/03-Maerz_komp-150x150.jpg 150w\" sizes=\"auto, (max-width: 758px) 100vw, 758px\" \/><\/figure><\/div>\n\n\n<p class=\"has-text-align-center\" style=\"font-size:11px\"><em>Meine gelesenen B\u00fccher im M\u00e4rz 2025<\/em><\/p>\n\n\n\n<p>_<\/p>\n\n\n\n<div class=\"wp-block-media-text is-vertically-aligned-center\" style=\"grid-template-columns:25% auto\"><figure class=\"wp-block-media-text__media\"><img loading=\"lazy\" decoding=\"async\" width=\"263\" height=\"445\" src=\"https:\/\/buechertanz.de\/wp-content\/uploads\/2025\/02\/13-Wenn-die-Tage-laenger-werden.jpg\" alt=\"\" class=\"wp-image-8532 size-full\" srcset=\"https:\/\/buechertanz.de\/wp-content\/uploads\/2025\/02\/13-Wenn-die-Tage-laenger-werden.jpg 263w, https:\/\/buechertanz.de\/wp-content\/uploads\/2025\/02\/13-Wenn-die-Tage-laenger-werden-177x300.jpg 177w\" sizes=\"auto, (max-width: 263px) 100vw, 263px\" \/><\/figure><div class=\"wp-block-media-text__content\">\n<p class=\"has-small-font-size\">Los gings mit dem Buch <strong><em><a href=\"https:\/\/buechertanz.de\/?p=8563\" target=\"_blank\" rel=\"noreferrer noopener\">&#8222;Wenn die Tage l\u00e4nger werden&#8220; <\/a><\/em><\/strong>von Anne Stern.<br>So eine wunder&#8230; wunder&#8230; wundersch\u00f6ne Geschichte, die mich nicht nur bestens unterhalten hat, sondern auch tief ber\u00fchrt hat. Meine Seitenmarker waren im Dauereinsatz, so viele sch\u00f6ne Textstellen musste ich mir markieren. <br>Ein tiefgr\u00fcndiger und poetisch geschriebener Roman, der mich mitgetragen hat und mich von Anfang bis Ende \u00fcberzeugt hat.<br>Sehr sehr lesenswert und ein absolutes Jahreshighlight.<\/p>\n<\/div><\/div>\n\n\n\n<p>_<\/p>\n\n\n\n<div class=\"wp-block-media-text has-media-on-the-right is-vertically-aligned-center\" style=\"grid-template-columns:auto 25%\"><div class=\"wp-block-media-text__content\">\n<p class=\"has-small-font-size\">Weiter ging es mit <strong><em><a href=\"https:\/\/buechertanz.de\/?p=8588\" target=\"_blank\" rel=\"noreferrer noopener\">&#8222;Lindenbl\u00fctenzeit&#8220; <\/a><\/em><\/strong>von Simona Wernicke.<br>Ich bin einfach nur begeistert und tief ber\u00fchrt von dieser eindrucksvollen Geschichte, in der ich v\u00f6llig versunken bin. Stellenweise konnte ich nicht schnell genug lesen, um zu erfahren, wie es mit den liebgewonnen Figuren weitergeht. Es fiel mir sehr schwer, mich von diesen zu verabschieden und deren Welt zu verlassen.<br>Simona Wernicke hat einen so bildhaften und fl\u00fcssigen Sprachstil, der mich ab der ersten Seite mit in eine Geschichte genommen hat, der ich immer gut folgen konnte und an der ich gerne dran geblieben bin.<br>Absolut lesens- und empfehlenswert.&nbsp;<\/p>\n<\/div><figure class=\"wp-block-media-text__media\"><img loading=\"lazy\" decoding=\"async\" width=\"299\" height=\"466\" src=\"https:\/\/buechertanz.de\/wp-content\/uploads\/2025\/03\/14-Lindenbluetenzeit.jpg\" alt=\"\" class=\"wp-image-8575 size-full\" srcset=\"https:\/\/buechertanz.de\/wp-content\/uploads\/2025\/03\/14-Lindenbluetenzeit.jpg 299w, https:\/\/buechertanz.de\/wp-content\/uploads\/2025\/03\/14-Lindenbluetenzeit-192x300.jpg 192w\" sizes=\"auto, (max-width: 299px) 100vw, 299px\" \/><\/figure><\/div>\n\n\n\n<p>_<\/p>\n\n\n\n<div class=\"wp-block-media-text is-vertically-aligned-center\" style=\"grid-template-columns:25% auto\"><figure class=\"wp-block-media-text__media\"><img loading=\"lazy\" decoding=\"async\" width=\"299\" height=\"466\" src=\"https:\/\/buechertanz.de\/wp-content\/uploads\/2025\/03\/15-Neue-Zeiten-auf-der-Koe-\u2013-Die-Journalistin.jpg\" alt=\"\" class=\"wp-image-8606 size-full\" srcset=\"https:\/\/buechertanz.de\/wp-content\/uploads\/2025\/03\/15-Neue-Zeiten-auf-der-Koe-\u2013-Die-Journalistin.jpg 299w, https:\/\/buechertanz.de\/wp-content\/uploads\/2025\/03\/15-Neue-Zeiten-auf-der-Koe-\u2013-Die-Journalistin-192x300.jpg 192w\" sizes=\"auto, (max-width: 299px) 100vw, 299px\" \/><\/figure><div class=\"wp-block-media-text__content\">\n<p class=\"has-small-font-size\">Es folgte <strong><em><a href=\"https:\/\/buechertanz.de\/?p=8634\" target=\"_blank\" rel=\"noreferrer noopener\">&#8222;Neue Zeiten auf der K\u00f6 &#8211; Die Journalistin&#8220; <\/a><\/em><\/strong>von Bettina Lausen.<br>Dies ist eine emotionale und hochinteressante Geschichte mit tollen und lebensechten und \u00fcberzeugenden Charakteren. Eine uneingeschr\u00e4nkte Weiterempfehlung. Ganz wunderbar! Ich bin schon sehr gespannt auf den zweiten Band!<\/p>\n<\/div><\/div>\n\n\n\n<p>_<\/p>\n\n\n\n<div class=\"wp-block-media-text has-media-on-the-right is-vertically-aligned-center\" style=\"grid-template-columns:auto 25%\"><div class=\"wp-block-media-text__content\">\n<p class=\"has-small-font-size\">Ich habe f\u00fcr eine liebe Autorin ein <strong><em>Manuskript <\/em><\/strong>testgelesen &#8211; alles streng geheim. <\/p>\n<\/div><figure class=\"wp-block-media-text__media\"><img loading=\"lazy\" decoding=\"async\" width=\"684\" height=\"1024\" src=\"https:\/\/buechertanz.de\/wp-content\/uploads\/2025\/03\/16-Geheim-684x1024.jpg\" alt=\"\" class=\"wp-image-8629 size-full\" srcset=\"https:\/\/buechertanz.de\/wp-content\/uploads\/2025\/03\/16-Geheim-684x1024.jpg 684w, https:\/\/buechertanz.de\/wp-content\/uploads\/2025\/03\/16-Geheim-200x300.jpg 200w, https:\/\/buechertanz.de\/wp-content\/uploads\/2025\/03\/16-Geheim-768x1150.jpg 768w, https:\/\/buechertanz.de\/wp-content\/uploads\/2025\/03\/16-Geheim.jpg 946w\" sizes=\"auto, (max-width: 684px) 100vw, 684px\" \/><\/figure><\/div>\n\n\n\n<p>_<\/p>\n\n\n\n<div class=\"wp-block-media-text is-vertically-aligned-center\" style=\"grid-template-columns:25% auto\"><figure class=\"wp-block-media-text__media\"><img loading=\"lazy\" decoding=\"async\" width=\"684\" height=\"1024\" src=\"https:\/\/buechertanz.de\/wp-content\/uploads\/2025\/03\/16-Geheim-684x1024.jpg\" alt=\"\" class=\"wp-image-8629 size-full\" srcset=\"https:\/\/buechertanz.de\/wp-content\/uploads\/2025\/03\/16-Geheim-684x1024.jpg 684w, https:\/\/buechertanz.de\/wp-content\/uploads\/2025\/03\/16-Geheim-200x300.jpg 200w, https:\/\/buechertanz.de\/wp-content\/uploads\/2025\/03\/16-Geheim-768x1150.jpg 768w, https:\/\/buechertanz.de\/wp-content\/uploads\/2025\/03\/16-Geheim.jpg 946w\" sizes=\"auto, (max-width: 684px) 100vw, 684px\" \/><\/figure><div class=\"wp-block-media-text__content\">\n<p class=\"has-small-font-size\">Auf dieses gelesene Buch m\u00f6chte ich nicht n\u00e4her eingehen. \ud83d\ude42<\/p>\n<\/div><\/div>\n\n\n\n<p>_<\/p>\n\n\n\n<div class=\"wp-block-media-text has-media-on-the-right is-vertically-aligned-center\" style=\"grid-template-columns:auto 25%\"><div class=\"wp-block-media-text__content\">\n<p class=\"has-small-font-size\">Mit <strong><em>&#8222;Die Hansen-Saga &#8211; Die ferne Hoffnung&#8220; <\/em><\/strong>von Ellin Carsta ging es weiter. <br>Ich habe die <em>&#8222;Hansen-Saga&#8220;<\/em> bisher nicht gelesen &#8211; allerdings bereits die Reihen-Fortf\u00fchrung <em>&#8222;Die Kinder der Hansens&#8220;<\/em>, die auch ohne Vorkenntnisse gelesen werden kann. Jedoch hatte ich immer das Gef\u00fchl, dass mir etwas fehlt &#8211; deshalb kaufte ich mir diesen Monat die komplette &#8222;Hansen-Saga&#8220;.<br>Es war spannend, in die Vergangenheit einiger mir bereits bekannten und liebgewonnenen Figuren einzutauchen und sie damit &#8222;richtig&#8220; und von Anfang an kennenzulernen &#8211; oder auch ganz neu zu entdecken. Ab der ersten Seite war ich in der spannenden Geschichte angekommen und fand mich gut zurecht. Und ich bin schon sooo gespannt, wie es weitergehen wird.<br>Absolute Lese-Empfehlung f\u00fcr dieses spannende, unterhaltsame und emotionale Leseerlebnis.<\/p>\n<\/div><figure class=\"wp-block-media-text__media\"><img loading=\"lazy\" decoding=\"async\" width=\"316\" height=\"466\" src=\"https:\/\/buechertanz.de\/wp-content\/uploads\/2025\/03\/17-Die-Hansen-Saga-Die-ferne-Hoffnung.jpg\" alt=\"\" class=\"wp-image-8645 size-full\" srcset=\"https:\/\/buechertanz.de\/wp-content\/uploads\/2025\/03\/17-Die-Hansen-Saga-Die-ferne-Hoffnung.jpg 316w, https:\/\/buechertanz.de\/wp-content\/uploads\/2025\/03\/17-Die-Hansen-Saga-Die-ferne-Hoffnung-203x300.jpg 203w\" sizes=\"auto, (max-width: 316px) 100vw, 316px\" \/><\/figure><\/div>\n\n\n\n<p>_<\/p>\n\n\n\n<div class=\"wp-block-media-text is-vertically-aligned-center\" style=\"grid-template-columns:25% auto\"><figure class=\"wp-block-media-text__media\"><img loading=\"lazy\" decoding=\"async\" width=\"314\" height=\"466\" src=\"https:\/\/buechertanz.de\/wp-content\/uploads\/2025\/03\/Little-Germany-Der-Duft-der-Neuen-Welt.jpg\" alt=\"\" class=\"wp-image-8653 size-full\" srcset=\"https:\/\/buechertanz.de\/wp-content\/uploads\/2025\/03\/Little-Germany-Der-Duft-der-Neuen-Welt.jpg 314w, https:\/\/buechertanz.de\/wp-content\/uploads\/2025\/03\/Little-Germany-Der-Duft-der-Neuen-Welt-202x300.jpg 202w\" sizes=\"auto, (max-width: 314px) 100vw, 314px\" \/><\/figure><div class=\"wp-block-media-text__content\">\n<p class=\"has-small-font-size\">Auf das Buch <strong><em><a href=\"https:\/\/buechertanz.de\/?p=8659\" target=\"_blank\" rel=\"noreferrer noopener\">&#8222;Little Germany &#8211; Der Duft der Neuen Welt&#8220;<\/a> <\/em><\/strong>von Maria Nikolai habe ich mich schon sehr gefreut &#8211; und ich wurde auf keine der \u00fcber 600 Seiten entt\u00e4uscht.<br>Mit gro\u00dfen Emotionen entf\u00fchrt Maria Nikolai in das beginnende 20. Jahrhundert &#8211; eine Geschichte, die mich ab der ersten Seite mitgerissen hat. Unwiderstehlich gut! Das Buch erscheint am 01. April 2025 als eBook, am 01. Mai 2025 erscheint das wundersch\u00f6ne Taschenbuch. Unbedingt lesen!<\/p>\n<\/div><\/div>\n\n\n\n<p>_<\/p>\n\n\n\n<div class=\"wp-block-media-text has-media-on-the-right is-vertically-aligned-center\" style=\"grid-template-columns:auto 25%\"><div class=\"wp-block-media-text__content\">\n<p class=\"has-small-font-size\">Ich musste einfach wissen, wie es weitergeht: <strong><em>&#8222;Die Hansen-Saga &#8211; Eine neue Zeit&#8220; <\/em><\/strong>von Ellin Carsta.<br>Ich liebe alles an dieser Buchreihe jetzt schon so sehr: Die Stimmung, das Setting, die Charaktere, die Geschichte.<br>Wie auch in ihrer <em>&#8222;Die Falkenbach-Saga&#8220;<\/em> l\u00e4sst Ellin Carsta auf keiner Seite Langeweile aufkommen, nimmt ihre Leser und Leserinnen mit in die Geschichte und auf eine spannende, unvergessliche Zeitreise.<br>Sehr lesenswert! Ich kann es jetzt schon kaufen erwarten, die weiteren Teile zu lesen..&nbsp;<\/p>\n<\/div><figure class=\"wp-block-media-text__media\"><img loading=\"lazy\" decoding=\"async\" width=\"302\" height=\"445\" src=\"https:\/\/buechertanz.de\/wp-content\/uploads\/2025\/03\/20-Die-Hansen-Saga-Eine-neue-Zeit.jpg\" alt=\"\" class=\"wp-image-8657 size-full\" srcset=\"https:\/\/buechertanz.de\/wp-content\/uploads\/2025\/03\/20-Die-Hansen-Saga-Eine-neue-Zeit.jpg 302w, https:\/\/buechertanz.de\/wp-content\/uploads\/2025\/03\/20-Die-Hansen-Saga-Eine-neue-Zeit-204x300.jpg 204w\" sizes=\"auto, (max-width: 302px) 100vw, 302px\" \/><\/figure><\/div>\n\n\n\n<p>_<\/p>\n","protected":false},"excerpt":{"rendered":"<p>Im&nbsp;M\u00e4rz 2025&nbsp;habe ich&nbsp;acht B\u00fccher&nbsp;mit insgesamt 3.395 Seiten&nbsp;gelesen.Es waren drei Rezensionsexemplare (drei Prints), ein Manuskript (PDF) und vier weitere B\u00fccher (ein Print &amp; ein drei eBooks).Herzlichen Dank an die Aufbau Verlage, den Gmeiner Verlag, den Penguin Verlag, an die Autorinnen Anne Stern, Simona Wernicke und Maria Nikolai f\u00fcr die Zusendung und Bereitstellung der B\u00fccher als Rezensionsexemplare. &hellip; <a href=\"https:\/\/buechertanz.de\/?page_id=8662\" class=\"more-link\"><span class=\"screen-reader-text\">Gelesen M\u00e4rz 2025<\/span> weiterlesen<\/a><\/p>\n","protected":false},"author":2,"featured_media":0,"parent":0,"menu_order":0,"comment_status":"open","ping_status":"closed","template":"","meta":{"footnotes":""},"class_list":["post-8662","page","type-page","status-publish","hentry"],"_links":{"self":[{"href":"https:\/\/buechertanz.de\/index.php?rest_route=\/wp\/v2\/pages\/8662","targetHints":{"allow":["GET"]}}],"collection":[{"href":"https:\/\/buechertanz.de\/index.php?rest_route=\/wp\/v2\/pages"}],"about":[{"href":"https:\/\/buechertanz.de\/index.php?rest_route=\/wp\/v2\/types\/page"}],"author":[{"embeddable":true,"href":"https:\/\/buechertanz.de\/index.php?rest_route=\/wp\/v2\/users\/2"}],"replies":[{"embeddable":true,"href":"https:\/\/buechertanz.de\/index.php?rest_route=%2Fwp%2Fv2%2Fcomments&post=8662"}],"version-history":[{"count":6,"href":"https:\/\/buechertanz.de\/index.php?rest_route=\/wp\/v2\/pages\/8662\/revisions"}],"predecessor-version":[{"id":8725,"href":"https:\/\/buechertanz.de\/index.php?rest_route=\/wp\/v2\/pages\/8662\/revisions\/8725"}],"wp:attachment":[{"href":"https:\/\/buechertanz.de\/index.php?rest_route=%2Fwp%2Fv2%2Fmedia&parent=8662"}],"curies":[{"name":"wp","href":"https:\/\/api.w.org\/{rel}","templated":true}]}}