{"id":8663,"date":"2025-03-31T11:25:41","date_gmt":"2025-03-31T10:25:41","guid":{"rendered":"https:\/\/buechertanz.de\/?page_id=8663"},"modified":"2026-03-12T23:18:02","modified_gmt":"2026-03-12T22:18:02","slug":"neuzugaenge-maerz-2025","status":"publish","type":"page","link":"https:\/\/buechertanz.de\/?page_id=8663","title":{"rendered":"Neuzug\u00e4nge M\u00e4rz 2025"},"content":{"rendered":"\n<p class=\"has-drop-cap has-small-font-size\">Im&nbsp;<strong>M\u00e4rz 2025<\/strong>&nbsp;sind insgesamt&nbsp;<strong>31 B\u00fccher&nbsp;<\/strong>hier eingezogen:<br>Vier Rezensionsexemplare (drei Prints, ein PDF), ein Manuskript (PDF) und 26 neue B\u00fccher (drei Prints, 23 eBooks). <br>Puuuh, wie konnte das schon wieder passieren? Na ja, immerhin muss ich f\u00fcr einen Gro\u00dfteil der Neuzug\u00e4nge keinen Platz im Regal suchen &#8230; <\/p>\n\n\n\n<p class=\"has-small-font-size\">Herzlichen Dank an die Aufbau Verlage, den Gmeiner Verlag, den Penguin Verlag, an die Autorinnen Simona Wernicke, Johanna von Wild und Maria Nikolai f\u00fcr die Zusendung und Bereitstellung der B\u00fccher als Rezensionsexemplare\/ Geschenke.<br>Falls es schon ausf\u00fchrlichen Rezensionen gibt, gelangt ihr mit einem Klick auf den Titel dorthin.<br>Ich freue mich schon auf viele gem\u00fctliche Lesestunden und w\u00fcnsche euch viel Spa\u00df beim St\u00f6bern.<br>Eure<\/p>\n\n\n\n<figure class=\"wp-block-image size-large is-resized\"><img loading=\"lazy\" decoding=\"async\" width=\"1024\" height=\"404\" src=\"https:\/\/buechertanz.de\/wp-content\/uploads\/2024\/06\/Unterschrift-1024x404.jpg\" alt=\"\" class=\"wp-image-7473\" style=\"width:211px;height:auto\" srcset=\"https:\/\/buechertanz.de\/wp-content\/uploads\/2024\/06\/Unterschrift-1024x404.jpg 1024w, https:\/\/buechertanz.de\/wp-content\/uploads\/2024\/06\/Unterschrift-300x118.jpg 300w, https:\/\/buechertanz.de\/wp-content\/uploads\/2024\/06\/Unterschrift-768x303.jpg 768w, https:\/\/buechertanz.de\/wp-content\/uploads\/2024\/06\/Unterschrift.jpg 1500w\" sizes=\"auto, (max-width: 1024px) 100vw, 1024px\" \/><\/figure>\n\n\n<div class=\"wp-block-image\">\n<figure class=\"aligncenter size-full is-resized\"><img loading=\"lazy\" decoding=\"async\" width=\"804\" height=\"804\" src=\"https:\/\/buechertanz.de\/wp-content\/uploads\/2025\/03\/03-Maerz_komplett_komp.jpg\" alt=\"\" class=\"wp-image-8681\" style=\"width:548px;height:auto\" srcset=\"https:\/\/buechertanz.de\/wp-content\/uploads\/2025\/03\/03-Maerz_komplett_komp.jpg 804w, https:\/\/buechertanz.de\/wp-content\/uploads\/2025\/03\/03-Maerz_komplett_komp-300x300.jpg 300w, https:\/\/buechertanz.de\/wp-content\/uploads\/2025\/03\/03-Maerz_komplett_komp-150x150.jpg 150w, https:\/\/buechertanz.de\/wp-content\/uploads\/2025\/03\/03-Maerz_komplett_komp-768x768.jpg 768w\" sizes=\"auto, (max-width: 804px) 100vw, 804px\" \/><\/figure><\/div>\n\n\n<p class=\"has-text-align-left\" style=\"font-size:14px\">_<\/p>\n\n\n\n<div class=\"wp-block-media-text is-vertically-aligned-center\"><figure class=\"wp-block-media-text__media\"><img loading=\"lazy\" decoding=\"async\" width=\"804\" height=\"804\" src=\"https:\/\/buechertanz.de\/wp-content\/uploads\/2025\/03\/03-Maerz_Rezensionsexemplare_komp.jpg\" alt=\"\" class=\"wp-image-8682 size-full\" srcset=\"https:\/\/buechertanz.de\/wp-content\/uploads\/2025\/03\/03-Maerz_Rezensionsexemplare_komp.jpg 804w, https:\/\/buechertanz.de\/wp-content\/uploads\/2025\/03\/03-Maerz_Rezensionsexemplare_komp-300x300.jpg 300w, https:\/\/buechertanz.de\/wp-content\/uploads\/2025\/03\/03-Maerz_Rezensionsexemplare_komp-150x150.jpg 150w, https:\/\/buechertanz.de\/wp-content\/uploads\/2025\/03\/03-Maerz_Rezensionsexemplare_komp-768x768.jpg 768w\" sizes=\"auto, (max-width: 804px) 100vw, 804px\" \/><\/figure><div class=\"wp-block-media-text__content\">\n<p class=\"has-drop-cap\" style=\"font-size:11px\"><strong>Rezensionsexemplare:<\/strong><\/p>\n\n\n\n<p><\/p>\n\n\n\n<ul class=\"wp-block-list\">\n<li style=\"font-size:11px\">Simona Wernicke: <em><a href=\"https:\/\/buechertanz.de\/?p=8588\" target=\"_blank\" rel=\"noreferrer noopener\">&#8222;Lindenbl\u00fctenzeit&#8220;<\/a> <\/em>(PDF &amp; PB)<\/li>\n\n\n\n<li style=\"font-size:11px\">Johanna von Wild: <em><a href=\"https:\/\/buechertanz.de\/?p=8468\" target=\"_blank\" rel=\"noreferrer noopener\">&#8222;Der Zauber der Edelsteine&#8220;<\/a> <\/em>(PB)<\/li>\n\n\n\n<li style=\"font-size:11px\">Maria Nikolai: <em><a href=\"https:\/\/buechertanz.de\/?p=8659\" target=\"_blank\" rel=\"noreferrer noopener\">&#8222;Little Germany &#8211; Der Duft der Neuen Welt&#8220; <\/a><\/em>(TB)<\/li>\n\n\n\n<li style=\"font-size:11px\">Manuskript <\/li>\n<\/ul>\n<\/div><\/div>\n\n\n\n<p>_<\/p>\n\n\n\n<div class=\"wp-block-media-text has-media-on-the-right is-vertically-aligned-center\"><div class=\"wp-block-media-text__content\">\n<p class=\"has-drop-cap\" style=\"font-size:11px\"><strong>Gekaufte B\u00fccher:<\/strong><\/p>\n\n\n\n<p><\/p>\n\n\n\n<ul class=\"wp-block-list\">\n<li style=\"font-size:11px\">Catherine Durand: <em>&#8222;Die tausend Farben von Paris&#8220;<\/em> (eBook)<\/li>\n\n\n\n<li style=\"font-size:11px\">Charlotte Roth: <em>&#8222;Die Liebe der Mascha Kal\u00e9ko&#8220;<\/em><\/li>\n\n\n\n<li style=\"font-size:11px\">Ellin Carsta: <em>&#8222;Die Hansen-Saga&#8220;<\/em>: <br><em>&#8222;Die ferne Hoffnung&#8220;<\/em>, <em>&#8222;Eine neue Zeit&#8220;<\/em>,<em> &#8222;Das bedrohte Gl\u00fcck&#8220;<\/em>, <em>&#8222;Der zerbrechliche Traum&#8220;<\/em>,<em> &#8222;Der mutige Weg&#8220;<\/em>,<em> &#8222;Der nahende Sturm&#8220;<\/em>,<em> &#8222;Der leuchtende Himmel&#8220;<\/em> &amp;<em> &#8222;Der gro\u00dfe Aufbruch&#8220;<\/em> (alle eBook)<\/li>\n\n\n\n<li style=\"font-size:11px\">Laura Baldini: <em>&#8222;Aspergers Sch\u00fcler&#8220;<\/em> (eBook)<\/li>\n\n\n\n<li style=\"font-size:11px\">Bettina Lausen: <em><a href=\"https:\/\/buechertanz.de\/?p=8634\" target=\"_blank\" rel=\"noreferrer noopener\">&#8222;Neue Zeiten auf der K\u00f6 &#8211; Die Journalistin&#8220;<\/a><\/em> (eBook)<\/li>\n\n\n\n<li style=\"font-size:11px\">Ana Pawlik: <em>&#8222;Der Fall des Eisernen K\u00f6nigs&#8220;<\/em> (eBook)<\/li>\n\n\n\n<li style=\"font-size:11px\">Katharina Fuchs: <em>&#8222;Vor hundert Sommern&#8220;<\/em> (eBook)<\/li>\n\n\n\n<li style=\"font-size:11px\">Marion Stieglitz: <em>Schwarzw\u00e4lder Kirsch mit Blutwurz&#8220;<\/em> (eBook)<\/li>\n\n\n\n<li style=\"font-size:11px\">Gabriella Engelmann: <em><a href=\"https:\/\/buechertanz.de\/?p=10535\" target=\"_blank\" rel=\"noreferrer noopener\">&#8222;Der Gesang der Seeschwalben&#8220;<\/a><\/em> (eBook)<\/li>\n\n\n\n<li style=\"font-size:11px\">Katrin Tempel: <em>Die Zeitungsdynastie &#8211; Neue Freiheit&#8220;<\/em> (eBook)<\/li>\n\n\n\n<li style=\"font-size:11px\">Peter Prange: <em>&#8222;Herrliche Zeiten&#8220;<\/em> (eBook)<\/li>\n\n\n\n<li style=\"font-size:11px\">Caren Benedikt: <em>&#8222;Grand Hotel Usedom &#8211; St\u00fcrmische Zeiten&#8220; <\/em>(eBook)<\/li>\n\n\n\n<li style=\"font-size:11px\">Charlotte Leonard: <em>&#8222;Die Verwegene&#8220; <\/em>(eBook)<\/li>\n\n\n\n<li style=\"font-size:11px\">Geheimes Buch<\/li>\n\n\n\n<li style=\"font-size:11px\">Sharon Gosling: <em>&#8222;Lighthouse Bookshop&#8220; <\/em>(eBook)<\/li>\n\n\n\n<li style=\"font-size:11px\">Linda Winterberg: <em>&#8222;Unsere Tage am Ende des Sees&#8220; <\/em>(eBook)<\/li>\n\n\n\n<li style=\"font-size:11px\">Ada Caine: <em>&#8222;Die Oblatenb\u00e4ckerin &#8211; Ein neuer Anfang&#8220; <\/em>(eBook)<\/li>\n\n\n\n<li style=\"font-size:11px\">Sally Page: <em>&#8222;Das Buch der neuen Anf\u00e4nge&#8220; <\/em><\/li>\n\n\n\n<li style=\"font-size:11px\">Anne Barns: <em>&#8222;Der Duft von Kuchen und Meer&#8220; <\/em>(eBook)<\/li>\n<\/ul>\n<\/div><figure class=\"wp-block-media-text__media\"><img loading=\"lazy\" decoding=\"async\" width=\"689\" height=\"689\" src=\"https:\/\/buechertanz.de\/wp-content\/uploads\/2025\/03\/03-Maerz_Gekaufte-Buecher_komp.jpg\" alt=\"\" class=\"wp-image-8683 size-full\" srcset=\"https:\/\/buechertanz.de\/wp-content\/uploads\/2025\/03\/03-Maerz_Gekaufte-Buecher_komp.jpg 689w, https:\/\/buechertanz.de\/wp-content\/uploads\/2025\/03\/03-Maerz_Gekaufte-Buecher_komp-300x300.jpg 300w, https:\/\/buechertanz.de\/wp-content\/uploads\/2025\/03\/03-Maerz_Gekaufte-Buecher_komp-150x150.jpg 150w\" sizes=\"auto, (max-width: 689px) 100vw, 689px\" \/><\/figure><\/div>\n\n\n\n<p>_<\/p>\n","protected":false},"excerpt":{"rendered":"<p>Im&nbsp;M\u00e4rz 2025&nbsp;sind insgesamt&nbsp;31 B\u00fccher&nbsp;hier eingezogen:Vier Rezensionsexemplare (drei Prints, ein PDF), ein Manuskript (PDF) und 26 neue B\u00fccher (drei Prints, 23 eBooks). Puuuh, wie konnte das schon wieder passieren? Na ja, immerhin muss ich f\u00fcr einen Gro\u00dfteil der Neuzug\u00e4nge keinen Platz im Regal suchen &#8230; Herzlichen Dank an die Aufbau Verlage, den Gmeiner Verlag, den Penguin &hellip; <a href=\"https:\/\/buechertanz.de\/?page_id=8663\" class=\"more-link\"><span class=\"screen-reader-text\">Neuzug\u00e4nge M\u00e4rz 2025<\/span> weiterlesen<\/a><\/p>\n","protected":false},"author":2,"featured_media":0,"parent":0,"menu_order":0,"comment_status":"open","ping_status":"closed","template":"","meta":{"footnotes":""},"class_list":["post-8663","page","type-page","status-publish","hentry"],"_links":{"self":[{"href":"https:\/\/buechertanz.de\/index.php?rest_route=\/wp\/v2\/pages\/8663","targetHints":{"allow":["GET"]}}],"collection":[{"href":"https:\/\/buechertanz.de\/index.php?rest_route=\/wp\/v2\/pages"}],"about":[{"href":"https:\/\/buechertanz.de\/index.php?rest_route=\/wp\/v2\/types\/page"}],"author":[{"embeddable":true,"href":"https:\/\/buechertanz.de\/index.php?rest_route=\/wp\/v2\/users\/2"}],"replies":[{"embeddable":true,"href":"https:\/\/buechertanz.de\/index.php?rest_route=%2Fwp%2Fv2%2Fcomments&post=8663"}],"version-history":[{"count":7,"href":"https:\/\/buechertanz.de\/index.php?rest_route=\/wp\/v2\/pages\/8663\/revisions"}],"predecessor-version":[{"id":10546,"href":"https:\/\/buechertanz.de\/index.php?rest_route=\/wp\/v2\/pages\/8663\/revisions\/10546"}],"wp:attachment":[{"href":"https:\/\/buechertanz.de\/index.php?rest_route=%2Fwp%2Fv2%2Fmedia&parent=8663"}],"curies":[{"name":"wp","href":"https:\/\/api.w.org\/{rel}","templated":true}]}}