{"id":8772,"date":"2025-04-29T12:32:09","date_gmt":"2025-04-29T11:32:09","guid":{"rendered":"https:\/\/buechertanz.de\/?page_id=8772"},"modified":"2025-04-29T21:22:31","modified_gmt":"2025-04-29T20:22:31","slug":"gelesen-april-2025","status":"publish","type":"page","link":"https:\/\/buechertanz.de\/?page_id=8772","title":{"rendered":"Gelesen April 2025"},"content":{"rendered":"\n<p class=\"has-drop-cap has-small-font-size\">Im&nbsp;<strong>April 2025<\/strong>&nbsp;habe ich&nbsp;<strong>sieben B\u00fccher<\/strong>&nbsp;mit insgesamt<strong>&nbsp;3.064 Seiten<\/strong>&nbsp;gelesen.<br>Es waren ein Rezensionsexemplar und sechs weitere (selbstgekaufte) B\u00fccher ( zwei Prints &amp; ein vier eBooks).<br>Herzlichen Dank an den Goldmann Verlag f\u00fcr die Bereitstellung des Buches <em>&#8222;Montmartre &#8211; Licht und Schatten&#8220; <\/em>von Marie Lacrosse als Rezensionsexemplar.<\/p>\n\n\n\n<p class=\"has-small-font-size\">Viel Spa\u00df beim Schm\u00f6kern, eure<\/p>\n\n\n\n<figure class=\"wp-block-image size-large is-resized\"><img loading=\"lazy\" decoding=\"async\" width=\"1024\" height=\"404\" src=\"https:\/\/buechertanz.de\/wp-content\/uploads\/2024\/06\/Unterschrift-1024x404.jpg\" alt=\"\" class=\"wp-image-7473\" style=\"width:139px;height:auto\" srcset=\"https:\/\/buechertanz.de\/wp-content\/uploads\/2024\/06\/Unterschrift-1024x404.jpg 1024w, https:\/\/buechertanz.de\/wp-content\/uploads\/2024\/06\/Unterschrift-300x118.jpg 300w, https:\/\/buechertanz.de\/wp-content\/uploads\/2024\/06\/Unterschrift-768x303.jpg 768w, https:\/\/buechertanz.de\/wp-content\/uploads\/2024\/06\/Unterschrift.jpg 1500w\" sizes=\"auto, (max-width: 1024px) 100vw, 1024px\" \/><\/figure>\n\n\n<div class=\"wp-block-image\">\n<figure class=\"aligncenter size-full is-resized\"><img loading=\"lazy\" decoding=\"async\" width=\"712\" height=\"712\" src=\"https:\/\/buechertanz.de\/wp-content\/uploads\/2025\/04\/04-April_komp.jpg\" alt=\"\" class=\"wp-image-8787\" style=\"width:420px;height:auto\" srcset=\"https:\/\/buechertanz.de\/wp-content\/uploads\/2025\/04\/04-April_komp.jpg 712w, https:\/\/buechertanz.de\/wp-content\/uploads\/2025\/04\/04-April_komp-300x300.jpg 300w, https:\/\/buechertanz.de\/wp-content\/uploads\/2025\/04\/04-April_komp-150x150.jpg 150w\" sizes=\"auto, (max-width: 712px) 100vw, 712px\" \/><\/figure><\/div>\n\n\n<p class=\"has-text-align-center\" style=\"font-size:11px\"><em>Meine gelesenen B\u00fccher im April 2025<\/em><\/p>\n\n\n\n<p>_<\/p>\n\n\n\n<div class=\"wp-block-media-text is-vertically-aligned-center\" style=\"grid-template-columns:25% auto\"><figure class=\"wp-block-media-text__media\"><img loading=\"lazy\" decoding=\"async\" width=\"297\" height=\"445\" src=\"https:\/\/buechertanz.de\/wp-content\/uploads\/2025\/04\/21-Die-sieben-Schwestern.jpg\" alt=\"\" class=\"wp-image-8694 size-full\" srcset=\"https:\/\/buechertanz.de\/wp-content\/uploads\/2025\/04\/21-Die-sieben-Schwestern.jpg 297w, https:\/\/buechertanz.de\/wp-content\/uploads\/2025\/04\/21-Die-sieben-Schwestern-200x300.jpg 200w\" sizes=\"auto, (max-width: 297px) 100vw, 297px\" \/><\/figure><div class=\"wp-block-media-text__content\">\n<p class=\"has-small-font-size\">Los ging es mit einem Buch, das schon viele Jahre auf dem Stapel ungelesener B\u00fccher lag: <strong><em>&#8222;Die sieben Schwestern&#8220; <\/em><\/strong>von Lucinda Riley. Und ich bin einfach nur dankbar und gl\u00fccklich, dass ich es endlich gelesen habe. Das Buch ist eine Hommage an die Kraft der Frauen und ihrer F\u00e4higkeit, sich in schwierigen Zeiten zu unterst\u00fctzen und zu lieben. Insgesamt hat mich dieser Auftakt der Reihe ber\u00fchrt, inspiriert und mich zum Nachdenken anregt. Einfach ein Muss f\u00fcr alle, die sich f\u00fcr historische Romane, Familiensaga und starke weibliche Charaktere interessieren.<\/p>\n<\/div><\/div>\n\n\n\n<p>_<\/p>\n\n\n\n<div class=\"wp-block-media-text has-media-on-the-right is-vertically-aligned-center\" style=\"grid-template-columns:auto 25%\"><div class=\"wp-block-media-text__content\">\n<p class=\"has-small-font-size\">Es folgte ein pers\u00f6nliches Jahreshighlight: <strong><em><a href=\"https:\/\/buechertanz.de\/?p=8704\" target=\"_blank\" rel=\"noreferrer noopener\">&#8222;Montmartre &#8211; Licht und Schatten&#8220;<\/a> <\/em><\/strong>von Marie Lacrosse. <br>W\u00e4hrend des Lesens bin ich v\u00f6llig in der Geschichte versunken, die mich von Anfang bis zum Ende bestens unterhalten hat. Und ich habe wieder so viel Neues gelernt und erfahren.&nbsp;Auch die facettenreichen und komplexen Figuren sorgen f\u00fcr ein wunderbares und unvergessliches Leseerlebnis. Unbedingt lesen!<\/p>\n<\/div><figure class=\"wp-block-media-text__media\"><img loading=\"lazy\" decoding=\"async\" width=\"294\" height=\"445\" src=\"https:\/\/buechertanz.de\/wp-content\/uploads\/2025\/04\/22-Montmartre-Licht-und-Schatten.jpg\" alt=\"\" class=\"wp-image-8697 size-full\" srcset=\"https:\/\/buechertanz.de\/wp-content\/uploads\/2025\/04\/22-Montmartre-Licht-und-Schatten.jpg 294w, https:\/\/buechertanz.de\/wp-content\/uploads\/2025\/04\/22-Montmartre-Licht-und-Schatten-198x300.jpg 198w\" sizes=\"auto, (max-width: 294px) 100vw, 294px\" \/><\/figure><\/div>\n\n\n\n<p>_<\/p>\n\n\n\n<div class=\"wp-block-media-text is-vertically-aligned-center\" style=\"grid-template-columns:25% auto\"><figure class=\"wp-block-media-text__media\"><img loading=\"lazy\" decoding=\"async\" width=\"293\" height=\"445\" src=\"https:\/\/buechertanz.de\/wp-content\/uploads\/2025\/04\/23-Zypressensommer.jpg\" alt=\"\" class=\"wp-image-8729 size-full\" srcset=\"https:\/\/buechertanz.de\/wp-content\/uploads\/2025\/04\/23-Zypressensommer.jpg 293w, https:\/\/buechertanz.de\/wp-content\/uploads\/2025\/04\/23-Zypressensommer-198x300.jpg 198w\" sizes=\"auto, (max-width: 293px) 100vw, 293px\" \/><\/figure><div class=\"wp-block-media-text__content\">\n<p class=\"has-small-font-size\">Ich dachte, dass ich das Buch <strong><em><a href=\"https:\/\/buechertanz.de\/?p=8736\" target=\"_blank\" rel=\"noreferrer noopener\">&#8222;Zypressensommer&#8220;<\/a> <\/em><\/strong>von Teresa Simon erst im Mai lesen kann &#8211; allerdings gab es bei thalia.de ein Vorab-Exklusiv-Aktion. Da musste ich einfach zuschlagen.<br>Insgesamt kann ich dieses Buch nur empfehlen &#8211; es ist eine packende und bewegende Geschichte, die mich tief ber\u00fchrt hat und mir neues historisches Wissen geschenkt hat &#8211; so wie es B\u00fccher von Teresa Simon\/ Brigitte Riebe eigentlich immer machen. Sehr lesenswert!<\/p>\n<\/div><\/div>\n\n\n\n<p>_<\/p>\n\n\n\n<div class=\"wp-block-media-text has-media-on-the-right is-vertically-aligned-center\" style=\"grid-template-columns:auto 25%\"><div class=\"wp-block-media-text__content\">\n<p class=\"has-small-font-size\">Nach <em>&#8222;Zypressensommer&#8220; <\/em>von Teresa Simon wollte ich noch ein wenig in Italien verweilen und schnappte mir das Buch <strong><em><a href=\"https:\/\/buechertanz.de\/?p=8760\" target=\"_blank\" rel=\"noreferrer noopener\">&#8222;Amore in italiano&#8220;<\/a> <\/em><\/strong>von Tabea Koenig.<br>Ein positives und lebensbejahendes Buch, das mich noch lange nach dem letzten Satz begleitet und mich zum Weiterdenken angeregt hat. Ganz gro\u00dfe Lese-Empfehlung.<br><\/p>\n<\/div><figure class=\"wp-block-media-text__media\"><img loading=\"lazy\" decoding=\"async\" width=\"270\" height=\"445\" src=\"https:\/\/buechertanz.de\/wp-content\/uploads\/2025\/04\/24-Amore-in-Italiano.jpg\" alt=\"\" class=\"wp-image-8743 size-full\" srcset=\"https:\/\/buechertanz.de\/wp-content\/uploads\/2025\/04\/24-Amore-in-Italiano.jpg 270w, https:\/\/buechertanz.de\/wp-content\/uploads\/2025\/04\/24-Amore-in-Italiano-182x300.jpg 182w\" sizes=\"auto, (max-width: 270px) 100vw, 270px\" \/><\/figure><\/div>\n\n\n\n<p>_<\/p>\n\n\n\n<div class=\"wp-block-media-text is-vertically-aligned-center\" style=\"grid-template-columns:25% auto\"><figure class=\"wp-block-media-text__media\"><img loading=\"lazy\" decoding=\"async\" width=\"316\" height=\"466\" src=\"https:\/\/buechertanz.de\/wp-content\/uploads\/2025\/04\/25-Die-Hansen-Saga-Das-bedrohte-Glueck.jpg\" alt=\"\" class=\"wp-image-8749 size-full\" srcset=\"https:\/\/buechertanz.de\/wp-content\/uploads\/2025\/04\/25-Die-Hansen-Saga-Das-bedrohte-Glueck.jpg 316w, https:\/\/buechertanz.de\/wp-content\/uploads\/2025\/04\/25-Die-Hansen-Saga-Das-bedrohte-Glueck-203x300.jpg 203w\" sizes=\"auto, (max-width: 316px) 100vw, 316px\" \/><\/figure><div class=\"wp-block-media-text__content\">\n<p class=\"has-small-font-size\">Von Italien aus ging es Richtung Hamburg &#8211; zur\u00fcck ins Jahr 1894: <br><strong><em>&#8222;Die Hansen-Saga &#8211; Das bedrohte Gl\u00fcck&#8220; <\/em><\/strong>von Ellin Carsta, der dritte Band einer Buchreihe, die einfach ein Muss f\u00fcr alle Fans von historischen Familiensagas ist! Auch dieser Teil der Reihe ist wieder so unglaublich packend und reiht sich nahtlos an die vorherigen zwei B\u00e4nde ein. Ellin Carsta hat es wieder einmal geschafft, die Figuren so lebendig zu gestalten, dass ich mich sofort in ihre Welt versetzt und wie ein Teil der Familie Hansen gef\u00fchlt habe. Und ja: Ich musste dieses Mal doch sehr mit den Tr\u00e4nen k\u00e4mpfen. <br><\/p>\n<\/div><\/div>\n\n\n\n<p>_<\/p>\n\n\n\n<div class=\"wp-block-media-text has-media-on-the-right is-vertically-aligned-center\" style=\"grid-template-columns:auto 25%\"><div class=\"wp-block-media-text__content\">\n<p class=\"has-small-font-size\">Ich musste direkt den vierten Teil lesen: <strong><em>&#8222;Die Hansen-Saga &#8211; Der zerbrechliche Traum<\/em>&#8220; <\/strong>von Ellin Carsta.<br>Auch der vierte Band dieser grandiosen Buchreihe hat mich v\u00f6llig in seinen Bann gezogen: Ellin Carsta hat es wieder geschafft, mich in die Welt des ausgehenden 19. Jahrhunderts zu entf\u00fchren &#8211; mit all Facetten und Kontrasten jener Zeit. Die Szenen in Hamburg und Wien sind lebendig und detailreich, jedoch konnten mich die Szenen in Kamerun am meisten ber\u00fchren. Die Darstellung der kolonialen Vergangenheit ist lehrreich, aber auch schmerzhaft und machten mich sehr nachdenklich.<br>Die Charaktere sind wunderbar entwickelt und f\u00fchlen sich mittlerweile richtig vertraut an &#8211; es ist ein &#8222;Nach Hause kommen-Gef\u00fchl&#8220;.  <\/p>\n<\/div><figure class=\"wp-block-media-text__media\"><img loading=\"lazy\" decoding=\"async\" width=\"302\" height=\"445\" src=\"https:\/\/buechertanz.de\/wp-content\/uploads\/2025\/04\/26-Die-Hansen-Saga-Der-zerbrechliche-Traum.jpg\" alt=\"\" class=\"wp-image-8753 size-full\" srcset=\"https:\/\/buechertanz.de\/wp-content\/uploads\/2025\/04\/26-Die-Hansen-Saga-Der-zerbrechliche-Traum.jpg 302w, https:\/\/buechertanz.de\/wp-content\/uploads\/2025\/04\/26-Die-Hansen-Saga-Der-zerbrechliche-Traum-204x300.jpg 204w\" sizes=\"auto, (max-width: 302px) 100vw, 302px\" \/><\/figure><\/div>\n\n\n\n<p>_<\/p>\n\n\n\n<div class=\"wp-block-media-text is-vertically-aligned-center\" style=\"grid-template-columns:25% auto\"><figure class=\"wp-block-media-text__media\"><img loading=\"lazy\" decoding=\"async\" width=\"316\" height=\"466\" src=\"https:\/\/buechertanz.de\/wp-content\/uploads\/2025\/04\/27-Grand-Hotel-Usedom-Stuermische-Brise.jpg\" alt=\"\" class=\"wp-image-8768 size-full\" srcset=\"https:\/\/buechertanz.de\/wp-content\/uploads\/2025\/04\/27-Grand-Hotel-Usedom-Stuermische-Brise.jpg 316w, https:\/\/buechertanz.de\/wp-content\/uploads\/2025\/04\/27-Grand-Hotel-Usedom-Stuermische-Brise-203x300.jpg 203w\" sizes=\"auto, (max-width: 316px) 100vw, 316px\" \/><\/figure><div class=\"wp-block-media-text__content\">\n<p class=\"has-small-font-size\">Vor einigen Wochen habe ich mir das eBook <strong><em>&#8222;Grand Hotel Usedom &#8211; St\u00fcrmische Brise<\/em>&#8220; <\/strong>von Caren Benedikt gekauft. Aber irgendwie kam ich an dem wundersch\u00f6nen Paperback (mit Farbschnitt) doch nicht vorbei.<br>Nicht nur \u00e4u\u00dferlich konnte mich dieser mitrei\u00dfende Reihenauftakt \u00fcberzeugen: Caren Benedikt ist ein authentischer und fesselnder Auftakt einer neuen Buchreihe gelungen, der mich in die Welt des fr\u00fchen 20. Jahrhunderts auf Usedom entf\u00fchrt hat. <br>Ich freue mich auf jedes Neuerscheinung von Caren Benedikt, da sie einfach immer eine perfekte Unterhaltung bietet &#8211; atmosph\u00e4risch, spannend und unterhaltsam &#8211; und wurde auch dieses Mal nicht entt\u00e4uscht. Eine gro\u00dfartiger Auftakt einer Buchreihe, die ich gerne weiterlesen werde.<\/p>\n<\/div><\/div>\n\n\n\n<p>_<\/p>\n","protected":false},"excerpt":{"rendered":"<p>Im&nbsp;April 2025&nbsp;habe ich&nbsp;sieben B\u00fccher&nbsp;mit insgesamt&nbsp;3.064 Seiten&nbsp;gelesen.Es waren ein Rezensionsexemplar und sechs weitere (selbstgekaufte) B\u00fccher ( zwei Prints &amp; ein vier eBooks).Herzlichen Dank an den Goldmann Verlag f\u00fcr die Bereitstellung des Buches &#8222;Montmartre &#8211; Licht und Schatten&#8220; von Marie Lacrosse als Rezensionsexemplar. Viel Spa\u00df beim Schm\u00f6kern, eure Meine gelesenen B\u00fccher im April 2025 _ Los ging &hellip; <a href=\"https:\/\/buechertanz.de\/?page_id=8772\" class=\"more-link\"><span class=\"screen-reader-text\">Gelesen April 2025<\/span> weiterlesen<\/a><\/p>\n","protected":false},"author":2,"featured_media":0,"parent":0,"menu_order":0,"comment_status":"open","ping_status":"closed","template":"","meta":{"footnotes":""},"class_list":["post-8772","page","type-page","status-publish","hentry"],"_links":{"self":[{"href":"https:\/\/buechertanz.de\/index.php?rest_route=\/wp\/v2\/pages\/8772","targetHints":{"allow":["GET"]}}],"collection":[{"href":"https:\/\/buechertanz.de\/index.php?rest_route=\/wp\/v2\/pages"}],"about":[{"href":"https:\/\/buechertanz.de\/index.php?rest_route=\/wp\/v2\/types\/page"}],"author":[{"embeddable":true,"href":"https:\/\/buechertanz.de\/index.php?rest_route=\/wp\/v2\/users\/2"}],"replies":[{"embeddable":true,"href":"https:\/\/buechertanz.de\/index.php?rest_route=%2Fwp%2Fv2%2Fcomments&post=8772"}],"version-history":[{"count":3,"href":"https:\/\/buechertanz.de\/index.php?rest_route=\/wp\/v2\/pages\/8772\/revisions"}],"predecessor-version":[{"id":8789,"href":"https:\/\/buechertanz.de\/index.php?rest_route=\/wp\/v2\/pages\/8772\/revisions\/8789"}],"wp:attachment":[{"href":"https:\/\/buechertanz.de\/index.php?rest_route=%2Fwp%2Fv2%2Fmedia&parent=8772"}],"curies":[{"name":"wp","href":"https:\/\/api.w.org\/{rel}","templated":true}]}}