{"id":8773,"date":"2025-04-29T12:32:10","date_gmt":"2025-04-29T11:32:10","guid":{"rendered":"https:\/\/buechertanz.de\/?page_id=8773"},"modified":"2025-05-06T07:03:48","modified_gmt":"2025-05-06T06:03:48","slug":"neuzugaenge-april-2025","status":"publish","type":"page","link":"https:\/\/buechertanz.de\/?page_id=8773","title":{"rendered":"Neuzug\u00e4nge April 2025"},"content":{"rendered":"\n<p class=\"has-drop-cap has-small-font-size\">Im&nbsp;<strong>April 2025<\/strong>&nbsp;sind insgesamt&nbsp;<strong>17 B\u00fccher&nbsp;<\/strong>hier eingezogen:<br>Zwei Rezensionsexemplare (ein Print, ein eBook), zwei B\u00fccher aus zweiter Hand und dreizehn neue B\u00fccher (ein Print, zw\u00f6lf eBooks).<br>Herzlichen Dank an den Goldmann Verlag, den Heyne Verlag und an die Autorinnen Marie Lacrosse und Claire Winter f\u00fcr die Bereitstellung\/ Vermittlung der Rezensionsexemplare. <br>Da das eBook <em>&#8222;Tr\u00fcmmerschule &#8211; Zeit der Hoffnung&#8220; <\/em>von Beate Maly erst nach dem Foto hier eingezogen ist, ist es leider nicht auf dem Foto zu sehen. <br>Falls es schon ausf\u00fchrlichen Rezensionen gibt, gelangt ihr mit einem Klick auf den Titel dorthin.<br>Ich freue mich schon auf viele gem\u00fctliche Lesestunden und w\u00fcnsche euch viel Spa\u00df beim St\u00f6bern.<br>Eure<\/p>\n\n\n\n<figure class=\"wp-block-image size-large is-resized\"><img loading=\"lazy\" decoding=\"async\" width=\"1024\" height=\"404\" src=\"https:\/\/buechertanz.de\/wp-content\/uploads\/2024\/06\/Unterschrift-1024x404.jpg\" alt=\"\" class=\"wp-image-7473\" style=\"width:216px;height:auto\" srcset=\"https:\/\/buechertanz.de\/wp-content\/uploads\/2024\/06\/Unterschrift-1024x404.jpg 1024w, https:\/\/buechertanz.de\/wp-content\/uploads\/2024\/06\/Unterschrift-300x118.jpg 300w, https:\/\/buechertanz.de\/wp-content\/uploads\/2024\/06\/Unterschrift-768x303.jpg 768w, https:\/\/buechertanz.de\/wp-content\/uploads\/2024\/06\/Unterschrift.jpg 1500w\" sizes=\"auto, (max-width: 1024px) 100vw, 1024px\" \/><\/figure>\n\n\n\n<p class=\"has-small-font-size\"><\/p>\n\n\n<div class=\"wp-block-image\">\n<figure class=\"aligncenter size-full is-resized\"><img loading=\"lazy\" decoding=\"async\" width=\"804\" height=\"804\" src=\"https:\/\/buechertanz.de\/wp-content\/uploads\/2025\/04\/04-April-komplett_komp.jpg\" alt=\"\" class=\"wp-image-8790\" style=\"width:454px;height:auto\" srcset=\"https:\/\/buechertanz.de\/wp-content\/uploads\/2025\/04\/04-April-komplett_komp.jpg 804w, https:\/\/buechertanz.de\/wp-content\/uploads\/2025\/04\/04-April-komplett_komp-300x300.jpg 300w, https:\/\/buechertanz.de\/wp-content\/uploads\/2025\/04\/04-April-komplett_komp-150x150.jpg 150w, https:\/\/buechertanz.de\/wp-content\/uploads\/2025\/04\/04-April-komplett_komp-768x768.jpg 768w\" sizes=\"auto, (max-width: 804px) 100vw, 804px\" \/><\/figure><\/div>\n\n\n<p>_<\/p>\n\n\n\n<div class=\"wp-block-media-text is-vertically-aligned-center\"><figure class=\"wp-block-media-text__media\"><img loading=\"lazy\" decoding=\"async\" width=\"895\" height=\"895\" src=\"https:\/\/buechertanz.de\/wp-content\/uploads\/2025\/04\/04-April-Rezensionsexemplare_komp.jpg\" alt=\"\" class=\"wp-image-8792 size-full\" srcset=\"https:\/\/buechertanz.de\/wp-content\/uploads\/2025\/04\/04-April-Rezensionsexemplare_komp.jpg 895w, https:\/\/buechertanz.de\/wp-content\/uploads\/2025\/04\/04-April-Rezensionsexemplare_komp-300x300.jpg 300w, https:\/\/buechertanz.de\/wp-content\/uploads\/2025\/04\/04-April-Rezensionsexemplare_komp-150x150.jpg 150w, https:\/\/buechertanz.de\/wp-content\/uploads\/2025\/04\/04-April-Rezensionsexemplare_komp-768x768.jpg 768w\" sizes=\"auto, (max-width: 895px) 100vw, 895px\" \/><\/figure><div class=\"wp-block-media-text__content\">\n<p class=\"has-drop-cap has-small-font-size\"><strong>Rezensionsexemplare:<\/strong><\/p>\n\n\n\n<p><\/p>\n\n\n\n<ul class=\"wp-block-list\">\n<li style=\"font-size:11px\">Marie Lacrosse: <em><a href=\"https:\/\/buechertanz.de\/?p=8704\" target=\"_blank\" rel=\"noreferrer noopener\">&#8222;Montmartre &#8211; Licht und Schatten&#8220;<\/a><\/em><\/li>\n\n\n\n<li style=\"font-size:11px\">Claire Winter: <em><a href=\"https:\/\/buechertanz.de\/?p=8826\" target=\"_blank\" rel=\"noreferrer noopener\">&#8222;Die Erbin&#8220;<\/a><\/em><\/li>\n<\/ul>\n<\/div><\/div>\n\n\n\n<p>_<\/p>\n\n\n\n<div class=\"wp-block-media-text has-media-on-the-right is-vertically-aligned-center\"><div class=\"wp-block-media-text__content\">\n<p class=\"has-drop-cap has-small-font-size\"><strong>B\u00fccher aus zweiter Hand:<\/strong><\/p>\n\n\n\n<p><\/p>\n\n\n\n<ul class=\"wp-block-list\">\n<li style=\"font-size:11px\">Evie Woods: <em>&#8222;Der verschwundene Buchladen&#8220;<\/em><\/li>\n\n\n\n<li style=\"font-size:11px\">Cristina Coboni: <em>&#8222;Die Insel der Honigt\u00f6chter&#8220; <\/em><\/li>\n<\/ul>\n\n\n\n<p class=\"has-drop-cap has-small-font-size\"><strong>Gekaufte B\u00fccher:<\/strong><\/p>\n\n\n\n<p><\/p>\n\n\n\n<ul class=\"wp-block-list\">\n<li style=\"font-size:11px\">Caren Benedikt: <em>&#8222;Grand Hotel Usedom &#8211; St\u00fcrmische Brise&#8220;<\/em><\/li>\n\n\n\n<li style=\"font-size:11px\">Antonia Blum: <em>&#8222;Der Kindersuchdienst &#8211; F\u00fcr immer in deinem Herzen&#8220; <\/em>(eBook)<\/li>\n\n\n\n<li style=\"font-size:11px\">Ellin Carsta: <em>&#8222;Rebengold&#8220; <\/em>&amp; <em>&#8222;Rebenblut&#8220; <\/em>(beide eBooks)<\/li>\n\n\n\n<li style=\"font-size:11px\">Teresa Simon: <em><a href=\"https:\/\/buechertanz.de\/?p=8736\" target=\"_blank\" rel=\"noreferrer noopener\">&#8222;Zypressensommer&#8220; <\/a><\/em>(eBook)<\/li>\n\n\n\n<li style=\"font-size:11px\">Birgit Jasmund: <em>&#8222;Das Geheimnis der Baumeisterin&#8220;<\/em> (eBook)<\/li>\n\n\n\n<li style=\"font-size:11px\">Henrike Engel: <em>&#8222;Elbn\u00e4chte &#8211; Die Lichter \u00fcber St. Pauli&#8220; <\/em>(eBook)<\/li>\n\n\n\n<li style=\"font-size:11px\">Sylvia Benesch: <em>&#8222;Der Stoff des Lebens&#8220; <\/em>(eBook)<\/li>\n\n\n\n<li style=\"font-size:11px\">Tabea Koenig: <em><a href=\"https:\/\/buechertanz.de\/?p=8760\" target=\"_blank\" rel=\"noreferrer noopener\">&#8222;Amore in italiano&#8220; <\/a><\/em>(eBook)<\/li>\n\n\n\n<li style=\"font-size:11px\">Elisabeth Beer: <em>&#8222;Die B\u00fccherj\u00e4gerin&#8220; <\/em>(eBook)<\/li>\n\n\n\n<li style=\"font-size:11px\">Michael Wallner: <em>&#8222;Die gespaltene Stadt&#8220; <\/em>(eBook)<\/li>\n\n\n\n<li style=\"font-size:11px\">Nora Berger: <em>&#8222;Das Hexenzeichen&#8220; <\/em>(eBook)<\/li>\n\n\n\n<li style=\"font-size:11px\">Beate Maly: <em>&#8222;Die Tr\u00fcmmerschule &#8211; Zeit der Hoffnung&#8220; <\/em>(eBook) &#8211;&gt; Nicht auf dem Foto zu sehen. <\/li>\n<\/ul>\n<\/div><figure class=\"wp-block-media-text__media\"><img loading=\"lazy\" decoding=\"async\" width=\"643\" height=\"643\" src=\"https:\/\/buechertanz.de\/wp-content\/uploads\/2025\/04\/04-April-Gekaufte-Buecher-Second-Hand_komp.jpg\" alt=\"\" class=\"wp-image-8793 size-full\" srcset=\"https:\/\/buechertanz.de\/wp-content\/uploads\/2025\/04\/04-April-Gekaufte-Buecher-Second-Hand_komp.jpg 643w, https:\/\/buechertanz.de\/wp-content\/uploads\/2025\/04\/04-April-Gekaufte-Buecher-Second-Hand_komp-300x300.jpg 300w, https:\/\/buechertanz.de\/wp-content\/uploads\/2025\/04\/04-April-Gekaufte-Buecher-Second-Hand_komp-150x150.jpg 150w\" sizes=\"auto, (max-width: 643px) 100vw, 643px\" \/><\/figure><\/div>\n\n\n\n<p>_<\/p>\n","protected":false},"excerpt":{"rendered":"<p>Im&nbsp;April 2025&nbsp;sind insgesamt&nbsp;17 B\u00fccher&nbsp;hier eingezogen:Zwei Rezensionsexemplare (ein Print, ein eBook), zwei B\u00fccher aus zweiter Hand und dreizehn neue B\u00fccher (ein Print, zw\u00f6lf eBooks).Herzlichen Dank an den Goldmann Verlag, den Heyne Verlag und an die Autorinnen Marie Lacrosse und Claire Winter f\u00fcr die Bereitstellung\/ Vermittlung der Rezensionsexemplare. Da das eBook &#8222;Tr\u00fcmmerschule &#8211; Zeit der Hoffnung&#8220; von &hellip; <a href=\"https:\/\/buechertanz.de\/?page_id=8773\" class=\"more-link\"><span class=\"screen-reader-text\">Neuzug\u00e4nge April 2025<\/span> weiterlesen<\/a><\/p>\n","protected":false},"author":2,"featured_media":0,"parent":0,"menu_order":0,"comment_status":"open","ping_status":"closed","template":"","meta":{"footnotes":""},"class_list":["post-8773","page","type-page","status-publish","hentry"],"_links":{"self":[{"href":"https:\/\/buechertanz.de\/index.php?rest_route=\/wp\/v2\/pages\/8773","targetHints":{"allow":["GET"]}}],"collection":[{"href":"https:\/\/buechertanz.de\/index.php?rest_route=\/wp\/v2\/pages"}],"about":[{"href":"https:\/\/buechertanz.de\/index.php?rest_route=\/wp\/v2\/types\/page"}],"author":[{"embeddable":true,"href":"https:\/\/buechertanz.de\/index.php?rest_route=\/wp\/v2\/users\/2"}],"replies":[{"embeddable":true,"href":"https:\/\/buechertanz.de\/index.php?rest_route=%2Fwp%2Fv2%2Fcomments&post=8773"}],"version-history":[{"count":7,"href":"https:\/\/buechertanz.de\/index.php?rest_route=\/wp\/v2\/pages\/8773\/revisions"}],"predecessor-version":[{"id":8843,"href":"https:\/\/buechertanz.de\/index.php?rest_route=\/wp\/v2\/pages\/8773\/revisions\/8843"}],"wp:attachment":[{"href":"https:\/\/buechertanz.de\/index.php?rest_route=%2Fwp%2Fv2%2Fmedia&parent=8773"}],"curies":[{"name":"wp","href":"https:\/\/api.w.org\/{rel}","templated":true}]}}