{"id":880,"date":"2019-11-16T15:45:13","date_gmt":"2019-11-16T14:45:13","guid":{"rendered":"http:\/\/buechertanz.de\/?page_id=880"},"modified":"2023-01-04T13:48:22","modified_gmt":"2023-01-04T12:48:22","slug":"neuzugaenge-oktober-2019","status":"publish","type":"page","link":"https:\/\/buechertanz.de\/?page_id=880","title":{"rendered":"Neuzug\u00e4nge Oktober 2019"},"content":{"rendered":"\n<p class=\"has-drop-cap has-small-font-size\">Im Oktober 2019 sind 19 neue B\u00fccher eingezogen:<br>Elf neue B\u00fccher und acht B\u00fccher aus dem \u00f6ffentlichen B\u00fccherschrank.<br><br>Falls es eine Rezension auf meinem Blog gibt, gelangt ihr mit einem Klick auf den Titel direkt bei der Rezension.<\/p>\n\n\n<div class=\"wp-block-image\">\n<figure class=\"aligncenter is-resized\"><img loading=\"lazy\" decoding=\"async\" src=\"https:\/\/buechertanz.de\/wp-content\/uploads\/2019\/11\/10-Oktober-bear-614x1024.jpg\" alt=\"\" class=\"wp-image-897\" width=\"354\" height=\"589\" srcset=\"https:\/\/buechertanz.de\/wp-content\/uploads\/2019\/11\/10-Oktober-bear-614x1024.jpg 614w, https:\/\/buechertanz.de\/wp-content\/uploads\/2019\/11\/10-Oktober-bear-180x300.jpg 180w, https:\/\/buechertanz.de\/wp-content\/uploads\/2019\/11\/10-Oktober-bear-768x1280.jpg 768w\" sizes=\"auto, (max-width: 354px) 100vw, 354px\" \/><figcaption><br><\/figcaption><\/figure><\/div>\n\n\n<p>_<\/p>\n\n\n\n<p class=\"has-drop-cap has-small-font-size\"><strong>Neue B\u00fccher:<\/strong><\/p>\n\n\n\n<p><\/p>\n\n\n\n<ul class=\"has-small-font-size wp-block-list\"><li>Frida Skyb\u00e4ck:<br><em>&#8222;Die kleine Buchhandlung am Ufer der Themse&#8220;<\/em><\/li><li>Maria Nikolai: <br><em><a href=\"https:\/\/buechertanz.de\/?p=1680\">&#8222;Die Schololadenvilla &#8211; Goldene Zeiten&#8220;<\/a><\/em><\/li><li>Beate Maxian: <br><em>&#8222;Die Frau im hellblauen Kleid&#8220;<\/em><\/li><li>Thea Dorn: &#8218;<br><em>&#8222;Die Ungl\u00fcckseligen&#8220;<\/em><\/li><li>Beate Maly: <br><em>&#8222;Lottes Tr\u00e4ume&#8220;<\/em><\/li><li>Catherine Aurel: <br><em>&#8222;Grimaldi &#8211; der Fluch des Felsens&#8220;<\/em><\/li><li>Melanie Metzenthin: <br><em>&#8222;Die S\u00fcndenheilerin&#8220;, &#8222;Die Reise der S\u00fcndenheilerin&#8220;, &#8222;Die Tochter der S\u00fcndenheilerin&#8220;<\/em><\/li><li> Lydia Conradi: <br><em>&#8222;Das Haus der Granat\u00e4pfel&#8220;<\/em><\/li><li>Zach ~ Bauer: <br><em>&#8222;Die Tr\u00e4nen der Erde&#8220;<\/em><\/li><\/ul>\n\n\n\n<p>_<\/p>\n\n\n\n<p class=\"has-drop-cap has-small-font-size\"><strong>\u00d6ffentlicher B\u00fccherschrank:<\/strong><\/p>\n\n\n\n<p><\/p>\n\n\n\n<ul class=\"has-small-font-size wp-block-list\"><li>Tom Rachman: <br><em>&#8222;Die Unperfekten&#8220;<\/em><\/li><li>Margaret Mitchell: <br><em>&#8222;Vom Winde verweht&#8220;<\/em><\/li><li>Ines Thorn: <br><em>&#8222;Die Kaufmannstochter&#8220;<\/em><\/li><li>Diana Norman: <br><em>&#8222;Tochter der Insel&#8220;<\/em><\/li><li>Peter Wohlleben: <br><em>&#8222;Das geheime Netzwerk der Natur&#8220;<\/em><\/li><li>Elizabeth von Arnim: <br><em>&#8222;Verzauberter April&#8220;<\/em><\/li><li>Margriet de Moor: <br><em>&#8222;Sturmflut&#8220;<\/em><\/li><li>Herta M\u00fcller: <br><em>&#8222;Atemschaukel&#8220;<\/em><\/li><\/ul>\n\n\n\n<p>_<br><\/p>\n\n\n<div class=\"wp-block-image\">\n<figure class=\"aligncenter\"><img loading=\"lazy\" decoding=\"async\" width=\"264\" height=\"305\" src=\"https:\/\/buechertanz.de\/wp-content\/uploads\/2019\/03\/Blume-5.png\" alt=\"\" class=\"wp-image-367\" srcset=\"https:\/\/buechertanz.de\/wp-content\/uploads\/2019\/03\/Blume-5.png 264w, https:\/\/buechertanz.de\/wp-content\/uploads\/2019\/03\/Blume-5-260x300.png 260w\" sizes=\"auto, (max-width: 264px) 100vw, 264px\" \/><\/figure><\/div>\n\n\n<p><br><\/p>\n\n\n\n<p><br><br><\/p>\n","protected":false},"excerpt":{"rendered":"<p>Im Oktober 2019 sind 19 neue B\u00fccher eingezogen:Elf neue B\u00fccher und acht B\u00fccher aus dem \u00f6ffentlichen B\u00fccherschrank. Falls es eine Rezension auf meinem Blog gibt, gelangt ihr mit einem Klick auf den Titel direkt bei der Rezension. _ Neue B\u00fccher: Frida Skyb\u00e4ck:&#8222;Die kleine Buchhandlung am Ufer der Themse&#8220; Maria Nikolai: &#8222;Die Schololadenvilla &#8211; Goldene Zeiten&#8220; &hellip; <a href=\"https:\/\/buechertanz.de\/?page_id=880\" class=\"more-link\"><span class=\"screen-reader-text\">Neuzug\u00e4nge Oktober 2019<\/span> weiterlesen<\/a><\/p>\n","protected":false},"author":2,"featured_media":0,"parent":0,"menu_order":0,"comment_status":"open","ping_status":"closed","template":"","meta":{"footnotes":""},"class_list":["post-880","page","type-page","status-publish","hentry"],"_links":{"self":[{"href":"https:\/\/buechertanz.de\/index.php?rest_route=\/wp\/v2\/pages\/880","targetHints":{"allow":["GET"]}}],"collection":[{"href":"https:\/\/buechertanz.de\/index.php?rest_route=\/wp\/v2\/pages"}],"about":[{"href":"https:\/\/buechertanz.de\/index.php?rest_route=\/wp\/v2\/types\/page"}],"author":[{"embeddable":true,"href":"https:\/\/buechertanz.de\/index.php?rest_route=\/wp\/v2\/users\/2"}],"replies":[{"embeddable":true,"href":"https:\/\/buechertanz.de\/index.php?rest_route=%2Fwp%2Fv2%2Fcomments&post=880"}],"version-history":[{"count":5,"href":"https:\/\/buechertanz.de\/index.php?rest_route=\/wp\/v2\/pages\/880\/revisions"}],"predecessor-version":[{"id":4239,"href":"https:\/\/buechertanz.de\/index.php?rest_route=\/wp\/v2\/pages\/880\/revisions\/4239"}],"wp:attachment":[{"href":"https:\/\/buechertanz.de\/index.php?rest_route=%2Fwp%2Fv2%2Fmedia&parent=880"}],"curies":[{"name":"wp","href":"https:\/\/api.w.org\/{rel}","templated":true}]}}