{"id":881,"date":"2019-11-16T15:45:13","date_gmt":"2019-11-16T14:45:13","guid":{"rendered":"http:\/\/buechertanz.de\/?page_id=881"},"modified":"2022-03-31T08:00:41","modified_gmt":"2022-03-31T07:00:41","slug":"gelesen-oktober-2019","status":"publish","type":"page","link":"https:\/\/buechertanz.de\/?page_id=881","title":{"rendered":"Gelesen Oktober 2019"},"content":{"rendered":"\n<p class=\"has-drop-cap has-small-font-size\">Hier seht ihr die B\u00fccher, die ich im Oktober 2019 gelesen habe und ihr bekommt einen ersten Eindruck. Die ausf\u00fchrlichen Rezensionen folgen.<br>Falls es schon eine Rezension auf meinem Blog gibt, gelangt ihr mit einem Klick auf den Titel direkt bei der Rezension. <\/p>\n\n\n\n<figure class=\"wp-block-image\"><img loading=\"lazy\" decoding=\"async\" width=\"1024\" height=\"576\" src=\"https:\/\/buechertanz.de\/wp-content\/uploads\/2019\/11\/10-Oktober-2019-1024x576.jpg\" alt=\"\" class=\"wp-image-891\" srcset=\"https:\/\/buechertanz.de\/wp-content\/uploads\/2019\/11\/10-Oktober-2019-1024x576.jpg 1024w, https:\/\/buechertanz.de\/wp-content\/uploads\/2019\/11\/10-Oktober-2019-300x169.jpg 300w, https:\/\/buechertanz.de\/wp-content\/uploads\/2019\/11\/10-Oktober-2019-768x432.jpg 768w\" sizes=\"auto, (max-width: 1024px) 100vw, 1024px\" \/><figcaption><em>Gelesene B\u00fccher Oktober 2019:<\/em><br>&#8211; Drei B\u00fccher<br>&#8211; 1.480 Seiten<br><\/figcaption><\/figure>\n\n\n\n<p class=\"has-small-font-size\">__<br><br><strong>Marie Lacrosse: <a href=\"https:\/\/buechertanz.de\/?p=860\" target=\"_blank\" rel=\"noreferrer noopener\">&#8222;Das Weingut &#8211; Tage des Schicksals\u201c<\/a><\/strong><br><strong>erschienen am 30. September 2019<br>Goldmann, ISBN: 978-3442205905 <\/strong><br><strong><br>Klappentext:<\/strong><br>\u201e<em>Schweighofen in der Pfalz, 1877. Das ehemalige Dienstm\u00e4dchen Irene und ihr Mann, der Weinguterbe Franz Gerban, f\u00fchren eine gl\u00fcckliche Ehe. Dennoch f\u00fchlt Irene sich fremd in seiner Welt der besseren Kreise. Als Franz h\u00e4ufig auf Reisen ist, leidet sie zunehmend unter der Einsamkeit und sucht sich eine Aufgabe. Sie beginnt, sich f\u00fcr die Rechte der Arbeiterfrauen einzusetzen \u2013 und trifft dabei ihren ehemaligen Geliebten, den Arbeiterf\u00fchrer Josef, wieder. Franz reagiert mit gl\u00fchender Eifersucht, ihre Beziehung droht zu zerbrechen. Und dann erf\u00e4hrt Franz ein Geheimnis, das ihrer beider Leben vor eine gro\u00dfe Herausforderung stellt \u2026<\/em>\u201c<br><br><strong>Meine Meinung:<\/strong><br>Der letzte Teil der &#8222;Weingut-Saga&#8220; &#8211; und Marie Lacrosse hat sich selbst noch einmal \u00fcbertroffen. Meine komplette Rezension lest ihr<a href=\"https:\/\/buechertanz.de\/?p=860\"> hier<\/a>. <br><\/p>\n\n\n\n<p class=\"has-small-font-size\">__<br><br><strong>Astrid Fritz: \u201eDie Tote in der Henkersgasse\u201c<\/strong><br><strong>erschienen am 17. September 2019<\/strong><br><strong>Rowohlt, ISBN:  978-3499276545 <br><\/strong><br><strong>Klappentext:<\/strong><br><em>\u201eMai 1417: In der d\u00fcsteren Henkersgasse liegt nachts eine junge Frau mit eingeschlagenem Sch\u00e4del, das Gesicht seltsam geschminkt: die Wangen ger\u00f6tet, ein falsches Muttermal auf dem Kinn. Die reiche Kaufmannsgattin ist eines gewaltsamen Todes gestorben. Serafin, Frau des Freiburger Arztes Achaz, findet in der missg\u00fcnstigen Hausmagd des Witwers eine erste Verd\u00e4chtige, eine weitere Spur folgt. Damit nicht genug, f\u00fchrt Serafinas Bruder nichts Gutes im Schilde, und Stadtapotheker Jonas will ihre Armenapotheke schlie\u00dfen. Die wagemutige junge Frau hat alle H\u00e4nde voll zu tun.<br>Zum f\u00fcnften Fall f\u00fcr die Armenapothekerin Serafina wurde Astrid Fritz von einer historisch belegten Tat inspiriert.\u201c<\/em><br><br><strong>Meine Meinung:<\/strong><br>Ich liebe die B\u00fccher von Astrid Fritz, vor allem aber die B\u00fccher um die ermittelnde Serafina. Da die B\u00fccher alle in meiner Heimatstadt spielen, f\u00fchle ich mich in diesen B\u00fcchern wie zuhause und erkenne viel aus meiner Heimat wieder. Die Sprache ist direkt, aber trotzdem leicht und locker zu lesen. Und: Hier gibt es wieder spannende Lesestunden. Top!<\/p>\n\n\n\n<p class=\"has-small-font-size\">__<br><br><strong>Jeffrey Archer &#8222;Schicksal und Gerechtigkeit&#8220;<br>erschienen am 09. September 2019<br>Heyne, ISBN-13:  978-3453471825 <br><\/strong><br><br><strong>Klappentext:<\/strong><br><em>\u201e William Warwick, Sohn des einflussreichen Anwalts Sir Julian, hat seit Kindheitstagen einen Traum: Er m\u00f6chte sich den Weg vom Streifenpolizisten zum Commissioner erk\u00e4mpfen. Durch nichts l\u00e4sst er sich von diesem Vorhaben abbringen. Im September 1982 tritt William Warwick seinen Dienst an \u2013 und entdeckt die Welt der Londoner Stra\u00dfen, der einfachen Leute. Zum ersten Mal erf\u00e4hrt er die bitteren Seiten des Lebens. Aufgrund seiner Kenntnisse wird der Kunstliebhaber William zum Dezernat f\u00fcr Kunstf\u00e4lschung versetzt und ger\u00e4t in den Bannkreis eines der gr\u00f6\u00dften Gem\u00e4ldef\u00e4lscher seiner Zeit. Im Zuge der Recherchen lernt William die h\u00fcbsche und schlagfertige Beth Rainsford kennen. Zwischen beiden entbrennt eine leidenschaftliche Romanze und William f\u00fchlt, dass Beth die Frau seines Lebens ist. Doch ein Geheimnis umgibt sie und wirft Schatten auf die junge Liebe. William sieht sich vor die schwerste Aufgabe seines Lebens gestellt \u2026 \u201c<\/em><br><br><strong>Meine Meinung:<br><\/strong>Ganz gro\u00dfes Kino. Spannend von der ersten bis zur letzten Seite &#8211; ein typischer Archer.<br>Endlich kann ich die B\u00fccher auch lesen, die Harry Clifton in der &#8222;Clifton Saga&#8220; schreibt. Richtig gute Unterhaltung.<\/p>\n\n\n\n<p class=\"has-small-font-size\">__<\/p>\n\n\n\n<div class=\"wp-block-image\"><figure class=\"aligncenter is-resized\"><img loading=\"lazy\" decoding=\"async\" src=\"https:\/\/buechertanz.de\/wp-content\/uploads\/2019\/03\/Blume-5.png\" alt=\"\" class=\"wp-image-367\" width=\"194\" height=\"225\" srcset=\"https:\/\/buechertanz.de\/wp-content\/uploads\/2019\/03\/Blume-5.png 264w, https:\/\/buechertanz.de\/wp-content\/uploads\/2019\/03\/Blume-5-260x300.png 260w\" sizes=\"auto, (max-width: 194px) 100vw, 194px\" \/><\/figure><\/div>\n\n\n\n<p><br><br><\/p>\n","protected":false},"excerpt":{"rendered":"<p>Hier seht ihr die B\u00fccher, die ich im Oktober 2019 gelesen habe und ihr bekommt einen ersten Eindruck. Die ausf\u00fchrlichen Rezensionen folgen.Falls es schon eine Rezension auf meinem Blog gibt, gelangt ihr mit einem Klick auf den Titel direkt bei der Rezension. __ Marie Lacrosse: &#8222;Das Weingut &#8211; Tage des Schicksals\u201cerschienen am 30. September 2019Goldmann, &hellip; <a href=\"https:\/\/buechertanz.de\/?page_id=881\" class=\"more-link\"><span class=\"screen-reader-text\">Gelesen Oktober 2019<\/span> weiterlesen<\/a><\/p>\n","protected":false},"author":2,"featured_media":0,"parent":0,"menu_order":0,"comment_status":"closed","ping_status":"closed","template":"","meta":{"footnotes":""},"class_list":["post-881","page","type-page","status-publish","hentry"],"_links":{"self":[{"href":"https:\/\/buechertanz.de\/index.php?rest_route=\/wp\/v2\/pages\/881","targetHints":{"allow":["GET"]}}],"collection":[{"href":"https:\/\/buechertanz.de\/index.php?rest_route=\/wp\/v2\/pages"}],"about":[{"href":"https:\/\/buechertanz.de\/index.php?rest_route=\/wp\/v2\/types\/page"}],"author":[{"embeddable":true,"href":"https:\/\/buechertanz.de\/index.php?rest_route=\/wp\/v2\/users\/2"}],"replies":[{"embeddable":true,"href":"https:\/\/buechertanz.de\/index.php?rest_route=%2Fwp%2Fv2%2Fcomments&post=881"}],"version-history":[{"count":4,"href":"https:\/\/buechertanz.de\/index.php?rest_route=\/wp\/v2\/pages\/881\/revisions"}],"predecessor-version":[{"id":2990,"href":"https:\/\/buechertanz.de\/index.php?rest_route=\/wp\/v2\/pages\/881\/revisions\/2990"}],"wp:attachment":[{"href":"https:\/\/buechertanz.de\/index.php?rest_route=%2Fwp%2Fv2%2Fmedia&parent=881"}],"curies":[{"name":"wp","href":"https:\/\/api.w.org\/{rel}","templated":true}]}}