{"id":8902,"date":"2025-05-26T20:26:27","date_gmt":"2025-05-26T19:26:27","guid":{"rendered":"https:\/\/buechertanz.de\/?page_id=8902"},"modified":"2025-06-05T08:05:10","modified_gmt":"2025-06-05T07:05:10","slug":"neuzugaenge-mai-2025","status":"publish","type":"page","link":"https:\/\/buechertanz.de\/?page_id=8902","title":{"rendered":"Neuzug\u00e4nge Mai 2025"},"content":{"rendered":"\n<p class=\"has-drop-cap has-small-font-size\">Im&nbsp;<strong>Mai 2025<\/strong>&nbsp;sind insgesamt&nbsp;<strong>24 B\u00fccher&nbsp;<\/strong>hier eingezogen:<br>Drei Rezensionsexemplare\/ Geschenke (ein Print, drei ebooks) , vierzehn selbst gekaufte B\u00fccher (f\u00fcnf Prints, neun eBooks) und  sechs B\u00fccher aus zweiter Hand (es war B\u00fcchermarkt in Endingen). <br>Herzlichen Dank an den Heyne Verlag, an Bettina Lausen und Silvia Hildebrandt (Jade Harris) f\u00fcr die Rezensionsexemplare und an Brigitte Riebe (Teresa Simon) f\u00fcr das Geschenk. <br>Falls es schon ausf\u00fchrlichen Rezensionen gibt, gelangt ihr mit einem Klick auf den Titel dorthin.<br>Ich freue mich schon auf viele gem\u00fctliche Lesestunden und w\u00fcnsche euch viel Spa\u00df beim St\u00f6bern!<br><br>Eure<\/p>\n\n\n\n<figure class=\"wp-block-image size-large is-resized\"><img loading=\"lazy\" decoding=\"async\" width=\"1024\" height=\"404\" src=\"https:\/\/buechertanz.de\/wp-content\/uploads\/2024\/06\/Unterschrift-1024x404.jpg\" alt=\"\" class=\"wp-image-7473\" style=\"width:141px;height:auto\" srcset=\"https:\/\/buechertanz.de\/wp-content\/uploads\/2024\/06\/Unterschrift-1024x404.jpg 1024w, https:\/\/buechertanz.de\/wp-content\/uploads\/2024\/06\/Unterschrift-300x118.jpg 300w, https:\/\/buechertanz.de\/wp-content\/uploads\/2024\/06\/Unterschrift-768x303.jpg 768w, https:\/\/buechertanz.de\/wp-content\/uploads\/2024\/06\/Unterschrift.jpg 1500w\" sizes=\"auto, (max-width: 1024px) 100vw, 1024px\" \/><\/figure>\n\n\n<div class=\"wp-block-image\">\n<figure class=\"aligncenter size-full is-resized\"><img loading=\"lazy\" decoding=\"async\" width=\"758\" height=\"758\" src=\"https:\/\/buechertanz.de\/wp-content\/uploads\/2025\/05\/05-Mai-komplett_komp.jpg\" alt=\"\" class=\"wp-image-8930\" style=\"width:418px;height:auto\" srcset=\"https:\/\/buechertanz.de\/wp-content\/uploads\/2025\/05\/05-Mai-komplett_komp.jpg 758w, https:\/\/buechertanz.de\/wp-content\/uploads\/2025\/05\/05-Mai-komplett_komp-300x300.jpg 300w, https:\/\/buechertanz.de\/wp-content\/uploads\/2025\/05\/05-Mai-komplett_komp-150x150.jpg 150w\" sizes=\"auto, (max-width: 758px) 100vw, 758px\" \/><\/figure><\/div>\n\n\n<p>_<\/p>\n\n\n\n<div class=\"wp-block-media-text is-vertically-aligned-center\"><figure class=\"wp-block-media-text__media\"><img loading=\"lazy\" decoding=\"async\" width=\"918\" height=\"918\" src=\"https:\/\/buechertanz.de\/wp-content\/uploads\/2025\/05\/05-Mai-Rezensionsexemplare-Geschenke_komp.jpg\" alt=\"\" class=\"wp-image-8931 size-full\" srcset=\"https:\/\/buechertanz.de\/wp-content\/uploads\/2025\/05\/05-Mai-Rezensionsexemplare-Geschenke_komp.jpg 918w, https:\/\/buechertanz.de\/wp-content\/uploads\/2025\/05\/05-Mai-Rezensionsexemplare-Geschenke_komp-300x300.jpg 300w, https:\/\/buechertanz.de\/wp-content\/uploads\/2025\/05\/05-Mai-Rezensionsexemplare-Geschenke_komp-150x150.jpg 150w, https:\/\/buechertanz.de\/wp-content\/uploads\/2025\/05\/05-Mai-Rezensionsexemplare-Geschenke_komp-768x768.jpg 768w\" sizes=\"auto, (max-width: 918px) 100vw, 918px\" \/><\/figure><div class=\"wp-block-media-text__content\">\n<p class=\"has-drop-cap has-small-font-size\"><strong>Rezensionsexemplare und Geschenke:<\/strong><\/p>\n\n\n\n<p class=\"has-small-font-size\"><\/p>\n\n\n\n<ul class=\"wp-block-list\">\n<li style=\"font-size:11px\">Teresa Simon:<a href=\"https:\/\/buechertanz.de\/?p=8736\" target=\"_blank\" rel=\"noreferrer noopener\"> <em>&#8222;Zypressensommer&#8220; <\/em><\/a><\/li>\n\n\n\n<li style=\"font-size:11px\">Bettina Lausen: <em><a href=\"https:\/\/buechertanz.de\/?p=8900\" target=\"_blank\" rel=\"noreferrer noopener\">&#8222;Neue Zeiten auf der K\u00f6 &#8211; Die Fotografin&#8220;<\/a><\/em><\/li>\n\n\n\n<li style=\"font-size:11px\">Felicitas Fuchs: <em><a href=\"https:\/\/buechertanz.de\/?p=8866\" target=\"_blank\" rel=\"noreferrer noopener\">&#8222;Die Akte Schneewei\u00df&#8220;<\/a><\/em><\/li>\n\n\n\n<li style=\"font-size:11px\">Jade Harris: <em><a href=\"https:\/\/buechertanz.de\/?p=8886\" target=\"_blank\" rel=\"noreferrer noopener\">&#8222;How to ruin your life in second position&#8220;<\/a><\/em><\/li>\n<\/ul>\n<\/div><\/div>\n\n\n\n<p>_<\/p>\n\n\n\n<div class=\"wp-block-media-text has-media-on-the-right is-vertically-aligned-center\"><div class=\"wp-block-media-text__content\">\n<p class=\"has-drop-cap has-small-font-size\"><strong>Neue und selbst gekaufte B\u00fccher\/ eBooks:<\/strong><\/p>\n\n\n\n<p class=\"has-small-font-size\" style=\"text-decoration:none\"><\/p>\n\n\n\n<ul class=\"wp-block-list\">\n<li style=\"font-size:11px\">Susanne Goga: <em>&#8222;Das Geheimnis der Themse&#8220;<\/em><\/li>\n\n\n\n<li style=\"font-size:11px\">Petra Mattfeld: <em>&#8222;M\u00fcnchen 72&#8220;<\/em><\/li>\n\n\n\n<li style=\"font-size:11px\">Evie Woods: <em>&#8222;Die Geschichtensammlerin&#8220;<\/em><\/li>\n\n\n\n<li style=\"font-size:11px\">Ellin Carsta <em>&#8222;Die Falkenbach-Saga &#8211; Die Stunde des Widerstands&#8220;, &#8222;Die unbeugsame H\u00e4ndlerstochter&#8220; (eBook) <\/em>&amp;<em> &#8222;Die Pr\u00fcfung der H\u00e4ndlerstochter&#8220; <\/em>(eBook) &amp; <em>&#8222;Die heimliche Heilerin&#8220;<\/em> (eBook)<\/li>\n\n\n\n<li style=\"font-size:11px\">Barbara Leciejewski: <em>&#8222;Am Meer ist es sch\u00f6n&#8220;<\/em><\/li>\n\n\n\n<li style=\"font-size:11px\">Beate R\u00f6sler: <em>&#8222;Helenes Versprechen&#8220; <\/em>(eBook)<\/li>\n\n\n\n<li style=\"font-size:11px\">Astrid Lehmann: <em>&#8222;Nur ein kurzer Sommer&#8220; <\/em>(eBook)<\/li>\n\n\n\n<li style=\"font-size:11px\">Gustav Schwab: <em>&#8222;Griechische Sagen&#8220; <\/em>(eBook)<\/li>\n\n\n\n<li style=\"font-size:11px\">Gottfried Keller: <em>&#8222;Kleider machen Leute&#8220; <\/em>(eBook)<\/li>\n\n\n\n<li style=\"font-size:11px\">Marion Lagoda: <em>&#8222;Der Himmel, unter dem wir Kinder waren&#8220; <\/em>(eBook)<\/li>\n\n\n\n<li style=\"font-size:11px\">Anett Klose: <em>&#8222;Die Spitzen Saga &#8211; Der Stoff des Schicksals&#8220;<\/em> (eBook)<\/li>\n<\/ul>\n<\/div><figure class=\"wp-block-media-text__media\"><img loading=\"lazy\" decoding=\"async\" width=\"758\" height=\"758\" src=\"https:\/\/buechertanz.de\/wp-content\/uploads\/2025\/06\/05-Mai-Gekaufte-Buecher_komp.jpg\" alt=\"\" class=\"wp-image-8940 size-full\" srcset=\"https:\/\/buechertanz.de\/wp-content\/uploads\/2025\/06\/05-Mai-Gekaufte-Buecher_komp.jpg 758w, https:\/\/buechertanz.de\/wp-content\/uploads\/2025\/06\/05-Mai-Gekaufte-Buecher_komp-300x300.jpg 300w, https:\/\/buechertanz.de\/wp-content\/uploads\/2025\/06\/05-Mai-Gekaufte-Buecher_komp-150x150.jpg 150w\" sizes=\"auto, (max-width: 758px) 100vw, 758px\" \/><\/figure><\/div>\n\n\n\n<p>_<\/p>\n\n\n\n<div class=\"wp-block-media-text is-vertically-aligned-center\"><figure class=\"wp-block-media-text__media\"><img loading=\"lazy\" decoding=\"async\" width=\"758\" height=\"758\" src=\"https:\/\/buechertanz.de\/wp-content\/uploads\/2025\/05\/05-Mai-Second-Hand_komp.jpg\" alt=\"\" class=\"wp-image-8933 size-full\" srcset=\"https:\/\/buechertanz.de\/wp-content\/uploads\/2025\/05\/05-Mai-Second-Hand_komp.jpg 758w, https:\/\/buechertanz.de\/wp-content\/uploads\/2025\/05\/05-Mai-Second-Hand_komp-300x300.jpg 300w, https:\/\/buechertanz.de\/wp-content\/uploads\/2025\/05\/05-Mai-Second-Hand_komp-150x150.jpg 150w\" sizes=\"auto, (max-width: 758px) 100vw, 758px\" \/><\/figure><div class=\"wp-block-media-text__content\">\n<p class=\"has-drop-cap has-small-font-size\"><strong>B\u00fccher aus zweiter Hand: <\/strong><\/p>\n\n\n\n<p class=\"has-medium-font-size\"><\/p>\n\n\n\n<ul class=\"wp-block-list\">\n<li style=\"font-size:11px\">Natalie Hallward: <em>&#8222;Die Geliebte des R\u00e4ubers&#8220;<\/em><\/li>\n\n\n\n<li style=\"font-size:11px\">Ralf H. Dorweiler: <em>&#8222;Die Gabe der Sattlerin&#8220; <\/em>&amp; <em>&#8222;Die Mission des Goldw\u00e4schers&#8220;<\/em><\/li>\n\n\n\n<li style=\"font-size:11px\">Beate Maly: <em>&#8222;Die Bildweberin&#8220;<\/em><\/li>\n\n\n\n<li style=\"font-size:11px\">Charlotte Blum: <em>&#8222;Das Fr\u00e4ulein vom Amt &#8211; Der Tote im Kurhaus&#8220; <\/em>&amp; <em>&#8222;Das Fr\u00e4ulein vom Amt &#8211; Spiel auf Leben und Tod&#8220;<\/em><\/li>\n<\/ul>\n<\/div><\/div>\n\n\n\n<p>_<\/p>\n","protected":false},"excerpt":{"rendered":"<p>Im&nbsp;Mai 2025&nbsp;sind insgesamt&nbsp;24 B\u00fccher&nbsp;hier eingezogen:Drei Rezensionsexemplare\/ Geschenke (ein Print, drei ebooks) , vierzehn selbst gekaufte B\u00fccher (f\u00fcnf Prints, neun eBooks) und sechs B\u00fccher aus zweiter Hand (es war B\u00fcchermarkt in Endingen). Herzlichen Dank an den Heyne Verlag, an Bettina Lausen und Silvia Hildebrandt (Jade Harris) f\u00fcr die Rezensionsexemplare und an Brigitte Riebe (Teresa Simon) f\u00fcr &hellip; <a href=\"https:\/\/buechertanz.de\/?page_id=8902\" class=\"more-link\"><span class=\"screen-reader-text\">Neuzug\u00e4nge Mai 2025<\/span> weiterlesen<\/a><\/p>\n","protected":false},"author":2,"featured_media":0,"parent":0,"menu_order":0,"comment_status":"closed","ping_status":"closed","template":"","meta":{"footnotes":""},"class_list":["post-8902","page","type-page","status-publish","hentry"],"_links":{"self":[{"href":"https:\/\/buechertanz.de\/index.php?rest_route=\/wp\/v2\/pages\/8902","targetHints":{"allow":["GET"]}}],"collection":[{"href":"https:\/\/buechertanz.de\/index.php?rest_route=\/wp\/v2\/pages"}],"about":[{"href":"https:\/\/buechertanz.de\/index.php?rest_route=\/wp\/v2\/types\/page"}],"author":[{"embeddable":true,"href":"https:\/\/buechertanz.de\/index.php?rest_route=\/wp\/v2\/users\/2"}],"replies":[{"embeddable":true,"href":"https:\/\/buechertanz.de\/index.php?rest_route=%2Fwp%2Fv2%2Fcomments&post=8902"}],"version-history":[{"count":5,"href":"https:\/\/buechertanz.de\/index.php?rest_route=\/wp\/v2\/pages\/8902\/revisions"}],"predecessor-version":[{"id":8941,"href":"https:\/\/buechertanz.de\/index.php?rest_route=\/wp\/v2\/pages\/8902\/revisions\/8941"}],"wp:attachment":[{"href":"https:\/\/buechertanz.de\/index.php?rest_route=%2Fwp%2Fv2%2Fmedia&parent=8902"}],"curies":[{"name":"wp","href":"https:\/\/api.w.org\/{rel}","templated":true}]}}